{"id":7620,"date":"2022-03-11T12:05:53","date_gmt":"2022-03-11T17:05:53","guid":{"rendered":"https:\/\/microlink.com.co\/\/\/?post_type=product&#038;p=7620"},"modified":"2022-09-22T19:29:30","modified_gmt":"2022-09-23T00:29:30","slug":"lt-22222-l-au915","status":"publish","type":"product","link":"https:\/\/microlink.com.co\/en\/product\/lt-22222-l-au915\/","title":{"rendered":"LORAWAN I\/O CONTROLLER IOT"},"content":{"rendered":"<p><strong>LT-22222-L-AU915<\/strong><\/p>\n<p>&nbsp;<\/p>\n<p>The Dragino\u00a0<strong>LT series I\/O Modules<\/strong>\u00a0are Long Range LoRa I\/O Controller. It contains different I\/O Interfaces such as:\u00a0<strong>analog current Input<\/strong>,\u00a0<strong>analog voltage input<\/strong>,\u00a0<strong>output relay<\/strong>,\u00a0<strong>digital input<\/strong>\u00a0and\u00a0<strong>digital output<\/strong>\u00a0etc. The LT I\/O Modules are designed to simplify the installation of I\/O monitoring.<\/p>\n<p>&nbsp;<\/p>\n<p>The LT I\/O Controllers allows user to send data and reach extremely long ranges. It provides ultra-long range spread spectrum communication and high interference immunity whilst minimizing current consumption. It targets professional wireless sensor network applications such as irrigation systems, smart metering, smart cities, smartphone detection, building automation, and so on.<\/p>\n<p>The LT I\/O Controllers is aiming to provide an\u00a0<strong>easy and low cost installation<\/strong>\u00a0by using LoRa wireless technology.<\/p>\n<p>&nbsp;<\/p>\n<p>The use environment includes:<\/p>\n<p>&nbsp;<\/p>\n<p>1) If user&#039;s area has LoRaWAN service coverage, they can just install the I\/O controller and configure it to connect the LoRaWAN provider via wireless.<\/p>\n<p>&nbsp;<\/p>\n<p>2) User can set up a LoRaWAN gateway locally and configure the controller to connect to the gateway via wireless.<\/p>","protected":false},"excerpt":{"rendered":"<p>LT-22222-L-AU915 The Dragino LT series I\/O Modules are Long Range LoRa I\/O Controller. It contains different I\/O Interfaces such as: analog current Input, analog voltage input, relay output, digital input and digital output etc. The LT I\/O Modules are designed to simplify the installation of I\/O monitoring. The LT I\/O Controllers allows user to send data and reach extremely long ranges. Item [\u2026]<\/p>","protected":false},"featured_media":7625,"comment_status":"open","ping_status":"closed","template":"","meta":{"_acf_changed":false,"_eb_attr":"","_links_to":"","_links_to_target":""},"product_brand":[133],"product_cat":[33,48],"product_tag":[],"class_list":{"0":"post-7620","1":"product","2":"type-product","3":"status-publish","4":"has-post-thumbnail","6":"product_brand-kerlink","7":"product_cat-iot","8":"product_cat-productos-de-nodo","10":"first","11":"instock","12":"shipping-taxable","13":"product-type-simple"},"acf":[],"yoast_head":"<!-- This site is optimized with the Yoast SEO plugin v27.5 - https:\/\/yoast.com\/product\/yoast-seo-wordpress\/ -->\n<title>Microlink - Conectamos con prop\u00f3sito<\/title>\n<meta name=\"description\" content=\"En Microlink Conectamos con Prop\u00f3sito LORAWAN I\/O CONTROLLER IOT, Soluciones GPON, OLT, Administraci\u00f3n de DataCenter, Router, Cables, ODF, LEMO, TELEC\" \/>\n<meta name=\"robots\" content=\"index, follow, max-snippet:-1, max-image-preview:large, max-video-preview:-1\" \/>\n<link rel=\"canonical\" href=\"https:\/\/microlink.com.co\/en\/product\/lt-22222-l-au915\/\" \/>\n<meta property=\"og:locale\" content=\"en_US\" \/>\n<meta property=\"og:type\" content=\"article\" \/>\n<meta property=\"og:title\" content=\"Microlink - Conectamos con prop\u00f3sito\" \/>\n<meta property=\"og:description\" content=\"En Microlink Conectamos con Prop\u00f3sito LORAWAN I\/O CONTROLLER IOT, Soluciones GPON, OLT, Administraci\u00f3n de DataCenter, Router, Cables, ODF, LEMO, TELEC\" \/>\n<meta property=\"og:url\" content=\"https:\/\/microlink.com.co\/en\/product\/lt-22222-l-au915\/\" \/>\n<meta property=\"og:site_name\" content=\"Microlink\" \/>\n<meta property=\"article:publisher\" content=\"https:\/\/www.facebook.com\/microlinksas\" \/>\n<meta property=\"article:modified_time\" content=\"2022-09-23T00:29:30+00:00\" \/>\n<meta property=\"og:image\" content=\"https:\/\/microlink.com.co\/wp-content\/uploads\/2022\/03\/M5cRE9cNBgxxKiV0iD9.jpg\" \/>\n\t<meta property=\"og:image:width\" content=\"800\" \/>\n\t<meta property=\"og:image:height\" content=\"800\" \/>\n\t<meta property=\"og:image:type\" content=\"image\/jpeg\" \/>\n<meta name=\"twitter:card\" content=\"summary_large_image\" \/>\n<meta name=\"twitter:label1\" content=\"Est. reading time\" \/>\n\t<meta name=\"twitter:data1\" content=\"1 minute\" \/>\n<script type=\"application\/ld+json\" class=\"yoast-schema-graph\">{\"@context\":\"https:\\\/\\\/schema.org\",\"@graph\":[{\"@type\":[\"WebPage\",\"ItemPage\"],\"@id\":\"https:\\\/\\\/microlink.com.co\\\/en\\\/product\\\/lt-22222-l-au915\\\/\",\"url\":\"https:\\\/\\\/microlink.com.co\\\/en\\\/product\\\/lt-22222-l-au915\\\/\",\"name\":\"Microlink - Conectamos con prop\u00f3sito\",\"isPartOf\":{\"@id\":\"https:\\\/\\\/microlink.com.co\\\/#website\"},\"primaryImageOfPage\":{\"@id\":\"https:\\\/\\\/microlink.com.co\\\/en\\\/product\\\/lt-22222-l-au915\\\/#primaryimage\"},\"image\":{\"@id\":\"https:\\\/\\\/microlink.com.co\\\/en\\\/product\\\/lt-22222-l-au915\\\/#primaryimage\"},\"thumbnailUrl\":\"https:\\\/\\\/microlink.com.co\\\/wp-content\\\/uploads\\\/2022\\\/03\\\/M5cRE9cNBgxxKiV0iD9.jpg\",\"datePublished\":\"2022-03-11T17:05:53+00:00\",\"dateModified\":\"2022-09-23T00:29:30+00:00\",\"description\":\"En Microlink Conectamos con Prop\u00f3sito LORAWAN I\\\/O CONTROLLER IOT, Soluciones GPON, OLT, Administraci\u00f3n de DataCenter, Router, Cables, ODF, LEMO, TELEC\",\"breadcrumb\":{\"@id\":\"https:\\\/\\\/microlink.com.co\\\/en\\\/product\\\/lt-22222-l-au915\\\/#breadcrumb\"},\"inLanguage\":\"en-US\",\"potentialAction\":[{\"@type\":\"ReadAction\",\"target\":[\"https:\\\/\\\/microlink.com.co\\\/en\\\/product\\\/lt-22222-l-au915\\\/\"]}]},{\"@type\":\"ImageObject\",\"inLanguage\":\"en-US\",\"@id\":\"https:\\\/\\\/microlink.com.co\\\/en\\\/product\\\/lt-22222-l-au915\\\/#primaryimage\",\"url\":\"https:\\\/\\\/microlink.com.co\\\/wp-content\\\/uploads\\\/2022\\\/03\\\/M5cRE9cNBgxxKiV0iD9.jpg\",\"contentUrl\":\"https:\\\/\\\/microlink.com.co\\\/wp-content\\\/uploads\\\/2022\\\/03\\\/M5cRE9cNBgxxKiV0iD9.jpg\",\"width\":800,\"height\":800,\"caption\":\"LORAWAN I\\\/O CONTROLLER IOT\"},{\"@type\":\"BreadcrumbList\",\"@id\":\"https:\\\/\\\/microlink.com.co\\\/en\\\/product\\\/lt-22222-l-au915\\\/#breadcrumb\",\"itemListElement\":[{\"@type\":\"ListItem\",\"position\":1,\"name\":\"Inicio\",\"item\":\"https:\\\/\\\/microlink.com.co\\\/\"},{\"@type\":\"ListItem\",\"position\":2,\"name\":\"Productos\",\"item\":\"https:\\\/\\\/microlink.com.co\\\/?page_id=20\"},{\"@type\":\"ListItem\",\"position\":3,\"name\":\"LORAWAN I\\\/O CONTROLLER IOT\"}]},{\"@type\":\"WebSite\",\"@id\":\"https:\\\/\\\/microlink.com.co\\\/#website\",\"url\":\"https:\\\/\\\/microlink.com.co\\\/\",\"name\":\"Microlink\",\"description\":\"Conectamos con prop\u00f3sito el mercado de las telecomunicaciones a Colombia y la regi\u00f3n a trav\u00e9s de la producci\u00f3n y comercializaci\u00f3n de productos y soluciones de conectividad pasiva y activa.\",\"publisher\":{\"@id\":\"https:\\\/\\\/microlink.com.co\\\/#organization\"},\"alternateName\":\"Microlink S.A.S\",\"potentialAction\":[{\"@type\":\"SearchAction\",\"target\":{\"@type\":\"EntryPoint\",\"urlTemplate\":\"https:\\\/\\\/microlink.com.co\\\/?s={search_term_string}\"},\"query-input\":{\"@type\":\"PropertyValueSpecification\",\"valueRequired\":true,\"valueName\":\"search_term_string\"}}],\"inLanguage\":\"en-US\"},{\"@type\":\"Organization\",\"@id\":\"https:\\\/\\\/microlink.com.co\\\/#organization\",\"name\":\"Microlink SAS\",\"url\":\"https:\\\/\\\/microlink.com.co\\\/\",\"logo\":{\"@type\":\"ImageObject\",\"inLanguage\":\"en-US\",\"@id\":\"https:\\\/\\\/microlink.com.co\\\/#\\\/schema\\\/logo\\\/image\\\/\",\"url\":\"https:\\\/\\\/microlink.com.co\\\/wp-content\\\/uploads\\\/2022\\\/05\\\/Microlink_Logotipo-Horizontal_ColorTagline.png\",\"contentUrl\":\"https:\\\/\\\/microlink.com.co\\\/wp-content\\\/uploads\\\/2022\\\/05\\\/Microlink_Logotipo-Horizontal_ColorTagline.png\",\"width\":793,\"height\":384,\"caption\":\"Microlink SAS\"},\"image\":{\"@id\":\"https:\\\/\\\/microlink.com.co\\\/#\\\/schema\\\/logo\\\/image\\\/\"},\"sameAs\":[\"https:\\\/\\\/www.facebook.com\\\/microlinksas\",\"http:\\\/\\\/linkedin.com\\\/company\\\/microlink-ltd\\\/\",\"http:\\\/\\\/youtube.com\\\/channel\\\/UCTijT7LU-sMetDs7MPFhM7Q\",\"https:\\\/\\\/www.instagram.com\\\/microlinksas\\\/\"]}]}<\/script>\n<!-- \/ Yoast SEO plugin. -->","yoast_head_json":{"title":"Microlink - Conectamos con prop\u00f3sito","description":"En Microlink Conectamos con Prop\u00f3sito LORAWAN I\/O CONTROLLER IOT, Soluciones GPON, OLT, Administraci\u00f3n de DataCenter, Router, Cables, ODF, LEMO, TELEC","robots":{"index":"index","follow":"follow","max-snippet":"max-snippet:-1","max-image-preview":"max-image-preview:large","max-video-preview":"max-video-preview:-1"},"canonical":"https:\/\/microlink.com.co\/en\/product\/lt-22222-l-au915\/","og_locale":"en_US","og_type":"article","og_title":"Microlink - Conectamos con prop\u00f3sito","og_description":"En Microlink Conectamos con Prop\u00f3sito LORAWAN I\/O CONTROLLER IOT, Soluciones GPON, OLT, Administraci\u00f3n de DataCenter, Router, Cables, ODF, LEMO, TELEC","og_url":"https:\/\/microlink.com.co\/en\/product\/lt-22222-l-au915\/","og_site_name":"Microlink","article_publisher":"https:\/\/www.facebook.com\/microlinksas","article_modified_time":"2022-09-23T00:29:30+00:00","og_image":[{"width":800,"height":800,"url":"https:\/\/microlink.com.co\/wp-content\/uploads\/2022\/03\/M5cRE9cNBgxxKiV0iD9.jpg","type":"image\/jpeg"}],"twitter_card":"summary_large_image","twitter_misc":{"Est. reading time":"1 minute"},"schema":{"@context":"https:\/\/schema.org","@graph":[{"@type":["WebPage","ItemPage"],"@id":"https:\/\/microlink.com.co\/en\/product\/lt-22222-l-au915\/","url":"https:\/\/microlink.com.co\/en\/product\/lt-22222-l-au915\/","name":"Microlink - Conectamos con prop\u00f3sito","isPartOf":{"@id":"https:\/\/microlink.com.co\/#website"},"primaryImageOfPage":{"@id":"https:\/\/microlink.com.co\/en\/product\/lt-22222-l-au915\/#primaryimage"},"image":{"@id":"https:\/\/microlink.com.co\/en\/product\/lt-22222-l-au915\/#primaryimage"},"thumbnailUrl":"https:\/\/microlink.com.co\/wp-content\/uploads\/2022\/03\/M5cRE9cNBgxxKiV0iD9.jpg","datePublished":"2022-03-11T17:05:53+00:00","dateModified":"2022-09-23T00:29:30+00:00","description":"En Microlink Conectamos con Prop\u00f3sito LORAWAN I\/O CONTROLLER IOT, Soluciones GPON, OLT, Administraci\u00f3n de DataCenter, Router, Cables, ODF, LEMO, TELEC","breadcrumb":{"@id":"https:\/\/microlink.com.co\/en\/product\/lt-22222-l-au915\/#breadcrumb"},"inLanguage":"en-US","potentialAction":[{"@type":"ReadAction","target":["https:\/\/microlink.com.co\/en\/product\/lt-22222-l-au915\/"]}]},{"@type":"ImageObject","inLanguage":"en-US","@id":"https:\/\/microlink.com.co\/en\/product\/lt-22222-l-au915\/#primaryimage","url":"https:\/\/microlink.com.co\/wp-content\/uploads\/2022\/03\/M5cRE9cNBgxxKiV0iD9.jpg","contentUrl":"https:\/\/microlink.com.co\/wp-content\/uploads\/2022\/03\/M5cRE9cNBgxxKiV0iD9.jpg","width":800,"height":800,"caption":"LORAWAN I\/O CONTROLLER IOT"},{"@type":"BreadcrumbList","@id":"https:\/\/microlink.com.co\/en\/product\/lt-22222-l-au915\/#breadcrumb","itemListElement":[{"@type":"ListItem","position":1,"name":"Inicio","item":"https:\/\/microlink.com.co\/"},{"@type":"ListItem","position":2,"name":"Productos","item":"https:\/\/microlink.com.co\/?page_id=20"},{"@type":"ListItem","position":3,"name":"LORAWAN I\/O CONTROLLER IOT"}]},{"@type":"WebSite","@id":"https:\/\/microlink.com.co\/#website","url":"https:\/\/microlink.com.co\/","name":"micro link","description":"We purposefully connect the telecommunications market to Colombia and the region through the production and marketing of passive and active connectivity products and solutions.","publisher":{"@id":"https:\/\/microlink.com.co\/#organization"},"alternateName":"Microlink S.A.S","potentialAction":[{"@type":"SearchAction","target":{"@type":"EntryPoint","urlTemplate":"https:\/\/microlink.com.co\/?s={search_term_string}"},"query-input":{"@type":"PropertyValueSpecification","valueRequired":true,"valueName":"search_term_string"}}],"inLanguage":"en-US"},{"@type":"Organization","@id":"https:\/\/microlink.com.co\/#organization","name":"Microlink SAS","url":"https:\/\/microlink.com.co\/","logo":{"@type":"ImageObject","inLanguage":"en-US","@id":"https:\/\/microlink.com.co\/#\/schema\/logo\/image\/","url":"https:\/\/microlink.com.co\/wp-content\/uploads\/2022\/05\/Microlink_Logotipo-Horizontal_ColorTagline.png","contentUrl":"https:\/\/microlink.com.co\/wp-content\/uploads\/2022\/05\/Microlink_Logotipo-Horizontal_ColorTagline.png","width":793,"height":384,"caption":"Microlink SAS"},"image":{"@id":"https:\/\/microlink.com.co\/#\/schema\/logo\/image\/"},"sameAs":["https:\/\/www.facebook.com\/microlinksas","http:\/\/linkedin.com\/company\/microlink-ltd\/","http:\/\/youtube.com\/channel\/UCTijT7LU-sMetDs7MPFhM7Q","https:\/\/www.instagram.com\/microlinksas\/"]}]}},"_links":{"self":[{"href":"https:\/\/microlink.com.co\/en\/wp-json\/wp\/v2\/product\/7620","targetHints":{"allow":["GET"]}}],"collection":[{"href":"https:\/\/microlink.com.co\/en\/wp-json\/wp\/v2\/product"}],"about":[{"href":"https:\/\/microlink.com.co\/en\/wp-json\/wp\/v2\/types\/product"}],"replies":[{"embeddable":true,"href":"https:\/\/microlink.com.co\/en\/wp-json\/wp\/v2\/comments?post=7620"}],"wp:featuredmedia":[{"embeddable":true,"href":"https:\/\/microlink.com.co\/en\/wp-json\/wp\/v2\/media\/7625"}],"wp:attachment":[{"href":"https:\/\/microlink.com.co\/en\/wp-json\/wp\/v2\/media?parent=7620"}],"wp:term":[{"taxonomy":"product_brand","embeddable":true,"href":"https:\/\/microlink.com.co\/en\/wp-json\/wp\/v2\/product_brand?post=7620"},{"taxonomy":"product_cat","embeddable":true,"href":"https:\/\/microlink.com.co\/en\/wp-json\/wp\/v2\/product_cat?post=7620"},{"taxonomy":"product_tag","embeddable":true,"href":"https:\/\/microlink.com.co\/en\/wp-json\/wp\/v2\/product_tag?post=7620"}],"curies":[{"name":"wp","href":"https:\/\/api.w.org\/{rel}","templated":true}]}}