{"id":7590,"date":"2022-03-11T11:48:04","date_gmt":"2022-03-11T16:48:04","guid":{"rendered":"https:\/\/microlink.com.co\/\/\/?post_type=product&#038;p=7590"},"modified":"2022-09-22T19:32:25","modified_gmt":"2022-09-23T00:32:25","slug":"dzs310-b","status":"publish","type":"product","link":"https:\/\/microlink.com.co\/en\/product\/dzs310-b\/","title":{"rendered":"SMART THREE PHASE DIN RAIL ENERGY METER"},"content":{"rendered":"<p>Din rail multifunction three phase energy meter. It is measuring active energy with accuracy CL.0.5. Set up for multi communication protocols as Modbus RTU, DL645, It can be used for reliable and trustworthy metering of energy usage and widely applied in smart buildings, retrofit projects.<\/p>","protected":false},"excerpt":{"rendered":"<p>Din rail multifunction three phase energy meter. It is measuring active energy with accuracy CL.0.5. Set up for multi communication protocols as Modbus RTU, DL645, It can be used for reliable and trustworthy metering of energy usage and widely applied in smart buildings, retrofit projects.<\/p>","protected":false},"featured_media":7595,"comment_status":"open","ping_status":"closed","template":"","meta":{"_acf_changed":false,"_eb_attr":"","_links_to":"","_links_to_target":""},"product_brand":[134],"product_cat":[33,47,48],"product_tag":[],"class_list":{"0":"post-7590","1":"product","2":"type-product","3":"status-publish","4":"has-post-thumbnail","6":"product_brand-heyuan","7":"product_cat-iot","8":"product_cat-gateways-femtoceldas","9":"product_cat-productos-de-nodo","11":"first","12":"instock","13":"shipping-taxable","14":"product-type-simple"},"acf":[],"yoast_head":"<!-- This site is optimized with the Yoast SEO plugin v27.3 - https:\/\/yoast.com\/product\/yoast-seo-wordpress\/ -->\n<title>Microlink - Conectamos con prop\u00f3sito<\/title>\n<meta name=\"description\" content=\"En Microlink | Trabajamos con un amplio portafolio que abarca GPON, fibra \u00f3ptica, redes de cobre, radiofrecuencia, IoT y servicios.\" \/>\n<meta name=\"robots\" content=\"index, follow, max-snippet:-1, max-image-preview:large, max-video-preview:-1\" \/>\n<link rel=\"canonical\" href=\"https:\/\/microlink.com.co\/en\/product\/dzs310-b\/\" \/>\n<meta property=\"og:locale\" content=\"en_US\" \/>\n<meta property=\"og:type\" content=\"article\" \/>\n<meta property=\"og:title\" content=\"Microlink - Conectamos con prop\u00f3sito\" \/>\n<meta property=\"og:description\" content=\"En Microlink | Trabajamos con un amplio portafolio que abarca GPON, fibra \u00f3ptica, redes de cobre, radiofrecuencia, IoT y servicios.\" \/>\n<meta property=\"og:url\" content=\"https:\/\/microlink.com.co\/en\/product\/dzs310-b\/\" \/>\n<meta property=\"og:site_name\" content=\"Microlink\" \/>\n<meta property=\"article:publisher\" content=\"https:\/\/www.facebook.com\/microlinksas\" \/>\n<meta property=\"article:modified_time\" content=\"2022-09-23T00:32:25+00:00\" \/>\n<meta property=\"og:image\" content=\"https:\/\/microlink.com.co\/wp-content\/uploads\/2022\/03\/M5c4Z92ePi8D7b1T5V8.jpg\" \/>\n\t<meta property=\"og:image:width\" content=\"512\" \/>\n\t<meta property=\"og:image:height\" content=\"395\" \/>\n\t<meta property=\"og:image:type\" content=\"image\/jpeg\" \/>\n<meta name=\"twitter:card\" content=\"summary_large_image\" \/>\n<meta name=\"twitter:label1\" content=\"Est. reading time\" \/>\n\t<meta name=\"twitter:data1\" content=\"1 minute\" \/>\n<script type=\"application\/ld+json\" class=\"yoast-schema-graph\">{\"@context\":\"https:\\\/\\\/schema.org\",\"@graph\":[{\"@type\":[\"WebPage\",\"ItemPage\"],\"@id\":\"https:\\\/\\\/microlink.com.co\\\/en\\\/product\\\/dzs310-b\\\/\",\"url\":\"https:\\\/\\\/microlink.com.co\\\/en\\\/product\\\/dzs310-b\\\/\",\"name\":\"Microlink - Conectamos con prop\u00f3sito\",\"isPartOf\":{\"@id\":\"https:\\\/\\\/microlink.com.co\\\/#website\"},\"primaryImageOfPage\":{\"@id\":\"https:\\\/\\\/microlink.com.co\\\/en\\\/product\\\/dzs310-b\\\/#primaryimage\"},\"image\":{\"@id\":\"https:\\\/\\\/microlink.com.co\\\/en\\\/product\\\/dzs310-b\\\/#primaryimage\"},\"thumbnailUrl\":\"https:\\\/\\\/microlink.com.co\\\/wp-content\\\/uploads\\\/2022\\\/03\\\/M5c4Z92ePi8D7b1T5V8.jpg\",\"datePublished\":\"2022-03-11T16:48:04+00:00\",\"dateModified\":\"2022-09-23T00:32:25+00:00\",\"description\":\"En Microlink | Trabajamos con un amplio portafolio que abarca GPON, fibra \u00f3ptica, redes de cobre, radiofrecuencia, IoT y servicios.\",\"breadcrumb\":{\"@id\":\"https:\\\/\\\/microlink.com.co\\\/en\\\/product\\\/dzs310-b\\\/#breadcrumb\"},\"inLanguage\":\"en-US\",\"potentialAction\":[{\"@type\":\"ReadAction\",\"target\":[\"https:\\\/\\\/microlink.com.co\\\/en\\\/product\\\/dzs310-b\\\/\"]}]},{\"@type\":\"ImageObject\",\"inLanguage\":\"en-US\",\"@id\":\"https:\\\/\\\/microlink.com.co\\\/en\\\/product\\\/dzs310-b\\\/#primaryimage\",\"url\":\"https:\\\/\\\/microlink.com.co\\\/wp-content\\\/uploads\\\/2022\\\/03\\\/M5c4Z92ePi8D7b1T5V8.jpg\",\"contentUrl\":\"https:\\\/\\\/microlink.com.co\\\/wp-content\\\/uploads\\\/2022\\\/03\\\/M5c4Z92ePi8D7b1T5V8.jpg\",\"width\":512,\"height\":395,\"caption\":\"SMART THREE PHASE DIN RAIL ENERGY METER\"},{\"@type\":\"BreadcrumbList\",\"@id\":\"https:\\\/\\\/microlink.com.co\\\/en\\\/product\\\/dzs310-b\\\/#breadcrumb\",\"itemListElement\":[{\"@type\":\"ListItem\",\"position\":1,\"name\":\"Inicio\",\"item\":\"https:\\\/\\\/microlink.com.co\\\/\"},{\"@type\":\"ListItem\",\"position\":2,\"name\":\"Productos\",\"item\":\"https:\\\/\\\/microlink.com.co\\\/?page_id=20\"},{\"@type\":\"ListItem\",\"position\":3,\"name\":\"SMART THREE PHASE DIN RAIL ENERGY METER\"}]},{\"@type\":\"WebSite\",\"@id\":\"https:\\\/\\\/microlink.com.co\\\/#website\",\"url\":\"https:\\\/\\\/microlink.com.co\\\/\",\"name\":\"Microlink\",\"description\":\"Conectamos con prop\u00f3sito el mercado de las telecomunicaciones a Colombia y la regi\u00f3n a trav\u00e9s de la producci\u00f3n y comercializaci\u00f3n de productos y soluciones de conectividad pasiva y activa.\",\"publisher\":{\"@id\":\"https:\\\/\\\/microlink.com.co\\\/#organization\"},\"alternateName\":\"Microlink S.A.S\",\"potentialAction\":[{\"@type\":\"SearchAction\",\"target\":{\"@type\":\"EntryPoint\",\"urlTemplate\":\"https:\\\/\\\/microlink.com.co\\\/?s={search_term_string}\"},\"query-input\":{\"@type\":\"PropertyValueSpecification\",\"valueRequired\":true,\"valueName\":\"search_term_string\"}}],\"inLanguage\":\"en-US\"},{\"@type\":\"Organization\",\"@id\":\"https:\\\/\\\/microlink.com.co\\\/#organization\",\"name\":\"Microlink SAS\",\"url\":\"https:\\\/\\\/microlink.com.co\\\/\",\"logo\":{\"@type\":\"ImageObject\",\"inLanguage\":\"en-US\",\"@id\":\"https:\\\/\\\/microlink.com.co\\\/#\\\/schema\\\/logo\\\/image\\\/\",\"url\":\"https:\\\/\\\/microlink.com.co\\\/wp-content\\\/uploads\\\/2022\\\/05\\\/Microlink_Logotipo-Horizontal_ColorTagline.png\",\"contentUrl\":\"https:\\\/\\\/microlink.com.co\\\/wp-content\\\/uploads\\\/2022\\\/05\\\/Microlink_Logotipo-Horizontal_ColorTagline.png\",\"width\":793,\"height\":384,\"caption\":\"Microlink SAS\"},\"image\":{\"@id\":\"https:\\\/\\\/microlink.com.co\\\/#\\\/schema\\\/logo\\\/image\\\/\"},\"sameAs\":[\"https:\\\/\\\/www.facebook.com\\\/microlinksas\",\"http:\\\/\\\/linkedin.com\\\/company\\\/microlink-ltd\\\/\",\"http:\\\/\\\/youtube.com\\\/channel\\\/UCTijT7LU-sMetDs7MPFhM7Q\",\"https:\\\/\\\/www.instagram.com\\\/microlinksas\\\/\"]}]}<\/script>\n<!-- \/ Yoast SEO plugin. -->","yoast_head_json":{"title":"Microlink - Conectamos con prop\u00f3sito","description":"En Microlink | Trabajamos con un amplio portafolio que abarca GPON, fibra \u00f3ptica, redes de cobre, radiofrecuencia, IoT y servicios.","robots":{"index":"index","follow":"follow","max-snippet":"max-snippet:-1","max-image-preview":"max-image-preview:large","max-video-preview":"max-video-preview:-1"},"canonical":"https:\/\/microlink.com.co\/en\/product\/dzs310-b\/","og_locale":"en_US","og_type":"article","og_title":"Microlink - Conectamos con prop\u00f3sito","og_description":"En Microlink | Trabajamos con un amplio portafolio que abarca GPON, fibra \u00f3ptica, redes de cobre, radiofrecuencia, IoT y servicios.","og_url":"https:\/\/microlink.com.co\/en\/product\/dzs310-b\/","og_site_name":"Microlink","article_publisher":"https:\/\/www.facebook.com\/microlinksas","article_modified_time":"2022-09-23T00:32:25+00:00","og_image":[{"width":512,"height":395,"url":"https:\/\/microlink.com.co\/wp-content\/uploads\/2022\/03\/M5c4Z92ePi8D7b1T5V8.jpg","type":"image\/jpeg"}],"twitter_card":"summary_large_image","twitter_misc":{"Est. reading time":"1 minute"},"schema":{"@context":"https:\/\/schema.org","@graph":[{"@type":["WebPage","ItemPage"],"@id":"https:\/\/microlink.com.co\/en\/product\/dzs310-b\/","url":"https:\/\/microlink.com.co\/en\/product\/dzs310-b\/","name":"Microlink - Conectamos con prop\u00f3sito","isPartOf":{"@id":"https:\/\/microlink.com.co\/#website"},"primaryImageOfPage":{"@id":"https:\/\/microlink.com.co\/en\/product\/dzs310-b\/#primaryimage"},"image":{"@id":"https:\/\/microlink.com.co\/en\/product\/dzs310-b\/#primaryimage"},"thumbnailUrl":"https:\/\/microlink.com.co\/wp-content\/uploads\/2022\/03\/M5c4Z92ePi8D7b1T5V8.jpg","datePublished":"2022-03-11T16:48:04+00:00","dateModified":"2022-09-23T00:32:25+00:00","description":"En Microlink | Trabajamos con un amplio portafolio que abarca GPON, fibra \u00f3ptica, redes de cobre, radiofrecuencia, IoT y servicios.","breadcrumb":{"@id":"https:\/\/microlink.com.co\/en\/product\/dzs310-b\/#breadcrumb"},"inLanguage":"en-US","potentialAction":[{"@type":"ReadAction","target":["https:\/\/microlink.com.co\/en\/product\/dzs310-b\/"]}]},{"@type":"ImageObject","inLanguage":"en-US","@id":"https:\/\/microlink.com.co\/en\/product\/dzs310-b\/#primaryimage","url":"https:\/\/microlink.com.co\/wp-content\/uploads\/2022\/03\/M5c4Z92ePi8D7b1T5V8.jpg","contentUrl":"https:\/\/microlink.com.co\/wp-content\/uploads\/2022\/03\/M5c4Z92ePi8D7b1T5V8.jpg","width":512,"height":395,"caption":"SMART THREE PHASE DIN RAIL ENERGY METER"},{"@type":"BreadcrumbList","@id":"https:\/\/microlink.com.co\/en\/product\/dzs310-b\/#breadcrumb","itemListElement":[{"@type":"ListItem","position":1,"name":"Inicio","item":"https:\/\/microlink.com.co\/"},{"@type":"ListItem","position":2,"name":"Productos","item":"https:\/\/microlink.com.co\/?page_id=20"},{"@type":"ListItem","position":3,"name":"SMART THREE PHASE DIN RAIL ENERGY METER"}]},{"@type":"WebSite","@id":"https:\/\/microlink.com.co\/#website","url":"https:\/\/microlink.com.co\/","name":"micro link","description":"We purposefully connect the telecommunications market to Colombia and the region through the production and marketing of passive and active connectivity products and solutions.","publisher":{"@id":"https:\/\/microlink.com.co\/#organization"},"alternateName":"Microlink S.A.S","potentialAction":[{"@type":"SearchAction","target":{"@type":"EntryPoint","urlTemplate":"https:\/\/microlink.com.co\/?s={search_term_string}"},"query-input":{"@type":"PropertyValueSpecification","valueRequired":true,"valueName":"search_term_string"}}],"inLanguage":"en-US"},{"@type":"Organization","@id":"https:\/\/microlink.com.co\/#organization","name":"Microlink SAS","url":"https:\/\/microlink.com.co\/","logo":{"@type":"ImageObject","inLanguage":"en-US","@id":"https:\/\/microlink.com.co\/#\/schema\/logo\/image\/","url":"https:\/\/microlink.com.co\/wp-content\/uploads\/2022\/05\/Microlink_Logotipo-Horizontal_ColorTagline.png","contentUrl":"https:\/\/microlink.com.co\/wp-content\/uploads\/2022\/05\/Microlink_Logotipo-Horizontal_ColorTagline.png","width":793,"height":384,"caption":"Microlink SAS"},"image":{"@id":"https:\/\/microlink.com.co\/#\/schema\/logo\/image\/"},"sameAs":["https:\/\/www.facebook.com\/microlinksas","http:\/\/linkedin.com\/company\/microlink-ltd\/","http:\/\/youtube.com\/channel\/UCTijT7LU-sMetDs7MPFhM7Q","https:\/\/www.instagram.com\/microlinksas\/"]}]}},"_links":{"self":[{"href":"https:\/\/microlink.com.co\/en\/wp-json\/wp\/v2\/product\/7590","targetHints":{"allow":["GET"]}}],"collection":[{"href":"https:\/\/microlink.com.co\/en\/wp-json\/wp\/v2\/product"}],"about":[{"href":"https:\/\/microlink.com.co\/en\/wp-json\/wp\/v2\/types\/product"}],"replies":[{"embeddable":true,"href":"https:\/\/microlink.com.co\/en\/wp-json\/wp\/v2\/comments?post=7590"}],"wp:featuredmedia":[{"embeddable":true,"href":"https:\/\/microlink.com.co\/en\/wp-json\/wp\/v2\/media\/7595"}],"wp:attachment":[{"href":"https:\/\/microlink.com.co\/en\/wp-json\/wp\/v2\/media?parent=7590"}],"wp:term":[{"taxonomy":"product_brand","embeddable":true,"href":"https:\/\/microlink.com.co\/en\/wp-json\/wp\/v2\/product_brand?post=7590"},{"taxonomy":"product_cat","embeddable":true,"href":"https:\/\/microlink.com.co\/en\/wp-json\/wp\/v2\/product_cat?post=7590"},{"taxonomy":"product_tag","embeddable":true,"href":"https:\/\/microlink.com.co\/en\/wp-json\/wp\/v2\/product_tag?post=7590"}],"curies":[{"name":"wp","href":"https:\/\/api.w.org\/{rel}","templated":true}]}}