{"id":7559,"date":"2022-03-11T11:28:51","date_gmt":"2022-03-11T16:28:51","guid":{"rendered":"https:\/\/microlink.com.co\/\/\/?post_type=product&#038;p=7559"},"modified":"2024-10-18T11:37:22","modified_gmt":"2024-10-18T16:37:22","slug":"pdtiot-iss06","status":"publish","type":"product","link":"https:\/\/microlink.com.co\/en\/product\/pdtiot-iss06\/","title":{"rendered":"WIRNET ISTATION 923 MHZ"},"content":{"rendered":"<p>WIRNET ISTATION GATEWAY 923 MHZ PDTIOT-ISS06 KERLINK<\/p>\n<p>The \u201cWirnet iStation\u201d is the evolution of the Wirnet Station. It is the ideal gateway to support your smart city, smart industry or any other smart project, combining simplicity of installation, unique superior coverage and operational excellence.<\/p>\n<p>The \u201cWirnet iStation\u201d is a LoRaWAN gateway that specifically meets the standard requirements of public operators, MVNOs, cable operators, private companies or public authorities who want to boost their IoT business and implement evolutionary and reliable networks, connect large volumes of end devices and handles millions of two-way messages every day.<\/p>\n<p>This low-power, long-range gateway comes with exclusive features for remote monitoring, advanced radio network configuration and backhauling management with Kerlink&#039;s Wanesy Management Center (WMC) - it becomes very easy to operate LoRaWAN network even for non-telecom users.<\/p>\n<p>Wirnet iStation is also compatible with the Wanesy Small Private Network (Wanesy SPN2) solution to implement an independent and self-operating private LoRaWAN network.<\/p>\n<p>Its reinforced and optimized design brings together the best of Wirnet Station and the optimizations of the i-series LoRaWAN gateways (Wirnet iFemtoCell, iFemtoCell-evolution and iBTS), using the same software for easier and cheaper integration.<\/p>\n<p>Wirnet iStation provides high levels of availability and performance that allow for flexible and scalable deployments in many industries.<\/p>","protected":false},"excerpt":{"rendered":"<p>WIRNET ISTATION GATEWAY 923 MHZ PDTIOT-ISS06 KERLINK The \u201cWirnet iStation\u201d is the evolution of the Wirnet Station. It is the ideal gateway to support your smart city, smart industry or any other smart project, combining simplicity of installation, unique superior coverage and operational excellence. The \u201cWirnet iStation\u201d is a gate [\u2026]<\/p>","protected":false},"featured_media":7562,"comment_status":"open","ping_status":"closed","template":"","meta":{"_acf_changed":false,"_eb_attr":"","_links_to":"","_links_to_target":""},"product_brand":[133],"product_cat":[33,47],"product_tag":[],"class_list":{"0":"post-7559","1":"product","2":"type-product","3":"status-publish","4":"has-post-thumbnail","6":"product_brand-kerlink","7":"product_cat-iot","8":"product_cat-gateways-femtoceldas","10":"first","11":"instock","12":"shipping-taxable","13":"product-type-simple"},"acf":[],"yoast_head":"<!-- This site is optimized with the Yoast SEO plugin v27.3 - https:\/\/yoast.com\/product\/yoast-seo-wordpress\/ -->\n<title>GATEWAY WIRNET ISTATION 923 MHZ KERLINK - Microlink<\/title>\n<meta name=\"description\" content=\"En Microlink encuentra el GATEWAY WIRNET ISTATION 923 MHZ PDTIOT-ISS06 KERLINK, puertas de enlace LoRaWAN, Wanesy SPN2, Wirnet iFemtoCell, evolution e iBTS\" \/>\n<meta name=\"robots\" content=\"index, follow, max-snippet:-1, max-image-preview:large, max-video-preview:-1\" \/>\n<link rel=\"canonical\" href=\"https:\/\/microlink.com.co\/en\/product\/pdtiot-iss06\/\" \/>\n<meta property=\"og:locale\" content=\"en_US\" \/>\n<meta property=\"og:type\" content=\"article\" \/>\n<meta property=\"og:title\" content=\"GATEWAY WIRNET ISTATION 923 MHZ KERLINK - Microlink\" \/>\n<meta property=\"og:description\" content=\"En Microlink encuentra el GATEWAY WIRNET ISTATION 923 MHZ PDTIOT-ISS06 KERLINK, puertas de enlace LoRaWAN, Wanesy SPN2, Wirnet iFemtoCell, evolution e iBTS\" \/>\n<meta property=\"og:url\" content=\"https:\/\/microlink.com.co\/en\/product\/pdtiot-iss06\/\" \/>\n<meta property=\"og:site_name\" content=\"Microlink\" \/>\n<meta property=\"article:publisher\" content=\"https:\/\/www.facebook.com\/microlinksas\" \/>\n<meta property=\"article:modified_time\" content=\"2024-10-18T16:37:22+00:00\" \/>\n<meta property=\"og:image\" content=\"https:\/\/microlink.com.co\/wp-content\/uploads\/2022\/03\/M5cs2HtSy3wH36kk5_Z.png\" \/>\n\t<meta property=\"og:image:width\" content=\"1024\" \/>\n\t<meta property=\"og:image:height\" content=\"1024\" \/>\n\t<meta property=\"og:image:type\" content=\"image\/png\" \/>\n<meta name=\"twitter:card\" content=\"summary_large_image\" \/>\n<meta name=\"twitter:label1\" content=\"Est. reading time\" \/>\n\t<meta name=\"twitter:data1\" content=\"2 minutes\" \/>\n<script type=\"application\/ld+json\" class=\"yoast-schema-graph\">{\"@context\":\"https:\\\/\\\/schema.org\",\"@graph\":[{\"@type\":[\"WebPage\",\"ItemPage\"],\"@id\":\"https:\\\/\\\/microlink.com.co\\\/producto\\\/pdtiot-iss06\\\/\",\"url\":\"https:\\\/\\\/microlink.com.co\\\/producto\\\/pdtiot-iss06\\\/\",\"name\":\"GATEWAY WIRNET ISTATION 923 MHZ KERLINK - Microlink\",\"isPartOf\":{\"@id\":\"https:\\\/\\\/microlink.com.co\\\/#website\"},\"primaryImageOfPage\":{\"@id\":\"https:\\\/\\\/microlink.com.co\\\/producto\\\/pdtiot-iss06\\\/#primaryimage\"},\"image\":{\"@id\":\"https:\\\/\\\/microlink.com.co\\\/producto\\\/pdtiot-iss06\\\/#primaryimage\"},\"thumbnailUrl\":\"https:\\\/\\\/microlink.com.co\\\/wp-content\\\/uploads\\\/2022\\\/03\\\/M5cs2HtSy3wH36kk5_Z.png\",\"datePublished\":\"2022-03-11T16:28:51+00:00\",\"dateModified\":\"2024-10-18T16:37:22+00:00\",\"description\":\"En Microlink encuentra el GATEWAY WIRNET ISTATION 923 MHZ PDTIOT-ISS06 KERLINK, puertas de enlace LoRaWAN, Wanesy SPN2, Wirnet iFemtoCell, evolution e iBTS\",\"breadcrumb\":{\"@id\":\"https:\\\/\\\/microlink.com.co\\\/producto\\\/pdtiot-iss06\\\/#breadcrumb\"},\"inLanguage\":\"en-US\",\"potentialAction\":[{\"@type\":\"ReadAction\",\"target\":[\"https:\\\/\\\/microlink.com.co\\\/producto\\\/pdtiot-iss06\\\/\"]}]},{\"@type\":\"ImageObject\",\"inLanguage\":\"en-US\",\"@id\":\"https:\\\/\\\/microlink.com.co\\\/producto\\\/pdtiot-iss06\\\/#primaryimage\",\"url\":\"https:\\\/\\\/microlink.com.co\\\/wp-content\\\/uploads\\\/2022\\\/03\\\/M5cs2HtSy3wH36kk5_Z.png\",\"contentUrl\":\"https:\\\/\\\/microlink.com.co\\\/wp-content\\\/uploads\\\/2022\\\/03\\\/M5cs2HtSy3wH36kk5_Z.png\",\"width\":1024,\"height\":1024,\"caption\":\"GATEWAY WIRNET ISTATION 923 MHZ PDTIOT-ISS06 KERLINK\"},{\"@type\":\"BreadcrumbList\",\"@id\":\"https:\\\/\\\/microlink.com.co\\\/producto\\\/pdtiot-iss06\\\/#breadcrumb\",\"itemListElement\":[{\"@type\":\"ListItem\",\"position\":1,\"name\":\"Inicio\",\"item\":\"https:\\\/\\\/microlink.com.co\\\/\"},{\"@type\":\"ListItem\",\"position\":2,\"name\":\"Productos\",\"item\":\"https:\\\/\\\/microlink.com.co\\\/?page_id=20\"},{\"@type\":\"ListItem\",\"position\":3,\"name\":\"WIRNET ISTATION 923 MHZ\"}]},{\"@type\":\"WebSite\",\"@id\":\"https:\\\/\\\/microlink.com.co\\\/#website\",\"url\":\"https:\\\/\\\/microlink.com.co\\\/\",\"name\":\"Microlink\",\"description\":\"Conectamos con prop\u00f3sito el mercado de las telecomunicaciones a Colombia y la regi\u00f3n a trav\u00e9s de la producci\u00f3n y comercializaci\u00f3n de productos y soluciones de conectividad pasiva y activa.\",\"publisher\":{\"@id\":\"https:\\\/\\\/microlink.com.co\\\/#organization\"},\"alternateName\":\"Microlink S.A.S\",\"potentialAction\":[{\"@type\":\"SearchAction\",\"target\":{\"@type\":\"EntryPoint\",\"urlTemplate\":\"https:\\\/\\\/microlink.com.co\\\/?s={search_term_string}\"},\"query-input\":{\"@type\":\"PropertyValueSpecification\",\"valueRequired\":true,\"valueName\":\"search_term_string\"}}],\"inLanguage\":\"en-US\"},{\"@type\":\"Organization\",\"@id\":\"https:\\\/\\\/microlink.com.co\\\/#organization\",\"name\":\"Microlink SAS\",\"url\":\"https:\\\/\\\/microlink.com.co\\\/\",\"logo\":{\"@type\":\"ImageObject\",\"inLanguage\":\"en-US\",\"@id\":\"https:\\\/\\\/microlink.com.co\\\/#\\\/schema\\\/logo\\\/image\\\/\",\"url\":\"https:\\\/\\\/microlink.com.co\\\/wp-content\\\/uploads\\\/2022\\\/05\\\/Microlink_Logotipo-Horizontal_ColorTagline.png\",\"contentUrl\":\"https:\\\/\\\/microlink.com.co\\\/wp-content\\\/uploads\\\/2022\\\/05\\\/Microlink_Logotipo-Horizontal_ColorTagline.png\",\"width\":793,\"height\":384,\"caption\":\"Microlink SAS\"},\"image\":{\"@id\":\"https:\\\/\\\/microlink.com.co\\\/#\\\/schema\\\/logo\\\/image\\\/\"},\"sameAs\":[\"https:\\\/\\\/www.facebook.com\\\/microlinksas\",\"http:\\\/\\\/linkedin.com\\\/company\\\/microlink-ltd\\\/\",\"http:\\\/\\\/youtube.com\\\/channel\\\/UCTijT7LU-sMetDs7MPFhM7Q\",\"https:\\\/\\\/www.instagram.com\\\/microlinksas\\\/\"]}]}<\/script>\n<!-- \/ Yoast SEO plugin. -->","yoast_head_json":{"title":"GATEWAY WIRNET ISTATION 923 MHZ KERLINK - Microlink","description":"En Microlink encuentra el GATEWAY WIRNET ISTATION 923 MHZ PDTIOT-ISS06 KERLINK, puertas de enlace LoRaWAN, Wanesy SPN2, Wirnet iFemtoCell, evolution e iBTS","robots":{"index":"index","follow":"follow","max-snippet":"max-snippet:-1","max-image-preview":"max-image-preview:large","max-video-preview":"max-video-preview:-1"},"canonical":"https:\/\/microlink.com.co\/en\/product\/pdtiot-iss06\/","og_locale":"en_US","og_type":"article","og_title":"GATEWAY WIRNET ISTATION 923 MHZ KERLINK - Microlink","og_description":"En Microlink encuentra el GATEWAY WIRNET ISTATION 923 MHZ PDTIOT-ISS06 KERLINK, puertas de enlace LoRaWAN, Wanesy SPN2, Wirnet iFemtoCell, evolution e iBTS","og_url":"https:\/\/microlink.com.co\/en\/product\/pdtiot-iss06\/","og_site_name":"Microlink","article_publisher":"https:\/\/www.facebook.com\/microlinksas","article_modified_time":"2024-10-18T16:37:22+00:00","og_image":[{"width":1024,"height":1024,"url":"https:\/\/microlink.com.co\/wp-content\/uploads\/2022\/03\/M5cs2HtSy3wH36kk5_Z.png","type":"image\/png"}],"twitter_card":"summary_large_image","twitter_misc":{"Est. reading time":"2 minutes"},"schema":{"@context":"https:\/\/schema.org","@graph":[{"@type":["WebPage","ItemPage"],"@id":"https:\/\/microlink.com.co\/producto\/pdtiot-iss06\/","url":"https:\/\/microlink.com.co\/producto\/pdtiot-iss06\/","name":"GATEWAY WIRNET ISTATION 923 MHZ KERLINK - Microlink","isPartOf":{"@id":"https:\/\/microlink.com.co\/#website"},"primaryImageOfPage":{"@id":"https:\/\/microlink.com.co\/producto\/pdtiot-iss06\/#primaryimage"},"image":{"@id":"https:\/\/microlink.com.co\/producto\/pdtiot-iss06\/#primaryimage"},"thumbnailUrl":"https:\/\/microlink.com.co\/wp-content\/uploads\/2022\/03\/M5cs2HtSy3wH36kk5_Z.png","datePublished":"2022-03-11T16:28:51+00:00","dateModified":"2024-10-18T16:37:22+00:00","description":"En Microlink encuentra el GATEWAY WIRNET ISTATION 923 MHZ PDTIOT-ISS06 KERLINK, puertas de enlace LoRaWAN, Wanesy SPN2, Wirnet iFemtoCell, evolution e iBTS","breadcrumb":{"@id":"https:\/\/microlink.com.co\/producto\/pdtiot-iss06\/#breadcrumb"},"inLanguage":"en-US","potentialAction":[{"@type":"ReadAction","target":["https:\/\/microlink.com.co\/producto\/pdtiot-iss06\/"]}]},{"@type":"ImageObject","inLanguage":"en-US","@id":"https:\/\/microlink.com.co\/producto\/pdtiot-iss06\/#primaryimage","url":"https:\/\/microlink.com.co\/wp-content\/uploads\/2022\/03\/M5cs2HtSy3wH36kk5_Z.png","contentUrl":"https:\/\/microlink.com.co\/wp-content\/uploads\/2022\/03\/M5cs2HtSy3wH36kk5_Z.png","width":1024,"height":1024,"caption":"GATEWAY WIRNET ISTATION 923 MHZ PDTIOT-ISS06 KERLINK"},{"@type":"BreadcrumbList","@id":"https:\/\/microlink.com.co\/producto\/pdtiot-iss06\/#breadcrumb","itemListElement":[{"@type":"ListItem","position":1,"name":"Inicio","item":"https:\/\/microlink.com.co\/"},{"@type":"ListItem","position":2,"name":"Productos","item":"https:\/\/microlink.com.co\/?page_id=20"},{"@type":"ListItem","position":3,"name":"WIRNET ISTATION 923 MHZ"}]},{"@type":"WebSite","@id":"https:\/\/microlink.com.co\/#website","url":"https:\/\/microlink.com.co\/","name":"micro link","description":"We purposefully connect the telecommunications market to Colombia and the region through the production and marketing of passive and active connectivity products and solutions.","publisher":{"@id":"https:\/\/microlink.com.co\/#organization"},"alternateName":"Microlink S.A.S","potentialAction":[{"@type":"SearchAction","target":{"@type":"EntryPoint","urlTemplate":"https:\/\/microlink.com.co\/?s={search_term_string}"},"query-input":{"@type":"PropertyValueSpecification","valueRequired":true,"valueName":"search_term_string"}}],"inLanguage":"en-US"},{"@type":"Organization","@id":"https:\/\/microlink.com.co\/#organization","name":"Microlink SAS","url":"https:\/\/microlink.com.co\/","logo":{"@type":"ImageObject","inLanguage":"en-US","@id":"https:\/\/microlink.com.co\/#\/schema\/logo\/image\/","url":"https:\/\/microlink.com.co\/wp-content\/uploads\/2022\/05\/Microlink_Logotipo-Horizontal_ColorTagline.png","contentUrl":"https:\/\/microlink.com.co\/wp-content\/uploads\/2022\/05\/Microlink_Logotipo-Horizontal_ColorTagline.png","width":793,"height":384,"caption":"Microlink SAS"},"image":{"@id":"https:\/\/microlink.com.co\/#\/schema\/logo\/image\/"},"sameAs":["https:\/\/www.facebook.com\/microlinksas","http:\/\/linkedin.com\/company\/microlink-ltd\/","http:\/\/youtube.com\/channel\/UCTijT7LU-sMetDs7MPFhM7Q","https:\/\/www.instagram.com\/microlinksas\/"]}]}},"_links":{"self":[{"href":"https:\/\/microlink.com.co\/en\/wp-json\/wp\/v2\/product\/7559","targetHints":{"allow":["GET"]}}],"collection":[{"href":"https:\/\/microlink.com.co\/en\/wp-json\/wp\/v2\/product"}],"about":[{"href":"https:\/\/microlink.com.co\/en\/wp-json\/wp\/v2\/types\/product"}],"replies":[{"embeddable":true,"href":"https:\/\/microlink.com.co\/en\/wp-json\/wp\/v2\/comments?post=7559"}],"wp:featuredmedia":[{"embeddable":true,"href":"https:\/\/microlink.com.co\/en\/wp-json\/wp\/v2\/media\/7562"}],"wp:attachment":[{"href":"https:\/\/microlink.com.co\/en\/wp-json\/wp\/v2\/media?parent=7559"}],"wp:term":[{"taxonomy":"product_brand","embeddable":true,"href":"https:\/\/microlink.com.co\/en\/wp-json\/wp\/v2\/product_brand?post=7559"},{"taxonomy":"product_cat","embeddable":true,"href":"https:\/\/microlink.com.co\/en\/wp-json\/wp\/v2\/product_cat?post=7559"},{"taxonomy":"product_tag","embeddable":true,"href":"https:\/\/microlink.com.co\/en\/wp-json\/wp\/v2\/product_tag?post=7559"}],"curies":[{"name":"wp","href":"https:\/\/api.w.org\/{rel}","templated":true}]}}