{"id":7547,"date":"2022-03-11T10:26:05","date_gmt":"2022-03-11T15:26:05","guid":{"rendered":"https:\/\/microlink.com.co\/\/\/?post_type=product&#038;p=7547"},"modified":"2024-07-01T15:56:05","modified_gmt":"2024-07-01T20:56:05","slug":"cfo101530650m","status":"publish","type":"product","link":"https:\/\/microlink.com.co\/en\/product\/cfo101530650m\/","title":{"rendered":"FO MM CDG ; 50\/OM4 FITTED CABLE TIGHT BUFFER (INT\/EXT) 12F DIELECTRIC (ETW.53006)"},"content":{"rendered":"<p>Tight buffer cable with dielectric armor for indoor \/ outdoor installation of the brand <a href=\"https:\/\/microlink.com.co\/en\/brand\/optral\/\">OPTRAL<\/a>. Individual protection of each <a href=\"https:\/\/microlink.com.co\/en\/product-category\/fibra-optica\/\">fiber<\/a> at 900 microns. Traction elements composed of fiberglass yarns. Flexible and easy to install. The fiberglass acts as a repellent to small rodents (light resistance). thermoplastic outer shell <a href=\"https:\/\/www.qualisit.com.ar\/novedades\/que-es-un-cable-lszh\/381\/leer\" target=\"_blank\" rel=\"noopener\">LSZH<\/a>. For more than 12 fibers the construction is by subcables. 900 micron shielding saves installation costs because connectors can be installed directly onto each fiber. Euroclass Dca.<\/p>","protected":false},"excerpt":{"rendered":"<p>Adjusted cable (tight buffer) with dielectric armor for indoor \/ outdoor installation of the OPTRAL brand. Individual protection of each fiber at 900 microns. Traction elements composed of fiberglass yarns. Flexible and easy to install. The fiberglass acts as a repellent to small rodents (light resistance). LSZH thermoplastic outer sheath. [\u2026]<\/p>","protected":false},"featured_media":7532,"comment_status":"open","ping_status":"closed","template":"","meta":{"_acf_changed":false,"_eb_attr":"","_links_to":"","_links_to_target":""},"product_brand":[132],"product_cat":[30,66,71],"product_tag":[],"class_list":{"0":"post-7547","1":"product","2":"type-product","3":"status-publish","4":"has-post-thumbnail","6":"product_brand-optral","7":"product_cat-fibra-optica","8":"product_cat-cables-de-fibra-optica","9":"product_cat-multimodo-50-125-om4","11":"first","12":"instock","13":"shipping-taxable","14":"product-type-simple"},"acf":[],"yoast_head":"<!-- This site is optimized with the Yoast SEO plugin v27.3 - https:\/\/yoast.com\/product\/yoast-seo-wordpress\/ -->\n<title>Cable ajustado Tight Buffer F.O. MM CDG 12F Dielectrica - Optral<\/title>\n<meta name=\"description\" content=\"Microlink | El cable ajustado Tight Buffer de la marca Optral, son perfectos para fibra \u00f3ptica, Multimodo, para interiores y exteriores.\" \/>\n<meta name=\"robots\" content=\"index, follow, max-snippet:-1, max-image-preview:large, max-video-preview:-1\" \/>\n<link rel=\"canonical\" href=\"https:\/\/microlink.co\/producto\/cfo101530650m\/\" \/>\n<meta property=\"og:locale\" content=\"en_US\" \/>\n<meta property=\"og:type\" content=\"article\" \/>\n<meta property=\"og:title\" content=\"Cable ajustado Tight Buffer F.O. MM CDG 12F Dielectrica - Optral\" \/>\n<meta property=\"og:description\" content=\"Microlink | El cable ajustado Tight Buffer de la marca Optral, son perfectos para fibra \u00f3ptica, Multimodo, para interiores y exteriores.\" \/>\n<meta property=\"og:url\" content=\"https:\/\/microlink.co\/producto\/cfo101530650m\/\" \/>\n<meta property=\"og:site_name\" content=\"Microlink\" \/>\n<meta property=\"article:publisher\" content=\"https:\/\/www.facebook.com\/microlinksas\" \/>\n<meta property=\"article:modified_time\" content=\"2024-07-01T20:56:05+00:00\" \/>\n<meta property=\"og:image\" content=\"https:\/\/microlink.co\/wp-content\/uploads\/2022\/03\/M6g3-7Vqnxn5MLR-XDz.png\" \/>\n\t<meta property=\"og:image:width\" content=\"564\" \/>\n\t<meta property=\"og:image:height\" content=\"313\" \/>\n\t<meta property=\"og:image:type\" content=\"image\/png\" \/>\n<meta name=\"twitter:card\" content=\"summary_large_image\" \/>\n<meta name=\"twitter:label1\" content=\"Est. reading time\" \/>\n\t<meta name=\"twitter:data1\" content=\"1 minute\" \/>\n<script type=\"application\/ld+json\" class=\"yoast-schema-graph\">{\"@context\":\"https:\\\/\\\/schema.org\",\"@graph\":[{\"@type\":[\"WebPage\",\"ItemPage\"],\"@id\":\"https:\\\/\\\/microlink.co\\\/producto\\\/cfo101530650m\\\/\",\"url\":\"https:\\\/\\\/microlink.co\\\/producto\\\/cfo101530650m\\\/\",\"name\":\"Cable ajustado Tight Buffer F.O. MM CDG 12F Dielectrica - Optral\",\"isPartOf\":{\"@id\":\"https:\\\/\\\/microlink.com.co\\\/#website\"},\"primaryImageOfPage\":{\"@id\":\"https:\\\/\\\/microlink.co\\\/producto\\\/cfo101530650m\\\/#primaryimage\"},\"image\":{\"@id\":\"https:\\\/\\\/microlink.co\\\/producto\\\/cfo101530650m\\\/#primaryimage\"},\"thumbnailUrl\":\"https:\\\/\\\/microlink.com.co\\\/wp-content\\\/uploads\\\/2022\\\/03\\\/M6g3-7Vqnxn5MLR-XDz.png\",\"datePublished\":\"2022-03-11T15:26:05+00:00\",\"dateModified\":\"2024-07-01T20:56:05+00:00\",\"description\":\"Microlink | El cable ajustado Tight Buffer de la marca Optral, son perfectos para fibra \u00f3ptica, Multimodo, para interiores y exteriores.\",\"breadcrumb\":{\"@id\":\"https:\\\/\\\/microlink.co\\\/producto\\\/cfo101530650m\\\/#breadcrumb\"},\"inLanguage\":\"en-US\",\"potentialAction\":[{\"@type\":\"ReadAction\",\"target\":[\"https:\\\/\\\/microlink.co\\\/producto\\\/cfo101530650m\\\/\"]}]},{\"@type\":\"ImageObject\",\"inLanguage\":\"en-US\",\"@id\":\"https:\\\/\\\/microlink.co\\\/producto\\\/cfo101530650m\\\/#primaryimage\",\"url\":\"https:\\\/\\\/microlink.com.co\\\/wp-content\\\/uploads\\\/2022\\\/03\\\/M6g3-7Vqnxn5MLR-XDz.png\",\"contentUrl\":\"https:\\\/\\\/microlink.com.co\\\/wp-content\\\/uploads\\\/2022\\\/03\\\/M6g3-7Vqnxn5MLR-XDz.png\",\"width\":564,\"height\":313,\"caption\":\"Cable ajustado Tight Buffer Optral - Microlink DIELECTRICA TIGHT BUFFER TIA-598\"},{\"@type\":\"BreadcrumbList\",\"@id\":\"https:\\\/\\\/microlink.co\\\/producto\\\/cfo101530650m\\\/#breadcrumb\",\"itemListElement\":[{\"@type\":\"ListItem\",\"position\":1,\"name\":\"Inicio\",\"item\":\"https:\\\/\\\/microlink.com.co\\\/\"},{\"@type\":\"ListItem\",\"position\":2,\"name\":\"Productos\",\"item\":\"https:\\\/\\\/microlink.com.co\\\/?page_id=20\"},{\"@type\":\"ListItem\",\"position\":3,\"name\":\"F.O. MM CDG ; 50\\\/OM4 CABLE AJUSTADO TIGHT BUFFER (INT\\\/EXT) 12F DIELECTRICA (ETW.53006)\"}]},{\"@type\":\"WebSite\",\"@id\":\"https:\\\/\\\/microlink.com.co\\\/#website\",\"url\":\"https:\\\/\\\/microlink.com.co\\\/\",\"name\":\"Microlink\",\"description\":\"Conectamos con prop\u00f3sito el mercado de las telecomunicaciones a Colombia y la regi\u00f3n a trav\u00e9s de la producci\u00f3n y comercializaci\u00f3n de productos y soluciones de conectividad pasiva y activa.\",\"publisher\":{\"@id\":\"https:\\\/\\\/microlink.com.co\\\/#organization\"},\"alternateName\":\"Microlink S.A.S\",\"potentialAction\":[{\"@type\":\"SearchAction\",\"target\":{\"@type\":\"EntryPoint\",\"urlTemplate\":\"https:\\\/\\\/microlink.com.co\\\/?s={search_term_string}\"},\"query-input\":{\"@type\":\"PropertyValueSpecification\",\"valueRequired\":true,\"valueName\":\"search_term_string\"}}],\"inLanguage\":\"en-US\"},{\"@type\":\"Organization\",\"@id\":\"https:\\\/\\\/microlink.com.co\\\/#organization\",\"name\":\"Microlink SAS\",\"url\":\"https:\\\/\\\/microlink.com.co\\\/\",\"logo\":{\"@type\":\"ImageObject\",\"inLanguage\":\"en-US\",\"@id\":\"https:\\\/\\\/microlink.com.co\\\/#\\\/schema\\\/logo\\\/image\\\/\",\"url\":\"https:\\\/\\\/microlink.com.co\\\/wp-content\\\/uploads\\\/2022\\\/05\\\/Microlink_Logotipo-Horizontal_ColorTagline.png\",\"contentUrl\":\"https:\\\/\\\/microlink.com.co\\\/wp-content\\\/uploads\\\/2022\\\/05\\\/Microlink_Logotipo-Horizontal_ColorTagline.png\",\"width\":793,\"height\":384,\"caption\":\"Microlink SAS\"},\"image\":{\"@id\":\"https:\\\/\\\/microlink.com.co\\\/#\\\/schema\\\/logo\\\/image\\\/\"},\"sameAs\":[\"https:\\\/\\\/www.facebook.com\\\/microlinksas\",\"http:\\\/\\\/linkedin.com\\\/company\\\/microlink-ltd\\\/\",\"http:\\\/\\\/youtube.com\\\/channel\\\/UCTijT7LU-sMetDs7MPFhM7Q\",\"https:\\\/\\\/www.instagram.com\\\/microlinksas\\\/\"]}]}<\/script>\n<!-- \/ Yoast SEO plugin. -->","yoast_head_json":{"title":"Cable ajustado Tight Buffer F.O. MM CDG 12F Dielectrica - Optral","description":"Microlink | El cable ajustado Tight Buffer de la marca Optral, son perfectos para fibra \u00f3ptica, Multimodo, para interiores y exteriores.","robots":{"index":"index","follow":"follow","max-snippet":"max-snippet:-1","max-image-preview":"max-image-preview:large","max-video-preview":"max-video-preview:-1"},"canonical":"https:\/\/microlink.co\/producto\/cfo101530650m\/","og_locale":"en_US","og_type":"article","og_title":"Cable ajustado Tight Buffer F.O. MM CDG 12F Dielectrica - Optral","og_description":"Microlink | El cable ajustado Tight Buffer de la marca Optral, son perfectos para fibra \u00f3ptica, Multimodo, para interiores y exteriores.","og_url":"https:\/\/microlink.co\/producto\/cfo101530650m\/","og_site_name":"Microlink","article_publisher":"https:\/\/www.facebook.com\/microlinksas","article_modified_time":"2024-07-01T20:56:05+00:00","og_image":[{"width":564,"height":313,"url":"https:\/\/microlink.co\/wp-content\/uploads\/2022\/03\/M6g3-7Vqnxn5MLR-XDz.png","type":"image\/png"}],"twitter_card":"summary_large_image","twitter_misc":{"Est. reading time":"1 minute"},"schema":{"@context":"https:\/\/schema.org","@graph":[{"@type":["WebPage","ItemPage"],"@id":"https:\/\/microlink.co\/producto\/cfo101530650m\/","url":"https:\/\/microlink.co\/producto\/cfo101530650m\/","name":"Cable ajustado Tight Buffer F.O. MM CDG 12F Dielectrica - Optral","isPartOf":{"@id":"https:\/\/microlink.com.co\/#website"},"primaryImageOfPage":{"@id":"https:\/\/microlink.co\/producto\/cfo101530650m\/#primaryimage"},"image":{"@id":"https:\/\/microlink.co\/producto\/cfo101530650m\/#primaryimage"},"thumbnailUrl":"https:\/\/microlink.com.co\/wp-content\/uploads\/2022\/03\/M6g3-7Vqnxn5MLR-XDz.png","datePublished":"2022-03-11T15:26:05+00:00","dateModified":"2024-07-01T20:56:05+00:00","description":"Microlink | El cable ajustado Tight Buffer de la marca Optral, son perfectos para fibra \u00f3ptica, Multimodo, para interiores y exteriores.","breadcrumb":{"@id":"https:\/\/microlink.co\/producto\/cfo101530650m\/#breadcrumb"},"inLanguage":"en-US","potentialAction":[{"@type":"ReadAction","target":["https:\/\/microlink.co\/producto\/cfo101530650m\/"]}]},{"@type":"ImageObject","inLanguage":"en-US","@id":"https:\/\/microlink.co\/producto\/cfo101530650m\/#primaryimage","url":"https:\/\/microlink.com.co\/wp-content\/uploads\/2022\/03\/M6g3-7Vqnxn5MLR-XDz.png","contentUrl":"https:\/\/microlink.com.co\/wp-content\/uploads\/2022\/03\/M6g3-7Vqnxn5MLR-XDz.png","width":564,"height":313,"caption":"Cable ajustado Tight Buffer Optral - Microlink DIELECTRICA TIGHT BUFFER TIA-598"},{"@type":"BreadcrumbList","@id":"https:\/\/microlink.co\/producto\/cfo101530650m\/#breadcrumb","itemListElement":[{"@type":"ListItem","position":1,"name":"Inicio","item":"https:\/\/microlink.com.co\/"},{"@type":"ListItem","position":2,"name":"Productos","item":"https:\/\/microlink.com.co\/?page_id=20"},{"@type":"ListItem","position":3,"name":"F.O. MM CDG ; 50\/OM4 CABLE AJUSTADO TIGHT BUFFER (INT\/EXT) 12F DIELECTRICA (ETW.53006)"}]},{"@type":"WebSite","@id":"https:\/\/microlink.com.co\/#website","url":"https:\/\/microlink.com.co\/","name":"micro link","description":"We purposefully connect the telecommunications market to Colombia and the region through the production and marketing of passive and active connectivity products and solutions.","publisher":{"@id":"https:\/\/microlink.com.co\/#organization"},"alternateName":"Microlink S.A.S","potentialAction":[{"@type":"SearchAction","target":{"@type":"EntryPoint","urlTemplate":"https:\/\/microlink.com.co\/?s={search_term_string}"},"query-input":{"@type":"PropertyValueSpecification","valueRequired":true,"valueName":"search_term_string"}}],"inLanguage":"en-US"},{"@type":"Organization","@id":"https:\/\/microlink.com.co\/#organization","name":"Microlink SAS","url":"https:\/\/microlink.com.co\/","logo":{"@type":"ImageObject","inLanguage":"en-US","@id":"https:\/\/microlink.com.co\/#\/schema\/logo\/image\/","url":"https:\/\/microlink.com.co\/wp-content\/uploads\/2022\/05\/Microlink_Logotipo-Horizontal_ColorTagline.png","contentUrl":"https:\/\/microlink.com.co\/wp-content\/uploads\/2022\/05\/Microlink_Logotipo-Horizontal_ColorTagline.png","width":793,"height":384,"caption":"Microlink SAS"},"image":{"@id":"https:\/\/microlink.com.co\/#\/schema\/logo\/image\/"},"sameAs":["https:\/\/www.facebook.com\/microlinksas","http:\/\/linkedin.com\/company\/microlink-ltd\/","http:\/\/youtube.com\/channel\/UCTijT7LU-sMetDs7MPFhM7Q","https:\/\/www.instagram.com\/microlinksas\/"]}]}},"_links":{"self":[{"href":"https:\/\/microlink.com.co\/en\/wp-json\/wp\/v2\/product\/7547","targetHints":{"allow":["GET"]}}],"collection":[{"href":"https:\/\/microlink.com.co\/en\/wp-json\/wp\/v2\/product"}],"about":[{"href":"https:\/\/microlink.com.co\/en\/wp-json\/wp\/v2\/types\/product"}],"replies":[{"embeddable":true,"href":"https:\/\/microlink.com.co\/en\/wp-json\/wp\/v2\/comments?post=7547"}],"wp:featuredmedia":[{"embeddable":true,"href":"https:\/\/microlink.com.co\/en\/wp-json\/wp\/v2\/media\/7532"}],"wp:attachment":[{"href":"https:\/\/microlink.com.co\/en\/wp-json\/wp\/v2\/media?parent=7547"}],"wp:term":[{"taxonomy":"product_brand","embeddable":true,"href":"https:\/\/microlink.com.co\/en\/wp-json\/wp\/v2\/product_brand?post=7547"},{"taxonomy":"product_cat","embeddable":true,"href":"https:\/\/microlink.com.co\/en\/wp-json\/wp\/v2\/product_cat?post=7547"},{"taxonomy":"product_tag","embeddable":true,"href":"https:\/\/microlink.com.co\/en\/wp-json\/wp\/v2\/product_tag?post=7547"}],"curies":[{"name":"wp","href":"https:\/\/api.w.org\/{rel}","templated":true}]}}