{"id":7489,"date":"2022-03-10T17:42:55","date_gmt":"2022-03-10T22:42:55","guid":{"rendered":"https:\/\/microlink.com.co\/\/\/?post_type=product&#038;p=7489"},"modified":"2023-03-21T09:08:06","modified_gmt":"2023-03-21T14:08:06","slug":"nrgcontrol-bt","status":"publish","type":"product","link":"https:\/\/microlink.com.co\/en\/product\/nrgcontrol-bt\/","title":{"rendered":"NGR SMART CONTROLLER"},"content":{"rendered":"<p>NGR SMART CONTROLLER<\/p>\n<p>Amphenol Network Solutions nrgCONTROL-BT coordinates and collects data for up to 30 nrgSMART enabled PDUs. Panels are connected over a simple daisy chain connection. Only one IP address is required for all attached PDU panels to communicate circuit level current, voltage, temperature, alarm, and circuit threshold data. Data for all attached panels is accessed locally through the LCD screen or through the on-board configuration wizard. Data service including detailed analytic visualization is available through Telect&#039;s hosted data service or can be interfaced to existing BMS or NMS systems over SNMP.<\/p>","protected":false},"excerpt":{"rendered":"<p>NGR SMART CONTROLLER Amphenol Network Solutions nrgCONTROL-BT coordinates and collects data for up to 30 nrgSMART enabled PDUs. Panels are connected over a simple daisy chain connection. Only one IP address is required for all attached PDU panels to communicate circuit level current, voltage, temperature, alarm, and circuit threshold data. Data for all attached panels is [\u2026]<\/p>","protected":false},"featured_media":7492,"comment_status":"open","ping_status":"closed","template":"","meta":{"_acf_changed":false,"_eb_attr":"","_links_to":"","_links_to_target":""},"product_brand":[110],"product_cat":[256,253,31],"product_tag":[],"class_list":{"0":"post-7489","1":"product","2":"type-product","3":"status-publish","4":"has-post-thumbnail","6":"product_brand-telect","7":"product_cat-nrgsmart-firmware","8":"product_cat-paneles-distribucion-energia-dc-inteligentes","9":"product_cat-redes-de-cobre","11":"first","12":"instock","13":"shipping-taxable","14":"product-type-simple"},"acf":[],"yoast_head":"<!-- This site is optimized with the Yoast SEO plugin v27.3 - https:\/\/yoast.com\/product\/yoast-seo-wordpress\/ -->\n<title>Microlink - Conectamos con prop\u00f3sito<\/title>\n<meta name=\"description\" content=\"En Microlink | Trabajamos con un amplio portafolio que abarca GPON, fibra \u00f3ptica, redes de cobre, radiofrecuencia, IoT y servicios.\" \/>\n<meta name=\"robots\" content=\"index, follow, max-snippet:-1, max-image-preview:large, max-video-preview:-1\" \/>\n<link rel=\"canonical\" href=\"https:\/\/microlink.com.co\/en\/product\/nrgcontrol-bt\/\" \/>\n<meta property=\"og:locale\" content=\"en_US\" \/>\n<meta property=\"og:type\" content=\"article\" \/>\n<meta property=\"og:title\" content=\"Microlink - Conectamos con prop\u00f3sito\" \/>\n<meta property=\"og:description\" content=\"En Microlink | Trabajamos con un amplio portafolio que abarca GPON, fibra \u00f3ptica, redes de cobre, radiofrecuencia, IoT y servicios.\" \/>\n<meta property=\"og:url\" content=\"https:\/\/microlink.com.co\/en\/product\/nrgcontrol-bt\/\" \/>\n<meta property=\"og:site_name\" content=\"Microlink\" \/>\n<meta property=\"article:publisher\" content=\"https:\/\/www.facebook.com\/microlinksas\" \/>\n<meta property=\"article:modified_time\" content=\"2023-03-21T14:08:06+00:00\" \/>\n<meta property=\"og:image\" content=\"https:\/\/microlink.com.co\/wp-content\/uploads\/2022\/03\/M6guhI4tym8n0OiH4Ak.png\" \/>\n\t<meta property=\"og:image:width\" content=\"564\" \/>\n\t<meta property=\"og:image:height\" content=\"313\" \/>\n\t<meta property=\"og:image:type\" content=\"image\/png\" \/>\n<meta name=\"twitter:card\" content=\"summary_large_image\" \/>\n<meta name=\"twitter:label1\" content=\"Est. reading time\" \/>\n\t<meta name=\"twitter:data1\" content=\"1 minute\" \/>\n<script type=\"application\/ld+json\" class=\"yoast-schema-graph\">{\"@context\":\"https:\\\/\\\/schema.org\",\"@graph\":[{\"@type\":[\"WebPage\",\"ItemPage\"],\"@id\":\"https:\\\/\\\/microlink.com.co\\\/producto\\\/nrgcontrol-bt\\\/\",\"url\":\"https:\\\/\\\/microlink.com.co\\\/producto\\\/nrgcontrol-bt\\\/\",\"name\":\"Microlink - Conectamos con prop\u00f3sito\",\"isPartOf\":{\"@id\":\"https:\\\/\\\/microlink.com.co\\\/#website\"},\"primaryImageOfPage\":{\"@id\":\"https:\\\/\\\/microlink.com.co\\\/producto\\\/nrgcontrol-bt\\\/#primaryimage\"},\"image\":{\"@id\":\"https:\\\/\\\/microlink.com.co\\\/producto\\\/nrgcontrol-bt\\\/#primaryimage\"},\"thumbnailUrl\":\"https:\\\/\\\/microlink.com.co\\\/wp-content\\\/uploads\\\/2022\\\/03\\\/M6guhI4tym8n0OiH4Ak.png\",\"datePublished\":\"2022-03-10T22:42:55+00:00\",\"dateModified\":\"2023-03-21T14:08:06+00:00\",\"description\":\"En Microlink | Trabajamos con un amplio portafolio que abarca GPON, fibra \u00f3ptica, redes de cobre, radiofrecuencia, IoT y servicios.\",\"breadcrumb\":{\"@id\":\"https:\\\/\\\/microlink.com.co\\\/producto\\\/nrgcontrol-bt\\\/#breadcrumb\"},\"inLanguage\":\"en-US\",\"potentialAction\":[{\"@type\":\"ReadAction\",\"target\":[\"https:\\\/\\\/microlink.com.co\\\/producto\\\/nrgcontrol-bt\\\/\"]}]},{\"@type\":\"ImageObject\",\"inLanguage\":\"en-US\",\"@id\":\"https:\\\/\\\/microlink.com.co\\\/producto\\\/nrgcontrol-bt\\\/#primaryimage\",\"url\":\"https:\\\/\\\/microlink.com.co\\\/wp-content\\\/uploads\\\/2022\\\/03\\\/M6guhI4tym8n0OiH4Ak.png\",\"contentUrl\":\"https:\\\/\\\/microlink.com.co\\\/wp-content\\\/uploads\\\/2022\\\/03\\\/M6guhI4tym8n0OiH4Ak.png\",\"width\":564,\"height\":313,\"caption\":\"Telect - NGR | Controlador Inteligente | SKU NRGCONTROL-BT\"},{\"@type\":\"BreadcrumbList\",\"@id\":\"https:\\\/\\\/microlink.com.co\\\/producto\\\/nrgcontrol-bt\\\/#breadcrumb\",\"itemListElement\":[{\"@type\":\"ListItem\",\"position\":1,\"name\":\"Inicio\",\"item\":\"https:\\\/\\\/microlink.com.co\\\/\"},{\"@type\":\"ListItem\",\"position\":2,\"name\":\"Productos\",\"item\":\"https:\\\/\\\/microlink.com.co\\\/?page_id=20\"},{\"@type\":\"ListItem\",\"position\":3,\"name\":\"NGR CONTROLADOR INTELIGENTE\"}]},{\"@type\":\"WebSite\",\"@id\":\"https:\\\/\\\/microlink.com.co\\\/#website\",\"url\":\"https:\\\/\\\/microlink.com.co\\\/\",\"name\":\"Microlink\",\"description\":\"Conectamos con prop\u00f3sito el mercado de las telecomunicaciones a Colombia y la regi\u00f3n a trav\u00e9s de la producci\u00f3n y comercializaci\u00f3n de productos y soluciones de conectividad pasiva y activa.\",\"publisher\":{\"@id\":\"https:\\\/\\\/microlink.com.co\\\/#organization\"},\"alternateName\":\"Microlink S.A.S\",\"potentialAction\":[{\"@type\":\"SearchAction\",\"target\":{\"@type\":\"EntryPoint\",\"urlTemplate\":\"https:\\\/\\\/microlink.com.co\\\/?s={search_term_string}\"},\"query-input\":{\"@type\":\"PropertyValueSpecification\",\"valueRequired\":true,\"valueName\":\"search_term_string\"}}],\"inLanguage\":\"en-US\"},{\"@type\":\"Organization\",\"@id\":\"https:\\\/\\\/microlink.com.co\\\/#organization\",\"name\":\"Microlink SAS\",\"url\":\"https:\\\/\\\/microlink.com.co\\\/\",\"logo\":{\"@type\":\"ImageObject\",\"inLanguage\":\"en-US\",\"@id\":\"https:\\\/\\\/microlink.com.co\\\/#\\\/schema\\\/logo\\\/image\\\/\",\"url\":\"https:\\\/\\\/microlink.com.co\\\/wp-content\\\/uploads\\\/2022\\\/05\\\/Microlink_Logotipo-Horizontal_ColorTagline.png\",\"contentUrl\":\"https:\\\/\\\/microlink.com.co\\\/wp-content\\\/uploads\\\/2022\\\/05\\\/Microlink_Logotipo-Horizontal_ColorTagline.png\",\"width\":793,\"height\":384,\"caption\":\"Microlink SAS\"},\"image\":{\"@id\":\"https:\\\/\\\/microlink.com.co\\\/#\\\/schema\\\/logo\\\/image\\\/\"},\"sameAs\":[\"https:\\\/\\\/www.facebook.com\\\/microlinksas\",\"http:\\\/\\\/linkedin.com\\\/company\\\/microlink-ltd\\\/\",\"http:\\\/\\\/youtube.com\\\/channel\\\/UCTijT7LU-sMetDs7MPFhM7Q\",\"https:\\\/\\\/www.instagram.com\\\/microlinksas\\\/\"]}]}<\/script>\n<!-- \/ Yoast SEO plugin. -->","yoast_head_json":{"title":"Microlink - Conectamos con prop\u00f3sito","description":"En Microlink | Trabajamos con un amplio portafolio que abarca GPON, fibra \u00f3ptica, redes de cobre, radiofrecuencia, IoT y servicios.","robots":{"index":"index","follow":"follow","max-snippet":"max-snippet:-1","max-image-preview":"max-image-preview:large","max-video-preview":"max-video-preview:-1"},"canonical":"https:\/\/microlink.com.co\/en\/product\/nrgcontrol-bt\/","og_locale":"en_US","og_type":"article","og_title":"Microlink - Conectamos con prop\u00f3sito","og_description":"En Microlink | Trabajamos con un amplio portafolio que abarca GPON, fibra \u00f3ptica, redes de cobre, radiofrecuencia, IoT y servicios.","og_url":"https:\/\/microlink.com.co\/en\/product\/nrgcontrol-bt\/","og_site_name":"Microlink","article_publisher":"https:\/\/www.facebook.com\/microlinksas","article_modified_time":"2023-03-21T14:08:06+00:00","og_image":[{"width":564,"height":313,"url":"https:\/\/microlink.com.co\/wp-content\/uploads\/2022\/03\/M6guhI4tym8n0OiH4Ak.png","type":"image\/png"}],"twitter_card":"summary_large_image","twitter_misc":{"Est. reading time":"1 minute"},"schema":{"@context":"https:\/\/schema.org","@graph":[{"@type":["WebPage","ItemPage"],"@id":"https:\/\/microlink.com.co\/producto\/nrgcontrol-bt\/","url":"https:\/\/microlink.com.co\/producto\/nrgcontrol-bt\/","name":"Microlink - Conectamos con prop\u00f3sito","isPartOf":{"@id":"https:\/\/microlink.com.co\/#website"},"primaryImageOfPage":{"@id":"https:\/\/microlink.com.co\/producto\/nrgcontrol-bt\/#primaryimage"},"image":{"@id":"https:\/\/microlink.com.co\/producto\/nrgcontrol-bt\/#primaryimage"},"thumbnailUrl":"https:\/\/microlink.com.co\/wp-content\/uploads\/2022\/03\/M6guhI4tym8n0OiH4Ak.png","datePublished":"2022-03-10T22:42:55+00:00","dateModified":"2023-03-21T14:08:06+00:00","description":"En Microlink | Trabajamos con un amplio portafolio que abarca GPON, fibra \u00f3ptica, redes de cobre, radiofrecuencia, IoT y servicios.","breadcrumb":{"@id":"https:\/\/microlink.com.co\/producto\/nrgcontrol-bt\/#breadcrumb"},"inLanguage":"en-US","potentialAction":[{"@type":"ReadAction","target":["https:\/\/microlink.com.co\/producto\/nrgcontrol-bt\/"]}]},{"@type":"ImageObject","inLanguage":"en-US","@id":"https:\/\/microlink.com.co\/producto\/nrgcontrol-bt\/#primaryimage","url":"https:\/\/microlink.com.co\/wp-content\/uploads\/2022\/03\/M6guhI4tym8n0OiH4Ak.png","contentUrl":"https:\/\/microlink.com.co\/wp-content\/uploads\/2022\/03\/M6guhI4tym8n0OiH4Ak.png","width":564,"height":313,"caption":"Telect - NGR | Controlador Inteligente | SKU NRGCONTROL-BT"},{"@type":"BreadcrumbList","@id":"https:\/\/microlink.com.co\/producto\/nrgcontrol-bt\/#breadcrumb","itemListElement":[{"@type":"ListItem","position":1,"name":"Inicio","item":"https:\/\/microlink.com.co\/"},{"@type":"ListItem","position":2,"name":"Productos","item":"https:\/\/microlink.com.co\/?page_id=20"},{"@type":"ListItem","position":3,"name":"NGR CONTROLADOR INTELIGENTE"}]},{"@type":"WebSite","@id":"https:\/\/microlink.com.co\/#website","url":"https:\/\/microlink.com.co\/","name":"micro link","description":"We purposefully connect the telecommunications market to Colombia and the region through the production and marketing of passive and active connectivity products and solutions.","publisher":{"@id":"https:\/\/microlink.com.co\/#organization"},"alternateName":"Microlink S.A.S","potentialAction":[{"@type":"SearchAction","target":{"@type":"EntryPoint","urlTemplate":"https:\/\/microlink.com.co\/?s={search_term_string}"},"query-input":{"@type":"PropertyValueSpecification","valueRequired":true,"valueName":"search_term_string"}}],"inLanguage":"en-US"},{"@type":"Organization","@id":"https:\/\/microlink.com.co\/#organization","name":"Microlink SAS","url":"https:\/\/microlink.com.co\/","logo":{"@type":"ImageObject","inLanguage":"en-US","@id":"https:\/\/microlink.com.co\/#\/schema\/logo\/image\/","url":"https:\/\/microlink.com.co\/wp-content\/uploads\/2022\/05\/Microlink_Logotipo-Horizontal_ColorTagline.png","contentUrl":"https:\/\/microlink.com.co\/wp-content\/uploads\/2022\/05\/Microlink_Logotipo-Horizontal_ColorTagline.png","width":793,"height":384,"caption":"Microlink SAS"},"image":{"@id":"https:\/\/microlink.com.co\/#\/schema\/logo\/image\/"},"sameAs":["https:\/\/www.facebook.com\/microlinksas","http:\/\/linkedin.com\/company\/microlink-ltd\/","http:\/\/youtube.com\/channel\/UCTijT7LU-sMetDs7MPFhM7Q","https:\/\/www.instagram.com\/microlinksas\/"]}]}},"_links":{"self":[{"href":"https:\/\/microlink.com.co\/en\/wp-json\/wp\/v2\/product\/7489","targetHints":{"allow":["GET"]}}],"collection":[{"href":"https:\/\/microlink.com.co\/en\/wp-json\/wp\/v2\/product"}],"about":[{"href":"https:\/\/microlink.com.co\/en\/wp-json\/wp\/v2\/types\/product"}],"replies":[{"embeddable":true,"href":"https:\/\/microlink.com.co\/en\/wp-json\/wp\/v2\/comments?post=7489"}],"wp:featuredmedia":[{"embeddable":true,"href":"https:\/\/microlink.com.co\/en\/wp-json\/wp\/v2\/media\/7492"}],"wp:attachment":[{"href":"https:\/\/microlink.com.co\/en\/wp-json\/wp\/v2\/media?parent=7489"}],"wp:term":[{"taxonomy":"product_brand","embeddable":true,"href":"https:\/\/microlink.com.co\/en\/wp-json\/wp\/v2\/product_brand?post=7489"},{"taxonomy":"product_cat","embeddable":true,"href":"https:\/\/microlink.com.co\/en\/wp-json\/wp\/v2\/product_cat?post=7489"},{"taxonomy":"product_tag","embeddable":true,"href":"https:\/\/microlink.com.co\/en\/wp-json\/wp\/v2\/product_tag?post=7489"}],"curies":[{"name":"wp","href":"https:\/\/api.w.org\/{rel}","templated":true}]}}