{"id":7425,"date":"2022-03-09T19:00:02","date_gmt":"2022-03-10T00:00:02","guid":{"rendered":"https:\/\/microlink.com.co\/\/\/producto\/tapoc200\/"},"modified":"2023-02-06T17:02:18","modified_gmt":"2023-02-06T22:02:18","slug":"tapoc200","status":"publish","type":"product","link":"https:\/\/microlink.com.co\/en\/product\/tapoc200\/","title":{"rendered":"WIFI ROTATING SECURITY CAMERA FOR HOME"},"content":{"rendered":"<p><span style=\"color: font-size:15pt; font-family: 'Helvetica Neue',sans-serif; #32343a;background-color: #ffffff; font-weight: bold; font-style: normal; font-variant: normal; text-decoration: none; vertical-align: baseline; white-space: pre-wrap;\"><strong>ROTATING WIFI CAMERA FOR HOME SECURITY Tapo C200 \u2013 TP-Link<\/strong><\/span><\/p>\n<p><span style=\"color: font-size:9.5pt; font-family: 'Helvetica Neue',sans-serif; #32343a;background-color: #ffffff; font-weight: 400; font-style: normal; font-variant: normal; text-decoration: none; vertical-align: baseline; white-space: pre-wrap;\">With the Tapo C200, you can see exactly what is happening in your home, worry no more. Plus, you can communicate with your loved ones through the built-in microphone and speaker.<\/span> <span style=\"color: font-size:9.5pt; font-family: 'Helvetica Neue',sans-serif; #32343a;background-color: #ffffff; font-weight: 400; font-style: normal; font-variant: normal; text-decoration: none; vertical-align: baseline; white-space: pre-wrap;\">1080p high definition video provides more clarity and sharpness in images due to a higher number of pixels. This helps with identification and recognition from afar, a microSD card stores up to 128 GB, which is equivalent to 384 hours (16 days) of footage, this allows you to not only reduce your personal expenses on cloud storage, but also feel confident that your video is stored at high speed on a local card that can only be accessed by the device administrator. (Based on laboratory conditions)<\/span><\/p>","protected":false},"excerpt":{"rendered":"<p>ROTATING WIFI CAMERA FOR HOME SECURITY Tapo C200 \u2013 TP-Link With the Tapo C200, you can see what exactly is happening in your home, worry no more. Also, you can communicate with your loved ones through the built-in microphone and speaker. High definition 1080p video provides more clarity and sharpness in [\u2026]<\/p>","protected":false},"featured_media":7424,"comment_status":"open","ping_status":"closed","template":"","meta":{"_acf_changed":false,"_eb_attr":"","_links_to":"","_links_to_target":""},"product_brand":[114],"product_cat":[29,38],"product_tag":[],"class_list":{"0":"post-7425","1":"product","2":"type-product","3":"status-publish","4":"has-post-thumbnail","6":"product_brand-tp-link","7":"product_cat-gpon","8":"product_cat-wifi","10":"first","11":"instock","12":"shipping-taxable","13":"product-type-simple"},"acf":[],"yoast_head":"<!-- This site is optimized with the Yoast SEO plugin v27.3 - https:\/\/yoast.com\/product\/yoast-seo-wordpress\/ -->\n<title>C\u00c1MARA WIFI ROTATORIA DE SEGURIDAD PARA CASA<\/title>\n<meta name=\"description\" content=\"En Microlink encuentra la C\u00c1MARA WIFI ROTATORIA DE SEGURIDAD PARA CASA, de la marca TP-Link, con el Tapo C200, puede ver qu\u00e9 sucede exactamente en su hogar.\" \/>\n<meta name=\"robots\" content=\"index, follow, max-snippet:-1, max-image-preview:large, max-video-preview:-1\" \/>\n<link rel=\"canonical\" href=\"https:\/\/microlink.com.co\/en\/product\/tapoc200\/\" \/>\n<meta property=\"og:locale\" content=\"en_US\" \/>\n<meta property=\"og:type\" content=\"article\" \/>\n<meta property=\"og:title\" content=\"C\u00c1MARA WIFI ROTATORIA DE SEGURIDAD PARA CASA\" \/>\n<meta property=\"og:description\" content=\"En Microlink encuentra la C\u00c1MARA WIFI ROTATORIA DE SEGURIDAD PARA CASA, de la marca TP-Link, con el Tapo C200, puede ver qu\u00e9 sucede exactamente en su hogar.\" \/>\n<meta property=\"og:url\" content=\"https:\/\/microlink.com.co\/en\/product\/tapoc200\/\" \/>\n<meta property=\"og:site_name\" content=\"Microlink\" \/>\n<meta property=\"article:publisher\" content=\"https:\/\/www.facebook.com\/microlinksas\" \/>\n<meta property=\"article:modified_time\" content=\"2023-02-06T22:02:18+00:00\" \/>\n<meta property=\"og:image\" content=\"https:\/\/microlink.com.co\/wp-content\/uploads\/2022\/03\/Tapo-C200-img1.png\" \/>\n\t<meta property=\"og:image:width\" content=\"700\" \/>\n\t<meta property=\"og:image:height\" content=\"700\" \/>\n\t<meta property=\"og:image:type\" content=\"image\/png\" \/>\n<meta name=\"twitter:card\" content=\"summary_large_image\" \/>\n<meta name=\"twitter:label1\" content=\"Est. reading time\" \/>\n\t<meta name=\"twitter:data1\" content=\"1 minute\" \/>\n<script type=\"application\/ld+json\" class=\"yoast-schema-graph\">{\"@context\":\"https:\\\/\\\/schema.org\",\"@graph\":[{\"@type\":[\"WebPage\",\"ItemPage\"],\"@id\":\"https:\\\/\\\/microlink.com.co\\\/producto\\\/tapoc200\\\/\",\"url\":\"https:\\\/\\\/microlink.com.co\\\/producto\\\/tapoc200\\\/\",\"name\":\"C\u00c1MARA WIFI ROTATORIA DE SEGURIDAD PARA CASA\",\"isPartOf\":{\"@id\":\"https:\\\/\\\/microlink.com.co\\\/#website\"},\"primaryImageOfPage\":{\"@id\":\"https:\\\/\\\/microlink.com.co\\\/producto\\\/tapoc200\\\/#primaryimage\"},\"image\":{\"@id\":\"https:\\\/\\\/microlink.com.co\\\/producto\\\/tapoc200\\\/#primaryimage\"},\"thumbnailUrl\":\"https:\\\/\\\/microlink.com.co\\\/wp-content\\\/uploads\\\/2022\\\/03\\\/Tapo-C200-img1.png\",\"datePublished\":\"2022-03-10T00:00:02+00:00\",\"dateModified\":\"2023-02-06T22:02:18+00:00\",\"description\":\"En Microlink encuentra la C\u00c1MARA WIFI ROTATORIA DE SEGURIDAD PARA CASA, de la marca TP-Link, con el Tapo C200, puede ver qu\u00e9 sucede exactamente en su hogar.\",\"breadcrumb\":{\"@id\":\"https:\\\/\\\/microlink.com.co\\\/producto\\\/tapoc200\\\/#breadcrumb\"},\"inLanguage\":\"en-US\",\"potentialAction\":[{\"@type\":\"ReadAction\",\"target\":[\"https:\\\/\\\/microlink.com.co\\\/producto\\\/tapoc200\\\/\"]}]},{\"@type\":\"ImageObject\",\"inLanguage\":\"en-US\",\"@id\":\"https:\\\/\\\/microlink.com.co\\\/producto\\\/tapoc200\\\/#primaryimage\",\"url\":\"https:\\\/\\\/microlink.com.co\\\/wp-content\\\/uploads\\\/2022\\\/03\\\/Tapo-C200-img1.png\",\"contentUrl\":\"https:\\\/\\\/microlink.com.co\\\/wp-content\\\/uploads\\\/2022\\\/03\\\/Tapo-C200-img1.png\",\"width\":700,\"height\":700,\"caption\":\"C\u00c1MARA WIFI ROTATORIA DE SEGURIDAD PARA CASA Tapo C200 - TP-Link\"},{\"@type\":\"BreadcrumbList\",\"@id\":\"https:\\\/\\\/microlink.com.co\\\/producto\\\/tapoc200\\\/#breadcrumb\",\"itemListElement\":[{\"@type\":\"ListItem\",\"position\":1,\"name\":\"Inicio\",\"item\":\"https:\\\/\\\/microlink.com.co\\\/\"},{\"@type\":\"ListItem\",\"position\":2,\"name\":\"Productos\",\"item\":\"https:\\\/\\\/microlink.com.co\\\/?page_id=20\"},{\"@type\":\"ListItem\",\"position\":3,\"name\":\"C\u00c1MARA WIFI ROTATORIA DE SEGURIDAD PARA CASA\"}]},{\"@type\":\"WebSite\",\"@id\":\"https:\\\/\\\/microlink.com.co\\\/#website\",\"url\":\"https:\\\/\\\/microlink.com.co\\\/\",\"name\":\"Microlink\",\"description\":\"Conectamos con prop\u00f3sito el mercado de las telecomunicaciones a Colombia y la regi\u00f3n a trav\u00e9s de la producci\u00f3n y comercializaci\u00f3n de productos y soluciones de conectividad pasiva y activa.\",\"publisher\":{\"@id\":\"https:\\\/\\\/microlink.com.co\\\/#organization\"},\"alternateName\":\"Microlink S.A.S\",\"potentialAction\":[{\"@type\":\"SearchAction\",\"target\":{\"@type\":\"EntryPoint\",\"urlTemplate\":\"https:\\\/\\\/microlink.com.co\\\/?s={search_term_string}\"},\"query-input\":{\"@type\":\"PropertyValueSpecification\",\"valueRequired\":true,\"valueName\":\"search_term_string\"}}],\"inLanguage\":\"en-US\"},{\"@type\":\"Organization\",\"@id\":\"https:\\\/\\\/microlink.com.co\\\/#organization\",\"name\":\"Microlink SAS\",\"url\":\"https:\\\/\\\/microlink.com.co\\\/\",\"logo\":{\"@type\":\"ImageObject\",\"inLanguage\":\"en-US\",\"@id\":\"https:\\\/\\\/microlink.com.co\\\/#\\\/schema\\\/logo\\\/image\\\/\",\"url\":\"https:\\\/\\\/microlink.com.co\\\/wp-content\\\/uploads\\\/2022\\\/05\\\/Microlink_Logotipo-Horizontal_ColorTagline.png\",\"contentUrl\":\"https:\\\/\\\/microlink.com.co\\\/wp-content\\\/uploads\\\/2022\\\/05\\\/Microlink_Logotipo-Horizontal_ColorTagline.png\",\"width\":793,\"height\":384,\"caption\":\"Microlink SAS\"},\"image\":{\"@id\":\"https:\\\/\\\/microlink.com.co\\\/#\\\/schema\\\/logo\\\/image\\\/\"},\"sameAs\":[\"https:\\\/\\\/www.facebook.com\\\/microlinksas\",\"http:\\\/\\\/linkedin.com\\\/company\\\/microlink-ltd\\\/\",\"http:\\\/\\\/youtube.com\\\/channel\\\/UCTijT7LU-sMetDs7MPFhM7Q\",\"https:\\\/\\\/www.instagram.com\\\/microlinksas\\\/\"]}]}<\/script>\n<!-- \/ Yoast SEO plugin. -->","yoast_head_json":{"title":"WIFI ROTATING SECURITY CAMERA FOR HOME","description":"En Microlink encuentra la C\u00c1MARA WIFI ROTATORIA DE SEGURIDAD PARA CASA, de la marca TP-Link, con el Tapo C200, puede ver qu\u00e9 sucede exactamente en su hogar.","robots":{"index":"index","follow":"follow","max-snippet":"max-snippet:-1","max-image-preview":"max-image-preview:large","max-video-preview":"max-video-preview:-1"},"canonical":"https:\/\/microlink.com.co\/en\/product\/tapoc200\/","og_locale":"en_US","og_type":"article","og_title":"C\u00c1MARA WIFI ROTATORIA DE SEGURIDAD PARA CASA","og_description":"En Microlink encuentra la C\u00c1MARA WIFI ROTATORIA DE SEGURIDAD PARA CASA, de la marca TP-Link, con el Tapo C200, puede ver qu\u00e9 sucede exactamente en su hogar.","og_url":"https:\/\/microlink.com.co\/en\/product\/tapoc200\/","og_site_name":"Microlink","article_publisher":"https:\/\/www.facebook.com\/microlinksas","article_modified_time":"2023-02-06T22:02:18+00:00","og_image":[{"width":700,"height":700,"url":"https:\/\/microlink.com.co\/wp-content\/uploads\/2022\/03\/Tapo-C200-img1.png","type":"image\/png"}],"twitter_card":"summary_large_image","twitter_misc":{"Est. reading time":"1 minute"},"schema":{"@context":"https:\/\/schema.org","@graph":[{"@type":["WebPage","ItemPage"],"@id":"https:\/\/microlink.com.co\/producto\/tapoc200\/","url":"https:\/\/microlink.com.co\/producto\/tapoc200\/","name":"WIFI ROTATING SECURITY CAMERA FOR HOME","isPartOf":{"@id":"https:\/\/microlink.com.co\/#website"},"primaryImageOfPage":{"@id":"https:\/\/microlink.com.co\/producto\/tapoc200\/#primaryimage"},"image":{"@id":"https:\/\/microlink.com.co\/producto\/tapoc200\/#primaryimage"},"thumbnailUrl":"https:\/\/microlink.com.co\/wp-content\/uploads\/2022\/03\/Tapo-C200-img1.png","datePublished":"2022-03-10T00:00:02+00:00","dateModified":"2023-02-06T22:02:18+00:00","description":"En Microlink encuentra la C\u00c1MARA WIFI ROTATORIA DE SEGURIDAD PARA CASA, de la marca TP-Link, con el Tapo C200, puede ver qu\u00e9 sucede exactamente en su hogar.","breadcrumb":{"@id":"https:\/\/microlink.com.co\/producto\/tapoc200\/#breadcrumb"},"inLanguage":"en-US","potentialAction":[{"@type":"ReadAction","target":["https:\/\/microlink.com.co\/producto\/tapoc200\/"]}]},{"@type":"ImageObject","inLanguage":"en-US","@id":"https:\/\/microlink.com.co\/producto\/tapoc200\/#primaryimage","url":"https:\/\/microlink.com.co\/wp-content\/uploads\/2022\/03\/Tapo-C200-img1.png","contentUrl":"https:\/\/microlink.com.co\/wp-content\/uploads\/2022\/03\/Tapo-C200-img1.png","width":700,"height":700,"caption":"C\u00c1MARA WIFI ROTATORIA DE SEGURIDAD PARA CASA Tapo C200 - TP-Link"},{"@type":"BreadcrumbList","@id":"https:\/\/microlink.com.co\/producto\/tapoc200\/#breadcrumb","itemListElement":[{"@type":"ListItem","position":1,"name":"Inicio","item":"https:\/\/microlink.com.co\/"},{"@type":"ListItem","position":2,"name":"Productos","item":"https:\/\/microlink.com.co\/?page_id=20"},{"@type":"ListItem","position":3,"name":"C\u00c1MARA WIFI ROTATORIA DE SEGURIDAD PARA CASA"}]},{"@type":"WebSite","@id":"https:\/\/microlink.com.co\/#website","url":"https:\/\/microlink.com.co\/","name":"micro link","description":"We purposefully connect the telecommunications market to Colombia and the region through the production and marketing of passive and active connectivity products and solutions.","publisher":{"@id":"https:\/\/microlink.com.co\/#organization"},"alternateName":"Microlink S.A.S","potentialAction":[{"@type":"SearchAction","target":{"@type":"EntryPoint","urlTemplate":"https:\/\/microlink.com.co\/?s={search_term_string}"},"query-input":{"@type":"PropertyValueSpecification","valueRequired":true,"valueName":"search_term_string"}}],"inLanguage":"en-US"},{"@type":"Organization","@id":"https:\/\/microlink.com.co\/#organization","name":"Microlink SAS","url":"https:\/\/microlink.com.co\/","logo":{"@type":"ImageObject","inLanguage":"en-US","@id":"https:\/\/microlink.com.co\/#\/schema\/logo\/image\/","url":"https:\/\/microlink.com.co\/wp-content\/uploads\/2022\/05\/Microlink_Logotipo-Horizontal_ColorTagline.png","contentUrl":"https:\/\/microlink.com.co\/wp-content\/uploads\/2022\/05\/Microlink_Logotipo-Horizontal_ColorTagline.png","width":793,"height":384,"caption":"Microlink SAS"},"image":{"@id":"https:\/\/microlink.com.co\/#\/schema\/logo\/image\/"},"sameAs":["https:\/\/www.facebook.com\/microlinksas","http:\/\/linkedin.com\/company\/microlink-ltd\/","http:\/\/youtube.com\/channel\/UCTijT7LU-sMetDs7MPFhM7Q","https:\/\/www.instagram.com\/microlinksas\/"]}]}},"_links":{"self":[{"href":"https:\/\/microlink.com.co\/en\/wp-json\/wp\/v2\/product\/7425","targetHints":{"allow":["GET"]}}],"collection":[{"href":"https:\/\/microlink.com.co\/en\/wp-json\/wp\/v2\/product"}],"about":[{"href":"https:\/\/microlink.com.co\/en\/wp-json\/wp\/v2\/types\/product"}],"replies":[{"embeddable":true,"href":"https:\/\/microlink.com.co\/en\/wp-json\/wp\/v2\/comments?post=7425"}],"wp:featuredmedia":[{"embeddable":true,"href":"https:\/\/microlink.com.co\/en\/wp-json\/wp\/v2\/media\/7424"}],"wp:attachment":[{"href":"https:\/\/microlink.com.co\/en\/wp-json\/wp\/v2\/media?parent=7425"}],"wp:term":[{"taxonomy":"product_brand","embeddable":true,"href":"https:\/\/microlink.com.co\/en\/wp-json\/wp\/v2\/product_brand?post=7425"},{"taxonomy":"product_cat","embeddable":true,"href":"https:\/\/microlink.com.co\/en\/wp-json\/wp\/v2\/product_cat?post=7425"},{"taxonomy":"product_tag","embeddable":true,"href":"https:\/\/microlink.com.co\/en\/wp-json\/wp\/v2\/product_tag?post=7425"}],"curies":[{"name":"wp","href":"https:\/\/api.w.org\/{rel}","templated":true}]}}