{"id":7413,"date":"2022-03-09T18:59:52","date_gmt":"2022-03-09T23:59:52","guid":{"rendered":"https:\/\/microlink.com.co\/\/\/producto\/eap225-outdoor\/"},"modified":"2022-11-20T16:51:18","modified_gmt":"2022-11-20T21:51:18","slug":"eap225-outdoor","status":"publish","type":"product","link":"https:\/\/microlink.com.co\/en\/product\/eap225-outdoor\/","title":{"rendered":"AC1200 WIRELESS MU-MIMO OUTDOOR\/INDOOR ACCESS POINT"},"content":{"rendered":"<p><span style=\"color: font-size:15pt; font-family: 'Helvetica Neue',sans-serif; #32343a;background-color: #ffffff; font-weight: bold; font-style: normal; font-variant: normal; text-decoration: none; vertical-align: baseline; white-space: pre-wrap;\"><strong>AC1200 WIRELESS MU-MIMO OUTDOOR\/INDOOR ACCESS POINT TP-LINK EAP225-Outdoor<\/strong><\/span><\/p>\n<p><span style=\"color: font-size:9.5pt; font-family: 'Helvetica Neue',sans-serif; #32343a;background-color: #ffffff; font-weight: 400; font-style: normal; font-variant: normal; text-decoration: none; vertical-align: baseline; white-space: pre-wrap;\">EAP225-Outdoor is equipped with 2 Omnidirectional detachable antennas, which means that other antennas can be used according to specific needs, Rated IP55 during protection tests, with a weather-resistant cabinet to protect the access points against the conditions outdoor extremes. 802.11k and 802.11v fast roaming services automatically switch clients to the access point with the optimal signal with a seamless transition as you move. This allows sensitive applications like VoIP and video conferencing to go uninterrupted, the dedicated high power amplifier and high gain antennas in conjunction with the latest generation 802.11ac Wave 2 MU-MIMO technology ensure better Wi-Fi performance and coverage. long range in 2.4 GHz and 5 GHz bands.<\/span><\/p>","protected":false},"excerpt":{"rendered":"<p>AC1200 WIRELESS MU-MIMO OUTDOOR\/INDOOR ACCESS POINT TP-LINK EAP225-Outdoor EAP225-Outdoor is equipped with 2 detachable Omnidirectional antennas, which means that other antennas can be used according to specific needs, Rated IP55 during testing protection, with a weather-resistant enclosure to protect access points against harsh conditions [\u2026]<\/p>","protected":false},"featured_media":7412,"comment_status":"open","ping_status":"closed","template":"","meta":{"_acf_changed":false,"_eb_attr":"","_links_to":"","_links_to_target":""},"product_brand":[114],"product_cat":[29,38],"product_tag":[],"class_list":{"0":"post-7413","1":"product","2":"type-product","3":"status-publish","4":"has-post-thumbnail","6":"product_brand-tp-link","7":"product_cat-gpon","8":"product_cat-wifi","10":"first","11":"instock","12":"shipping-taxable","13":"product-type-simple"},"acf":[],"yoast_head":"<!-- This site is optimized with the Yoast SEO plugin v27.3 - https:\/\/yoast.com\/product\/yoast-seo-wordpress\/ -->\n<title>PUNTO DE ACCESO AC1200 WIRELESS TP-LINK - Microlink<\/title>\n<meta name=\"description\" content=\"En Microlink Conectamos con Prop\u00f3sito PUNTO DE ACCESO AC1200 WIRELESS MU-MIMO DE EXTERIOR\/INTERIOR TP-LINK EAP225-Outdoor.\" \/>\n<meta name=\"robots\" content=\"index, follow, max-snippet:-1, max-image-preview:large, max-video-preview:-1\" \/>\n<link rel=\"canonical\" href=\"https:\/\/microlink.co\/producto\/eap225-outdoor\/\" \/>\n<meta property=\"og:locale\" content=\"en_US\" \/>\n<meta property=\"og:type\" content=\"article\" \/>\n<meta property=\"og:title\" content=\"PUNTO DE ACCESO AC1200 WIRELESS TP-LINK - Microlink\" \/>\n<meta property=\"og:description\" content=\"En Microlink Conectamos con Prop\u00f3sito PUNTO DE ACCESO AC1200 WIRELESS MU-MIMO DE EXTERIOR\/INTERIOR TP-LINK EAP225-Outdoor.\" \/>\n<meta property=\"og:url\" content=\"https:\/\/microlink.co\/producto\/eap225-outdoor\/\" \/>\n<meta property=\"og:site_name\" content=\"Microlink\" \/>\n<meta property=\"article:publisher\" content=\"https:\/\/www.facebook.com\/microlinksas\" \/>\n<meta property=\"article:modified_time\" content=\"2022-11-20T21:51:18+00:00\" \/>\n<meta property=\"og:image\" content=\"https:\/\/microlink.co\/wp-content\/uploads\/2022\/03\/EAP225-Outdoor-img1.jpg\" \/>\n\t<meta property=\"og:image:width\" content=\"1000\" \/>\n\t<meta property=\"og:image:height\" content=\"1000\" \/>\n\t<meta property=\"og:image:type\" content=\"image\/jpeg\" \/>\n<meta name=\"twitter:card\" content=\"summary_large_image\" \/>\n<meta name=\"twitter:label1\" content=\"Est. reading time\" \/>\n\t<meta name=\"twitter:data1\" content=\"1 minute\" \/>\n<script type=\"application\/ld+json\" class=\"yoast-schema-graph\">{\"@context\":\"https:\\\/\\\/schema.org\",\"@graph\":[{\"@type\":[\"WebPage\",\"ItemPage\"],\"@id\":\"https:\\\/\\\/microlink.co\\\/producto\\\/eap225-outdoor\\\/\",\"url\":\"https:\\\/\\\/microlink.co\\\/producto\\\/eap225-outdoor\\\/\",\"name\":\"PUNTO DE ACCESO AC1200 WIRELESS TP-LINK - Microlink\",\"isPartOf\":{\"@id\":\"https:\\\/\\\/microlink.com.co\\\/#website\"},\"primaryImageOfPage\":{\"@id\":\"https:\\\/\\\/microlink.co\\\/producto\\\/eap225-outdoor\\\/#primaryimage\"},\"image\":{\"@id\":\"https:\\\/\\\/microlink.co\\\/producto\\\/eap225-outdoor\\\/#primaryimage\"},\"thumbnailUrl\":\"https:\\\/\\\/microlink.com.co\\\/wp-content\\\/uploads\\\/2022\\\/03\\\/EAP225-Outdoor-img1.jpg\",\"datePublished\":\"2022-03-09T23:59:52+00:00\",\"dateModified\":\"2022-11-20T21:51:18+00:00\",\"description\":\"En Microlink Conectamos con Prop\u00f3sito PUNTO DE ACCESO AC1200 WIRELESS MU-MIMO DE EXTERIOR\\\/INTERIOR TP-LINK EAP225-Outdoor.\",\"breadcrumb\":{\"@id\":\"https:\\\/\\\/microlink.co\\\/producto\\\/eap225-outdoor\\\/#breadcrumb\"},\"inLanguage\":\"en-US\",\"potentialAction\":[{\"@type\":\"ReadAction\",\"target\":[\"https:\\\/\\\/microlink.co\\\/producto\\\/eap225-outdoor\\\/\"]}]},{\"@type\":\"ImageObject\",\"inLanguage\":\"en-US\",\"@id\":\"https:\\\/\\\/microlink.co\\\/producto\\\/eap225-outdoor\\\/#primaryimage\",\"url\":\"https:\\\/\\\/microlink.com.co\\\/wp-content\\\/uploads\\\/2022\\\/03\\\/EAP225-Outdoor-img1.jpg\",\"contentUrl\":\"https:\\\/\\\/microlink.com.co\\\/wp-content\\\/uploads\\\/2022\\\/03\\\/EAP225-Outdoor-img1.jpg\",\"width\":1000,\"height\":1000,\"caption\":\"PUNTO DE ACCESO AC1200 WIRELESS MU-MIMO DE EXTERIOR\\\/INTERIOR TP-LINK EAP225-Outdoor\"},{\"@type\":\"BreadcrumbList\",\"@id\":\"https:\\\/\\\/microlink.co\\\/producto\\\/eap225-outdoor\\\/#breadcrumb\",\"itemListElement\":[{\"@type\":\"ListItem\",\"position\":1,\"name\":\"Inicio\",\"item\":\"https:\\\/\\\/microlink.com.co\\\/\"},{\"@type\":\"ListItem\",\"position\":2,\"name\":\"Productos\",\"item\":\"https:\\\/\\\/microlink.com.co\\\/?page_id=20\"},{\"@type\":\"ListItem\",\"position\":3,\"name\":\"PUNTO DE ACCESO AC1200 WIRELESS MU-MIMO DE EXTERIOR\\\/INTERIOR\"}]},{\"@type\":\"WebSite\",\"@id\":\"https:\\\/\\\/microlink.com.co\\\/#website\",\"url\":\"https:\\\/\\\/microlink.com.co\\\/\",\"name\":\"Microlink\",\"description\":\"Conectamos con prop\u00f3sito el mercado de las telecomunicaciones a Colombia y la regi\u00f3n a trav\u00e9s de la producci\u00f3n y comercializaci\u00f3n de productos y soluciones de conectividad pasiva y activa.\",\"publisher\":{\"@id\":\"https:\\\/\\\/microlink.com.co\\\/#organization\"},\"alternateName\":\"Microlink S.A.S\",\"potentialAction\":[{\"@type\":\"SearchAction\",\"target\":{\"@type\":\"EntryPoint\",\"urlTemplate\":\"https:\\\/\\\/microlink.com.co\\\/?s={search_term_string}\"},\"query-input\":{\"@type\":\"PropertyValueSpecification\",\"valueRequired\":true,\"valueName\":\"search_term_string\"}}],\"inLanguage\":\"en-US\"},{\"@type\":\"Organization\",\"@id\":\"https:\\\/\\\/microlink.com.co\\\/#organization\",\"name\":\"Microlink SAS\",\"url\":\"https:\\\/\\\/microlink.com.co\\\/\",\"logo\":{\"@type\":\"ImageObject\",\"inLanguage\":\"en-US\",\"@id\":\"https:\\\/\\\/microlink.com.co\\\/#\\\/schema\\\/logo\\\/image\\\/\",\"url\":\"https:\\\/\\\/microlink.com.co\\\/wp-content\\\/uploads\\\/2022\\\/05\\\/Microlink_Logotipo-Horizontal_ColorTagline.png\",\"contentUrl\":\"https:\\\/\\\/microlink.com.co\\\/wp-content\\\/uploads\\\/2022\\\/05\\\/Microlink_Logotipo-Horizontal_ColorTagline.png\",\"width\":793,\"height\":384,\"caption\":\"Microlink SAS\"},\"image\":{\"@id\":\"https:\\\/\\\/microlink.com.co\\\/#\\\/schema\\\/logo\\\/image\\\/\"},\"sameAs\":[\"https:\\\/\\\/www.facebook.com\\\/microlinksas\",\"http:\\\/\\\/linkedin.com\\\/company\\\/microlink-ltd\\\/\",\"http:\\\/\\\/youtube.com\\\/channel\\\/UCTijT7LU-sMetDs7MPFhM7Q\",\"https:\\\/\\\/www.instagram.com\\\/microlinksas\\\/\"]}]}<\/script>\n<!-- \/ Yoast SEO plugin. -->","yoast_head_json":{"title":"PUNTO DE ACCESO AC1200 WIRELESS TP-LINK - Microlink","description":"En Microlink Conectamos con Prop\u00f3sito PUNTO DE ACCESO AC1200 WIRELESS MU-MIMO DE EXTERIOR\/INTERIOR TP-LINK EAP225-Outdoor.","robots":{"index":"index","follow":"follow","max-snippet":"max-snippet:-1","max-image-preview":"max-image-preview:large","max-video-preview":"max-video-preview:-1"},"canonical":"https:\/\/microlink.co\/producto\/eap225-outdoor\/","og_locale":"en_US","og_type":"article","og_title":"PUNTO DE ACCESO AC1200 WIRELESS TP-LINK - Microlink","og_description":"En Microlink Conectamos con Prop\u00f3sito PUNTO DE ACCESO AC1200 WIRELESS MU-MIMO DE EXTERIOR\/INTERIOR TP-LINK EAP225-Outdoor.","og_url":"https:\/\/microlink.co\/producto\/eap225-outdoor\/","og_site_name":"Microlink","article_publisher":"https:\/\/www.facebook.com\/microlinksas","article_modified_time":"2022-11-20T21:51:18+00:00","og_image":[{"width":1000,"height":1000,"url":"https:\/\/microlink.co\/wp-content\/uploads\/2022\/03\/EAP225-Outdoor-img1.jpg","type":"image\/jpeg"}],"twitter_card":"summary_large_image","twitter_misc":{"Est. reading time":"1 minute"},"schema":{"@context":"https:\/\/schema.org","@graph":[{"@type":["WebPage","ItemPage"],"@id":"https:\/\/microlink.co\/producto\/eap225-outdoor\/","url":"https:\/\/microlink.co\/producto\/eap225-outdoor\/","name":"PUNTO DE ACCESO AC1200 WIRELESS TP-LINK - Microlink","isPartOf":{"@id":"https:\/\/microlink.com.co\/#website"},"primaryImageOfPage":{"@id":"https:\/\/microlink.co\/producto\/eap225-outdoor\/#primaryimage"},"image":{"@id":"https:\/\/microlink.co\/producto\/eap225-outdoor\/#primaryimage"},"thumbnailUrl":"https:\/\/microlink.com.co\/wp-content\/uploads\/2022\/03\/EAP225-Outdoor-img1.jpg","datePublished":"2022-03-09T23:59:52+00:00","dateModified":"2022-11-20T21:51:18+00:00","description":"En Microlink Conectamos con Prop\u00f3sito PUNTO DE ACCESO AC1200 WIRELESS MU-MIMO DE EXTERIOR\/INTERIOR TP-LINK EAP225-Outdoor.","breadcrumb":{"@id":"https:\/\/microlink.co\/producto\/eap225-outdoor\/#breadcrumb"},"inLanguage":"en-US","potentialAction":[{"@type":"ReadAction","target":["https:\/\/microlink.co\/producto\/eap225-outdoor\/"]}]},{"@type":"ImageObject","inLanguage":"en-US","@id":"https:\/\/microlink.co\/producto\/eap225-outdoor\/#primaryimage","url":"https:\/\/microlink.com.co\/wp-content\/uploads\/2022\/03\/EAP225-Outdoor-img1.jpg","contentUrl":"https:\/\/microlink.com.co\/wp-content\/uploads\/2022\/03\/EAP225-Outdoor-img1.jpg","width":1000,"height":1000,"caption":"PUNTO DE ACCESO AC1200 WIRELESS MU-MIMO DE EXTERIOR\/INTERIOR TP-LINK EAP225-Outdoor"},{"@type":"BreadcrumbList","@id":"https:\/\/microlink.co\/producto\/eap225-outdoor\/#breadcrumb","itemListElement":[{"@type":"ListItem","position":1,"name":"Inicio","item":"https:\/\/microlink.com.co\/"},{"@type":"ListItem","position":2,"name":"Productos","item":"https:\/\/microlink.com.co\/?page_id=20"},{"@type":"ListItem","position":3,"name":"PUNTO DE ACCESO AC1200 WIRELESS MU-MIMO DE EXTERIOR\/INTERIOR"}]},{"@type":"WebSite","@id":"https:\/\/microlink.com.co\/#website","url":"https:\/\/microlink.com.co\/","name":"micro link","description":"We purposefully connect the telecommunications market to Colombia and the region through the production and marketing of passive and active connectivity products and solutions.","publisher":{"@id":"https:\/\/microlink.com.co\/#organization"},"alternateName":"Microlink S.A.S","potentialAction":[{"@type":"SearchAction","target":{"@type":"EntryPoint","urlTemplate":"https:\/\/microlink.com.co\/?s={search_term_string}"},"query-input":{"@type":"PropertyValueSpecification","valueRequired":true,"valueName":"search_term_string"}}],"inLanguage":"en-US"},{"@type":"Organization","@id":"https:\/\/microlink.com.co\/#organization","name":"Microlink SAS","url":"https:\/\/microlink.com.co\/","logo":{"@type":"ImageObject","inLanguage":"en-US","@id":"https:\/\/microlink.com.co\/#\/schema\/logo\/image\/","url":"https:\/\/microlink.com.co\/wp-content\/uploads\/2022\/05\/Microlink_Logotipo-Horizontal_ColorTagline.png","contentUrl":"https:\/\/microlink.com.co\/wp-content\/uploads\/2022\/05\/Microlink_Logotipo-Horizontal_ColorTagline.png","width":793,"height":384,"caption":"Microlink SAS"},"image":{"@id":"https:\/\/microlink.com.co\/#\/schema\/logo\/image\/"},"sameAs":["https:\/\/www.facebook.com\/microlinksas","http:\/\/linkedin.com\/company\/microlink-ltd\/","http:\/\/youtube.com\/channel\/UCTijT7LU-sMetDs7MPFhM7Q","https:\/\/www.instagram.com\/microlinksas\/"]}]}},"_links":{"self":[{"href":"https:\/\/microlink.com.co\/en\/wp-json\/wp\/v2\/product\/7413","targetHints":{"allow":["GET"]}}],"collection":[{"href":"https:\/\/microlink.com.co\/en\/wp-json\/wp\/v2\/product"}],"about":[{"href":"https:\/\/microlink.com.co\/en\/wp-json\/wp\/v2\/types\/product"}],"replies":[{"embeddable":true,"href":"https:\/\/microlink.com.co\/en\/wp-json\/wp\/v2\/comments?post=7413"}],"wp:featuredmedia":[{"embeddable":true,"href":"https:\/\/microlink.com.co\/en\/wp-json\/wp\/v2\/media\/7412"}],"wp:attachment":[{"href":"https:\/\/microlink.com.co\/en\/wp-json\/wp\/v2\/media?parent=7413"}],"wp:term":[{"taxonomy":"product_brand","embeddable":true,"href":"https:\/\/microlink.com.co\/en\/wp-json\/wp\/v2\/product_brand?post=7413"},{"taxonomy":"product_cat","embeddable":true,"href":"https:\/\/microlink.com.co\/en\/wp-json\/wp\/v2\/product_cat?post=7413"},{"taxonomy":"product_tag","embeddable":true,"href":"https:\/\/microlink.com.co\/en\/wp-json\/wp\/v2\/product_tag?post=7413"}],"curies":[{"name":"wp","href":"https:\/\/api.w.org\/{rel}","templated":true}]}}