{"id":7407,"date":"2022-03-09T18:59:48","date_gmt":"2022-03-09T23:59:48","guid":{"rendered":"https:\/\/microlink.com.co\/\/\/producto\/eap110\/"},"modified":"2022-11-20T17:01:04","modified_gmt":"2022-11-20T22:01:04","slug":"eap110","status":"publish","type":"product","link":"https:\/\/microlink.com.co\/en\/product\/eap110\/","title":{"rendered":"HIGH CAPACITY CEILING MOUNT ACCESS POINT 300 MBPS WIFI N FE"},"content":{"rendered":"<p><span style=\"color: font-size:15pt; font-family: 'Helvetica Neue',sans-serif; #32343a;background-color: #ffffff; font-weight: bold; font-style: normal; font-variant: normal; text-decoration: none; vertical-align: baseline; white-space: pre-wrap;\"><strong>HIGH CAPACITY CEILING MOUNT ACCESS POINT 300 MBPS WIFI N FE EAP110<\/strong><\/span><\/p>\n<p><span style=\"color: font-size:9.5pt; font-family: 'Helvetica Neue',sans-serif; #32343a;background-color: #ffffff; font-weight: 400; font-style: normal; font-variant: normal; text-decoration: none; vertical-align: baseline; white-space: pre-wrap;\">The EAP&#039;s sleek appearance and easy-to-chassis mount design make it easy to integrate seamlessly with any wall or ceiling surface to match most interior d\u00e9cor. EAP110 supports passive PoE for easy and flexible deployment. The Omada Software Defined Networking (SDN) platform integrates network devices including access points, switches, and gateways, ensuring a powerful business network with higher efficiency, higher security, and higher reliability.<\/span><\/p>\n<p><span style=\"color: font-size:9.5pt; font-family: 'Helvetica Neue',sans-serif; #32343a;background-color: #ffffff; font-weight: 400; font-style: normal; font-variant: normal; text-decoration: none; vertical-align: baseline; white-space: pre-wrap;\">Captive portal helps keep only guests authorized to use the network by presenting devices with a convenient and easy-to-use authentication method to grant Wi-Fi access. The addition of SMS and Facebook authentication further streamlines the captive portal to simplify connectivity and boost your business<\/span><\/p>","protected":false},"excerpt":{"rendered":"<p>HIGH CAPACITY CEILING MOUNT 300MBPS WIFI N FE ACCESS POINT EAP110 The EAP&#039;s sleek appearance and easy-to-chassis-mount design make it easy to seamlessly integrate into any wall or ceiling surface to match most interior d\u00e9cor. EAP110 supports passive PoE so that [\u2026]<\/p>","protected":false},"featured_media":7406,"comment_status":"open","ping_status":"closed","template":"","meta":{"_acf_changed":false,"_eb_attr":"","_links_to":"","_links_to_target":""},"product_brand":[114],"product_cat":[29,38],"product_tag":[],"class_list":{"0":"post-7407","1":"product","2":"type-product","3":"status-publish","4":"has-post-thumbnail","6":"product_brand-tp-link","7":"product_cat-gpon","8":"product_cat-wifi","10":"first","11":"instock","12":"shipping-taxable","13":"product-type-simple"},"acf":[],"yoast_head":"<!-- This site is optimized with the Yoast SEO plugin v27.3 - https:\/\/yoast.com\/product\/yoast-seo-wordpress\/ -->\n<title>ACCESS POINT WIFI DE ALTA CAPACIDAD 300 MBPS EAP110<\/title>\n<meta name=\"description\" content=\"En Microlink tenemos el ACCESS POINT DE ALTA CAPACIDAD Y MONTAJE EN TECHO 300 MBPS WIFI N FE EAP110, mayor eficiencia, mayor seguridad y mayor confiabilidad\" \/>\n<meta name=\"robots\" content=\"index, follow, max-snippet:-1, max-image-preview:large, max-video-preview:-1\" \/>\n<link rel=\"canonical\" href=\"https:\/\/microlink.co\/producto\/eap110\/\" \/>\n<meta property=\"og:locale\" content=\"en_US\" \/>\n<meta property=\"og:type\" content=\"article\" \/>\n<meta property=\"og:title\" content=\"ACCESS POINT WIFI DE ALTA CAPACIDAD 300 MBPS EAP110\" \/>\n<meta property=\"og:description\" content=\"En Microlink tenemos el ACCESS POINT DE ALTA CAPACIDAD Y MONTAJE EN TECHO 300 MBPS WIFI N FE EAP110, mayor eficiencia, mayor seguridad y mayor confiabilidad\" \/>\n<meta property=\"og:url\" content=\"https:\/\/microlink.co\/producto\/eap110\/\" \/>\n<meta property=\"og:site_name\" content=\"Microlink\" \/>\n<meta property=\"article:publisher\" content=\"https:\/\/www.facebook.com\/microlinksas\" \/>\n<meta property=\"article:modified_time\" content=\"2022-11-20T22:01:04+00:00\" \/>\n<meta property=\"og:image\" content=\"https:\/\/microlink.co\/wp-content\/uploads\/2022\/03\/EAP110-img1.jpg\" \/>\n\t<meta property=\"og:image:width\" content=\"800\" \/>\n\t<meta property=\"og:image:height\" content=\"800\" \/>\n\t<meta property=\"og:image:type\" content=\"image\/jpeg\" \/>\n<meta name=\"twitter:card\" content=\"summary_large_image\" \/>\n<meta name=\"twitter:label1\" content=\"Est. reading time\" \/>\n\t<meta name=\"twitter:data1\" content=\"1 minute\" \/>\n<script type=\"application\/ld+json\" class=\"yoast-schema-graph\">{\"@context\":\"https:\\\/\\\/schema.org\",\"@graph\":[{\"@type\":[\"WebPage\",\"ItemPage\"],\"@id\":\"https:\\\/\\\/microlink.co\\\/producto\\\/eap110\\\/\",\"url\":\"https:\\\/\\\/microlink.co\\\/producto\\\/eap110\\\/\",\"name\":\"ACCESS POINT WIFI DE ALTA CAPACIDAD 300 MBPS EAP110\",\"isPartOf\":{\"@id\":\"https:\\\/\\\/microlink.com.co\\\/#website\"},\"primaryImageOfPage\":{\"@id\":\"https:\\\/\\\/microlink.co\\\/producto\\\/eap110\\\/#primaryimage\"},\"image\":{\"@id\":\"https:\\\/\\\/microlink.co\\\/producto\\\/eap110\\\/#primaryimage\"},\"thumbnailUrl\":\"https:\\\/\\\/microlink.com.co\\\/wp-content\\\/uploads\\\/2022\\\/03\\\/EAP110-img1.jpg\",\"datePublished\":\"2022-03-09T23:59:48+00:00\",\"dateModified\":\"2022-11-20T22:01:04+00:00\",\"description\":\"En Microlink tenemos el ACCESS POINT DE ALTA CAPACIDAD Y MONTAJE EN TECHO 300 MBPS WIFI N FE EAP110, mayor eficiencia, mayor seguridad y mayor confiabilidad\",\"breadcrumb\":{\"@id\":\"https:\\\/\\\/microlink.co\\\/producto\\\/eap110\\\/#breadcrumb\"},\"inLanguage\":\"en-US\",\"potentialAction\":[{\"@type\":\"ReadAction\",\"target\":[\"https:\\\/\\\/microlink.co\\\/producto\\\/eap110\\\/\"]}]},{\"@type\":\"ImageObject\",\"inLanguage\":\"en-US\",\"@id\":\"https:\\\/\\\/microlink.co\\\/producto\\\/eap110\\\/#primaryimage\",\"url\":\"https:\\\/\\\/microlink.com.co\\\/wp-content\\\/uploads\\\/2022\\\/03\\\/EAP110-img1.jpg\",\"contentUrl\":\"https:\\\/\\\/microlink.com.co\\\/wp-content\\\/uploads\\\/2022\\\/03\\\/EAP110-img1.jpg\",\"width\":800,\"height\":800,\"caption\":\"ACCESS POINT DE ALTA CAPACIDAD Y MONTAJE EN TECHO 300 MBPS WIFI N FE EAP110\"},{\"@type\":\"BreadcrumbList\",\"@id\":\"https:\\\/\\\/microlink.co\\\/producto\\\/eap110\\\/#breadcrumb\",\"itemListElement\":[{\"@type\":\"ListItem\",\"position\":1,\"name\":\"Inicio\",\"item\":\"https:\\\/\\\/microlink.com.co\\\/\"},{\"@type\":\"ListItem\",\"position\":2,\"name\":\"Productos\",\"item\":\"https:\\\/\\\/microlink.com.co\\\/?page_id=20\"},{\"@type\":\"ListItem\",\"position\":3,\"name\":\"ACCESS POINT DE ALTA CAPACIDAD Y MONTAJE EN TECHO 300 MBPS WIFI N FE\"}]},{\"@type\":\"WebSite\",\"@id\":\"https:\\\/\\\/microlink.com.co\\\/#website\",\"url\":\"https:\\\/\\\/microlink.com.co\\\/\",\"name\":\"Microlink\",\"description\":\"Conectamos con prop\u00f3sito el mercado de las telecomunicaciones a Colombia y la regi\u00f3n a trav\u00e9s de la producci\u00f3n y comercializaci\u00f3n de productos y soluciones de conectividad pasiva y activa.\",\"publisher\":{\"@id\":\"https:\\\/\\\/microlink.com.co\\\/#organization\"},\"alternateName\":\"Microlink S.A.S\",\"potentialAction\":[{\"@type\":\"SearchAction\",\"target\":{\"@type\":\"EntryPoint\",\"urlTemplate\":\"https:\\\/\\\/microlink.com.co\\\/?s={search_term_string}\"},\"query-input\":{\"@type\":\"PropertyValueSpecification\",\"valueRequired\":true,\"valueName\":\"search_term_string\"}}],\"inLanguage\":\"en-US\"},{\"@type\":\"Organization\",\"@id\":\"https:\\\/\\\/microlink.com.co\\\/#organization\",\"name\":\"Microlink SAS\",\"url\":\"https:\\\/\\\/microlink.com.co\\\/\",\"logo\":{\"@type\":\"ImageObject\",\"inLanguage\":\"en-US\",\"@id\":\"https:\\\/\\\/microlink.com.co\\\/#\\\/schema\\\/logo\\\/image\\\/\",\"url\":\"https:\\\/\\\/microlink.com.co\\\/wp-content\\\/uploads\\\/2022\\\/05\\\/Microlink_Logotipo-Horizontal_ColorTagline.png\",\"contentUrl\":\"https:\\\/\\\/microlink.com.co\\\/wp-content\\\/uploads\\\/2022\\\/05\\\/Microlink_Logotipo-Horizontal_ColorTagline.png\",\"width\":793,\"height\":384,\"caption\":\"Microlink SAS\"},\"image\":{\"@id\":\"https:\\\/\\\/microlink.com.co\\\/#\\\/schema\\\/logo\\\/image\\\/\"},\"sameAs\":[\"https:\\\/\\\/www.facebook.com\\\/microlinksas\",\"http:\\\/\\\/linkedin.com\\\/company\\\/microlink-ltd\\\/\",\"http:\\\/\\\/youtube.com\\\/channel\\\/UCTijT7LU-sMetDs7MPFhM7Q\",\"https:\\\/\\\/www.instagram.com\\\/microlinksas\\\/\"]}]}<\/script>\n<!-- \/ Yoast SEO plugin. -->","yoast_head_json":{"title":"ACCESS POINT WIFI DE ALTA CAPACIDAD 300 MBPS EAP110","description":"En Microlink tenemos el ACCESS POINT DE ALTA CAPACIDAD Y MONTAJE EN TECHO 300 MBPS WIFI N FE EAP110, mayor eficiencia, mayor seguridad y mayor confiabilidad","robots":{"index":"index","follow":"follow","max-snippet":"max-snippet:-1","max-image-preview":"max-image-preview:large","max-video-preview":"max-video-preview:-1"},"canonical":"https:\/\/microlink.co\/producto\/eap110\/","og_locale":"en_US","og_type":"article","og_title":"ACCESS POINT WIFI DE ALTA CAPACIDAD 300 MBPS EAP110","og_description":"En Microlink tenemos el ACCESS POINT DE ALTA CAPACIDAD Y MONTAJE EN TECHO 300 MBPS WIFI N FE EAP110, mayor eficiencia, mayor seguridad y mayor confiabilidad","og_url":"https:\/\/microlink.co\/producto\/eap110\/","og_site_name":"Microlink","article_publisher":"https:\/\/www.facebook.com\/microlinksas","article_modified_time":"2022-11-20T22:01:04+00:00","og_image":[{"width":800,"height":800,"url":"https:\/\/microlink.co\/wp-content\/uploads\/2022\/03\/EAP110-img1.jpg","type":"image\/jpeg"}],"twitter_card":"summary_large_image","twitter_misc":{"Est. reading time":"1 minute"},"schema":{"@context":"https:\/\/schema.org","@graph":[{"@type":["WebPage","ItemPage"],"@id":"https:\/\/microlink.co\/producto\/eap110\/","url":"https:\/\/microlink.co\/producto\/eap110\/","name":"ACCESS POINT WIFI DE ALTA CAPACIDAD 300 MBPS EAP110","isPartOf":{"@id":"https:\/\/microlink.com.co\/#website"},"primaryImageOfPage":{"@id":"https:\/\/microlink.co\/producto\/eap110\/#primaryimage"},"image":{"@id":"https:\/\/microlink.co\/producto\/eap110\/#primaryimage"},"thumbnailUrl":"https:\/\/microlink.com.co\/wp-content\/uploads\/2022\/03\/EAP110-img1.jpg","datePublished":"2022-03-09T23:59:48+00:00","dateModified":"2022-11-20T22:01:04+00:00","description":"En Microlink tenemos el ACCESS POINT DE ALTA CAPACIDAD Y MONTAJE EN TECHO 300 MBPS WIFI N FE EAP110, mayor eficiencia, mayor seguridad y mayor confiabilidad","breadcrumb":{"@id":"https:\/\/microlink.co\/producto\/eap110\/#breadcrumb"},"inLanguage":"en-US","potentialAction":[{"@type":"ReadAction","target":["https:\/\/microlink.co\/producto\/eap110\/"]}]},{"@type":"ImageObject","inLanguage":"en-US","@id":"https:\/\/microlink.co\/producto\/eap110\/#primaryimage","url":"https:\/\/microlink.com.co\/wp-content\/uploads\/2022\/03\/EAP110-img1.jpg","contentUrl":"https:\/\/microlink.com.co\/wp-content\/uploads\/2022\/03\/EAP110-img1.jpg","width":800,"height":800,"caption":"ACCESS POINT DE ALTA CAPACIDAD Y MONTAJE EN TECHO 300 MBPS WIFI N FE EAP110"},{"@type":"BreadcrumbList","@id":"https:\/\/microlink.co\/producto\/eap110\/#breadcrumb","itemListElement":[{"@type":"ListItem","position":1,"name":"Inicio","item":"https:\/\/microlink.com.co\/"},{"@type":"ListItem","position":2,"name":"Productos","item":"https:\/\/microlink.com.co\/?page_id=20"},{"@type":"ListItem","position":3,"name":"ACCESS POINT DE ALTA CAPACIDAD Y MONTAJE EN TECHO 300 MBPS WIFI N FE"}]},{"@type":"WebSite","@id":"https:\/\/microlink.com.co\/#website","url":"https:\/\/microlink.com.co\/","name":"micro link","description":"We purposefully connect the telecommunications market to Colombia and the region through the production and marketing of passive and active connectivity products and solutions.","publisher":{"@id":"https:\/\/microlink.com.co\/#organization"},"alternateName":"Microlink S.A.S","potentialAction":[{"@type":"SearchAction","target":{"@type":"EntryPoint","urlTemplate":"https:\/\/microlink.com.co\/?s={search_term_string}"},"query-input":{"@type":"PropertyValueSpecification","valueRequired":true,"valueName":"search_term_string"}}],"inLanguage":"en-US"},{"@type":"Organization","@id":"https:\/\/microlink.com.co\/#organization","name":"Microlink SAS","url":"https:\/\/microlink.com.co\/","logo":{"@type":"ImageObject","inLanguage":"en-US","@id":"https:\/\/microlink.com.co\/#\/schema\/logo\/image\/","url":"https:\/\/microlink.com.co\/wp-content\/uploads\/2022\/05\/Microlink_Logotipo-Horizontal_ColorTagline.png","contentUrl":"https:\/\/microlink.com.co\/wp-content\/uploads\/2022\/05\/Microlink_Logotipo-Horizontal_ColorTagline.png","width":793,"height":384,"caption":"Microlink SAS"},"image":{"@id":"https:\/\/microlink.com.co\/#\/schema\/logo\/image\/"},"sameAs":["https:\/\/www.facebook.com\/microlinksas","http:\/\/linkedin.com\/company\/microlink-ltd\/","http:\/\/youtube.com\/channel\/UCTijT7LU-sMetDs7MPFhM7Q","https:\/\/www.instagram.com\/microlinksas\/"]}]}},"_links":{"self":[{"href":"https:\/\/microlink.com.co\/en\/wp-json\/wp\/v2\/product\/7407","targetHints":{"allow":["GET"]}}],"collection":[{"href":"https:\/\/microlink.com.co\/en\/wp-json\/wp\/v2\/product"}],"about":[{"href":"https:\/\/microlink.com.co\/en\/wp-json\/wp\/v2\/types\/product"}],"replies":[{"embeddable":true,"href":"https:\/\/microlink.com.co\/en\/wp-json\/wp\/v2\/comments?post=7407"}],"wp:featuredmedia":[{"embeddable":true,"href":"https:\/\/microlink.com.co\/en\/wp-json\/wp\/v2\/media\/7406"}],"wp:attachment":[{"href":"https:\/\/microlink.com.co\/en\/wp-json\/wp\/v2\/media?parent=7407"}],"wp:term":[{"taxonomy":"product_brand","embeddable":true,"href":"https:\/\/microlink.com.co\/en\/wp-json\/wp\/v2\/product_brand?post=7407"},{"taxonomy":"product_cat","embeddable":true,"href":"https:\/\/microlink.com.co\/en\/wp-json\/wp\/v2\/product_cat?post=7407"},{"taxonomy":"product_tag","embeddable":true,"href":"https:\/\/microlink.com.co\/en\/wp-json\/wp\/v2\/product_tag?post=7407"}],"curies":[{"name":"wp","href":"https:\/\/api.w.org\/{rel}","templated":true}]}}