{"id":7405,"date":"2022-03-09T18:59:46","date_gmt":"2022-03-09T23:59:46","guid":{"rendered":"https:\/\/microlink.com.co\/\/\/producto\/r901-9863-rg58\/"},"modified":"2022-11-25T10:34:51","modified_gmt":"2022-11-25T15:34:51","slug":"r901-9863-rg58","status":"publish","type":"product","link":"https:\/\/microlink.com.co\/en\/product\/r901-9863-rg58\/","title":{"rendered":"SMA CONNECTOR 50 OHM JACK REV POL RG-58"},"content":{"rendered":"<p><span style=\"color: font-size:15pt; font-family: 'Helvetica Neue',sans-serif; #000000;background-color: transparent; font-weight: bold; font-style: normal; font-variant: normal; text-decoration: none; vertical-align: baseline; white-space: pre-wrap;\"><strong>SMA CONNECTOR 50 OHM JACK REV POL RG-58 HEADER AMPHENOL<\/strong><\/span><\/p>\n<p>Reverse polarity is a coding system achieved with an inverted interface. This ensures, for example, that a reverse polarity SMA will not match a standard SMA. Amphenol&#039;s RP plugs have a female contact; Jacks has a male contact. Some competitors prefer to use reverse threading to achieve their RP encoding. Available for RG-316, RD-316, RG-142, RG-178, Belden 9913 and RG-58 cable.<\/p>\n<p>Amphenol&#039;s reverse polarity BNC, TNC and SMA connectors (RP-BNCTM, RP-TNCTM, RP-SMATM) are designed for use in spread spectrum wireless applications.<\/p>","protected":false},"excerpt":{"rendered":"<p>SMA 50 OHM JACK REV POL RG-58 HEADER AMPHENOL CONNECTOR Reverse polarity is a coding system achieved with an inverted interface. This ensures, for example, that a reverse polarity SMA will not match a standard SMA. Amphenol&#039;s RP plugs have a female contact; Jacks has a male contact. Some competitors [\u2026]<\/p>","protected":false},"featured_media":7404,"comment_status":"open","ping_status":"closed","template":"","meta":{"_acf_changed":false,"_eb_attr":"","_links_to":"","_links_to_target":""},"product_brand":[112],"product_cat":[32,57,58],"product_tag":[],"class_list":{"0":"post-7405","1":"product","2":"type-product","3":"status-publish","4":"has-post-thumbnail","6":"product_brand-amphenol","7":"product_cat-radiofrecuencia","8":"product_cat-conectores-para-rf","9":"product_cat-conectores-50-ohm","11":"first","12":"instock","13":"shipping-taxable","14":"product-type-simple"},"acf":[],"yoast_head":"<!-- This site is optimized with the Yoast SEO plugin v27.3 - https:\/\/yoast.com\/product\/yoast-seo-wordpress\/ -->\n<title>CONECTOR SMA 50 OHM JACK POL AMPHENOL - Microlink<\/title>\n<meta name=\"description\" content=\"En Microlink encuentra el CONECTOR SMA 50 OHM JACK REV POL RG-58 HEADER AMPHENOL, Disponible para cable RG-316, RD-316, RG-142, RG-178, Belden 9913 y RG-58.\" \/>\n<meta name=\"robots\" content=\"index, follow, max-snippet:-1, max-image-preview:large, max-video-preview:-1\" \/>\n<link rel=\"canonical\" href=\"https:\/\/microlink.co\/producto\/r901-9863-rg58\/\" \/>\n<meta property=\"og:locale\" content=\"en_US\" \/>\n<meta property=\"og:type\" content=\"article\" \/>\n<meta property=\"og:title\" content=\"CONECTOR SMA 50 OHM JACK POL AMPHENOL - Microlink\" \/>\n<meta property=\"og:description\" content=\"En Microlink encuentra el CONECTOR SMA 50 OHM JACK REV POL RG-58 HEADER AMPHENOL, Disponible para cable RG-316, RD-316, RG-142, RG-178, Belden 9913 y RG-58.\" \/>\n<meta property=\"og:url\" content=\"https:\/\/microlink.co\/producto\/r901-9863-rg58\/\" \/>\n<meta property=\"og:site_name\" content=\"Microlink\" \/>\n<meta property=\"article:publisher\" content=\"https:\/\/www.facebook.com\/microlinksas\" \/>\n<meta property=\"article:modified_time\" content=\"2022-11-25T15:34:51+00:00\" \/>\n<meta property=\"og:image\" content=\"https:\/\/microlink.co\/wp-content\/uploads\/2022\/03\/R901-9863-RG58-img1.jpg.jpg\" \/>\n\t<meta property=\"og:image:width\" content=\"400\" \/>\n\t<meta property=\"og:image:height\" content=\"400\" \/>\n\t<meta property=\"og:image:type\" content=\"image\/jpeg\" \/>\n<meta name=\"twitter:card\" content=\"summary_large_image\" \/>\n<meta name=\"twitter:label1\" content=\"Est. reading time\" \/>\n\t<meta name=\"twitter:data1\" content=\"1 minute\" \/>\n<script type=\"application\/ld+json\" class=\"yoast-schema-graph\">{\"@context\":\"https:\\\/\\\/schema.org\",\"@graph\":[{\"@type\":[\"WebPage\",\"ItemPage\"],\"@id\":\"https:\\\/\\\/microlink.co\\\/producto\\\/r901-9863-rg58\\\/\",\"url\":\"https:\\\/\\\/microlink.co\\\/producto\\\/r901-9863-rg58\\\/\",\"name\":\"CONECTOR SMA 50 OHM JACK POL AMPHENOL - Microlink\",\"isPartOf\":{\"@id\":\"https:\\\/\\\/microlink.com.co\\\/#website\"},\"primaryImageOfPage\":{\"@id\":\"https:\\\/\\\/microlink.co\\\/producto\\\/r901-9863-rg58\\\/#primaryimage\"},\"image\":{\"@id\":\"https:\\\/\\\/microlink.co\\\/producto\\\/r901-9863-rg58\\\/#primaryimage\"},\"thumbnailUrl\":\"https:\\\/\\\/microlink.com.co\\\/wp-content\\\/uploads\\\/2022\\\/03\\\/R901-9863-RG58-img1.jpg.jpg\",\"datePublished\":\"2022-03-09T23:59:46+00:00\",\"dateModified\":\"2022-11-25T15:34:51+00:00\",\"description\":\"En Microlink encuentra el CONECTOR SMA 50 OHM JACK REV POL RG-58 HEADER AMPHENOL, Disponible para cable RG-316, RD-316, RG-142, RG-178, Belden 9913 y RG-58.\",\"breadcrumb\":{\"@id\":\"https:\\\/\\\/microlink.co\\\/producto\\\/r901-9863-rg58\\\/#breadcrumb\"},\"inLanguage\":\"en-US\",\"potentialAction\":[{\"@type\":\"ReadAction\",\"target\":[\"https:\\\/\\\/microlink.co\\\/producto\\\/r901-9863-rg58\\\/\"]}]},{\"@type\":\"ImageObject\",\"inLanguage\":\"en-US\",\"@id\":\"https:\\\/\\\/microlink.co\\\/producto\\\/r901-9863-rg58\\\/#primaryimage\",\"url\":\"https:\\\/\\\/microlink.com.co\\\/wp-content\\\/uploads\\\/2022\\\/03\\\/R901-9863-RG58-img1.jpg.jpg\",\"contentUrl\":\"https:\\\/\\\/microlink.com.co\\\/wp-content\\\/uploads\\\/2022\\\/03\\\/R901-9863-RG58-img1.jpg.jpg\",\"width\":400,\"height\":400,\"caption\":\"CONECTOR SMA 50 OHM JACK REV POL RG-58 HEADER AMPHENOL\"},{\"@type\":\"BreadcrumbList\",\"@id\":\"https:\\\/\\\/microlink.co\\\/producto\\\/r901-9863-rg58\\\/#breadcrumb\",\"itemListElement\":[{\"@type\":\"ListItem\",\"position\":1,\"name\":\"Inicio\",\"item\":\"https:\\\/\\\/microlink.com.co\\\/\"},{\"@type\":\"ListItem\",\"position\":2,\"name\":\"Productos\",\"item\":\"https:\\\/\\\/microlink.com.co\\\/?page_id=20\"},{\"@type\":\"ListItem\",\"position\":3,\"name\":\"CONECTOR SMA 50 OHM JACK REV POL RG-58\"}]},{\"@type\":\"WebSite\",\"@id\":\"https:\\\/\\\/microlink.com.co\\\/#website\",\"url\":\"https:\\\/\\\/microlink.com.co\\\/\",\"name\":\"Microlink\",\"description\":\"Conectamos con prop\u00f3sito el mercado de las telecomunicaciones a Colombia y la regi\u00f3n a trav\u00e9s de la producci\u00f3n y comercializaci\u00f3n de productos y soluciones de conectividad pasiva y activa.\",\"publisher\":{\"@id\":\"https:\\\/\\\/microlink.com.co\\\/#organization\"},\"alternateName\":\"Microlink S.A.S\",\"potentialAction\":[{\"@type\":\"SearchAction\",\"target\":{\"@type\":\"EntryPoint\",\"urlTemplate\":\"https:\\\/\\\/microlink.com.co\\\/?s={search_term_string}\"},\"query-input\":{\"@type\":\"PropertyValueSpecification\",\"valueRequired\":true,\"valueName\":\"search_term_string\"}}],\"inLanguage\":\"en-US\"},{\"@type\":\"Organization\",\"@id\":\"https:\\\/\\\/microlink.com.co\\\/#organization\",\"name\":\"Microlink SAS\",\"url\":\"https:\\\/\\\/microlink.com.co\\\/\",\"logo\":{\"@type\":\"ImageObject\",\"inLanguage\":\"en-US\",\"@id\":\"https:\\\/\\\/microlink.com.co\\\/#\\\/schema\\\/logo\\\/image\\\/\",\"url\":\"https:\\\/\\\/microlink.com.co\\\/wp-content\\\/uploads\\\/2022\\\/05\\\/Microlink_Logotipo-Horizontal_ColorTagline.png\",\"contentUrl\":\"https:\\\/\\\/microlink.com.co\\\/wp-content\\\/uploads\\\/2022\\\/05\\\/Microlink_Logotipo-Horizontal_ColorTagline.png\",\"width\":793,\"height\":384,\"caption\":\"Microlink SAS\"},\"image\":{\"@id\":\"https:\\\/\\\/microlink.com.co\\\/#\\\/schema\\\/logo\\\/image\\\/\"},\"sameAs\":[\"https:\\\/\\\/www.facebook.com\\\/microlinksas\",\"http:\\\/\\\/linkedin.com\\\/company\\\/microlink-ltd\\\/\",\"http:\\\/\\\/youtube.com\\\/channel\\\/UCTijT7LU-sMetDs7MPFhM7Q\",\"https:\\\/\\\/www.instagram.com\\\/microlinksas\\\/\"]}]}<\/script>\n<!-- \/ Yoast SEO plugin. -->","yoast_head_json":{"title":"CONECTOR SMA 50 OHM JACK POL AMPHENOL - Microlink","description":"En Microlink encuentra el CONECTOR SMA 50 OHM JACK REV POL RG-58 HEADER AMPHENOL, Disponible para cable RG-316, RD-316, RG-142, RG-178, Belden 9913 y RG-58.","robots":{"index":"index","follow":"follow","max-snippet":"max-snippet:-1","max-image-preview":"max-image-preview:large","max-video-preview":"max-video-preview:-1"},"canonical":"https:\/\/microlink.co\/producto\/r901-9863-rg58\/","og_locale":"en_US","og_type":"article","og_title":"CONECTOR SMA 50 OHM JACK POL AMPHENOL - Microlink","og_description":"En Microlink encuentra el CONECTOR SMA 50 OHM JACK REV POL RG-58 HEADER AMPHENOL, Disponible para cable RG-316, RD-316, RG-142, RG-178, Belden 9913 y RG-58.","og_url":"https:\/\/microlink.co\/producto\/r901-9863-rg58\/","og_site_name":"Microlink","article_publisher":"https:\/\/www.facebook.com\/microlinksas","article_modified_time":"2022-11-25T15:34:51+00:00","og_image":[{"width":400,"height":400,"url":"https:\/\/microlink.co\/wp-content\/uploads\/2022\/03\/R901-9863-RG58-img1.jpg.jpg","type":"image\/jpeg"}],"twitter_card":"summary_large_image","twitter_misc":{"Est. reading time":"1 minute"},"schema":{"@context":"https:\/\/schema.org","@graph":[{"@type":["WebPage","ItemPage"],"@id":"https:\/\/microlink.co\/producto\/r901-9863-rg58\/","url":"https:\/\/microlink.co\/producto\/r901-9863-rg58\/","name":"CONECTOR SMA 50 OHM JACK POL AMPHENOL - Microlink","isPartOf":{"@id":"https:\/\/microlink.com.co\/#website"},"primaryImageOfPage":{"@id":"https:\/\/microlink.co\/producto\/r901-9863-rg58\/#primaryimage"},"image":{"@id":"https:\/\/microlink.co\/producto\/r901-9863-rg58\/#primaryimage"},"thumbnailUrl":"https:\/\/microlink.com.co\/wp-content\/uploads\/2022\/03\/R901-9863-RG58-img1.jpg.jpg","datePublished":"2022-03-09T23:59:46+00:00","dateModified":"2022-11-25T15:34:51+00:00","description":"En Microlink encuentra el CONECTOR SMA 50 OHM JACK REV POL RG-58 HEADER AMPHENOL, Disponible para cable RG-316, RD-316, RG-142, RG-178, Belden 9913 y RG-58.","breadcrumb":{"@id":"https:\/\/microlink.co\/producto\/r901-9863-rg58\/#breadcrumb"},"inLanguage":"en-US","potentialAction":[{"@type":"ReadAction","target":["https:\/\/microlink.co\/producto\/r901-9863-rg58\/"]}]},{"@type":"ImageObject","inLanguage":"en-US","@id":"https:\/\/microlink.co\/producto\/r901-9863-rg58\/#primaryimage","url":"https:\/\/microlink.com.co\/wp-content\/uploads\/2022\/03\/R901-9863-RG58-img1.jpg.jpg","contentUrl":"https:\/\/microlink.com.co\/wp-content\/uploads\/2022\/03\/R901-9863-RG58-img1.jpg.jpg","width":400,"height":400,"caption":"CONECTOR SMA 50 OHM JACK REV POL RG-58 HEADER AMPHENOL"},{"@type":"BreadcrumbList","@id":"https:\/\/microlink.co\/producto\/r901-9863-rg58\/#breadcrumb","itemListElement":[{"@type":"ListItem","position":1,"name":"Inicio","item":"https:\/\/microlink.com.co\/"},{"@type":"ListItem","position":2,"name":"Productos","item":"https:\/\/microlink.com.co\/?page_id=20"},{"@type":"ListItem","position":3,"name":"CONECTOR SMA 50 OHM JACK REV POL RG-58"}]},{"@type":"WebSite","@id":"https:\/\/microlink.com.co\/#website","url":"https:\/\/microlink.com.co\/","name":"micro link","description":"We purposefully connect the telecommunications market to Colombia and the region through the production and marketing of passive and active connectivity products and solutions.","publisher":{"@id":"https:\/\/microlink.com.co\/#organization"},"alternateName":"Microlink S.A.S","potentialAction":[{"@type":"SearchAction","target":{"@type":"EntryPoint","urlTemplate":"https:\/\/microlink.com.co\/?s={search_term_string}"},"query-input":{"@type":"PropertyValueSpecification","valueRequired":true,"valueName":"search_term_string"}}],"inLanguage":"en-US"},{"@type":"Organization","@id":"https:\/\/microlink.com.co\/#organization","name":"Microlink SAS","url":"https:\/\/microlink.com.co\/","logo":{"@type":"ImageObject","inLanguage":"en-US","@id":"https:\/\/microlink.com.co\/#\/schema\/logo\/image\/","url":"https:\/\/microlink.com.co\/wp-content\/uploads\/2022\/05\/Microlink_Logotipo-Horizontal_ColorTagline.png","contentUrl":"https:\/\/microlink.com.co\/wp-content\/uploads\/2022\/05\/Microlink_Logotipo-Horizontal_ColorTagline.png","width":793,"height":384,"caption":"Microlink SAS"},"image":{"@id":"https:\/\/microlink.com.co\/#\/schema\/logo\/image\/"},"sameAs":["https:\/\/www.facebook.com\/microlinksas","http:\/\/linkedin.com\/company\/microlink-ltd\/","http:\/\/youtube.com\/channel\/UCTijT7LU-sMetDs7MPFhM7Q","https:\/\/www.instagram.com\/microlinksas\/"]}]}},"_links":{"self":[{"href":"https:\/\/microlink.com.co\/en\/wp-json\/wp\/v2\/product\/7405","targetHints":{"allow":["GET"]}}],"collection":[{"href":"https:\/\/microlink.com.co\/en\/wp-json\/wp\/v2\/product"}],"about":[{"href":"https:\/\/microlink.com.co\/en\/wp-json\/wp\/v2\/types\/product"}],"replies":[{"embeddable":true,"href":"https:\/\/microlink.com.co\/en\/wp-json\/wp\/v2\/comments?post=7405"}],"wp:featuredmedia":[{"embeddable":true,"href":"https:\/\/microlink.com.co\/en\/wp-json\/wp\/v2\/media\/7404"}],"wp:attachment":[{"href":"https:\/\/microlink.com.co\/en\/wp-json\/wp\/v2\/media?parent=7405"}],"wp:term":[{"taxonomy":"product_brand","embeddable":true,"href":"https:\/\/microlink.com.co\/en\/wp-json\/wp\/v2\/product_brand?post=7405"},{"taxonomy":"product_cat","embeddable":true,"href":"https:\/\/microlink.com.co\/en\/wp-json\/wp\/v2\/product_cat?post=7405"},{"taxonomy":"product_tag","embeddable":true,"href":"https:\/\/microlink.com.co\/en\/wp-json\/wp\/v2\/product_tag?post=7405"}],"curies":[{"name":"wp","href":"https:\/\/api.w.org\/{rel}","templated":true}]}}