{"id":7395,"date":"2022-03-09T18:59:29","date_gmt":"2022-03-09T23:59:29","guid":{"rendered":"https:\/\/microlink.com.co\/\/\/producto\/cpe510\/"},"modified":"2022-11-20T17:23:32","modified_gmt":"2022-11-20T22:23:32","slug":"cpe510","status":"publish","type":"product","link":"https:\/\/microlink.com.co\/en\/product\/cpe510\/","title":{"rendered":"CPE FOR OUTDOORS AND POINT-TO-POINT LINKS IN 5 GHZ"},"content":{"rendered":"<p><span style=\"color: font-size:15pt; font-family: 'Helvetica Neue',sans-serif; #32343a;background-color: #ffffff; font-weight: bold; font-style: normal; font-variant: normal; text-decoration: none; vertical-align: baseline; white-space: pre-wrap;\"><strong>OUTDOOR CPE AND 5 GHZ POINT TO POINT LINKS CPE510 TP-LINK<\/strong><\/span><\/p>\n<p><span style=\"color: font-size:9.5pt; font-family: 'Helvetica Neue',sans-serif; #32343a;background-color: #ffffff; font-weight: 400; font-style: normal; font-variant: normal; text-decoration: none; vertical-align: baseline; white-space: pre-wrap;\">TP-LINK CPE510 Outdoor 5GHz 300Mbps 13dBi, is dedicated to cost-effective solutions for outdoor wireless networking applications. With its centralized management application, it is ideal for point-to-point, point-to-multipoint and outdoor Wi-Fi coverage applications. Professional performance coupled with a user-friendly design makes the CPE510 an ideal choice for both home and business users. With a design that breaks the barriers of traditional Wi-Fi transmission range, CPE510 is an ideal product for outdoor applications for wireless networks.<\/span><\/p>\n<p><span style=\"color: font-size:9.5pt; font-family: 'Helvetica Neue',sans-serif; #32343a;background-color: #ffffff; font-weight: 400; font-style: normal; font-variant: normal; text-decoration: none; vertical-align: baseline; white-space: pre-wrap;\">With Qualcomm Atheros enterprise-grade chipsets, high-gain antennas and high-quality material, specially designed case, and PoE power supply, CPE510 is specially designed for outdoor use and can operate smoothly in almost any weather, with temperatures operating from -30 <\/span><span style=\"color: font-size:9.5pt; font-family: 'Cambria Math',serif; #32343a;background-color: #ffffff; font-weight: 400; font-style: normal; font-variant: normal; text-decoration: none; vertical-align: baseline; white-space: pre-wrap;\">\u2103<\/span><span style=\"color: font-size:9.5pt; font-family: 'Helvetica Neue',sans-serif; #32343a;background-color: #ffffff; font-weight: 400; font-style: normal; font-variant: normal; text-decoration: none; vertical-align: baseline; white-space: pre-wrap;\"> (- 22 <\/span><span style=\"color: font-size:9.5pt; font-family: 'Cambria Math',serif; #32343a;background-color: #ffffff; font-weight: 400; font-style: normal; font-variant: normal; text-decoration: none; vertical-align: baseline; white-space: pre-wrap;\">\u2109<\/span><span style=\"color: font-size:9.5pt; font-family: 'Helvetica Neue',sans-serif; #32343a;background-color: #ffffff; font-weight: 400; font-style: normal; font-variant: normal; text-decoration: none; vertical-align: baseline; white-space: pre-wrap;\">) to 70 <\/span><span style=\"color: font-size:9.5pt; font-family: 'Cambria Math',serif; #32343a;background-color: #ffffff; font-weight: 400; font-style: normal; font-variant: normal; text-decoration: none; vertical-align: baseline; white-space: pre-wrap;\">\u2103<\/span><span style=\"color: font-size:9.5pt; font-family: 'Helvetica Neue',sans-serif; #32343a;background-color: #ffffff; font-weight: 400; font-style: normal; font-variant: normal; text-decoration: none; vertical-align: baseline; white-space: pre-wrap;\"> (158 <\/span><span style=\"color: font-size:9.5pt; font-family: 'Cambria Math',serif; #32343a;background-color: #ffffff; font-weight: 400; font-style: normal; font-variant: normal; text-decoration: none; vertical-align: baseline; white-space: pre-wrap;\">\u2109<\/span><span style=\"color: font-size:9.5pt; font-family: 'Helvetica Neue',sans-serif; #32343a;background-color: #ffffff; font-weight: 400; font-style: normal; font-variant: normal; text-decoration: none; vertical-align: baseline; white-space: pre-wrap;\">).<\/span><\/p>","protected":false},"excerpt":{"rendered":"<p>CPE FOR OUTDOORS AND POINT TO POINT LINKS IN 5 GHZ CPE510 TP-LINK TP-LINK CPE510 Outdoor 5GHz 300Mbps 13dBi, is dedicated to cost-effective solutions for outdoor wireless network applications. With its centralized management application, it is ideal for point-to-point, point-to-multipoint, and outdoor Wi-Fi coverage applications. Performance [\u2026]<\/p>","protected":false},"featured_media":7394,"comment_status":"open","ping_status":"closed","template":"","meta":{"_acf_changed":false,"_eb_attr":"","_links_to":"","_links_to_target":""},"product_brand":[114],"product_cat":[29,38],"product_tag":[],"class_list":{"0":"post-7395","1":"product","2":"type-product","3":"status-publish","4":"has-post-thumbnail","6":"product_brand-tp-link","7":"product_cat-gpon","8":"product_cat-wifi","10":"first","11":"instock","12":"shipping-taxable","13":"product-type-simple"},"acf":[],"yoast_head":"<!-- This site is optimized with the Yoast SEO plugin v27.3 - https:\/\/yoast.com\/product\/yoast-seo-wordpress\/ -->\n<title>CPE PARA EXTERIORES Y ENLACES PUNTO A PUNTO TP-LINK<\/title>\n<meta name=\"description\" content=\"En Microlink encuentra CPE PARA EXTERIORES Y ENLACES PUNTO A PUNTO EN 5 GHZ CPE510 TP-LINK TP-LINK CPE510 Outdoor 5GHz 300Mbps 13dBi\" \/>\n<meta name=\"robots\" content=\"index, follow, max-snippet:-1, max-image-preview:large, max-video-preview:-1\" \/>\n<link rel=\"canonical\" href=\"https:\/\/microlink.com.co\/en\/product\/cpe510\/\" \/>\n<meta property=\"og:locale\" content=\"en_US\" \/>\n<meta property=\"og:type\" content=\"article\" \/>\n<meta property=\"og:title\" content=\"CPE PARA EXTERIORES Y ENLACES PUNTO A PUNTO TP-LINK\" \/>\n<meta property=\"og:description\" content=\"En Microlink encuentra CPE PARA EXTERIORES Y ENLACES PUNTO A PUNTO EN 5 GHZ CPE510 TP-LINK TP-LINK CPE510 Outdoor 5GHz 300Mbps 13dBi\" \/>\n<meta property=\"og:url\" content=\"https:\/\/microlink.com.co\/en\/product\/cpe510\/\" \/>\n<meta property=\"og:site_name\" content=\"Microlink\" \/>\n<meta property=\"article:publisher\" content=\"https:\/\/www.facebook.com\/microlinksas\" \/>\n<meta property=\"article:modified_time\" content=\"2022-11-20T22:23:32+00:00\" \/>\n<meta property=\"og:image\" content=\"https:\/\/microlink.com.co\/wp-content\/uploads\/2022\/03\/CPE510-img1.jpg\" \/>\n\t<meta property=\"og:image:width\" content=\"960\" \/>\n\t<meta property=\"og:image:height\" content=\"720\" \/>\n\t<meta property=\"og:image:type\" content=\"image\/jpeg\" \/>\n<meta name=\"twitter:card\" content=\"summary_large_image\" \/>\n<meta name=\"twitter:label1\" content=\"Est. reading time\" \/>\n\t<meta name=\"twitter:data1\" content=\"1 minute\" \/>\n<script type=\"application\/ld+json\" class=\"yoast-schema-graph\">{\"@context\":\"https:\\\/\\\/schema.org\",\"@graph\":[{\"@type\":[\"WebPage\",\"ItemPage\"],\"@id\":\"https:\\\/\\\/microlink.com.co\\\/producto\\\/cpe510\\\/\",\"url\":\"https:\\\/\\\/microlink.com.co\\\/producto\\\/cpe510\\\/\",\"name\":\"CPE PARA EXTERIORES Y ENLACES PUNTO A PUNTO TP-LINK\",\"isPartOf\":{\"@id\":\"https:\\\/\\\/microlink.com.co\\\/#website\"},\"primaryImageOfPage\":{\"@id\":\"https:\\\/\\\/microlink.com.co\\\/producto\\\/cpe510\\\/#primaryimage\"},\"image\":{\"@id\":\"https:\\\/\\\/microlink.com.co\\\/producto\\\/cpe510\\\/#primaryimage\"},\"thumbnailUrl\":\"https:\\\/\\\/microlink.com.co\\\/wp-content\\\/uploads\\\/2022\\\/03\\\/CPE510-img1.jpg\",\"datePublished\":\"2022-03-09T23:59:29+00:00\",\"dateModified\":\"2022-11-20T22:23:32+00:00\",\"description\":\"En Microlink encuentra CPE PARA EXTERIORES Y ENLACES PUNTO A PUNTO EN 5 GHZ CPE510 TP-LINK TP-LINK CPE510 Outdoor 5GHz 300Mbps 13dBi\",\"breadcrumb\":{\"@id\":\"https:\\\/\\\/microlink.com.co\\\/producto\\\/cpe510\\\/#breadcrumb\"},\"inLanguage\":\"en-US\",\"potentialAction\":[{\"@type\":\"ReadAction\",\"target\":[\"https:\\\/\\\/microlink.com.co\\\/producto\\\/cpe510\\\/\"]}]},{\"@type\":\"ImageObject\",\"inLanguage\":\"en-US\",\"@id\":\"https:\\\/\\\/microlink.com.co\\\/producto\\\/cpe510\\\/#primaryimage\",\"url\":\"https:\\\/\\\/microlink.com.co\\\/wp-content\\\/uploads\\\/2022\\\/03\\\/CPE510-img1.jpg\",\"contentUrl\":\"https:\\\/\\\/microlink.com.co\\\/wp-content\\\/uploads\\\/2022\\\/03\\\/CPE510-img1.jpg\",\"width\":960,\"height\":720,\"caption\":\"CPE PARA EXTERIORES Y ENLACES PUNTO A PUNTO EN 5 GHZ CPE510\"},{\"@type\":\"BreadcrumbList\",\"@id\":\"https:\\\/\\\/microlink.com.co\\\/producto\\\/cpe510\\\/#breadcrumb\",\"itemListElement\":[{\"@type\":\"ListItem\",\"position\":1,\"name\":\"Inicio\",\"item\":\"https:\\\/\\\/microlink.com.co\\\/\"},{\"@type\":\"ListItem\",\"position\":2,\"name\":\"Productos\",\"item\":\"https:\\\/\\\/microlink.com.co\\\/?page_id=20\"},{\"@type\":\"ListItem\",\"position\":3,\"name\":\"CPE PARA EXTERIORES Y ENLACES PUNTO A PUNTO EN 5 GHZ\"}]},{\"@type\":\"WebSite\",\"@id\":\"https:\\\/\\\/microlink.com.co\\\/#website\",\"url\":\"https:\\\/\\\/microlink.com.co\\\/\",\"name\":\"Microlink\",\"description\":\"Conectamos con prop\u00f3sito el mercado de las telecomunicaciones a Colombia y la regi\u00f3n a trav\u00e9s de la producci\u00f3n y comercializaci\u00f3n de productos y soluciones de conectividad pasiva y activa.\",\"publisher\":{\"@id\":\"https:\\\/\\\/microlink.com.co\\\/#organization\"},\"alternateName\":\"Microlink S.A.S\",\"potentialAction\":[{\"@type\":\"SearchAction\",\"target\":{\"@type\":\"EntryPoint\",\"urlTemplate\":\"https:\\\/\\\/microlink.com.co\\\/?s={search_term_string}\"},\"query-input\":{\"@type\":\"PropertyValueSpecification\",\"valueRequired\":true,\"valueName\":\"search_term_string\"}}],\"inLanguage\":\"en-US\"},{\"@type\":\"Organization\",\"@id\":\"https:\\\/\\\/microlink.com.co\\\/#organization\",\"name\":\"Microlink SAS\",\"url\":\"https:\\\/\\\/microlink.com.co\\\/\",\"logo\":{\"@type\":\"ImageObject\",\"inLanguage\":\"en-US\",\"@id\":\"https:\\\/\\\/microlink.com.co\\\/#\\\/schema\\\/logo\\\/image\\\/\",\"url\":\"https:\\\/\\\/microlink.com.co\\\/wp-content\\\/uploads\\\/2022\\\/05\\\/Microlink_Logotipo-Horizontal_ColorTagline.png\",\"contentUrl\":\"https:\\\/\\\/microlink.com.co\\\/wp-content\\\/uploads\\\/2022\\\/05\\\/Microlink_Logotipo-Horizontal_ColorTagline.png\",\"width\":793,\"height\":384,\"caption\":\"Microlink SAS\"},\"image\":{\"@id\":\"https:\\\/\\\/microlink.com.co\\\/#\\\/schema\\\/logo\\\/image\\\/\"},\"sameAs\":[\"https:\\\/\\\/www.facebook.com\\\/microlinksas\",\"http:\\\/\\\/linkedin.com\\\/company\\\/microlink-ltd\\\/\",\"http:\\\/\\\/youtube.com\\\/channel\\\/UCTijT7LU-sMetDs7MPFhM7Q\",\"https:\\\/\\\/www.instagram.com\\\/microlinksas\\\/\"]}]}<\/script>\n<!-- \/ Yoast SEO plugin. -->","yoast_head_json":{"title":"CPE PARA EXTERIORES Y ENLACES PUNTO A PUNTO TP-LINK","description":"En Microlink encuentra CPE PARA EXTERIORES Y ENLACES PUNTO A PUNTO EN 5 GHZ CPE510 TP-LINK TP-LINK CPE510 Outdoor 5GHz 300Mbps 13dBi","robots":{"index":"index","follow":"follow","max-snippet":"max-snippet:-1","max-image-preview":"max-image-preview:large","max-video-preview":"max-video-preview:-1"},"canonical":"https:\/\/microlink.com.co\/en\/product\/cpe510\/","og_locale":"en_US","og_type":"article","og_title":"CPE PARA EXTERIORES Y ENLACES PUNTO A PUNTO TP-LINK","og_description":"En Microlink encuentra CPE PARA EXTERIORES Y ENLACES PUNTO A PUNTO EN 5 GHZ CPE510 TP-LINK TP-LINK CPE510 Outdoor 5GHz 300Mbps 13dBi","og_url":"https:\/\/microlink.com.co\/en\/product\/cpe510\/","og_site_name":"Microlink","article_publisher":"https:\/\/www.facebook.com\/microlinksas","article_modified_time":"2022-11-20T22:23:32+00:00","og_image":[{"width":960,"height":720,"url":"https:\/\/microlink.com.co\/wp-content\/uploads\/2022\/03\/CPE510-img1.jpg","type":"image\/jpeg"}],"twitter_card":"summary_large_image","twitter_misc":{"Est. reading time":"1 minute"},"schema":{"@context":"https:\/\/schema.org","@graph":[{"@type":["WebPage","ItemPage"],"@id":"https:\/\/microlink.com.co\/producto\/cpe510\/","url":"https:\/\/microlink.com.co\/producto\/cpe510\/","name":"CPE PARA EXTERIORES Y ENLACES PUNTO A PUNTO TP-LINK","isPartOf":{"@id":"https:\/\/microlink.com.co\/#website"},"primaryImageOfPage":{"@id":"https:\/\/microlink.com.co\/producto\/cpe510\/#primaryimage"},"image":{"@id":"https:\/\/microlink.com.co\/producto\/cpe510\/#primaryimage"},"thumbnailUrl":"https:\/\/microlink.com.co\/wp-content\/uploads\/2022\/03\/CPE510-img1.jpg","datePublished":"2022-03-09T23:59:29+00:00","dateModified":"2022-11-20T22:23:32+00:00","description":"En Microlink encuentra CPE PARA EXTERIORES Y ENLACES PUNTO A PUNTO EN 5 GHZ CPE510 TP-LINK TP-LINK CPE510 Outdoor 5GHz 300Mbps 13dBi","breadcrumb":{"@id":"https:\/\/microlink.com.co\/producto\/cpe510\/#breadcrumb"},"inLanguage":"en-US","potentialAction":[{"@type":"ReadAction","target":["https:\/\/microlink.com.co\/producto\/cpe510\/"]}]},{"@type":"ImageObject","inLanguage":"en-US","@id":"https:\/\/microlink.com.co\/producto\/cpe510\/#primaryimage","url":"https:\/\/microlink.com.co\/wp-content\/uploads\/2022\/03\/CPE510-img1.jpg","contentUrl":"https:\/\/microlink.com.co\/wp-content\/uploads\/2022\/03\/CPE510-img1.jpg","width":960,"height":720,"caption":"CPE PARA EXTERIORES Y ENLACES PUNTO A PUNTO EN 5 GHZ CPE510"},{"@type":"BreadcrumbList","@id":"https:\/\/microlink.com.co\/producto\/cpe510\/#breadcrumb","itemListElement":[{"@type":"ListItem","position":1,"name":"Inicio","item":"https:\/\/microlink.com.co\/"},{"@type":"ListItem","position":2,"name":"Productos","item":"https:\/\/microlink.com.co\/?page_id=20"},{"@type":"ListItem","position":3,"name":"CPE PARA EXTERIORES Y ENLACES PUNTO A PUNTO EN 5 GHZ"}]},{"@type":"WebSite","@id":"https:\/\/microlink.com.co\/#website","url":"https:\/\/microlink.com.co\/","name":"micro link","description":"We purposefully connect the telecommunications market to Colombia and the region through the production and marketing of passive and active connectivity products and solutions.","publisher":{"@id":"https:\/\/microlink.com.co\/#organization"},"alternateName":"Microlink S.A.S","potentialAction":[{"@type":"SearchAction","target":{"@type":"EntryPoint","urlTemplate":"https:\/\/microlink.com.co\/?s={search_term_string}"},"query-input":{"@type":"PropertyValueSpecification","valueRequired":true,"valueName":"search_term_string"}}],"inLanguage":"en-US"},{"@type":"Organization","@id":"https:\/\/microlink.com.co\/#organization","name":"Microlink SAS","url":"https:\/\/microlink.com.co\/","logo":{"@type":"ImageObject","inLanguage":"en-US","@id":"https:\/\/microlink.com.co\/#\/schema\/logo\/image\/","url":"https:\/\/microlink.com.co\/wp-content\/uploads\/2022\/05\/Microlink_Logotipo-Horizontal_ColorTagline.png","contentUrl":"https:\/\/microlink.com.co\/wp-content\/uploads\/2022\/05\/Microlink_Logotipo-Horizontal_ColorTagline.png","width":793,"height":384,"caption":"Microlink SAS"},"image":{"@id":"https:\/\/microlink.com.co\/#\/schema\/logo\/image\/"},"sameAs":["https:\/\/www.facebook.com\/microlinksas","http:\/\/linkedin.com\/company\/microlink-ltd\/","http:\/\/youtube.com\/channel\/UCTijT7LU-sMetDs7MPFhM7Q","https:\/\/www.instagram.com\/microlinksas\/"]}]}},"_links":{"self":[{"href":"https:\/\/microlink.com.co\/en\/wp-json\/wp\/v2\/product\/7395","targetHints":{"allow":["GET"]}}],"collection":[{"href":"https:\/\/microlink.com.co\/en\/wp-json\/wp\/v2\/product"}],"about":[{"href":"https:\/\/microlink.com.co\/en\/wp-json\/wp\/v2\/types\/product"}],"replies":[{"embeddable":true,"href":"https:\/\/microlink.com.co\/en\/wp-json\/wp\/v2\/comments?post=7395"}],"wp:featuredmedia":[{"embeddable":true,"href":"https:\/\/microlink.com.co\/en\/wp-json\/wp\/v2\/media\/7394"}],"wp:attachment":[{"href":"https:\/\/microlink.com.co\/en\/wp-json\/wp\/v2\/media?parent=7395"}],"wp:term":[{"taxonomy":"product_brand","embeddable":true,"href":"https:\/\/microlink.com.co\/en\/wp-json\/wp\/v2\/product_brand?post=7395"},{"taxonomy":"product_cat","embeddable":true,"href":"https:\/\/microlink.com.co\/en\/wp-json\/wp\/v2\/product_cat?post=7395"},{"taxonomy":"product_tag","embeddable":true,"href":"https:\/\/microlink.com.co\/en\/wp-json\/wp\/v2\/product_tag?post=7395"}],"curies":[{"name":"wp","href":"https:\/\/api.w.org\/{rel}","templated":true}]}}