{"id":7391,"date":"2022-03-09T18:59:26","date_gmt":"2022-03-09T23:59:26","guid":{"rendered":"https:\/\/microlink.com.co\/\/\/producto\/t1600g-52ts\/"},"modified":"2022-11-20T21:25:01","modified_gmt":"2022-11-21T02:25:01","slug":"t1600g-52ts","status":"publish","type":"product","link":"https:\/\/microlink.com.co\/en\/product\/t1600g-52ts\/","title":{"rendered":"JETSTREAM 48-PORT GIGABIT SMART SWITCH WITH 4 SFP SLOTS"},"content":{"rendered":"<p><span style=\"color: font-size:15pt; font-family: 'Helvetica Neue',sans-serif; #32343a;background-color: #ffffff; font-weight: bold; font-style: normal; font-variant: normal; text-decoration: none; vertical-align: baseline; white-space: pre-wrap;\"><strong>JETSTREAM 48-PORT GIGABIT SMART SWITCH WITH 4 SFP SLOTS T1600G-52TS TP-LINK<\/strong><\/span><\/p>\n<p><span style=\"color: font-size:9.5pt; font-family: 'Helvetica Neue',sans-serif; #32343a;background-color: #ffffff; font-weight: 400; font-style: normal; font-variant: normal; text-decoration: none; vertical-align: baseline; white-space: pre-wrap;\">T1600G-52TS (TL-SG2452)<\/span><\/p>\n<p><span style=\"color: font-size:9.5pt; font-family: 'Helvetica Neue',sans-serif; #32343a;background-color: #ffffff; font-weight: 400; font-style: normal; font-variant: normal; text-decoration: none; vertical-align: baseline; white-space: pre-wrap;\">TP-LINK JetStream Gigabit Smart Switch T1600G-52TS TP-LINK JetStream Gigabit Smart Switch, T1600G-52TS is a cost-effective product solution for small and medium-sized businesses that provides high performance, with powerful L2 and L2+ features such as static routing , enterprise-level QoS, and useful security strategies. Equipped with 24 Gigabit RJ45 ports and 4 SFP slots, the T1600G-52TS supports various useful features. Static Routing helps route internal traffic for the most efficient use of network resources. The storm control function protects against Broadcast, Multicast and Unknown Unicast Storm. Quality of Service (QoS, L2 to L4) provides increased traffic management capabilities to move data faster and smoother. Furthermore, easy-to-use web management interfaces, along with SNMP, RMON and Dual Image, mean faster configuration and less downtime. For workgroups and departments that require an L2\/L2+ switch and gigabit capacity at a cost-effective cost, the TP-LINK JetStream Smart Gigabit Switch T1600G-52TS provides the ideal next-generation access solution.<\/span><\/p>","protected":false},"excerpt":{"rendered":"<p>JETSTREAM 48-PORT GIGABIT SMART SWITCH WITH 4 SFP SLOTS T1600G-52TS TP-LINK T1600G-52TS (TL-SG2452) TP-LINK JetStream Gigabit Smart Switch T1600G-52TS The TP-LINK JetStream Gigabit Smart Switch, T1600G-52TS is a cost-effective product solution for small and medium businesses that provides high performance, with powerful L2 and L2+ features like static routing, QoS to [\u2026]<\/p>","protected":false},"featured_media":7390,"comment_status":"open","ping_status":"closed","template":"","meta":{"_acf_changed":false,"_eb_attr":"","_links_to":"","_links_to_target":""},"product_brand":[114],"product_cat":[29,34],"product_tag":[],"class_list":{"0":"post-7391","1":"product","2":"type-product","3":"status-publish","4":"has-post-thumbnail","6":"product_brand-tp-link","7":"product_cat-gpon","8":"product_cat-switches","10":"first","11":"instock","12":"shipping-taxable","13":"product-type-simple"},"acf":[],"yoast_head":"<!-- This site is optimized with the Yoast SEO plugin v27.3 - https:\/\/yoast.com\/product\/yoast-seo-wordpress\/ -->\n<title>JETSTREAM 48-PORT GIGABIT SMART SWITCH TP-LINK<\/title>\n<meta name=\"description\" content=\"En Microlink encuentra el JETSTREAM 48-PORT GIGABIT SMART SWITCH WITH 4 SFP SLOTS T1600G-52TS TP-LINK protege contra Broadcast, Multicast y Tormenta unicast\" \/>\n<meta name=\"robots\" content=\"index, follow, max-snippet:-1, max-image-preview:large, max-video-preview:-1\" \/>\n<link rel=\"canonical\" href=\"https:\/\/microlink.com.co\/en\/product\/t1600g-52ts\/\" \/>\n<meta property=\"og:locale\" content=\"en_US\" \/>\n<meta property=\"og:type\" content=\"article\" \/>\n<meta property=\"og:title\" content=\"JETSTREAM 48-PORT GIGABIT SMART SWITCH TP-LINK\" \/>\n<meta property=\"og:description\" content=\"En Microlink encuentra el JETSTREAM 48-PORT GIGABIT SMART SWITCH WITH 4 SFP SLOTS T1600G-52TS TP-LINK protege contra Broadcast, Multicast y Tormenta unicast\" \/>\n<meta property=\"og:url\" content=\"https:\/\/microlink.com.co\/en\/product\/t1600g-52ts\/\" \/>\n<meta property=\"og:site_name\" content=\"Microlink\" \/>\n<meta property=\"article:publisher\" content=\"https:\/\/www.facebook.com\/microlinksas\" \/>\n<meta property=\"article:modified_time\" content=\"2022-11-21T02:25:01+00:00\" \/>\n<meta property=\"og:image\" content=\"https:\/\/microlink.com.co\/wp-content\/uploads\/2022\/03\/T1600G-52TS-img1.jpg\" \/>\n\t<meta property=\"og:image:width\" content=\"960\" \/>\n\t<meta property=\"og:image:height\" content=\"720\" \/>\n\t<meta property=\"og:image:type\" content=\"image\/jpeg\" \/>\n<meta name=\"twitter:card\" content=\"summary_large_image\" \/>\n<meta name=\"twitter:label1\" content=\"Est. reading time\" \/>\n\t<meta name=\"twitter:data1\" content=\"1 minute\" \/>\n<script type=\"application\/ld+json\" class=\"yoast-schema-graph\">{\"@context\":\"https:\\\/\\\/schema.org\",\"@graph\":[{\"@type\":[\"WebPage\",\"ItemPage\"],\"@id\":\"https:\\\/\\\/microlink.com.co\\\/producto\\\/t1600g-52ts\\\/\",\"url\":\"https:\\\/\\\/microlink.com.co\\\/producto\\\/t1600g-52ts\\\/\",\"name\":\"JETSTREAM 48-PORT GIGABIT SMART SWITCH TP-LINK\",\"isPartOf\":{\"@id\":\"https:\\\/\\\/microlink.com.co\\\/#website\"},\"primaryImageOfPage\":{\"@id\":\"https:\\\/\\\/microlink.com.co\\\/producto\\\/t1600g-52ts\\\/#primaryimage\"},\"image\":{\"@id\":\"https:\\\/\\\/microlink.com.co\\\/producto\\\/t1600g-52ts\\\/#primaryimage\"},\"thumbnailUrl\":\"https:\\\/\\\/microlink.com.co\\\/wp-content\\\/uploads\\\/2022\\\/03\\\/T1600G-52TS-img1.jpg\",\"datePublished\":\"2022-03-09T23:59:26+00:00\",\"dateModified\":\"2022-11-21T02:25:01+00:00\",\"description\":\"En Microlink encuentra el JETSTREAM 48-PORT GIGABIT SMART SWITCH WITH 4 SFP SLOTS T1600G-52TS TP-LINK protege contra Broadcast, Multicast y Tormenta unicast\",\"breadcrumb\":{\"@id\":\"https:\\\/\\\/microlink.com.co\\\/producto\\\/t1600g-52ts\\\/#breadcrumb\"},\"inLanguage\":\"en-US\",\"potentialAction\":[{\"@type\":\"ReadAction\",\"target\":[\"https:\\\/\\\/microlink.com.co\\\/producto\\\/t1600g-52ts\\\/\"]}]},{\"@type\":\"ImageObject\",\"inLanguage\":\"en-US\",\"@id\":\"https:\\\/\\\/microlink.com.co\\\/producto\\\/t1600g-52ts\\\/#primaryimage\",\"url\":\"https:\\\/\\\/microlink.com.co\\\/wp-content\\\/uploads\\\/2022\\\/03\\\/T1600G-52TS-img1.jpg\",\"contentUrl\":\"https:\\\/\\\/microlink.com.co\\\/wp-content\\\/uploads\\\/2022\\\/03\\\/T1600G-52TS-img1.jpg\",\"width\":960,\"height\":720,\"caption\":\"JETSTREAM 48-PORT GIGABIT SMART SWITCH WITH 4 SFP SLOTS T1600G-52TS TP-LINK\"},{\"@type\":\"BreadcrumbList\",\"@id\":\"https:\\\/\\\/microlink.com.co\\\/producto\\\/t1600g-52ts\\\/#breadcrumb\",\"itemListElement\":[{\"@type\":\"ListItem\",\"position\":1,\"name\":\"Inicio\",\"item\":\"https:\\\/\\\/microlink.com.co\\\/\"},{\"@type\":\"ListItem\",\"position\":2,\"name\":\"Productos\",\"item\":\"https:\\\/\\\/microlink.com.co\\\/?page_id=20\"},{\"@type\":\"ListItem\",\"position\":3,\"name\":\"JETSTREAM 48-PORT GIGABIT SMART SWITCH WITH 4 SFP SLOTS\"}]},{\"@type\":\"WebSite\",\"@id\":\"https:\\\/\\\/microlink.com.co\\\/#website\",\"url\":\"https:\\\/\\\/microlink.com.co\\\/\",\"name\":\"Microlink\",\"description\":\"Conectamos con prop\u00f3sito el mercado de las telecomunicaciones a Colombia y la regi\u00f3n a trav\u00e9s de la producci\u00f3n y comercializaci\u00f3n de productos y soluciones de conectividad pasiva y activa.\",\"publisher\":{\"@id\":\"https:\\\/\\\/microlink.com.co\\\/#organization\"},\"alternateName\":\"Microlink S.A.S\",\"potentialAction\":[{\"@type\":\"SearchAction\",\"target\":{\"@type\":\"EntryPoint\",\"urlTemplate\":\"https:\\\/\\\/microlink.com.co\\\/?s={search_term_string}\"},\"query-input\":{\"@type\":\"PropertyValueSpecification\",\"valueRequired\":true,\"valueName\":\"search_term_string\"}}],\"inLanguage\":\"en-US\"},{\"@type\":\"Organization\",\"@id\":\"https:\\\/\\\/microlink.com.co\\\/#organization\",\"name\":\"Microlink SAS\",\"url\":\"https:\\\/\\\/microlink.com.co\\\/\",\"logo\":{\"@type\":\"ImageObject\",\"inLanguage\":\"en-US\",\"@id\":\"https:\\\/\\\/microlink.com.co\\\/#\\\/schema\\\/logo\\\/image\\\/\",\"url\":\"https:\\\/\\\/microlink.com.co\\\/wp-content\\\/uploads\\\/2022\\\/05\\\/Microlink_Logotipo-Horizontal_ColorTagline.png\",\"contentUrl\":\"https:\\\/\\\/microlink.com.co\\\/wp-content\\\/uploads\\\/2022\\\/05\\\/Microlink_Logotipo-Horizontal_ColorTagline.png\",\"width\":793,\"height\":384,\"caption\":\"Microlink SAS\"},\"image\":{\"@id\":\"https:\\\/\\\/microlink.com.co\\\/#\\\/schema\\\/logo\\\/image\\\/\"},\"sameAs\":[\"https:\\\/\\\/www.facebook.com\\\/microlinksas\",\"http:\\\/\\\/linkedin.com\\\/company\\\/microlink-ltd\\\/\",\"http:\\\/\\\/youtube.com\\\/channel\\\/UCTijT7LU-sMetDs7MPFhM7Q\",\"https:\\\/\\\/www.instagram.com\\\/microlinksas\\\/\"]}]}<\/script>\n<!-- \/ Yoast SEO plugin. -->","yoast_head_json":{"title":"JETSTREAM 48-PORT GIGABIT SMART SWITCH TP-LINK","description":"En Microlink encuentra el JETSTREAM 48-PORT GIGABIT SMART SWITCH WITH 4 SFP SLOTS T1600G-52TS TP-LINK protege contra Broadcast, Multicast y Tormenta unicast","robots":{"index":"index","follow":"follow","max-snippet":"max-snippet:-1","max-image-preview":"max-image-preview:large","max-video-preview":"max-video-preview:-1"},"canonical":"https:\/\/microlink.com.co\/en\/product\/t1600g-52ts\/","og_locale":"en_US","og_type":"article","og_title":"JETSTREAM 48-PORT GIGABIT SMART SWITCH TP-LINK","og_description":"En Microlink encuentra el JETSTREAM 48-PORT GIGABIT SMART SWITCH WITH 4 SFP SLOTS T1600G-52TS TP-LINK protege contra Broadcast, Multicast y Tormenta unicast","og_url":"https:\/\/microlink.com.co\/en\/product\/t1600g-52ts\/","og_site_name":"Microlink","article_publisher":"https:\/\/www.facebook.com\/microlinksas","article_modified_time":"2022-11-21T02:25:01+00:00","og_image":[{"width":960,"height":720,"url":"https:\/\/microlink.com.co\/wp-content\/uploads\/2022\/03\/T1600G-52TS-img1.jpg","type":"image\/jpeg"}],"twitter_card":"summary_large_image","twitter_misc":{"Est. reading time":"1 minute"},"schema":{"@context":"https:\/\/schema.org","@graph":[{"@type":["WebPage","ItemPage"],"@id":"https:\/\/microlink.com.co\/producto\/t1600g-52ts\/","url":"https:\/\/microlink.com.co\/producto\/t1600g-52ts\/","name":"JETSTREAM 48-PORT GIGABIT SMART SWITCH TP-LINK","isPartOf":{"@id":"https:\/\/microlink.com.co\/#website"},"primaryImageOfPage":{"@id":"https:\/\/microlink.com.co\/producto\/t1600g-52ts\/#primaryimage"},"image":{"@id":"https:\/\/microlink.com.co\/producto\/t1600g-52ts\/#primaryimage"},"thumbnailUrl":"https:\/\/microlink.com.co\/wp-content\/uploads\/2022\/03\/T1600G-52TS-img1.jpg","datePublished":"2022-03-09T23:59:26+00:00","dateModified":"2022-11-21T02:25:01+00:00","description":"En Microlink encuentra el JETSTREAM 48-PORT GIGABIT SMART SWITCH WITH 4 SFP SLOTS T1600G-52TS TP-LINK protege contra Broadcast, Multicast y Tormenta unicast","breadcrumb":{"@id":"https:\/\/microlink.com.co\/producto\/t1600g-52ts\/#breadcrumb"},"inLanguage":"en-US","potentialAction":[{"@type":"ReadAction","target":["https:\/\/microlink.com.co\/producto\/t1600g-52ts\/"]}]},{"@type":"ImageObject","inLanguage":"en-US","@id":"https:\/\/microlink.com.co\/producto\/t1600g-52ts\/#primaryimage","url":"https:\/\/microlink.com.co\/wp-content\/uploads\/2022\/03\/T1600G-52TS-img1.jpg","contentUrl":"https:\/\/microlink.com.co\/wp-content\/uploads\/2022\/03\/T1600G-52TS-img1.jpg","width":960,"height":720,"caption":"JETSTREAM 48-PORT GIGABIT SMART SWITCH WITH 4 SFP SLOTS T1600G-52TS TP-LINK"},{"@type":"BreadcrumbList","@id":"https:\/\/microlink.com.co\/producto\/t1600g-52ts\/#breadcrumb","itemListElement":[{"@type":"ListItem","position":1,"name":"Inicio","item":"https:\/\/microlink.com.co\/"},{"@type":"ListItem","position":2,"name":"Productos","item":"https:\/\/microlink.com.co\/?page_id=20"},{"@type":"ListItem","position":3,"name":"JETSTREAM 48-PORT GIGABIT SMART SWITCH WITH 4 SFP SLOTS"}]},{"@type":"WebSite","@id":"https:\/\/microlink.com.co\/#website","url":"https:\/\/microlink.com.co\/","name":"micro link","description":"We purposefully connect the telecommunications market to Colombia and the region through the production and marketing of passive and active connectivity products and solutions.","publisher":{"@id":"https:\/\/microlink.com.co\/#organization"},"alternateName":"Microlink S.A.S","potentialAction":[{"@type":"SearchAction","target":{"@type":"EntryPoint","urlTemplate":"https:\/\/microlink.com.co\/?s={search_term_string}"},"query-input":{"@type":"PropertyValueSpecification","valueRequired":true,"valueName":"search_term_string"}}],"inLanguage":"en-US"},{"@type":"Organization","@id":"https:\/\/microlink.com.co\/#organization","name":"Microlink SAS","url":"https:\/\/microlink.com.co\/","logo":{"@type":"ImageObject","inLanguage":"en-US","@id":"https:\/\/microlink.com.co\/#\/schema\/logo\/image\/","url":"https:\/\/microlink.com.co\/wp-content\/uploads\/2022\/05\/Microlink_Logotipo-Horizontal_ColorTagline.png","contentUrl":"https:\/\/microlink.com.co\/wp-content\/uploads\/2022\/05\/Microlink_Logotipo-Horizontal_ColorTagline.png","width":793,"height":384,"caption":"Microlink SAS"},"image":{"@id":"https:\/\/microlink.com.co\/#\/schema\/logo\/image\/"},"sameAs":["https:\/\/www.facebook.com\/microlinksas","http:\/\/linkedin.com\/company\/microlink-ltd\/","http:\/\/youtube.com\/channel\/UCTijT7LU-sMetDs7MPFhM7Q","https:\/\/www.instagram.com\/microlinksas\/"]}]}},"_links":{"self":[{"href":"https:\/\/microlink.com.co\/en\/wp-json\/wp\/v2\/product\/7391","targetHints":{"allow":["GET"]}}],"collection":[{"href":"https:\/\/microlink.com.co\/en\/wp-json\/wp\/v2\/product"}],"about":[{"href":"https:\/\/microlink.com.co\/en\/wp-json\/wp\/v2\/types\/product"}],"replies":[{"embeddable":true,"href":"https:\/\/microlink.com.co\/en\/wp-json\/wp\/v2\/comments?post=7391"}],"wp:featuredmedia":[{"embeddable":true,"href":"https:\/\/microlink.com.co\/en\/wp-json\/wp\/v2\/media\/7390"}],"wp:attachment":[{"href":"https:\/\/microlink.com.co\/en\/wp-json\/wp\/v2\/media?parent=7391"}],"wp:term":[{"taxonomy":"product_brand","embeddable":true,"href":"https:\/\/microlink.com.co\/en\/wp-json\/wp\/v2\/product_brand?post=7391"},{"taxonomy":"product_cat","embeddable":true,"href":"https:\/\/microlink.com.co\/en\/wp-json\/wp\/v2\/product_cat?post=7391"},{"taxonomy":"product_tag","embeddable":true,"href":"https:\/\/microlink.com.co\/en\/wp-json\/wp\/v2\/product_tag?post=7391"}],"curies":[{"name":"wp","href":"https:\/\/api.w.org\/{rel}","templated":true}]}}