{"id":7387,"date":"2022-03-09T18:59:23","date_gmt":"2022-03-09T23:59:23","guid":{"rendered":"https:\/\/microlink.com.co\/\/\/producto\/t1600g-28ps\/"},"modified":"2022-11-20T21:53:54","modified_gmt":"2022-11-21T02:53:54","slug":"t1600g-28ps","status":"publish","type":"product","link":"https:\/\/microlink.com.co\/en\/product\/t1600g-28ps\/","title":{"rendered":"JETSTREAM 24-PORT GIGABIT SMART POE+SWITCH WITH 4 SFP SLOTS"},"content":{"rendered":"<p><span style=\"color: font-size:15pt; font-family: 'Helvetica Neue',sans-serif; #32343a;background-color: #ffffff; font-weight: bold; font-style: normal; font-variant: normal; text-decoration: none; vertical-align: baseline; white-space: pre-wrap;\"><strong>JETSTREAM 24-PORT GIGABIT SMART POE+SWITCH WITH 4 SFP SLOTS T1600G-28PS (TL-SG2424P) TP-LINK<\/strong><\/span><\/p>\n<p><span style=\"color: font-size:9.5pt; font-family: 'Helvetica Neue',sans-serif; #32343a;background-color: #ffffff; font-weight: 400; font-style: normal; font-variant: normal; text-decoration: none; vertical-align: baseline; white-space: pre-wrap;\">The T1600G-28PS provides 24 10\/100\/1000Mbps RJ45 ports supporting 802.3at\/af compliant PoE, with a total PoE power supply up to 192W, powerful and flexible enough for users to deploy wireless access points or IP-based network surveillance cameras. The switch is also equipped with 4 Gigabit SFP slots, expanding your network. In addition, it provides high performance, powerful L2 and L2+ features such as static routing, enterprise-grade QoS, and useful security strategies.<\/span><\/p>\n<p><span style=\"color: font-size:9.5pt; font-family: 'Helvetica Neue',sans-serif; #32343a;background-color: #ffffff; font-weight: 400; font-style: normal; font-variant: normal; text-decoration: none; vertical-align: baseline; white-space: pre-wrap;\">Static routing helps route internal traffic for more efficient use of network resources. The Storm Control feature protects against Broadcast, Multicast and Unknown unicast Storm. 802.1X and radio authentication allows the network client to authenticate itself through external radio servers. Quality of Service (QoS, L2 and L4), provides enhanced traffic management capabilities to move your data smoother and faster. Plus, easy-to-use web management interfaces, along with SNMP, RMON, and Dual Image, mean faster setup and configuration with less downtime. With all these advanced features, the JetStream Gigabit Smart PoE+ Switch T1600G-28PS is an ideal choice for projects or business networks that need PoE function.<\/span><\/p>","protected":false},"excerpt":{"rendered":"<p>JETSTREAM 24-PORT GIGABIT SMART POE+SWITCH WITH 4 SFP SLOTS T1600G-28PS (TL-SG2424P) TP-LINK The T1600G-28PS provides 24 10\/100\/1000Mbps RJ45 ports supporting 802.3at\/af compliant PoE, with a full PoE power supply up to 192W, powerful and flexible enough for users to deploy wireless access points or surveillance cameras [\u2026]<\/p>","protected":false},"featured_media":7386,"comment_status":"open","ping_status":"closed","template":"","meta":{"_acf_changed":false,"_eb_attr":"","_links_to":"","_links_to_target":""},"product_brand":[114],"product_cat":[29,34],"product_tag":[],"class_list":{"0":"post-7387","1":"product","2":"type-product","3":"status-publish","4":"has-post-thumbnail","6":"product_brand-tp-link","7":"product_cat-gpon","8":"product_cat-switches","10":"first","11":"instock","12":"shipping-taxable","13":"product-type-simple"},"acf":[],"yoast_head":"<!-- This site is optimized with the Yoast SEO plugin v27.3 - https:\/\/yoast.com\/product\/yoast-seo-wordpress\/ -->\n<title>JETSTREAM 24-PORT GIGABIT SMART POE+SWITCH TP-LINK<\/title>\n<meta name=\"description\" content=\"En Microlink Conectamos con Prop\u00f3sito JETSTREAM 24-PORT GIGABIT SMART POE+SWITCH WITH 4 SFP SLOTS T1600G-28PS (TL-SG2424P) TP-LINK\" \/>\n<meta name=\"robots\" content=\"index, follow, max-snippet:-1, max-image-preview:large, max-video-preview:-1\" \/>\n<link rel=\"canonical\" href=\"https:\/\/microlink.co\/producto\/t1600g-28ps\/\" \/>\n<meta property=\"og:locale\" content=\"en_US\" \/>\n<meta property=\"og:type\" content=\"article\" \/>\n<meta property=\"og:title\" content=\"JETSTREAM 24-PORT GIGABIT SMART POE+SWITCH TP-LINK\" \/>\n<meta property=\"og:description\" content=\"En Microlink Conectamos con Prop\u00f3sito JETSTREAM 24-PORT GIGABIT SMART POE+SWITCH WITH 4 SFP SLOTS T1600G-28PS (TL-SG2424P) TP-LINK\" \/>\n<meta property=\"og:url\" content=\"https:\/\/microlink.co\/producto\/t1600g-28ps\/\" \/>\n<meta property=\"og:site_name\" content=\"Microlink\" \/>\n<meta property=\"article:publisher\" content=\"https:\/\/www.facebook.com\/microlinksas\" \/>\n<meta property=\"article:modified_time\" content=\"2022-11-21T02:53:54+00:00\" \/>\n<meta property=\"og:image\" content=\"https:\/\/microlink.co\/wp-content\/uploads\/2022\/03\/T1600G-28PS-img1.jpg\" \/>\n\t<meta property=\"og:image:width\" content=\"1000\" \/>\n\t<meta property=\"og:image:height\" content=\"750\" \/>\n\t<meta property=\"og:image:type\" content=\"image\/jpeg\" \/>\n<meta name=\"twitter:card\" content=\"summary_large_image\" \/>\n<meta name=\"twitter:label1\" content=\"Est. reading time\" \/>\n\t<meta name=\"twitter:data1\" content=\"2 minutes\" \/>\n<script type=\"application\/ld+json\" class=\"yoast-schema-graph\">{\"@context\":\"https:\\\/\\\/schema.org\",\"@graph\":[{\"@type\":[\"WebPage\",\"ItemPage\"],\"@id\":\"https:\\\/\\\/microlink.co\\\/producto\\\/t1600g-28ps\\\/\",\"url\":\"https:\\\/\\\/microlink.co\\\/producto\\\/t1600g-28ps\\\/\",\"name\":\"JETSTREAM 24-PORT GIGABIT SMART POE+SWITCH TP-LINK\",\"isPartOf\":{\"@id\":\"https:\\\/\\\/microlink.com.co\\\/#website\"},\"primaryImageOfPage\":{\"@id\":\"https:\\\/\\\/microlink.co\\\/producto\\\/t1600g-28ps\\\/#primaryimage\"},\"image\":{\"@id\":\"https:\\\/\\\/microlink.co\\\/producto\\\/t1600g-28ps\\\/#primaryimage\"},\"thumbnailUrl\":\"https:\\\/\\\/microlink.com.co\\\/wp-content\\\/uploads\\\/2022\\\/03\\\/T1600G-28PS-img1.jpg\",\"datePublished\":\"2022-03-09T23:59:23+00:00\",\"dateModified\":\"2022-11-21T02:53:54+00:00\",\"description\":\"En Microlink Conectamos con Prop\u00f3sito JETSTREAM 24-PORT GIGABIT SMART POE+SWITCH WITH 4 SFP SLOTS T1600G-28PS (TL-SG2424P) TP-LINK\",\"breadcrumb\":{\"@id\":\"https:\\\/\\\/microlink.co\\\/producto\\\/t1600g-28ps\\\/#breadcrumb\"},\"inLanguage\":\"en-US\",\"potentialAction\":[{\"@type\":\"ReadAction\",\"target\":[\"https:\\\/\\\/microlink.co\\\/producto\\\/t1600g-28ps\\\/\"]}]},{\"@type\":\"ImageObject\",\"inLanguage\":\"en-US\",\"@id\":\"https:\\\/\\\/microlink.co\\\/producto\\\/t1600g-28ps\\\/#primaryimage\",\"url\":\"https:\\\/\\\/microlink.com.co\\\/wp-content\\\/uploads\\\/2022\\\/03\\\/T1600G-28PS-img1.jpg\",\"contentUrl\":\"https:\\\/\\\/microlink.com.co\\\/wp-content\\\/uploads\\\/2022\\\/03\\\/T1600G-28PS-img1.jpg\",\"width\":1000,\"height\":750,\"caption\":\"JETSTREAM 24-PORT GIGABIT SMART POE+SWITCH WITH 4 SFP SLOTS T1600G-28PS (TL-SG2424P) TP-LINK\"},{\"@type\":\"BreadcrumbList\",\"@id\":\"https:\\\/\\\/microlink.co\\\/producto\\\/t1600g-28ps\\\/#breadcrumb\",\"itemListElement\":[{\"@type\":\"ListItem\",\"position\":1,\"name\":\"Inicio\",\"item\":\"https:\\\/\\\/microlink.com.co\\\/\"},{\"@type\":\"ListItem\",\"position\":2,\"name\":\"Productos\",\"item\":\"https:\\\/\\\/microlink.com.co\\\/?page_id=20\"},{\"@type\":\"ListItem\",\"position\":3,\"name\":\"JETSTREAM 24-PORT GIGABIT SMART POE+SWITCH WITH 4 SFP SLOTS\"}]},{\"@type\":\"WebSite\",\"@id\":\"https:\\\/\\\/microlink.com.co\\\/#website\",\"url\":\"https:\\\/\\\/microlink.com.co\\\/\",\"name\":\"Microlink\",\"description\":\"Conectamos con prop\u00f3sito el mercado de las telecomunicaciones a Colombia y la regi\u00f3n a trav\u00e9s de la producci\u00f3n y comercializaci\u00f3n de productos y soluciones de conectividad pasiva y activa.\",\"publisher\":{\"@id\":\"https:\\\/\\\/microlink.com.co\\\/#organization\"},\"alternateName\":\"Microlink S.A.S\",\"potentialAction\":[{\"@type\":\"SearchAction\",\"target\":{\"@type\":\"EntryPoint\",\"urlTemplate\":\"https:\\\/\\\/microlink.com.co\\\/?s={search_term_string}\"},\"query-input\":{\"@type\":\"PropertyValueSpecification\",\"valueRequired\":true,\"valueName\":\"search_term_string\"}}],\"inLanguage\":\"en-US\"},{\"@type\":\"Organization\",\"@id\":\"https:\\\/\\\/microlink.com.co\\\/#organization\",\"name\":\"Microlink SAS\",\"url\":\"https:\\\/\\\/microlink.com.co\\\/\",\"logo\":{\"@type\":\"ImageObject\",\"inLanguage\":\"en-US\",\"@id\":\"https:\\\/\\\/microlink.com.co\\\/#\\\/schema\\\/logo\\\/image\\\/\",\"url\":\"https:\\\/\\\/microlink.com.co\\\/wp-content\\\/uploads\\\/2022\\\/05\\\/Microlink_Logotipo-Horizontal_ColorTagline.png\",\"contentUrl\":\"https:\\\/\\\/microlink.com.co\\\/wp-content\\\/uploads\\\/2022\\\/05\\\/Microlink_Logotipo-Horizontal_ColorTagline.png\",\"width\":793,\"height\":384,\"caption\":\"Microlink SAS\"},\"image\":{\"@id\":\"https:\\\/\\\/microlink.com.co\\\/#\\\/schema\\\/logo\\\/image\\\/\"},\"sameAs\":[\"https:\\\/\\\/www.facebook.com\\\/microlinksas\",\"http:\\\/\\\/linkedin.com\\\/company\\\/microlink-ltd\\\/\",\"http:\\\/\\\/youtube.com\\\/channel\\\/UCTijT7LU-sMetDs7MPFhM7Q\",\"https:\\\/\\\/www.instagram.com\\\/microlinksas\\\/\"]}]}<\/script>\n<!-- \/ Yoast SEO plugin. -->","yoast_head_json":{"title":"JETSTREAM 24-PORT GIGABIT SMART POE+SWITCH TP-LINK","description":"En Microlink Conectamos con Prop\u00f3sito JETSTREAM 24-PORT GIGABIT SMART POE+SWITCH WITH 4 SFP SLOTS T1600G-28PS (TL-SG2424P) TP-LINK","robots":{"index":"index","follow":"follow","max-snippet":"max-snippet:-1","max-image-preview":"max-image-preview:large","max-video-preview":"max-video-preview:-1"},"canonical":"https:\/\/microlink.co\/producto\/t1600g-28ps\/","og_locale":"en_US","og_type":"article","og_title":"JETSTREAM 24-PORT GIGABIT SMART POE+SWITCH TP-LINK","og_description":"En Microlink Conectamos con Prop\u00f3sito JETSTREAM 24-PORT GIGABIT SMART POE+SWITCH WITH 4 SFP SLOTS T1600G-28PS (TL-SG2424P) TP-LINK","og_url":"https:\/\/microlink.co\/producto\/t1600g-28ps\/","og_site_name":"Microlink","article_publisher":"https:\/\/www.facebook.com\/microlinksas","article_modified_time":"2022-11-21T02:53:54+00:00","og_image":[{"width":1000,"height":750,"url":"https:\/\/microlink.co\/wp-content\/uploads\/2022\/03\/T1600G-28PS-img1.jpg","type":"image\/jpeg"}],"twitter_card":"summary_large_image","twitter_misc":{"Est. reading time":"2 minutes"},"schema":{"@context":"https:\/\/schema.org","@graph":[{"@type":["WebPage","ItemPage"],"@id":"https:\/\/microlink.co\/producto\/t1600g-28ps\/","url":"https:\/\/microlink.co\/producto\/t1600g-28ps\/","name":"JETSTREAM 24-PORT GIGABIT SMART POE+SWITCH TP-LINK","isPartOf":{"@id":"https:\/\/microlink.com.co\/#website"},"primaryImageOfPage":{"@id":"https:\/\/microlink.co\/producto\/t1600g-28ps\/#primaryimage"},"image":{"@id":"https:\/\/microlink.co\/producto\/t1600g-28ps\/#primaryimage"},"thumbnailUrl":"https:\/\/microlink.com.co\/wp-content\/uploads\/2022\/03\/T1600G-28PS-img1.jpg","datePublished":"2022-03-09T23:59:23+00:00","dateModified":"2022-11-21T02:53:54+00:00","description":"En Microlink Conectamos con Prop\u00f3sito JETSTREAM 24-PORT GIGABIT SMART POE+SWITCH WITH 4 SFP SLOTS T1600G-28PS (TL-SG2424P) TP-LINK","breadcrumb":{"@id":"https:\/\/microlink.co\/producto\/t1600g-28ps\/#breadcrumb"},"inLanguage":"en-US","potentialAction":[{"@type":"ReadAction","target":["https:\/\/microlink.co\/producto\/t1600g-28ps\/"]}]},{"@type":"ImageObject","inLanguage":"en-US","@id":"https:\/\/microlink.co\/producto\/t1600g-28ps\/#primaryimage","url":"https:\/\/microlink.com.co\/wp-content\/uploads\/2022\/03\/T1600G-28PS-img1.jpg","contentUrl":"https:\/\/microlink.com.co\/wp-content\/uploads\/2022\/03\/T1600G-28PS-img1.jpg","width":1000,"height":750,"caption":"JETSTREAM 24-PORT GIGABIT SMART POE+SWITCH WITH 4 SFP SLOTS T1600G-28PS (TL-SG2424P) TP-LINK"},{"@type":"BreadcrumbList","@id":"https:\/\/microlink.co\/producto\/t1600g-28ps\/#breadcrumb","itemListElement":[{"@type":"ListItem","position":1,"name":"Inicio","item":"https:\/\/microlink.com.co\/"},{"@type":"ListItem","position":2,"name":"Productos","item":"https:\/\/microlink.com.co\/?page_id=20"},{"@type":"ListItem","position":3,"name":"JETSTREAM 24-PORT GIGABIT SMART POE+SWITCH WITH 4 SFP SLOTS"}]},{"@type":"WebSite","@id":"https:\/\/microlink.com.co\/#website","url":"https:\/\/microlink.com.co\/","name":"micro link","description":"We purposefully connect the telecommunications market to Colombia and the region through the production and marketing of passive and active connectivity products and solutions.","publisher":{"@id":"https:\/\/microlink.com.co\/#organization"},"alternateName":"Microlink S.A.S","potentialAction":[{"@type":"SearchAction","target":{"@type":"EntryPoint","urlTemplate":"https:\/\/microlink.com.co\/?s={search_term_string}"},"query-input":{"@type":"PropertyValueSpecification","valueRequired":true,"valueName":"search_term_string"}}],"inLanguage":"en-US"},{"@type":"Organization","@id":"https:\/\/microlink.com.co\/#organization","name":"Microlink SAS","url":"https:\/\/microlink.com.co\/","logo":{"@type":"ImageObject","inLanguage":"en-US","@id":"https:\/\/microlink.com.co\/#\/schema\/logo\/image\/","url":"https:\/\/microlink.com.co\/wp-content\/uploads\/2022\/05\/Microlink_Logotipo-Horizontal_ColorTagline.png","contentUrl":"https:\/\/microlink.com.co\/wp-content\/uploads\/2022\/05\/Microlink_Logotipo-Horizontal_ColorTagline.png","width":793,"height":384,"caption":"Microlink SAS"},"image":{"@id":"https:\/\/microlink.com.co\/#\/schema\/logo\/image\/"},"sameAs":["https:\/\/www.facebook.com\/microlinksas","http:\/\/linkedin.com\/company\/microlink-ltd\/","http:\/\/youtube.com\/channel\/UCTijT7LU-sMetDs7MPFhM7Q","https:\/\/www.instagram.com\/microlinksas\/"]}]}},"_links":{"self":[{"href":"https:\/\/microlink.com.co\/en\/wp-json\/wp\/v2\/product\/7387","targetHints":{"allow":["GET"]}}],"collection":[{"href":"https:\/\/microlink.com.co\/en\/wp-json\/wp\/v2\/product"}],"about":[{"href":"https:\/\/microlink.com.co\/en\/wp-json\/wp\/v2\/types\/product"}],"replies":[{"embeddable":true,"href":"https:\/\/microlink.com.co\/en\/wp-json\/wp\/v2\/comments?post=7387"}],"wp:featuredmedia":[{"embeddable":true,"href":"https:\/\/microlink.com.co\/en\/wp-json\/wp\/v2\/media\/7386"}],"wp:attachment":[{"href":"https:\/\/microlink.com.co\/en\/wp-json\/wp\/v2\/media?parent=7387"}],"wp:term":[{"taxonomy":"product_brand","embeddable":true,"href":"https:\/\/microlink.com.co\/en\/wp-json\/wp\/v2\/product_brand?post=7387"},{"taxonomy":"product_cat","embeddable":true,"href":"https:\/\/microlink.com.co\/en\/wp-json\/wp\/v2\/product_cat?post=7387"},{"taxonomy":"product_tag","embeddable":true,"href":"https:\/\/microlink.com.co\/en\/wp-json\/wp\/v2\/product_tag?post=7387"}],"curies":[{"name":"wp","href":"https:\/\/api.w.org\/{rel}","templated":true}]}}