{"id":7381,"date":"2022-03-09T18:59:14","date_gmt":"2022-03-09T23:59:14","guid":{"rendered":"https:\/\/microlink.com.co\/\/\/producto\/31-70000-rg6\/"},"modified":"2023-02-02T13:47:30","modified_gmt":"2023-02-02T18:47:30","slug":"31-70000-rg6","status":"publish","type":"product","link":"https:\/\/microlink.com.co\/en\/product\/31-70000-rg6\/","title":{"rendered":"BNC CONNECTOR 75 OHM PLUG RG-6"},"content":{"rendered":"<p><span style=\"color: font-size:15pt; font-family: 'Helvetica Neue',sans-serif; #000000;background-color: transparent; font-weight: 400; font-style: normal; font-variant: normal; text-decoration: none; vertical-align: baseline; white-space: pre-wrap;\"><strong>BNC CONNECTOR 75 OHM PLUG RG-6 31-70000-RG6 AMPHENOL<\/strong><\/span><\/p>\n<p>Amphenol&#039;s BNC RF connectors and adapters are available in a multitude of options. With an impedance of 50 \u03a9 to 75 \u03a9, commercial to military grade, BNC connectors are miniature, lightweight, and reliable. A complete line of printed circuit board receptacles, bulkhead receptacles, reverse polarity connectors, resistor terminations, and other accessories complement the product offering.<\/p>","protected":false},"excerpt":{"rendered":"<p>75 OHM PLUG RG-6 BNC CONNECTOR 31-70000-RG6 AMPHENOL Amphenol&#039;s RF BNC connectors and adapters are available in a multitude of options. With an impedance of 50 \u03a9 to 75 \u03a9, commercial to military grade, BNC connectors are miniature, lightweight, and reliable. A complete line of printed circuit board receptacles, [\u2026]<\/p>","protected":false},"featured_media":7380,"comment_status":"open","ping_status":"closed","template":"","meta":{"_acf_changed":false,"_eb_attr":"","_links_to":"","_links_to_target":""},"product_brand":[112],"product_cat":[32,57,56],"product_tag":[],"class_list":{"0":"post-7381","1":"product","2":"type-product","3":"status-publish","4":"has-post-thumbnail","6":"product_brand-amphenol","7":"product_cat-radiofrecuencia","8":"product_cat-conectores-para-rf","9":"product_cat-conectores-75-ohm","11":"first","12":"instock","13":"shipping-taxable","14":"product-type-simple"},"acf":[],"yoast_head":"<!-- This site is optimized with the Yoast SEO plugin v27.3 - https:\/\/yoast.com\/product\/yoast-seo-wordpress\/ -->\n<title>CONECTOR BNC 75 OHM PLUG RG-6 AMPHENOL - Microlink<\/title>\n<meta name=\"description\" content=\"En Microlink encuentra el CONECTOR BNC 75 OHM PLUG RG-6 31-70000-RG6 AMPHENOL, conectores y adaptadores BNC RF de Amphenol, 50 \u03a9 a 75 \u03a9, Bogot\u00e1 Colombia\" \/>\n<meta name=\"robots\" content=\"index, follow, max-snippet:-1, max-image-preview:large, max-video-preview:-1\" \/>\n<link rel=\"canonical\" href=\"https:\/\/microlink.com.co\/en\/product\/31-70000-rg6\/\" \/>\n<meta property=\"og:locale\" content=\"en_US\" \/>\n<meta property=\"og:type\" content=\"article\" \/>\n<meta property=\"og:title\" content=\"CONECTOR BNC 75 OHM PLUG RG-6 AMPHENOL - Microlink\" \/>\n<meta property=\"og:description\" content=\"En Microlink encuentra el CONECTOR BNC 75 OHM PLUG RG-6 31-70000-RG6 AMPHENOL, conectores y adaptadores BNC RF de Amphenol, 50 \u03a9 a 75 \u03a9, Bogot\u00e1 Colombia\" \/>\n<meta property=\"og:url\" content=\"https:\/\/microlink.com.co\/en\/product\/31-70000-rg6\/\" \/>\n<meta property=\"og:site_name\" content=\"Microlink\" \/>\n<meta property=\"article:publisher\" content=\"https:\/\/www.facebook.com\/microlinksas\" \/>\n<meta property=\"article:modified_time\" content=\"2023-02-02T18:47:30+00:00\" \/>\n<meta property=\"og:image\" content=\"https:\/\/microlink.com.co\/wp-content\/uploads\/2022\/03\/31-70000-RG6-img1.png\" \/>\n\t<meta property=\"og:image:width\" content=\"591\" \/>\n\t<meta property=\"og:image:height\" content=\"591\" \/>\n\t<meta property=\"og:image:type\" content=\"image\/png\" \/>\n<meta name=\"twitter:card\" content=\"summary_large_image\" \/>\n<meta name=\"twitter:label1\" content=\"Est. reading time\" \/>\n\t<meta name=\"twitter:data1\" content=\"1 minute\" \/>\n<script type=\"application\/ld+json\" class=\"yoast-schema-graph\">{\"@context\":\"https:\\\/\\\/schema.org\",\"@graph\":[{\"@type\":[\"WebPage\",\"ItemPage\"],\"@id\":\"https:\\\/\\\/microlink.com.co\\\/producto\\\/31-70000-rg6\\\/\",\"url\":\"https:\\\/\\\/microlink.com.co\\\/producto\\\/31-70000-rg6\\\/\",\"name\":\"CONECTOR BNC 75 OHM PLUG RG-6 AMPHENOL - Microlink\",\"isPartOf\":{\"@id\":\"https:\\\/\\\/microlink.com.co\\\/#website\"},\"primaryImageOfPage\":{\"@id\":\"https:\\\/\\\/microlink.com.co\\\/producto\\\/31-70000-rg6\\\/#primaryimage\"},\"image\":{\"@id\":\"https:\\\/\\\/microlink.com.co\\\/producto\\\/31-70000-rg6\\\/#primaryimage\"},\"thumbnailUrl\":\"https:\\\/\\\/microlink.com.co\\\/wp-content\\\/uploads\\\/2022\\\/03\\\/31-70000-RG6-img1.png\",\"datePublished\":\"2022-03-09T23:59:14+00:00\",\"dateModified\":\"2023-02-02T18:47:30+00:00\",\"description\":\"En Microlink encuentra el CONECTOR BNC 75 OHM PLUG RG-6 31-70000-RG6 AMPHENOL, conectores y adaptadores BNC RF de Amphenol, 50 \u03a9 a 75 \u03a9, Bogot\u00e1 Colombia\",\"breadcrumb\":{\"@id\":\"https:\\\/\\\/microlink.com.co\\\/producto\\\/31-70000-rg6\\\/#breadcrumb\"},\"inLanguage\":\"en-US\",\"potentialAction\":[{\"@type\":\"ReadAction\",\"target\":[\"https:\\\/\\\/microlink.com.co\\\/producto\\\/31-70000-rg6\\\/\"]}]},{\"@type\":\"ImageObject\",\"inLanguage\":\"en-US\",\"@id\":\"https:\\\/\\\/microlink.com.co\\\/producto\\\/31-70000-rg6\\\/#primaryimage\",\"url\":\"https:\\\/\\\/microlink.com.co\\\/wp-content\\\/uploads\\\/2022\\\/03\\\/31-70000-RG6-img1.png\",\"contentUrl\":\"https:\\\/\\\/microlink.com.co\\\/wp-content\\\/uploads\\\/2022\\\/03\\\/31-70000-RG6-img1.png\",\"width\":591,\"height\":591,\"caption\":\"CONECTOR BNC 75 OHM PLUG RG-6 31-70000-RG6 AMPHENOL\"},{\"@type\":\"BreadcrumbList\",\"@id\":\"https:\\\/\\\/microlink.com.co\\\/producto\\\/31-70000-rg6\\\/#breadcrumb\",\"itemListElement\":[{\"@type\":\"ListItem\",\"position\":1,\"name\":\"Inicio\",\"item\":\"https:\\\/\\\/microlink.com.co\\\/\"},{\"@type\":\"ListItem\",\"position\":2,\"name\":\"Productos\",\"item\":\"https:\\\/\\\/microlink.com.co\\\/?page_id=20\"},{\"@type\":\"ListItem\",\"position\":3,\"name\":\"CONECTOR BNC 75 OHM PLUG RG-6\"}]},{\"@type\":\"WebSite\",\"@id\":\"https:\\\/\\\/microlink.com.co\\\/#website\",\"url\":\"https:\\\/\\\/microlink.com.co\\\/\",\"name\":\"Microlink\",\"description\":\"Conectamos con prop\u00f3sito el mercado de las telecomunicaciones a Colombia y la regi\u00f3n a trav\u00e9s de la producci\u00f3n y comercializaci\u00f3n de productos y soluciones de conectividad pasiva y activa.\",\"publisher\":{\"@id\":\"https:\\\/\\\/microlink.com.co\\\/#organization\"},\"alternateName\":\"Microlink S.A.S\",\"potentialAction\":[{\"@type\":\"SearchAction\",\"target\":{\"@type\":\"EntryPoint\",\"urlTemplate\":\"https:\\\/\\\/microlink.com.co\\\/?s={search_term_string}\"},\"query-input\":{\"@type\":\"PropertyValueSpecification\",\"valueRequired\":true,\"valueName\":\"search_term_string\"}}],\"inLanguage\":\"en-US\"},{\"@type\":\"Organization\",\"@id\":\"https:\\\/\\\/microlink.com.co\\\/#organization\",\"name\":\"Microlink SAS\",\"url\":\"https:\\\/\\\/microlink.com.co\\\/\",\"logo\":{\"@type\":\"ImageObject\",\"inLanguage\":\"en-US\",\"@id\":\"https:\\\/\\\/microlink.com.co\\\/#\\\/schema\\\/logo\\\/image\\\/\",\"url\":\"https:\\\/\\\/microlink.com.co\\\/wp-content\\\/uploads\\\/2022\\\/05\\\/Microlink_Logotipo-Horizontal_ColorTagline.png\",\"contentUrl\":\"https:\\\/\\\/microlink.com.co\\\/wp-content\\\/uploads\\\/2022\\\/05\\\/Microlink_Logotipo-Horizontal_ColorTagline.png\",\"width\":793,\"height\":384,\"caption\":\"Microlink SAS\"},\"image\":{\"@id\":\"https:\\\/\\\/microlink.com.co\\\/#\\\/schema\\\/logo\\\/image\\\/\"},\"sameAs\":[\"https:\\\/\\\/www.facebook.com\\\/microlinksas\",\"http:\\\/\\\/linkedin.com\\\/company\\\/microlink-ltd\\\/\",\"http:\\\/\\\/youtube.com\\\/channel\\\/UCTijT7LU-sMetDs7MPFhM7Q\",\"https:\\\/\\\/www.instagram.com\\\/microlinksas\\\/\"]}]}<\/script>\n<!-- \/ Yoast SEO plugin. -->","yoast_head_json":{"title":"CONECTOR BNC 75 OHM PLUG RG-6 AMPHENOL - Microlink","description":"En Microlink encuentra el CONECTOR BNC 75 OHM PLUG RG-6 31-70000-RG6 AMPHENOL, conectores y adaptadores BNC RF de Amphenol, 50 \u03a9 a 75 \u03a9, Bogot\u00e1 Colombia","robots":{"index":"index","follow":"follow","max-snippet":"max-snippet:-1","max-image-preview":"max-image-preview:large","max-video-preview":"max-video-preview:-1"},"canonical":"https:\/\/microlink.com.co\/en\/product\/31-70000-rg6\/","og_locale":"en_US","og_type":"article","og_title":"CONECTOR BNC 75 OHM PLUG RG-6 AMPHENOL - Microlink","og_description":"En Microlink encuentra el CONECTOR BNC 75 OHM PLUG RG-6 31-70000-RG6 AMPHENOL, conectores y adaptadores BNC RF de Amphenol, 50 \u03a9 a 75 \u03a9, Bogot\u00e1 Colombia","og_url":"https:\/\/microlink.com.co\/en\/product\/31-70000-rg6\/","og_site_name":"Microlink","article_publisher":"https:\/\/www.facebook.com\/microlinksas","article_modified_time":"2023-02-02T18:47:30+00:00","og_image":[{"width":591,"height":591,"url":"https:\/\/microlink.com.co\/wp-content\/uploads\/2022\/03\/31-70000-RG6-img1.png","type":"image\/png"}],"twitter_card":"summary_large_image","twitter_misc":{"Est. reading time":"1 minute"},"schema":{"@context":"https:\/\/schema.org","@graph":[{"@type":["WebPage","ItemPage"],"@id":"https:\/\/microlink.com.co\/producto\/31-70000-rg6\/","url":"https:\/\/microlink.com.co\/producto\/31-70000-rg6\/","name":"CONECTOR BNC 75 OHM PLUG RG-6 AMPHENOL - Microlink","isPartOf":{"@id":"https:\/\/microlink.com.co\/#website"},"primaryImageOfPage":{"@id":"https:\/\/microlink.com.co\/producto\/31-70000-rg6\/#primaryimage"},"image":{"@id":"https:\/\/microlink.com.co\/producto\/31-70000-rg6\/#primaryimage"},"thumbnailUrl":"https:\/\/microlink.com.co\/wp-content\/uploads\/2022\/03\/31-70000-RG6-img1.png","datePublished":"2022-03-09T23:59:14+00:00","dateModified":"2023-02-02T18:47:30+00:00","description":"En Microlink encuentra el CONECTOR BNC 75 OHM PLUG RG-6 31-70000-RG6 AMPHENOL, conectores y adaptadores BNC RF de Amphenol, 50 \u03a9 a 75 \u03a9, Bogot\u00e1 Colombia","breadcrumb":{"@id":"https:\/\/microlink.com.co\/producto\/31-70000-rg6\/#breadcrumb"},"inLanguage":"en-US","potentialAction":[{"@type":"ReadAction","target":["https:\/\/microlink.com.co\/producto\/31-70000-rg6\/"]}]},{"@type":"ImageObject","inLanguage":"en-US","@id":"https:\/\/microlink.com.co\/producto\/31-70000-rg6\/#primaryimage","url":"https:\/\/microlink.com.co\/wp-content\/uploads\/2022\/03\/31-70000-RG6-img1.png","contentUrl":"https:\/\/microlink.com.co\/wp-content\/uploads\/2022\/03\/31-70000-RG6-img1.png","width":591,"height":591,"caption":"CONECTOR BNC 75 OHM PLUG RG-6 31-70000-RG6 AMPHENOL"},{"@type":"BreadcrumbList","@id":"https:\/\/microlink.com.co\/producto\/31-70000-rg6\/#breadcrumb","itemListElement":[{"@type":"ListItem","position":1,"name":"Inicio","item":"https:\/\/microlink.com.co\/"},{"@type":"ListItem","position":2,"name":"Productos","item":"https:\/\/microlink.com.co\/?page_id=20"},{"@type":"ListItem","position":3,"name":"CONECTOR BNC 75 OHM PLUG RG-6"}]},{"@type":"WebSite","@id":"https:\/\/microlink.com.co\/#website","url":"https:\/\/microlink.com.co\/","name":"micro link","description":"We purposefully connect the telecommunications market to Colombia and the region through the production and marketing of passive and active connectivity products and solutions.","publisher":{"@id":"https:\/\/microlink.com.co\/#organization"},"alternateName":"Microlink S.A.S","potentialAction":[{"@type":"SearchAction","target":{"@type":"EntryPoint","urlTemplate":"https:\/\/microlink.com.co\/?s={search_term_string}"},"query-input":{"@type":"PropertyValueSpecification","valueRequired":true,"valueName":"search_term_string"}}],"inLanguage":"en-US"},{"@type":"Organization","@id":"https:\/\/microlink.com.co\/#organization","name":"Microlink SAS","url":"https:\/\/microlink.com.co\/","logo":{"@type":"ImageObject","inLanguage":"en-US","@id":"https:\/\/microlink.com.co\/#\/schema\/logo\/image\/","url":"https:\/\/microlink.com.co\/wp-content\/uploads\/2022\/05\/Microlink_Logotipo-Horizontal_ColorTagline.png","contentUrl":"https:\/\/microlink.com.co\/wp-content\/uploads\/2022\/05\/Microlink_Logotipo-Horizontal_ColorTagline.png","width":793,"height":384,"caption":"Microlink SAS"},"image":{"@id":"https:\/\/microlink.com.co\/#\/schema\/logo\/image\/"},"sameAs":["https:\/\/www.facebook.com\/microlinksas","http:\/\/linkedin.com\/company\/microlink-ltd\/","http:\/\/youtube.com\/channel\/UCTijT7LU-sMetDs7MPFhM7Q","https:\/\/www.instagram.com\/microlinksas\/"]}]}},"_links":{"self":[{"href":"https:\/\/microlink.com.co\/en\/wp-json\/wp\/v2\/product\/7381","targetHints":{"allow":["GET"]}}],"collection":[{"href":"https:\/\/microlink.com.co\/en\/wp-json\/wp\/v2\/product"}],"about":[{"href":"https:\/\/microlink.com.co\/en\/wp-json\/wp\/v2\/types\/product"}],"replies":[{"embeddable":true,"href":"https:\/\/microlink.com.co\/en\/wp-json\/wp\/v2\/comments?post=7381"}],"wp:featuredmedia":[{"embeddable":true,"href":"https:\/\/microlink.com.co\/en\/wp-json\/wp\/v2\/media\/7380"}],"wp:attachment":[{"href":"https:\/\/microlink.com.co\/en\/wp-json\/wp\/v2\/media?parent=7381"}],"wp:term":[{"taxonomy":"product_brand","embeddable":true,"href":"https:\/\/microlink.com.co\/en\/wp-json\/wp\/v2\/product_brand?post=7381"},{"taxonomy":"product_cat","embeddable":true,"href":"https:\/\/microlink.com.co\/en\/wp-json\/wp\/v2\/product_cat?post=7381"},{"taxonomy":"product_tag","embeddable":true,"href":"https:\/\/microlink.com.co\/en\/wp-json\/wp\/v2\/product_tag?post=7381"}],"curies":[{"name":"wp","href":"https:\/\/api.w.org\/{rel}","templated":true}]}}