{"id":7373,"date":"2022-03-09T18:59:05","date_gmt":"2022-03-09T23:59:05","guid":{"rendered":"https:\/\/microlink.com.co\/\/\/producto\/ms3101f145\/"},"modified":"2022-11-25T11:00:23","modified_gmt":"2022-11-25T16:00:23","slug":"ms3101f145","status":"publish","type":"product","link":"https:\/\/microlink.com.co\/en\/product\/ms3101f145\/","title":{"rendered":"CIRCULAR CONNECTOR AIR JACK 5 CONTACTS 14 WITH CABLE GLAND"},"content":{"rendered":"<p><strong>CIRCULAR AIR JACK CONNECTOR 5 CONTACTS 14 WITH CABLE GLAND MS3101F145 AMPHENOL<\/strong><\/p>\n<p>SE and FMS Class F connectors meet all the performance requirements of MIL-DTL-5015. Class E, Environmental is also produced, but is no longer on the Qualified Products List (QPL). These connectors are recommended for conditions where vibration, humidity, pressure, and\/or temperature are extreme. Strain relief is provided on most frame sizes. Housings: Housing components are made of high-quality aluminum alloy. Standard hardware plating is an electrically conductive cadmium plated finish with an olive green chrome post-treatment for corrosion resistance. Consult Amphenol, Sidney, NY for other lining options. Contacts: Contacts are silver-plated copper alloy for maximum corrosion resistance, maximum current carrying capacity, and low millivolt drop. The size 16 and 12 receptacle contacts incorporate a closed input design. Crimp and solder versions are available. See pages 49, 67 and 68 for additional contact information. Inserts: Tough neoprene inserts provide an excellent moisture barrier, high dielectric strength, and resistance to vibration. Both the pin and socket insert can be pressurized. Full field serviceability is possible with the strain relief clamp.<\/p>","protected":false},"excerpt":{"rendered":"<p>CIRCULAR AIR JACK CONNECTOR 5 CONTACTS 14 WITH CABLE GLAND MS3101F145 AMPHENOL The SE and FMS Class F connectors meet all the performance requirements of MIL-DTL-5015. Class E, Environmental is also produced, but is no longer on the Qualified Products List (QPL). These connectors are recommended for conditions where vibration, moisture, [\u2026]<\/p>","protected":false},"featured_media":7372,"comment_status":"open","ping_status":"closed","template":"","meta":{"_acf_changed":false,"_eb_attr":"","_links_to":"","_links_to_target":""},"product_brand":[112],"product_cat":[31,84,86],"product_tag":[],"class_list":{"0":"post-7373","1":"product","2":"type-product","3":"status-publish","4":"has-post-thumbnail","6":"product_brand-amphenol","7":"product_cat-redes-de-cobre","8":"product_cat-conectores-para-cable-multipar","9":"product_cat-conectores-circulares","11":"first","12":"instock","13":"shipping-taxable","14":"product-type-simple"},"acf":[],"yoast_head":"<!-- This site is optimized with the Yoast SEO plugin v27.3 - https:\/\/yoast.com\/product\/yoast-seo-wordpress\/ -->\n<title>CONECTOR CIRCULAR JACK AEREO AMPHENOL - Microlink<\/title>\n<meta name=\"description\" content=\"En Microlink CONECTOR CIRCULAR JACK AEREO 5 CONTACTOS 14 CON PRENSACABLE MS3101F145 AMPHENOL, condiciones de humedad, presi\u00f3n, temperatura son extremas\" \/>\n<meta name=\"robots\" content=\"index, follow, max-snippet:-1, max-image-preview:large, max-video-preview:-1\" \/>\n<link rel=\"canonical\" href=\"https:\/\/microlink.co\/producto\/ms3101f145\/\" \/>\n<meta property=\"og:locale\" content=\"en_US\" \/>\n<meta property=\"og:type\" content=\"article\" \/>\n<meta property=\"og:title\" content=\"CONECTOR CIRCULAR JACK AEREO AMPHENOL - Microlink\" \/>\n<meta property=\"og:description\" content=\"En Microlink CONECTOR CIRCULAR JACK AEREO 5 CONTACTOS 14 CON PRENSACABLE MS3101F145 AMPHENOL, condiciones de humedad, presi\u00f3n, temperatura son extremas\" \/>\n<meta property=\"og:url\" content=\"https:\/\/microlink.co\/producto\/ms3101f145\/\" \/>\n<meta property=\"og:site_name\" content=\"Microlink\" \/>\n<meta property=\"article:publisher\" content=\"https:\/\/www.facebook.com\/microlinksas\" \/>\n<meta property=\"article:modified_time\" content=\"2022-11-25T16:00:23+00:00\" \/>\n<meta property=\"og:image\" content=\"https:\/\/microlink.co\/wp-content\/uploads\/2022\/03\/MS3101F145-img1.jpg.jpg\" \/>\n\t<meta property=\"og:image:width\" content=\"629\" \/>\n\t<meta property=\"og:image:height\" content=\"362\" \/>\n\t<meta property=\"og:image:type\" content=\"image\/jpeg\" \/>\n<meta name=\"twitter:card\" content=\"summary_large_image\" \/>\n<meta name=\"twitter:label1\" content=\"Est. reading time\" \/>\n\t<meta name=\"twitter:data1\" content=\"2 minutes\" \/>\n<script type=\"application\/ld+json\" class=\"yoast-schema-graph\">{\"@context\":\"https:\\\/\\\/schema.org\",\"@graph\":[{\"@type\":[\"WebPage\",\"ItemPage\"],\"@id\":\"https:\\\/\\\/microlink.co\\\/producto\\\/ms3101f145\\\/\",\"url\":\"https:\\\/\\\/microlink.co\\\/producto\\\/ms3101f145\\\/\",\"name\":\"CONECTOR CIRCULAR JACK AEREO AMPHENOL - Microlink\",\"isPartOf\":{\"@id\":\"https:\\\/\\\/microlink.com.co\\\/#website\"},\"primaryImageOfPage\":{\"@id\":\"https:\\\/\\\/microlink.co\\\/producto\\\/ms3101f145\\\/#primaryimage\"},\"image\":{\"@id\":\"https:\\\/\\\/microlink.co\\\/producto\\\/ms3101f145\\\/#primaryimage\"},\"thumbnailUrl\":\"https:\\\/\\\/microlink.com.co\\\/wp-content\\\/uploads\\\/2022\\\/03\\\/MS3101F145-img1.jpg.jpg\",\"datePublished\":\"2022-03-09T23:59:05+00:00\",\"dateModified\":\"2022-11-25T16:00:23+00:00\",\"description\":\"En Microlink CONECTOR CIRCULAR JACK AEREO 5 CONTACTOS 14 CON PRENSACABLE MS3101F145 AMPHENOL, condiciones de humedad, presi\u00f3n, temperatura son extremas\",\"breadcrumb\":{\"@id\":\"https:\\\/\\\/microlink.co\\\/producto\\\/ms3101f145\\\/#breadcrumb\"},\"inLanguage\":\"en-US\",\"potentialAction\":[{\"@type\":\"ReadAction\",\"target\":[\"https:\\\/\\\/microlink.co\\\/producto\\\/ms3101f145\\\/\"]}]},{\"@type\":\"ImageObject\",\"inLanguage\":\"en-US\",\"@id\":\"https:\\\/\\\/microlink.co\\\/producto\\\/ms3101f145\\\/#primaryimage\",\"url\":\"https:\\\/\\\/microlink.com.co\\\/wp-content\\\/uploads\\\/2022\\\/03\\\/MS3101F145-img1.jpg.jpg\",\"contentUrl\":\"https:\\\/\\\/microlink.com.co\\\/wp-content\\\/uploads\\\/2022\\\/03\\\/MS3101F145-img1.jpg.jpg\",\"width\":629,\"height\":362,\"caption\":\"CONECTOR CIRCULAR JACK AEREO 5 CONTACTOS 14 CON PRENSACABLE MS3101F145 AMPHENOL\"},{\"@type\":\"BreadcrumbList\",\"@id\":\"https:\\\/\\\/microlink.co\\\/producto\\\/ms3101f145\\\/#breadcrumb\",\"itemListElement\":[{\"@type\":\"ListItem\",\"position\":1,\"name\":\"Inicio\",\"item\":\"https:\\\/\\\/microlink.com.co\\\/\"},{\"@type\":\"ListItem\",\"position\":2,\"name\":\"Productos\",\"item\":\"https:\\\/\\\/microlink.com.co\\\/?page_id=20\"},{\"@type\":\"ListItem\",\"position\":3,\"name\":\"CONECTOR CIRCULAR JACK AEREO 5 CONTACTOS 14 CON PRENSACABLE\"}]},{\"@type\":\"WebSite\",\"@id\":\"https:\\\/\\\/microlink.com.co\\\/#website\",\"url\":\"https:\\\/\\\/microlink.com.co\\\/\",\"name\":\"Microlink\",\"description\":\"Conectamos con prop\u00f3sito el mercado de las telecomunicaciones a Colombia y la regi\u00f3n a trav\u00e9s de la producci\u00f3n y comercializaci\u00f3n de productos y soluciones de conectividad pasiva y activa.\",\"publisher\":{\"@id\":\"https:\\\/\\\/microlink.com.co\\\/#organization\"},\"alternateName\":\"Microlink S.A.S\",\"potentialAction\":[{\"@type\":\"SearchAction\",\"target\":{\"@type\":\"EntryPoint\",\"urlTemplate\":\"https:\\\/\\\/microlink.com.co\\\/?s={search_term_string}\"},\"query-input\":{\"@type\":\"PropertyValueSpecification\",\"valueRequired\":true,\"valueName\":\"search_term_string\"}}],\"inLanguage\":\"en-US\"},{\"@type\":\"Organization\",\"@id\":\"https:\\\/\\\/microlink.com.co\\\/#organization\",\"name\":\"Microlink SAS\",\"url\":\"https:\\\/\\\/microlink.com.co\\\/\",\"logo\":{\"@type\":\"ImageObject\",\"inLanguage\":\"en-US\",\"@id\":\"https:\\\/\\\/microlink.com.co\\\/#\\\/schema\\\/logo\\\/image\\\/\",\"url\":\"https:\\\/\\\/microlink.com.co\\\/wp-content\\\/uploads\\\/2022\\\/05\\\/Microlink_Logotipo-Horizontal_ColorTagline.png\",\"contentUrl\":\"https:\\\/\\\/microlink.com.co\\\/wp-content\\\/uploads\\\/2022\\\/05\\\/Microlink_Logotipo-Horizontal_ColorTagline.png\",\"width\":793,\"height\":384,\"caption\":\"Microlink SAS\"},\"image\":{\"@id\":\"https:\\\/\\\/microlink.com.co\\\/#\\\/schema\\\/logo\\\/image\\\/\"},\"sameAs\":[\"https:\\\/\\\/www.facebook.com\\\/microlinksas\",\"http:\\\/\\\/linkedin.com\\\/company\\\/microlink-ltd\\\/\",\"http:\\\/\\\/youtube.com\\\/channel\\\/UCTijT7LU-sMetDs7MPFhM7Q\",\"https:\\\/\\\/www.instagram.com\\\/microlinksas\\\/\"]}]}<\/script>\n<!-- \/ Yoast SEO plugin. -->","yoast_head_json":{"title":"CONECTOR CIRCULAR JACK AEREO AMPHENOL - Microlink","description":"En Microlink CONECTOR CIRCULAR JACK AEREO 5 CONTACTOS 14 CON PRENSACABLE MS3101F145 AMPHENOL, condiciones de humedad, presi\u00f3n, temperatura son extremas","robots":{"index":"index","follow":"follow","max-snippet":"max-snippet:-1","max-image-preview":"max-image-preview:large","max-video-preview":"max-video-preview:-1"},"canonical":"https:\/\/microlink.co\/producto\/ms3101f145\/","og_locale":"en_US","og_type":"article","og_title":"CONECTOR CIRCULAR JACK AEREO AMPHENOL - Microlink","og_description":"En Microlink CONECTOR CIRCULAR JACK AEREO 5 CONTACTOS 14 CON PRENSACABLE MS3101F145 AMPHENOL, condiciones de humedad, presi\u00f3n, temperatura son extremas","og_url":"https:\/\/microlink.co\/producto\/ms3101f145\/","og_site_name":"Microlink","article_publisher":"https:\/\/www.facebook.com\/microlinksas","article_modified_time":"2022-11-25T16:00:23+00:00","og_image":[{"width":629,"height":362,"url":"https:\/\/microlink.co\/wp-content\/uploads\/2022\/03\/MS3101F145-img1.jpg.jpg","type":"image\/jpeg"}],"twitter_card":"summary_large_image","twitter_misc":{"Est. reading time":"2 minutes"},"schema":{"@context":"https:\/\/schema.org","@graph":[{"@type":["WebPage","ItemPage"],"@id":"https:\/\/microlink.co\/producto\/ms3101f145\/","url":"https:\/\/microlink.co\/producto\/ms3101f145\/","name":"CONECTOR CIRCULAR JACK AEREO AMPHENOL - Microlink","isPartOf":{"@id":"https:\/\/microlink.com.co\/#website"},"primaryImageOfPage":{"@id":"https:\/\/microlink.co\/producto\/ms3101f145\/#primaryimage"},"image":{"@id":"https:\/\/microlink.co\/producto\/ms3101f145\/#primaryimage"},"thumbnailUrl":"https:\/\/microlink.com.co\/wp-content\/uploads\/2022\/03\/MS3101F145-img1.jpg.jpg","datePublished":"2022-03-09T23:59:05+00:00","dateModified":"2022-11-25T16:00:23+00:00","description":"En Microlink CONECTOR CIRCULAR JACK AEREO 5 CONTACTOS 14 CON PRENSACABLE MS3101F145 AMPHENOL, condiciones de humedad, presi\u00f3n, temperatura son extremas","breadcrumb":{"@id":"https:\/\/microlink.co\/producto\/ms3101f145\/#breadcrumb"},"inLanguage":"en-US","potentialAction":[{"@type":"ReadAction","target":["https:\/\/microlink.co\/producto\/ms3101f145\/"]}]},{"@type":"ImageObject","inLanguage":"en-US","@id":"https:\/\/microlink.co\/producto\/ms3101f145\/#primaryimage","url":"https:\/\/microlink.com.co\/wp-content\/uploads\/2022\/03\/MS3101F145-img1.jpg.jpg","contentUrl":"https:\/\/microlink.com.co\/wp-content\/uploads\/2022\/03\/MS3101F145-img1.jpg.jpg","width":629,"height":362,"caption":"CONECTOR CIRCULAR JACK AEREO 5 CONTACTOS 14 CON PRENSACABLE MS3101F145 AMPHENOL"},{"@type":"BreadcrumbList","@id":"https:\/\/microlink.co\/producto\/ms3101f145\/#breadcrumb","itemListElement":[{"@type":"ListItem","position":1,"name":"Inicio","item":"https:\/\/microlink.com.co\/"},{"@type":"ListItem","position":2,"name":"Productos","item":"https:\/\/microlink.com.co\/?page_id=20"},{"@type":"ListItem","position":3,"name":"CONECTOR CIRCULAR JACK AEREO 5 CONTACTOS 14 CON PRENSACABLE"}]},{"@type":"WebSite","@id":"https:\/\/microlink.com.co\/#website","url":"https:\/\/microlink.com.co\/","name":"micro link","description":"We purposefully connect the telecommunications market to Colombia and the region through the production and marketing of passive and active connectivity products and solutions.","publisher":{"@id":"https:\/\/microlink.com.co\/#organization"},"alternateName":"Microlink S.A.S","potentialAction":[{"@type":"SearchAction","target":{"@type":"EntryPoint","urlTemplate":"https:\/\/microlink.com.co\/?s={search_term_string}"},"query-input":{"@type":"PropertyValueSpecification","valueRequired":true,"valueName":"search_term_string"}}],"inLanguage":"en-US"},{"@type":"Organization","@id":"https:\/\/microlink.com.co\/#organization","name":"Microlink SAS","url":"https:\/\/microlink.com.co\/","logo":{"@type":"ImageObject","inLanguage":"en-US","@id":"https:\/\/microlink.com.co\/#\/schema\/logo\/image\/","url":"https:\/\/microlink.com.co\/wp-content\/uploads\/2022\/05\/Microlink_Logotipo-Horizontal_ColorTagline.png","contentUrl":"https:\/\/microlink.com.co\/wp-content\/uploads\/2022\/05\/Microlink_Logotipo-Horizontal_ColorTagline.png","width":793,"height":384,"caption":"Microlink SAS"},"image":{"@id":"https:\/\/microlink.com.co\/#\/schema\/logo\/image\/"},"sameAs":["https:\/\/www.facebook.com\/microlinksas","http:\/\/linkedin.com\/company\/microlink-ltd\/","http:\/\/youtube.com\/channel\/UCTijT7LU-sMetDs7MPFhM7Q","https:\/\/www.instagram.com\/microlinksas\/"]}]}},"_links":{"self":[{"href":"https:\/\/microlink.com.co\/en\/wp-json\/wp\/v2\/product\/7373","targetHints":{"allow":["GET"]}}],"collection":[{"href":"https:\/\/microlink.com.co\/en\/wp-json\/wp\/v2\/product"}],"about":[{"href":"https:\/\/microlink.com.co\/en\/wp-json\/wp\/v2\/types\/product"}],"replies":[{"embeddable":true,"href":"https:\/\/microlink.com.co\/en\/wp-json\/wp\/v2\/comments?post=7373"}],"wp:featuredmedia":[{"embeddable":true,"href":"https:\/\/microlink.com.co\/en\/wp-json\/wp\/v2\/media\/7372"}],"wp:attachment":[{"href":"https:\/\/microlink.com.co\/en\/wp-json\/wp\/v2\/media?parent=7373"}],"wp:term":[{"taxonomy":"product_brand","embeddable":true,"href":"https:\/\/microlink.com.co\/en\/wp-json\/wp\/v2\/product_brand?post=7373"},{"taxonomy":"product_cat","embeddable":true,"href":"https:\/\/microlink.com.co\/en\/wp-json\/wp\/v2\/product_cat?post=7373"},{"taxonomy":"product_tag","embeddable":true,"href":"https:\/\/microlink.com.co\/en\/wp-json\/wp\/v2\/product_tag?post=7373"}],"curies":[{"name":"wp","href":"https:\/\/api.w.org\/{rel}","templated":true}]}}