{"id":7345,"date":"2022-03-09T18:58:25","date_gmt":"2022-03-09T23:58:25","guid":{"rendered":"https:\/\/microlink.com.co\/\/\/producto\/mc111cs\/"},"modified":"2022-11-20T22:39:03","modified_gmt":"2022-11-21T03:39:03","slug":"mc111cs","status":"publish","type":"product","link":"https:\/\/microlink.com.co\/en\/product\/mc111cs\/","title":{"rendered":"MEDIUM CONVERTER 10\/100 SM SC TX 1550NM RX 1310NM 15KM WDM"},"content":{"rendered":"<p><span style=\"color: font-size:15pt; font-family: 'Helvetica Neue',sans-serif; #32343a;background-color: #ffffff; font-weight: bold; font-style: normal; font-variant: normal; text-decoration: none; vertical-align: baseline; white-space: pre-wrap;\"><strong>MID CONVERTER 10\/100 SM SC TX 1550NM RX 1310NM 15KM WDM MC111CS TP-LINK<\/strong><\/span><\/p>\n<p><span style=\"color: font-size:9.5pt; font-family: 'Helvetica Neue',sans-serif; #32343a;background-color: #ffffff; font-weight: 400; font-style: normal; font-variant: normal; text-decoration: none; vertical-align: baseline; white-space: pre-wrap;\">The MC111CS is a media converter designed to convert 100BASE-FX fiber cable to 100Base-TX copper cable or vice versa. The MC111CS incorporates WDM technology whereby only a single fiber cable is required to transmit and receive data, saving half the cost of cables. The MC111CS is designed following the IEEE 802.3u 10\/100Base-TX and 100Base-FX standards and uses single-mode fiber cable with an SC-type connector. The MC111CS supports the Longwave (LX) laser specification at full transmission speed. It works at 1550nm when sending data and at 1310nm when receiving. In this way, the device that works in conjunction with the MC111CS must work at 1310 nm when sending data and 1550 nm when receiving. TP-LINK&#039;s MC112CS media converter is just one of the devices that can work in conjunction with the MC111CS.<\/span><\/p>\n<p><span style=\"color: font-size:9.5pt; font-family: 'Helvetica Neue',sans-serif; #32343a;background-color: #ffffff; font-weight: 400; font-style: normal; font-variant: normal; text-decoration: none; vertical-align: baseline; white-space: pre-wrap;\">Other advantages of this module is the possibility of using it independently (without the need for a housing) or with a TP-LINK 19\u2033 chassis. In addition, it automatically detects both the MDI\/MDI-X mode and the Duplex mode on the TX port and includes status LEDs on its front panel. The MC111CS extends the optical transmission distance range up to 15 kilometers using single mode fiber.<\/span><\/p>","protected":false},"excerpt":{"rendered":"<p>MEDIA CONVERTER 10\/100 SM SC TX 1550NM RX 1310NM 15KM WDM MC111CS TP-LINK The MC111CS is a media converter designed to convert 100BASE-FX fiber cable to 100Base-TX copper cable or vice versa. The MC111CS incorporates WDM technology through which only a single fiber cable is necessary to transmit and [\u2026]<\/p>","protected":false},"featured_media":7344,"comment_status":"open","ping_status":"closed","template":"","meta":{"_acf_changed":false,"_eb_attr":"","_links_to":"","_links_to_target":""},"product_brand":[114],"product_cat":[16],"product_tag":[],"class_list":{"0":"post-7345","1":"product","2":"type-product","3":"status-publish","4":"has-post-thumbnail","6":"product_brand-tp-link","7":"product_cat-sin-categorizar","9":"first","10":"instock","11":"shipping-taxable","12":"product-type-simple"},"acf":[],"yoast_head":"<!-- This site is optimized with the Yoast SEO plugin v27.3 - https:\/\/yoast.com\/product\/yoast-seo-wordpress\/ -->\n<title>CONVERTIDOR MEDIO 10\/100 1550NM 1310NM TP-LINK<\/title>\n<meta name=\"description\" content=\"En Microlink encuentra el CONVERTIDOR MEDIO 10\/100 SM SC TX 1550NM RX 1310NM 15KM WDM MC111CS TP-LINK cable de cobre 100Base-TX\" \/>\n<meta name=\"robots\" content=\"index, follow, max-snippet:-1, max-image-preview:large, max-video-preview:-1\" \/>\n<link rel=\"canonical\" href=\"https:\/\/microlink.com.co\/en\/product\/mc111cs\/\" \/>\n<meta property=\"og:locale\" content=\"en_US\" \/>\n<meta property=\"og:type\" content=\"article\" \/>\n<meta property=\"og:title\" content=\"CONVERTIDOR MEDIO 10\/100 1550NM 1310NM TP-LINK\" \/>\n<meta property=\"og:description\" content=\"En Microlink encuentra el CONVERTIDOR MEDIO 10\/100 SM SC TX 1550NM RX 1310NM 15KM WDM MC111CS TP-LINK cable de cobre 100Base-TX\" \/>\n<meta property=\"og:url\" content=\"https:\/\/microlink.com.co\/en\/product\/mc111cs\/\" \/>\n<meta property=\"og:site_name\" content=\"Microlink\" \/>\n<meta property=\"article:publisher\" content=\"https:\/\/www.facebook.com\/microlinksas\" \/>\n<meta property=\"article:modified_time\" content=\"2022-11-21T03:39:03+00:00\" \/>\n<meta property=\"og:image\" content=\"https:\/\/microlink.com.co\/wp-content\/uploads\/2022\/03\/MC111CS-img1.jpg\" \/>\n\t<meta property=\"og:image:width\" content=\"960\" \/>\n\t<meta property=\"og:image:height\" content=\"720\" \/>\n\t<meta property=\"og:image:type\" content=\"image\/jpeg\" \/>\n<meta name=\"twitter:card\" content=\"summary_large_image\" \/>\n<meta name=\"twitter:label1\" content=\"Est. reading time\" \/>\n\t<meta name=\"twitter:data1\" content=\"2 minutes\" \/>\n<script type=\"application\/ld+json\" class=\"yoast-schema-graph\">{\"@context\":\"https:\\\/\\\/schema.org\",\"@graph\":[{\"@type\":[\"WebPage\",\"ItemPage\"],\"@id\":\"https:\\\/\\\/microlink.com.co\\\/producto\\\/mc111cs\\\/\",\"url\":\"https:\\\/\\\/microlink.com.co\\\/producto\\\/mc111cs\\\/\",\"name\":\"CONVERTIDOR MEDIO 10\\\/100 1550NM 1310NM TP-LINK\",\"isPartOf\":{\"@id\":\"https:\\\/\\\/microlink.com.co\\\/#website\"},\"primaryImageOfPage\":{\"@id\":\"https:\\\/\\\/microlink.com.co\\\/producto\\\/mc111cs\\\/#primaryimage\"},\"image\":{\"@id\":\"https:\\\/\\\/microlink.com.co\\\/producto\\\/mc111cs\\\/#primaryimage\"},\"thumbnailUrl\":\"https:\\\/\\\/microlink.com.co\\\/wp-content\\\/uploads\\\/2022\\\/03\\\/MC111CS-img1.jpg\",\"datePublished\":\"2022-03-09T23:58:25+00:00\",\"dateModified\":\"2022-11-21T03:39:03+00:00\",\"description\":\"En Microlink encuentra el CONVERTIDOR MEDIO 10\\\/100 SM SC TX 1550NM RX 1310NM 15KM WDM MC111CS TP-LINK cable de cobre 100Base-TX\",\"breadcrumb\":{\"@id\":\"https:\\\/\\\/microlink.com.co\\\/producto\\\/mc111cs\\\/#breadcrumb\"},\"inLanguage\":\"en-US\",\"potentialAction\":[{\"@type\":\"ReadAction\",\"target\":[\"https:\\\/\\\/microlink.com.co\\\/producto\\\/mc111cs\\\/\"]}]},{\"@type\":\"ImageObject\",\"inLanguage\":\"en-US\",\"@id\":\"https:\\\/\\\/microlink.com.co\\\/producto\\\/mc111cs\\\/#primaryimage\",\"url\":\"https:\\\/\\\/microlink.com.co\\\/wp-content\\\/uploads\\\/2022\\\/03\\\/MC111CS-img1.jpg\",\"contentUrl\":\"https:\\\/\\\/microlink.com.co\\\/wp-content\\\/uploads\\\/2022\\\/03\\\/MC111CS-img1.jpg\",\"width\":960,\"height\":720,\"caption\":\"CONVERTIDOR MEDIO 10\\\/100 SM SC TX 1550NM RX 1310NM 15KM WDM MC111CS TP-LINK\"},{\"@type\":\"BreadcrumbList\",\"@id\":\"https:\\\/\\\/microlink.com.co\\\/producto\\\/mc111cs\\\/#breadcrumb\",\"itemListElement\":[{\"@type\":\"ListItem\",\"position\":1,\"name\":\"Inicio\",\"item\":\"https:\\\/\\\/microlink.com.co\\\/\"},{\"@type\":\"ListItem\",\"position\":2,\"name\":\"Productos\",\"item\":\"https:\\\/\\\/microlink.com.co\\\/?page_id=20\"},{\"@type\":\"ListItem\",\"position\":3,\"name\":\"CONVERTIDOR MEDIO 10\\\/100 SM SC TX 1550NM RX 1310NM 15KM WDM\"}]},{\"@type\":\"WebSite\",\"@id\":\"https:\\\/\\\/microlink.com.co\\\/#website\",\"url\":\"https:\\\/\\\/microlink.com.co\\\/\",\"name\":\"Microlink\",\"description\":\"Conectamos con prop\u00f3sito el mercado de las telecomunicaciones a Colombia y la regi\u00f3n a trav\u00e9s de la producci\u00f3n y comercializaci\u00f3n de productos y soluciones de conectividad pasiva y activa.\",\"publisher\":{\"@id\":\"https:\\\/\\\/microlink.com.co\\\/#organization\"},\"alternateName\":\"Microlink S.A.S\",\"potentialAction\":[{\"@type\":\"SearchAction\",\"target\":{\"@type\":\"EntryPoint\",\"urlTemplate\":\"https:\\\/\\\/microlink.com.co\\\/?s={search_term_string}\"},\"query-input\":{\"@type\":\"PropertyValueSpecification\",\"valueRequired\":true,\"valueName\":\"search_term_string\"}}],\"inLanguage\":\"en-US\"},{\"@type\":\"Organization\",\"@id\":\"https:\\\/\\\/microlink.com.co\\\/#organization\",\"name\":\"Microlink SAS\",\"url\":\"https:\\\/\\\/microlink.com.co\\\/\",\"logo\":{\"@type\":\"ImageObject\",\"inLanguage\":\"en-US\",\"@id\":\"https:\\\/\\\/microlink.com.co\\\/#\\\/schema\\\/logo\\\/image\\\/\",\"url\":\"https:\\\/\\\/microlink.com.co\\\/wp-content\\\/uploads\\\/2022\\\/05\\\/Microlink_Logotipo-Horizontal_ColorTagline.png\",\"contentUrl\":\"https:\\\/\\\/microlink.com.co\\\/wp-content\\\/uploads\\\/2022\\\/05\\\/Microlink_Logotipo-Horizontal_ColorTagline.png\",\"width\":793,\"height\":384,\"caption\":\"Microlink SAS\"},\"image\":{\"@id\":\"https:\\\/\\\/microlink.com.co\\\/#\\\/schema\\\/logo\\\/image\\\/\"},\"sameAs\":[\"https:\\\/\\\/www.facebook.com\\\/microlinksas\",\"http:\\\/\\\/linkedin.com\\\/company\\\/microlink-ltd\\\/\",\"http:\\\/\\\/youtube.com\\\/channel\\\/UCTijT7LU-sMetDs7MPFhM7Q\",\"https:\\\/\\\/www.instagram.com\\\/microlinksas\\\/\"]}]}<\/script>\n<!-- \/ Yoast SEO plugin. -->","yoast_head_json":{"title":"CONVERTIDOR MEDIO 10\/100 1550NM 1310NM TP-LINK","description":"En Microlink encuentra el CONVERTIDOR MEDIO 10\/100 SM SC TX 1550NM RX 1310NM 15KM WDM MC111CS TP-LINK cable de cobre 100Base-TX","robots":{"index":"index","follow":"follow","max-snippet":"max-snippet:-1","max-image-preview":"max-image-preview:large","max-video-preview":"max-video-preview:-1"},"canonical":"https:\/\/microlink.com.co\/en\/product\/mc111cs\/","og_locale":"en_US","og_type":"article","og_title":"CONVERTIDOR MEDIO 10\/100 1550NM 1310NM TP-LINK","og_description":"En Microlink encuentra el CONVERTIDOR MEDIO 10\/100 SM SC TX 1550NM RX 1310NM 15KM WDM MC111CS TP-LINK cable de cobre 100Base-TX","og_url":"https:\/\/microlink.com.co\/en\/product\/mc111cs\/","og_site_name":"Microlink","article_publisher":"https:\/\/www.facebook.com\/microlinksas","article_modified_time":"2022-11-21T03:39:03+00:00","og_image":[{"width":960,"height":720,"url":"https:\/\/microlink.com.co\/wp-content\/uploads\/2022\/03\/MC111CS-img1.jpg","type":"image\/jpeg"}],"twitter_card":"summary_large_image","twitter_misc":{"Est. reading time":"2 minutes"},"schema":{"@context":"https:\/\/schema.org","@graph":[{"@type":["WebPage","ItemPage"],"@id":"https:\/\/microlink.com.co\/producto\/mc111cs\/","url":"https:\/\/microlink.com.co\/producto\/mc111cs\/","name":"CONVERTIDOR MEDIO 10\/100 1550NM 1310NM TP-LINK","isPartOf":{"@id":"https:\/\/microlink.com.co\/#website"},"primaryImageOfPage":{"@id":"https:\/\/microlink.com.co\/producto\/mc111cs\/#primaryimage"},"image":{"@id":"https:\/\/microlink.com.co\/producto\/mc111cs\/#primaryimage"},"thumbnailUrl":"https:\/\/microlink.com.co\/wp-content\/uploads\/2022\/03\/MC111CS-img1.jpg","datePublished":"2022-03-09T23:58:25+00:00","dateModified":"2022-11-21T03:39:03+00:00","description":"En Microlink encuentra el CONVERTIDOR MEDIO 10\/100 SM SC TX 1550NM RX 1310NM 15KM WDM MC111CS TP-LINK cable de cobre 100Base-TX","breadcrumb":{"@id":"https:\/\/microlink.com.co\/producto\/mc111cs\/#breadcrumb"},"inLanguage":"en-US","potentialAction":[{"@type":"ReadAction","target":["https:\/\/microlink.com.co\/producto\/mc111cs\/"]}]},{"@type":"ImageObject","inLanguage":"en-US","@id":"https:\/\/microlink.com.co\/producto\/mc111cs\/#primaryimage","url":"https:\/\/microlink.com.co\/wp-content\/uploads\/2022\/03\/MC111CS-img1.jpg","contentUrl":"https:\/\/microlink.com.co\/wp-content\/uploads\/2022\/03\/MC111CS-img1.jpg","width":960,"height":720,"caption":"CONVERTIDOR MEDIO 10\/100 SM SC TX 1550NM RX 1310NM 15KM WDM MC111CS TP-LINK"},{"@type":"BreadcrumbList","@id":"https:\/\/microlink.com.co\/producto\/mc111cs\/#breadcrumb","itemListElement":[{"@type":"ListItem","position":1,"name":"Inicio","item":"https:\/\/microlink.com.co\/"},{"@type":"ListItem","position":2,"name":"Productos","item":"https:\/\/microlink.com.co\/?page_id=20"},{"@type":"ListItem","position":3,"name":"CONVERTIDOR MEDIO 10\/100 SM SC TX 1550NM RX 1310NM 15KM WDM"}]},{"@type":"WebSite","@id":"https:\/\/microlink.com.co\/#website","url":"https:\/\/microlink.com.co\/","name":"micro link","description":"We purposefully connect the telecommunications market to Colombia and the region through the production and marketing of passive and active connectivity products and solutions.","publisher":{"@id":"https:\/\/microlink.com.co\/#organization"},"alternateName":"Microlink S.A.S","potentialAction":[{"@type":"SearchAction","target":{"@type":"EntryPoint","urlTemplate":"https:\/\/microlink.com.co\/?s={search_term_string}"},"query-input":{"@type":"PropertyValueSpecification","valueRequired":true,"valueName":"search_term_string"}}],"inLanguage":"en-US"},{"@type":"Organization","@id":"https:\/\/microlink.com.co\/#organization","name":"Microlink SAS","url":"https:\/\/microlink.com.co\/","logo":{"@type":"ImageObject","inLanguage":"en-US","@id":"https:\/\/microlink.com.co\/#\/schema\/logo\/image\/","url":"https:\/\/microlink.com.co\/wp-content\/uploads\/2022\/05\/Microlink_Logotipo-Horizontal_ColorTagline.png","contentUrl":"https:\/\/microlink.com.co\/wp-content\/uploads\/2022\/05\/Microlink_Logotipo-Horizontal_ColorTagline.png","width":793,"height":384,"caption":"Microlink SAS"},"image":{"@id":"https:\/\/microlink.com.co\/#\/schema\/logo\/image\/"},"sameAs":["https:\/\/www.facebook.com\/microlinksas","http:\/\/linkedin.com\/company\/microlink-ltd\/","http:\/\/youtube.com\/channel\/UCTijT7LU-sMetDs7MPFhM7Q","https:\/\/www.instagram.com\/microlinksas\/"]}]}},"_links":{"self":[{"href":"https:\/\/microlink.com.co\/en\/wp-json\/wp\/v2\/product\/7345","targetHints":{"allow":["GET"]}}],"collection":[{"href":"https:\/\/microlink.com.co\/en\/wp-json\/wp\/v2\/product"}],"about":[{"href":"https:\/\/microlink.com.co\/en\/wp-json\/wp\/v2\/types\/product"}],"replies":[{"embeddable":true,"href":"https:\/\/microlink.com.co\/en\/wp-json\/wp\/v2\/comments?post=7345"}],"wp:featuredmedia":[{"embeddable":true,"href":"https:\/\/microlink.com.co\/en\/wp-json\/wp\/v2\/media\/7344"}],"wp:attachment":[{"href":"https:\/\/microlink.com.co\/en\/wp-json\/wp\/v2\/media?parent=7345"}],"wp:term":[{"taxonomy":"product_brand","embeddable":true,"href":"https:\/\/microlink.com.co\/en\/wp-json\/wp\/v2\/product_brand?post=7345"},{"taxonomy":"product_cat","embeddable":true,"href":"https:\/\/microlink.com.co\/en\/wp-json\/wp\/v2\/product_cat?post=7345"},{"taxonomy":"product_tag","embeddable":true,"href":"https:\/\/microlink.com.co\/en\/wp-json\/wp\/v2\/product_tag?post=7345"}],"curies":[{"name":"wp","href":"https:\/\/api.w.org\/{rel}","templated":true}]}}