{"id":7309,"date":"2022-03-09T18:57:53","date_gmt":"2022-03-09T23:57:53","guid":{"rendered":"https:\/\/microlink.com.co\/\/\/producto\/ij6p-j6p-sftp-1-a\/"},"modified":"2024-12-02T12:22:02","modified_gmt":"2024-12-02T17:22:02","slug":"interfaz-rj45","status":"publish","type":"product","link":"https:\/\/microlink.com.co\/en\/product\/interfaz-rj45\/","title":{"rendered":"INTERFAZ RJ45C6\/PLUG-RJ45C6\/PLUG-SFTP-1M CUBIERTA AZUL\/NEGRO"},"content":{"rendered":"<p><span style=\"color: font-size:15pt; font-family: 'Helvetica Neue',sans-serif; #000000;background-color: transparent; font-weight: 400; font-style: normal; font-variant: normal; text-decoration: none; vertical-align: baseline; white-space: pre-wrap;\"><strong>IJ6P-J6P-SFTP-1-A<\/strong><\/span><\/p>\n<p><span style=\"color: font-size:9.5pt; font-family: 'Helvetica Neue',sans-serif; #000000;background-color: transparent; font-weight: 400; font-style: normal; font-variant: normal; text-decoration: none; vertical-align: baseline; white-space: pre-wrap;\">Interfaz RJ45C6\/PLUG-RJ45C6\/PLUG-SFTP-1M cubierta azul o negro.<\/span><\/p>\n<p>&nbsp;<\/p>","protected":false},"excerpt":{"rendered":"<p>IJ6P-J6P-SFTP-1-A Interfaz RJ45C6\/PLUG-RJ45C6\/PLUG-SFTP-1M cubierta azul o negro. &nbsp;<\/p>","protected":false},"featured_media":12295,"comment_status":"open","ping_status":"closed","template":"","meta":{"_acf_changed":false,"_eb_attr":"","_links_to":"","_links_to_target":""},"product_brand":[111],"product_cat":[31,87,89],"product_tag":[],"class_list":{"0":"post-7309","1":"product","2":"type-product","3":"status-publish","4":"has-post-thumbnail","6":"product_brand-microlink","7":"product_cat-redes-de-cobre","8":"product_cat-ensambles-cables-multipares","9":"product_cat-utp-ftp-sftp-ensambles-cables-multipares","11":"first","12":"instock","13":"shipping-taxable","14":"product-type-simple"},"acf":[],"yoast_head":"<!-- This site is optimized with the Yoast SEO plugin v27.3 - https:\/\/yoast.com\/product\/yoast-seo-wordpress\/ -->\n<title>Microlink - Conectamos con prop\u00f3sito<\/title>\n<meta name=\"description\" content=\"En Microlink | Trabajamos con un amplio portafolio que abarca GPON, fibra \u00f3ptica, redes de cobre, radiofrecuencia, IoT y servicios.\" \/>\n<meta name=\"robots\" content=\"index, follow, max-snippet:-1, max-image-preview:large, max-video-preview:-1\" \/>\n<link rel=\"canonical\" href=\"https:\/\/microlink.co\/producto\/interfaz-rj45\/\" \/>\n<meta property=\"og:locale\" content=\"en_US\" \/>\n<meta property=\"og:type\" content=\"article\" \/>\n<meta property=\"og:title\" content=\"Microlink - Conectamos con prop\u00f3sito\" \/>\n<meta property=\"og:description\" content=\"En Microlink | Trabajamos con un amplio portafolio que abarca GPON, fibra \u00f3ptica, redes de cobre, radiofrecuencia, IoT y servicios.\" \/>\n<meta property=\"og:url\" content=\"https:\/\/microlink.co\/producto\/interfaz-rj45\/\" \/>\n<meta property=\"og:site_name\" content=\"Microlink\" \/>\n<meta property=\"article:publisher\" content=\"https:\/\/www.facebook.com\/microlinksas\" \/>\n<meta property=\"article:modified_time\" content=\"2024-12-02T17:22:02+00:00\" \/>\n<meta property=\"og:image\" content=\"https:\/\/microlink.co\/wp-content\/uploads\/2022\/03\/INTERFAZ-RJ45C6PLUG-RJ45C6PLUG-SFTP-1M-CUBIERTA-AZULNEGRO-1.png\" \/>\n\t<meta property=\"og:image:width\" content=\"500\" \/>\n\t<meta property=\"og:image:height\" content=\"500\" \/>\n\t<meta property=\"og:image:type\" content=\"image\/png\" \/>\n<meta name=\"twitter:card\" content=\"summary_large_image\" \/>\n<meta name=\"twitter:label1\" content=\"Est. reading time\" \/>\n\t<meta name=\"twitter:data1\" content=\"1 minute\" \/>\n<script type=\"application\/ld+json\" class=\"yoast-schema-graph\">{\"@context\":\"https:\\\/\\\/schema.org\",\"@graph\":[{\"@type\":[\"WebPage\",\"ItemPage\"],\"@id\":\"https:\\\/\\\/microlink.co\\\/producto\\\/interfaz-rj45\\\/\",\"url\":\"https:\\\/\\\/microlink.co\\\/producto\\\/interfaz-rj45\\\/\",\"name\":\"Microlink - Conectamos con prop\u00f3sito\",\"isPartOf\":{\"@id\":\"https:\\\/\\\/microlink.com.co\\\/#website\"},\"primaryImageOfPage\":{\"@id\":\"https:\\\/\\\/microlink.co\\\/producto\\\/interfaz-rj45\\\/#primaryimage\"},\"image\":{\"@id\":\"https:\\\/\\\/microlink.co\\\/producto\\\/interfaz-rj45\\\/#primaryimage\"},\"thumbnailUrl\":\"https:\\\/\\\/microlink.com.co\\\/wp-content\\\/uploads\\\/2022\\\/03\\\/INTERFAZ-RJ45C6PLUG-RJ45C6PLUG-SFTP-1M-CUBIERTA-AZULNEGRO-1.png\",\"datePublished\":\"2022-03-09T23:57:53+00:00\",\"dateModified\":\"2024-12-02T17:22:02+00:00\",\"description\":\"En Microlink | Trabajamos con un amplio portafolio que abarca GPON, fibra \u00f3ptica, redes de cobre, radiofrecuencia, IoT y servicios.\",\"breadcrumb\":{\"@id\":\"https:\\\/\\\/microlink.co\\\/producto\\\/interfaz-rj45\\\/#breadcrumb\"},\"inLanguage\":\"en-US\",\"potentialAction\":[{\"@type\":\"ReadAction\",\"target\":[\"https:\\\/\\\/microlink.co\\\/producto\\\/interfaz-rj45\\\/\"]}]},{\"@type\":\"ImageObject\",\"inLanguage\":\"en-US\",\"@id\":\"https:\\\/\\\/microlink.co\\\/producto\\\/interfaz-rj45\\\/#primaryimage\",\"url\":\"https:\\\/\\\/microlink.com.co\\\/wp-content\\\/uploads\\\/2022\\\/03\\\/INTERFAZ-RJ45C6PLUG-RJ45C6PLUG-SFTP-1M-CUBIERTA-AZULNEGRO-1.png\",\"contentUrl\":\"https:\\\/\\\/microlink.com.co\\\/wp-content\\\/uploads\\\/2022\\\/03\\\/INTERFAZ-RJ45C6PLUG-RJ45C6PLUG-SFTP-1M-CUBIERTA-AZULNEGRO-1.png\",\"width\":500,\"height\":500},{\"@type\":\"BreadcrumbList\",\"@id\":\"https:\\\/\\\/microlink.co\\\/producto\\\/interfaz-rj45\\\/#breadcrumb\",\"itemListElement\":[{\"@type\":\"ListItem\",\"position\":1,\"name\":\"Inicio\",\"item\":\"https:\\\/\\\/microlink.com.co\\\/\"},{\"@type\":\"ListItem\",\"position\":2,\"name\":\"Productos\",\"item\":\"https:\\\/\\\/microlink.com.co\\\/?page_id=20\"},{\"@type\":\"ListItem\",\"position\":3,\"name\":\"INTERFAZ RJ45C6\\\/PLUG-RJ45C6\\\/PLUG-SFTP-1M CUBIERTA AZUL\\\/NEGRO\"}]},{\"@type\":\"WebSite\",\"@id\":\"https:\\\/\\\/microlink.com.co\\\/#website\",\"url\":\"https:\\\/\\\/microlink.com.co\\\/\",\"name\":\"Microlink\",\"description\":\"Conectamos con prop\u00f3sito el mercado de las telecomunicaciones a Colombia y la regi\u00f3n a trav\u00e9s de la producci\u00f3n y comercializaci\u00f3n de productos y soluciones de conectividad pasiva y activa.\",\"publisher\":{\"@id\":\"https:\\\/\\\/microlink.com.co\\\/#organization\"},\"alternateName\":\"Microlink S.A.S\",\"potentialAction\":[{\"@type\":\"SearchAction\",\"target\":{\"@type\":\"EntryPoint\",\"urlTemplate\":\"https:\\\/\\\/microlink.com.co\\\/?s={search_term_string}\"},\"query-input\":{\"@type\":\"PropertyValueSpecification\",\"valueRequired\":true,\"valueName\":\"search_term_string\"}}],\"inLanguage\":\"en-US\"},{\"@type\":\"Organization\",\"@id\":\"https:\\\/\\\/microlink.com.co\\\/#organization\",\"name\":\"Microlink SAS\",\"url\":\"https:\\\/\\\/microlink.com.co\\\/\",\"logo\":{\"@type\":\"ImageObject\",\"inLanguage\":\"en-US\",\"@id\":\"https:\\\/\\\/microlink.com.co\\\/#\\\/schema\\\/logo\\\/image\\\/\",\"url\":\"https:\\\/\\\/microlink.com.co\\\/wp-content\\\/uploads\\\/2022\\\/05\\\/Microlink_Logotipo-Horizontal_ColorTagline.png\",\"contentUrl\":\"https:\\\/\\\/microlink.com.co\\\/wp-content\\\/uploads\\\/2022\\\/05\\\/Microlink_Logotipo-Horizontal_ColorTagline.png\",\"width\":793,\"height\":384,\"caption\":\"Microlink SAS\"},\"image\":{\"@id\":\"https:\\\/\\\/microlink.com.co\\\/#\\\/schema\\\/logo\\\/image\\\/\"},\"sameAs\":[\"https:\\\/\\\/www.facebook.com\\\/microlinksas\",\"http:\\\/\\\/linkedin.com\\\/company\\\/microlink-ltd\\\/\",\"http:\\\/\\\/youtube.com\\\/channel\\\/UCTijT7LU-sMetDs7MPFhM7Q\",\"https:\\\/\\\/www.instagram.com\\\/microlinksas\\\/\"]}]}<\/script>\n<!-- \/ Yoast SEO plugin. -->","yoast_head_json":{"title":"Microlink - Conectamos con prop\u00f3sito","description":"En Microlink | Trabajamos con un amplio portafolio que abarca GPON, fibra \u00f3ptica, redes de cobre, radiofrecuencia, IoT y servicios.","robots":{"index":"index","follow":"follow","max-snippet":"max-snippet:-1","max-image-preview":"max-image-preview:large","max-video-preview":"max-video-preview:-1"},"canonical":"https:\/\/microlink.co\/producto\/interfaz-rj45\/","og_locale":"en_US","og_type":"article","og_title":"Microlink - Conectamos con prop\u00f3sito","og_description":"En Microlink | Trabajamos con un amplio portafolio que abarca GPON, fibra \u00f3ptica, redes de cobre, radiofrecuencia, IoT y servicios.","og_url":"https:\/\/microlink.co\/producto\/interfaz-rj45\/","og_site_name":"Microlink","article_publisher":"https:\/\/www.facebook.com\/microlinksas","article_modified_time":"2024-12-02T17:22:02+00:00","og_image":[{"width":500,"height":500,"url":"https:\/\/microlink.co\/wp-content\/uploads\/2022\/03\/INTERFAZ-RJ45C6PLUG-RJ45C6PLUG-SFTP-1M-CUBIERTA-AZULNEGRO-1.png","type":"image\/png"}],"twitter_card":"summary_large_image","twitter_misc":{"Est. reading time":"1 minute"},"schema":{"@context":"https:\/\/schema.org","@graph":[{"@type":["WebPage","ItemPage"],"@id":"https:\/\/microlink.co\/producto\/interfaz-rj45\/","url":"https:\/\/microlink.co\/producto\/interfaz-rj45\/","name":"Microlink - Conectamos con prop\u00f3sito","isPartOf":{"@id":"https:\/\/microlink.com.co\/#website"},"primaryImageOfPage":{"@id":"https:\/\/microlink.co\/producto\/interfaz-rj45\/#primaryimage"},"image":{"@id":"https:\/\/microlink.co\/producto\/interfaz-rj45\/#primaryimage"},"thumbnailUrl":"https:\/\/microlink.com.co\/wp-content\/uploads\/2022\/03\/INTERFAZ-RJ45C6PLUG-RJ45C6PLUG-SFTP-1M-CUBIERTA-AZULNEGRO-1.png","datePublished":"2022-03-09T23:57:53+00:00","dateModified":"2024-12-02T17:22:02+00:00","description":"En Microlink | Trabajamos con un amplio portafolio que abarca GPON, fibra \u00f3ptica, redes de cobre, radiofrecuencia, IoT y servicios.","breadcrumb":{"@id":"https:\/\/microlink.co\/producto\/interfaz-rj45\/#breadcrumb"},"inLanguage":"en-US","potentialAction":[{"@type":"ReadAction","target":["https:\/\/microlink.co\/producto\/interfaz-rj45\/"]}]},{"@type":"ImageObject","inLanguage":"en-US","@id":"https:\/\/microlink.co\/producto\/interfaz-rj45\/#primaryimage","url":"https:\/\/microlink.com.co\/wp-content\/uploads\/2022\/03\/INTERFAZ-RJ45C6PLUG-RJ45C6PLUG-SFTP-1M-CUBIERTA-AZULNEGRO-1.png","contentUrl":"https:\/\/microlink.com.co\/wp-content\/uploads\/2022\/03\/INTERFAZ-RJ45C6PLUG-RJ45C6PLUG-SFTP-1M-CUBIERTA-AZULNEGRO-1.png","width":500,"height":500},{"@type":"BreadcrumbList","@id":"https:\/\/microlink.co\/producto\/interfaz-rj45\/#breadcrumb","itemListElement":[{"@type":"ListItem","position":1,"name":"Inicio","item":"https:\/\/microlink.com.co\/"},{"@type":"ListItem","position":2,"name":"Productos","item":"https:\/\/microlink.com.co\/?page_id=20"},{"@type":"ListItem","position":3,"name":"INTERFAZ RJ45C6\/PLUG-RJ45C6\/PLUG-SFTP-1M CUBIERTA AZUL\/NEGRO"}]},{"@type":"WebSite","@id":"https:\/\/microlink.com.co\/#website","url":"https:\/\/microlink.com.co\/","name":"micro link","description":"We purposefully connect the telecommunications market to Colombia and the region through the production and marketing of passive and active connectivity products and solutions.","publisher":{"@id":"https:\/\/microlink.com.co\/#organization"},"alternateName":"Microlink S.A.S","potentialAction":[{"@type":"SearchAction","target":{"@type":"EntryPoint","urlTemplate":"https:\/\/microlink.com.co\/?s={search_term_string}"},"query-input":{"@type":"PropertyValueSpecification","valueRequired":true,"valueName":"search_term_string"}}],"inLanguage":"en-US"},{"@type":"Organization","@id":"https:\/\/microlink.com.co\/#organization","name":"Microlink SAS","url":"https:\/\/microlink.com.co\/","logo":{"@type":"ImageObject","inLanguage":"en-US","@id":"https:\/\/microlink.com.co\/#\/schema\/logo\/image\/","url":"https:\/\/microlink.com.co\/wp-content\/uploads\/2022\/05\/Microlink_Logotipo-Horizontal_ColorTagline.png","contentUrl":"https:\/\/microlink.com.co\/wp-content\/uploads\/2022\/05\/Microlink_Logotipo-Horizontal_ColorTagline.png","width":793,"height":384,"caption":"Microlink SAS"},"image":{"@id":"https:\/\/microlink.com.co\/#\/schema\/logo\/image\/"},"sameAs":["https:\/\/www.facebook.com\/microlinksas","http:\/\/linkedin.com\/company\/microlink-ltd\/","http:\/\/youtube.com\/channel\/UCTijT7LU-sMetDs7MPFhM7Q","https:\/\/www.instagram.com\/microlinksas\/"]}]}},"_links":{"self":[{"href":"https:\/\/microlink.com.co\/en\/wp-json\/wp\/v2\/product\/7309","targetHints":{"allow":["GET"]}}],"collection":[{"href":"https:\/\/microlink.com.co\/en\/wp-json\/wp\/v2\/product"}],"about":[{"href":"https:\/\/microlink.com.co\/en\/wp-json\/wp\/v2\/types\/product"}],"replies":[{"embeddable":true,"href":"https:\/\/microlink.com.co\/en\/wp-json\/wp\/v2\/comments?post=7309"}],"wp:featuredmedia":[{"embeddable":true,"href":"https:\/\/microlink.com.co\/en\/wp-json\/wp\/v2\/media\/12295"}],"wp:attachment":[{"href":"https:\/\/microlink.com.co\/en\/wp-json\/wp\/v2\/media?parent=7309"}],"wp:term":[{"taxonomy":"product_brand","embeddable":true,"href":"https:\/\/microlink.com.co\/en\/wp-json\/wp\/v2\/product_brand?post=7309"},{"taxonomy":"product_cat","embeddable":true,"href":"https:\/\/microlink.com.co\/en\/wp-json\/wp\/v2\/product_cat?post=7309"},{"taxonomy":"product_tag","embeddable":true,"href":"https:\/\/microlink.com.co\/en\/wp-json\/wp\/v2\/product_tag?post=7309"}],"curies":[{"name":"wp","href":"https:\/\/api.w.org\/{rel}","templated":true}]}}