{"id":7264,"date":"2022-03-09T18:57:37","date_gmt":"2022-03-09T23:57:37","guid":{"rendered":"https:\/\/microlink.com.co\/\/\/producto\/archer-c20w\/"},"modified":"2022-11-24T14:33:23","modified_gmt":"2022-11-24T19:33:23","slug":"archer-c20w","status":"publish","type":"product","link":"https:\/\/microlink.com.co\/en\/product\/archer-c20w\/","title":{"rendered":"AC750 DUAL BAND WIRELESS ROUTER"},"content":{"rendered":"<p><span style=\"color: font-size:10pt; font-family: 'Helvetica Neue',sans-serif; #32343a;background-color: #ffffff; font-weight: bold; font-style: normal; font-variant: normal; text-decoration: none; vertical-align: baseline; white-space: pre-wrap;\"><strong>TP-LINK AC750 ARCHER C20W DUAL BAND WIRELESS ROUTER<\/strong><\/span><\/p>\n<p><span style=\"color: font-size:10pt; font-family: 'Helvetica Neue',sans-serif; #32343a;background-color: #ffffff; font-weight: 400; font-style: normal; font-variant: normal; text-decoration: none; vertical-align: baseline; white-space: pre-wrap;\">TP-Link Archer C20 comes with the next generation Wi-Fi standard \u2013 802.11ac, backwards compatible with 802.11n and 3 times faster than wireless N speeds. With greater energy efficiency and robust security, 802.11ac it&#039;s the perfect way to speed up a home media network and solve the congestion that multiple devices can cause.<\/span><\/p>\n<p><span style=\"color: font-size:10pt; font-family: 'Helvetica Neue',sans-serif; #32343a;background-color: #ffffff; font-weight: 400; font-style: normal; font-variant: normal; text-decoration: none; vertical-align: baseline; white-space: pre-wrap;\">Supports 802.11ac standard \u2013 next generation of Wi-Fi<\/span><\/p>\n<p><span style=\"color: font-size:10pt; font-family: 'Helvetica Neue',sans-serif; #32343a;background-color: #ffffff; font-weight: 400; font-style: normal; font-variant: normal; text-decoration: none; vertical-align: baseline; white-space: pre-wrap;\">Simultaneous 2.4GHz 300Mbps and 5GHz 433Mbps connections for 733Mbps of total available bandwidth<\/span><\/p>\n<p><span style=\"color: font-size:10pt; font-family: 'Helvetica Neue',sans-serif; #32343a;background-color: #ffffff; font-weight: 400; font-style: normal; font-variant: normal; text-decoration: none; vertical-align: baseline; white-space: pre-wrap;\">3 external antennas provide a stable omnidirectional signal and superior wireless coverage<\/span><\/p>","protected":false},"excerpt":{"rendered":"<p>ARCHER C20W TP-LINK AC750 DUAL BAND WIRELESS ROUTER TP-Link&#039;s Archer C20 comes with the next generation Wi-Fi standard \u2013 802.11ac, backward compatible with 802.11n and 3 times faster than wireless N speeds. Greater energy efficiency and robust security, 802.11ac is the perfect way to speed up a [\u2026]<\/p>","protected":false},"featured_media":7117,"comment_status":"open","ping_status":"closed","template":"","meta":{"_acf_changed":false,"_eb_attr":"","_links_to":"","_links_to_target":""},"product_brand":[114],"product_cat":[29,37],"product_tag":[],"class_list":{"0":"post-7264","1":"product","2":"type-product","3":"status-publish","4":"has-post-thumbnail","6":"product_brand-tp-link","7":"product_cat-gpon","8":"product_cat-routers","10":"first","11":"instock","12":"shipping-taxable","13":"product-type-simple"},"acf":[],"yoast_head":"<!-- This site is optimized with the Yoast SEO plugin v27.3 - https:\/\/yoast.com\/product\/yoast-seo-wordpress\/ -->\n<title>ROUTER INAL\u00c1MBRICO BANDA DUAL AC750 C20W TP-LINK<\/title>\n<meta name=\"description\" content=\"En Microlink tenemos el ROUTER INAL\u00c1MBRICO BANDA DUAL AC750 ARCHER C20W TP-LINK, 2.4 GHz a\u00a0300 Mbps y 5 GHz 433Mbps para 733Mbps de banda ancha, 802.11ac\" \/>\n<meta name=\"robots\" content=\"index, follow, max-snippet:-1, max-image-preview:large, max-video-preview:-1\" \/>\n<link rel=\"canonical\" href=\"https:\/\/microlink.co\/producto\/archer-c20w\/\" \/>\n<meta property=\"og:locale\" content=\"en_US\" \/>\n<meta property=\"og:type\" content=\"article\" \/>\n<meta property=\"og:title\" content=\"ROUTER INAL\u00c1MBRICO BANDA DUAL AC750 C20W TP-LINK\" \/>\n<meta property=\"og:description\" content=\"En Microlink tenemos el ROUTER INAL\u00c1MBRICO BANDA DUAL AC750 ARCHER C20W TP-LINK, 2.4 GHz a\u00a0300 Mbps y 5 GHz 433Mbps para 733Mbps de banda ancha, 802.11ac\" \/>\n<meta property=\"og:url\" content=\"https:\/\/microlink.co\/producto\/archer-c20w\/\" \/>\n<meta property=\"og:site_name\" content=\"Microlink\" \/>\n<meta property=\"article:publisher\" content=\"https:\/\/www.facebook.com\/microlinksas\" \/>\n<meta property=\"article:modified_time\" content=\"2022-11-24T19:33:23+00:00\" \/>\n<meta property=\"og:image\" content=\"https:\/\/microlink.co\/wp-content\/uploads\/2022\/03\/ARCHER-C20W-img1.jpg\" \/>\n\t<meta property=\"og:image:width\" content=\"1200\" \/>\n\t<meta property=\"og:image:height\" content=\"1082\" \/>\n\t<meta property=\"og:image:type\" content=\"image\/jpeg\" \/>\n<meta name=\"twitter:card\" content=\"summary_large_image\" \/>\n<meta name=\"twitter:label1\" content=\"Est. reading time\" \/>\n\t<meta name=\"twitter:data1\" content=\"1 minute\" \/>\n<script type=\"application\/ld+json\" class=\"yoast-schema-graph\">{\"@context\":\"https:\\\/\\\/schema.org\",\"@graph\":[{\"@type\":[\"WebPage\",\"ItemPage\"],\"@id\":\"https:\\\/\\\/microlink.co\\\/producto\\\/archer-c20w\\\/\",\"url\":\"https:\\\/\\\/microlink.co\\\/producto\\\/archer-c20w\\\/\",\"name\":\"ROUTER INAL\u00c1MBRICO BANDA DUAL AC750 C20W TP-LINK\",\"isPartOf\":{\"@id\":\"https:\\\/\\\/microlink.com.co\\\/#website\"},\"primaryImageOfPage\":{\"@id\":\"https:\\\/\\\/microlink.co\\\/producto\\\/archer-c20w\\\/#primaryimage\"},\"image\":{\"@id\":\"https:\\\/\\\/microlink.co\\\/producto\\\/archer-c20w\\\/#primaryimage\"},\"thumbnailUrl\":\"https:\\\/\\\/microlink.com.co\\\/wp-content\\\/uploads\\\/2022\\\/03\\\/ARCHER-C20W-img1.jpg\",\"datePublished\":\"2022-03-09T23:57:37+00:00\",\"dateModified\":\"2022-11-24T19:33:23+00:00\",\"description\":\"En Microlink tenemos el ROUTER INAL\u00c1MBRICO BANDA DUAL AC750 ARCHER C20W TP-LINK, 2.4 GHz a\u00a0300 Mbps y 5 GHz 433Mbps para 733Mbps de banda ancha, 802.11ac\",\"breadcrumb\":{\"@id\":\"https:\\\/\\\/microlink.co\\\/producto\\\/archer-c20w\\\/#breadcrumb\"},\"inLanguage\":\"en-US\",\"potentialAction\":[{\"@type\":\"ReadAction\",\"target\":[\"https:\\\/\\\/microlink.co\\\/producto\\\/archer-c20w\\\/\"]}]},{\"@type\":\"ImageObject\",\"inLanguage\":\"en-US\",\"@id\":\"https:\\\/\\\/microlink.co\\\/producto\\\/archer-c20w\\\/#primaryimage\",\"url\":\"https:\\\/\\\/microlink.com.co\\\/wp-content\\\/uploads\\\/2022\\\/03\\\/ARCHER-C20W-img1.jpg\",\"contentUrl\":\"https:\\\/\\\/microlink.com.co\\\/wp-content\\\/uploads\\\/2022\\\/03\\\/ARCHER-C20W-img1.jpg\",\"width\":1200,\"height\":1082,\"caption\":\"ROUTER INAL\u00c1MBRICO BANDA DUAL AC750 ARCHER C20W TP-LINK\"},{\"@type\":\"BreadcrumbList\",\"@id\":\"https:\\\/\\\/microlink.co\\\/producto\\\/archer-c20w\\\/#breadcrumb\",\"itemListElement\":[{\"@type\":\"ListItem\",\"position\":1,\"name\":\"Inicio\",\"item\":\"https:\\\/\\\/microlink.com.co\\\/\"},{\"@type\":\"ListItem\",\"position\":2,\"name\":\"Productos\",\"item\":\"https:\\\/\\\/microlink.com.co\\\/?page_id=20\"},{\"@type\":\"ListItem\",\"position\":3,\"name\":\"ROUTER INAL\u00c1MBRICO BANDA DUAL AC750\"}]},{\"@type\":\"WebSite\",\"@id\":\"https:\\\/\\\/microlink.com.co\\\/#website\",\"url\":\"https:\\\/\\\/microlink.com.co\\\/\",\"name\":\"Microlink\",\"description\":\"Conectamos con prop\u00f3sito el mercado de las telecomunicaciones a Colombia y la regi\u00f3n a trav\u00e9s de la producci\u00f3n y comercializaci\u00f3n de productos y soluciones de conectividad pasiva y activa.\",\"publisher\":{\"@id\":\"https:\\\/\\\/microlink.com.co\\\/#organization\"},\"alternateName\":\"Microlink S.A.S\",\"potentialAction\":[{\"@type\":\"SearchAction\",\"target\":{\"@type\":\"EntryPoint\",\"urlTemplate\":\"https:\\\/\\\/microlink.com.co\\\/?s={search_term_string}\"},\"query-input\":{\"@type\":\"PropertyValueSpecification\",\"valueRequired\":true,\"valueName\":\"search_term_string\"}}],\"inLanguage\":\"en-US\"},{\"@type\":\"Organization\",\"@id\":\"https:\\\/\\\/microlink.com.co\\\/#organization\",\"name\":\"Microlink SAS\",\"url\":\"https:\\\/\\\/microlink.com.co\\\/\",\"logo\":{\"@type\":\"ImageObject\",\"inLanguage\":\"en-US\",\"@id\":\"https:\\\/\\\/microlink.com.co\\\/#\\\/schema\\\/logo\\\/image\\\/\",\"url\":\"https:\\\/\\\/microlink.com.co\\\/wp-content\\\/uploads\\\/2022\\\/05\\\/Microlink_Logotipo-Horizontal_ColorTagline.png\",\"contentUrl\":\"https:\\\/\\\/microlink.com.co\\\/wp-content\\\/uploads\\\/2022\\\/05\\\/Microlink_Logotipo-Horizontal_ColorTagline.png\",\"width\":793,\"height\":384,\"caption\":\"Microlink SAS\"},\"image\":{\"@id\":\"https:\\\/\\\/microlink.com.co\\\/#\\\/schema\\\/logo\\\/image\\\/\"},\"sameAs\":[\"https:\\\/\\\/www.facebook.com\\\/microlinksas\",\"http:\\\/\\\/linkedin.com\\\/company\\\/microlink-ltd\\\/\",\"http:\\\/\\\/youtube.com\\\/channel\\\/UCTijT7LU-sMetDs7MPFhM7Q\",\"https:\\\/\\\/www.instagram.com\\\/microlinksas\\\/\"]}]}<\/script>\n<!-- \/ Yoast SEO plugin. -->","yoast_head_json":{"title":"ROUTER INAL\u00c1MBRICO BANDA DUAL AC750 C20W TP-LINK","description":"En Microlink tenemos el ROUTER INAL\u00c1MBRICO BANDA DUAL AC750 ARCHER C20W TP-LINK, 2.4 GHz a\u00a0300 Mbps y 5 GHz 433Mbps para 733Mbps de banda ancha, 802.11ac","robots":{"index":"index","follow":"follow","max-snippet":"max-snippet:-1","max-image-preview":"max-image-preview:large","max-video-preview":"max-video-preview:-1"},"canonical":"https:\/\/microlink.co\/producto\/archer-c20w\/","og_locale":"en_US","og_type":"article","og_title":"ROUTER INAL\u00c1MBRICO BANDA DUAL AC750 C20W TP-LINK","og_description":"En Microlink tenemos el ROUTER INAL\u00c1MBRICO BANDA DUAL AC750 ARCHER C20W TP-LINK, 2.4 GHz a\u00a0300 Mbps y 5 GHz 433Mbps para 733Mbps de banda ancha, 802.11ac","og_url":"https:\/\/microlink.co\/producto\/archer-c20w\/","og_site_name":"Microlink","article_publisher":"https:\/\/www.facebook.com\/microlinksas","article_modified_time":"2022-11-24T19:33:23+00:00","og_image":[{"width":1200,"height":1082,"url":"https:\/\/microlink.co\/wp-content\/uploads\/2022\/03\/ARCHER-C20W-img1.jpg","type":"image\/jpeg"}],"twitter_card":"summary_large_image","twitter_misc":{"Est. reading time":"1 minute"},"schema":{"@context":"https:\/\/schema.org","@graph":[{"@type":["WebPage","ItemPage"],"@id":"https:\/\/microlink.co\/producto\/archer-c20w\/","url":"https:\/\/microlink.co\/producto\/archer-c20w\/","name":"ROUTER INAL\u00c1MBRICO BANDA DUAL AC750 C20W TP-LINK","isPartOf":{"@id":"https:\/\/microlink.com.co\/#website"},"primaryImageOfPage":{"@id":"https:\/\/microlink.co\/producto\/archer-c20w\/#primaryimage"},"image":{"@id":"https:\/\/microlink.co\/producto\/archer-c20w\/#primaryimage"},"thumbnailUrl":"https:\/\/microlink.com.co\/wp-content\/uploads\/2022\/03\/ARCHER-C20W-img1.jpg","datePublished":"2022-03-09T23:57:37+00:00","dateModified":"2022-11-24T19:33:23+00:00","description":"En Microlink tenemos el ROUTER INAL\u00c1MBRICO BANDA DUAL AC750 ARCHER C20W TP-LINK, 2.4 GHz a\u00a0300 Mbps y 5 GHz 433Mbps para 733Mbps de banda ancha, 802.11ac","breadcrumb":{"@id":"https:\/\/microlink.co\/producto\/archer-c20w\/#breadcrumb"},"inLanguage":"en-US","potentialAction":[{"@type":"ReadAction","target":["https:\/\/microlink.co\/producto\/archer-c20w\/"]}]},{"@type":"ImageObject","inLanguage":"en-US","@id":"https:\/\/microlink.co\/producto\/archer-c20w\/#primaryimage","url":"https:\/\/microlink.com.co\/wp-content\/uploads\/2022\/03\/ARCHER-C20W-img1.jpg","contentUrl":"https:\/\/microlink.com.co\/wp-content\/uploads\/2022\/03\/ARCHER-C20W-img1.jpg","width":1200,"height":1082,"caption":"ROUTER INAL\u00c1MBRICO BANDA DUAL AC750 ARCHER C20W TP-LINK"},{"@type":"BreadcrumbList","@id":"https:\/\/microlink.co\/producto\/archer-c20w\/#breadcrumb","itemListElement":[{"@type":"ListItem","position":1,"name":"Inicio","item":"https:\/\/microlink.com.co\/"},{"@type":"ListItem","position":2,"name":"Productos","item":"https:\/\/microlink.com.co\/?page_id=20"},{"@type":"ListItem","position":3,"name":"ROUTER INAL\u00c1MBRICO BANDA DUAL AC750"}]},{"@type":"WebSite","@id":"https:\/\/microlink.com.co\/#website","url":"https:\/\/microlink.com.co\/","name":"micro link","description":"We purposefully connect the telecommunications market to Colombia and the region through the production and marketing of passive and active connectivity products and solutions.","publisher":{"@id":"https:\/\/microlink.com.co\/#organization"},"alternateName":"Microlink S.A.S","potentialAction":[{"@type":"SearchAction","target":{"@type":"EntryPoint","urlTemplate":"https:\/\/microlink.com.co\/?s={search_term_string}"},"query-input":{"@type":"PropertyValueSpecification","valueRequired":true,"valueName":"search_term_string"}}],"inLanguage":"en-US"},{"@type":"Organization","@id":"https:\/\/microlink.com.co\/#organization","name":"Microlink SAS","url":"https:\/\/microlink.com.co\/","logo":{"@type":"ImageObject","inLanguage":"en-US","@id":"https:\/\/microlink.com.co\/#\/schema\/logo\/image\/","url":"https:\/\/microlink.com.co\/wp-content\/uploads\/2022\/05\/Microlink_Logotipo-Horizontal_ColorTagline.png","contentUrl":"https:\/\/microlink.com.co\/wp-content\/uploads\/2022\/05\/Microlink_Logotipo-Horizontal_ColorTagline.png","width":793,"height":384,"caption":"Microlink SAS"},"image":{"@id":"https:\/\/microlink.com.co\/#\/schema\/logo\/image\/"},"sameAs":["https:\/\/www.facebook.com\/microlinksas","http:\/\/linkedin.com\/company\/microlink-ltd\/","http:\/\/youtube.com\/channel\/UCTijT7LU-sMetDs7MPFhM7Q","https:\/\/www.instagram.com\/microlinksas\/"]}]}},"_links":{"self":[{"href":"https:\/\/microlink.com.co\/en\/wp-json\/wp\/v2\/product\/7264","targetHints":{"allow":["GET"]}}],"collection":[{"href":"https:\/\/microlink.com.co\/en\/wp-json\/wp\/v2\/product"}],"about":[{"href":"https:\/\/microlink.com.co\/en\/wp-json\/wp\/v2\/types\/product"}],"replies":[{"embeddable":true,"href":"https:\/\/microlink.com.co\/en\/wp-json\/wp\/v2\/comments?post=7264"}],"wp:featuredmedia":[{"embeddable":true,"href":"https:\/\/microlink.com.co\/en\/wp-json\/wp\/v2\/media\/7117"}],"wp:attachment":[{"href":"https:\/\/microlink.com.co\/en\/wp-json\/wp\/v2\/media?parent=7264"}],"wp:term":[{"taxonomy":"product_brand","embeddable":true,"href":"https:\/\/microlink.com.co\/en\/wp-json\/wp\/v2\/product_brand?post=7264"},{"taxonomy":"product_cat","embeddable":true,"href":"https:\/\/microlink.com.co\/en\/wp-json\/wp\/v2\/product_cat?post=7264"},{"taxonomy":"product_tag","embeddable":true,"href":"https:\/\/microlink.com.co\/en\/wp-json\/wp\/v2\/product_tag?post=7264"}],"curies":[{"name":"wp","href":"https:\/\/api.w.org\/{rel}","templated":true}]}}