{"id":7254,"date":"2022-03-09T18:57:31","date_gmt":"2022-03-09T23:57:31","guid":{"rendered":"https:\/\/microlink.com.co\/\/\/producto\/eap225\/"},"modified":"2022-11-24T14:51:18","modified_gmt":"2022-11-24T19:51:18","slug":"eap225","status":"publish","type":"product","link":"https:\/\/microlink.com.co\/en\/product\/eap225\/","title":{"rendered":"ACCESS POINT GIGABIT WIRELESS CEILING MOUNT MU-MIMO WITH 450MBPS ON 2.4GHZ WITH 867MBPS ON 5GHZ"},"content":{"rendered":"<p><span style=\"color: font-size:11pt; font-family: 'Helvetica Neue',sans-serif; #000000;background-color: transparent; font-weight: bold; font-style: normal; font-variant: normal; text-decoration: none; vertical-align: baseline; white-space: pre-wrap;\"><strong>ACCESS POINT GIGABIT WIRELESS MU-MIMO WITH CEILING MOUNT WITH 450MBPS IN 2.4GHZ WITH 867MBPS IN 5GHZ EAP255-INDOOR TP-LINK<\/strong><\/span><\/p>\n<p><span style=\"color: font-size:11pt; font-family: 'Helvetica Neue',sans-serif; #000000;background-color: transparent; font-weight: 400; font-style: normal; font-variant: normal; text-decoration: none; vertical-align: baseline; white-space: pre-wrap;\">Easy-Mount Design<\/span><\/p>\n<p><span style=\"color: font-size:11pt; font-family: 'Helvetica Neue',sans-serif; #000000;background-color: transparent; font-weight: 300; font-style: normal; font-variant: normal; text-decoration: none; vertical-align: baseline; white-space: pre-wrap;\">The Ceiling Mount EAP&#039;s elegant appearance and easy-mount design promote fast installation on any wall or ceiling surface, and allow it to blend seamlessly with most interior decorating styles. The slimline, inconspicuous Wall Plate EAP can be easily installed into any standard EU\/US wall junction box and 86 mm wall junction box.<\/span><\/p>\n<p><span style=\"color: font-size:11pt; font-family: 'Helvetica Neue',sans-serif; #000000;background-color: transparent; font-weight: 400; font-style: normal; font-variant: normal; text-decoration: none; vertical-align: baseline; white-space: pre-wrap;\">Mesh<\/span><\/p>\n<p><span style=\"color: font-size:11pt; font-family: 'Helvetica Neue',sans-serif; #000000;background-color: transparent; font-weight: 300; font-style: normal; font-variant: normal; text-decoration: none; vertical-align: baseline; white-space: pre-wrap;\">Omada Mesh technology enables wireless connectivity between access points for extended range, making wireless deployments more flexible and convenient.<\/span><\/p>\n<p><span style=\"color: font-size:11pt; font-family: 'Helvetica Neue',sans-serif; #000000;background-color: transparent; font-weight: 400; font-style: normal; font-variant: normal; text-decoration: none; vertical-align: baseline; white-space: pre-wrap;\">EAP Product Features<\/span><\/p>\n<p><span style=\"color: font-size:11pt; font-family: 'Helvetica Neue',sans-serif; #000000;background-color: transparent; font-weight: 300; font-style: normal; font-variant: normal; text-decoration: none; vertical-align: baseline; white-space: pre-wrap;\">Seamless Roaming 802.11k and 802.11v seamless roaming provide seamless switching to the access point with optimal signal when moving between APs.<\/span><\/p>\n<p><span style=\"color: font-size:11pt; font-family: 'Helvetica Neue',sans-serif; #000000;background-color: transparent; font-weight: 400; font-style: normal; font-variant: normal; text-decoration: none; vertical-align: baseline; white-space: pre-wrap;\">Easy Centralized Management<\/span><\/p>\n<p><span style=\"color: font-size:11pt; font-family: 'Helvetica Neue',sans-serif; #000000;background-color: transparent; font-weight: 300; font-style: normal; font-variant: normal; text-decoration: none; vertical-align: baseline; white-space: pre-wrap;\">Configure and monitor hundreds of Omada EAPs with ease using the Omada software controller.<\/span><\/p>","protected":false},"excerpt":{"rendered":"<p>ACCESS POINT GIGABIT WIRELESS MU-MIMO WITH CEILING MOUNT WITH 450MBPS IN 2.4GHZ WITH 867MBPS IN 5GHZ EAP255-INDOOR TP-LINK Easy-Mount Design The Ceiling Mount EAP&#039;s elegant appearance and easy-mount design promote fast installation on any wall or ceiling surface , and allow it to blend seamlessly with most interior decorating styles. The slimline, inconspicuous Wall [\u2026]<\/p>","protected":false},"featured_media":7097,"comment_status":"open","ping_status":"closed","template":"","meta":{"_acf_changed":false,"_eb_attr":"","_links_to":"","_links_to_target":""},"product_brand":[114],"product_cat":[29,38],"product_tag":[],"class_list":{"0":"post-7254","1":"product","2":"type-product","3":"status-publish","4":"has-post-thumbnail","6":"product_brand-tp-link","7":"product_cat-gpon","8":"product_cat-wifi","10":"first","11":"instock","12":"shipping-taxable","13":"product-type-simple"},"acf":[],"yoast_head":"<!-- This site is optimized with the Yoast SEO plugin v27.3 - https:\/\/yoast.com\/product\/yoast-seo-wordpress\/ -->\n<title>ACCESS POINT GIGABIT INALAMBRICO TP-LINK - Microlink<\/title>\n<meta name=\"description\" content=\"En Microlink encuentra el ACCESS POINT GIGABIT INAL\u00c1MBRICO MU-MIMO CON MONTAJE EN TECHO CON 450MBPS EN 2.4GHZ CON 867MBPS 5GHZ EAP255-INDOOR TP-LINK Bogot\u00e1\" \/>\n<meta name=\"robots\" content=\"index, follow, max-snippet:-1, max-image-preview:large, max-video-preview:-1\" \/>\n<link rel=\"canonical\" href=\"https:\/\/microlink.co\/producto\/eap225\/\" \/>\n<meta property=\"og:locale\" content=\"en_US\" \/>\n<meta property=\"og:type\" content=\"article\" \/>\n<meta property=\"og:title\" content=\"ACCESS POINT GIGABIT INALAMBRICO TP-LINK - Microlink\" \/>\n<meta property=\"og:description\" content=\"En Microlink encuentra el ACCESS POINT GIGABIT INAL\u00c1MBRICO MU-MIMO CON MONTAJE EN TECHO CON 450MBPS EN 2.4GHZ CON 867MBPS 5GHZ EAP255-INDOOR TP-LINK Bogot\u00e1\" \/>\n<meta property=\"og:url\" content=\"https:\/\/microlink.co\/producto\/eap225\/\" \/>\n<meta property=\"og:site_name\" content=\"Microlink\" \/>\n<meta property=\"article:publisher\" content=\"https:\/\/www.facebook.com\/microlinksas\" \/>\n<meta property=\"article:modified_time\" content=\"2022-11-24T19:51:18+00:00\" \/>\n<meta property=\"og:image\" content=\"https:\/\/microlink.co\/wp-content\/uploads\/2022\/03\/EAP225-img1.jpg\" \/>\n\t<meta property=\"og:image:width\" content=\"650\" \/>\n\t<meta property=\"og:image:height\" content=\"650\" \/>\n\t<meta property=\"og:image:type\" content=\"image\/jpeg\" \/>\n<meta name=\"twitter:card\" content=\"summary_large_image\" \/>\n<meta name=\"twitter:label1\" content=\"Est. reading time\" \/>\n\t<meta name=\"twitter:data1\" content=\"1 minute\" \/>\n<script type=\"application\/ld+json\" class=\"yoast-schema-graph\">{\"@context\":\"https:\\\/\\\/schema.org\",\"@graph\":[{\"@type\":[\"WebPage\",\"ItemPage\"],\"@id\":\"https:\\\/\\\/microlink.co\\\/producto\\\/eap225\\\/\",\"url\":\"https:\\\/\\\/microlink.co\\\/producto\\\/eap225\\\/\",\"name\":\"ACCESS POINT GIGABIT INALAMBRICO TP-LINK - Microlink\",\"isPartOf\":{\"@id\":\"https:\\\/\\\/microlink.com.co\\\/#website\"},\"primaryImageOfPage\":{\"@id\":\"https:\\\/\\\/microlink.co\\\/producto\\\/eap225\\\/#primaryimage\"},\"image\":{\"@id\":\"https:\\\/\\\/microlink.co\\\/producto\\\/eap225\\\/#primaryimage\"},\"thumbnailUrl\":\"https:\\\/\\\/microlink.com.co\\\/wp-content\\\/uploads\\\/2022\\\/03\\\/EAP225-img1.jpg\",\"datePublished\":\"2022-03-09T23:57:31+00:00\",\"dateModified\":\"2022-11-24T19:51:18+00:00\",\"description\":\"En Microlink encuentra el ACCESS POINT GIGABIT INAL\u00c1MBRICO MU-MIMO CON MONTAJE EN TECHO CON 450MBPS EN 2.4GHZ CON 867MBPS 5GHZ EAP255-INDOOR TP-LINK Bogot\u00e1\",\"breadcrumb\":{\"@id\":\"https:\\\/\\\/microlink.co\\\/producto\\\/eap225\\\/#breadcrumb\"},\"inLanguage\":\"en-US\",\"potentialAction\":[{\"@type\":\"ReadAction\",\"target\":[\"https:\\\/\\\/microlink.co\\\/producto\\\/eap225\\\/\"]}]},{\"@type\":\"ImageObject\",\"inLanguage\":\"en-US\",\"@id\":\"https:\\\/\\\/microlink.co\\\/producto\\\/eap225\\\/#primaryimage\",\"url\":\"https:\\\/\\\/microlink.com.co\\\/wp-content\\\/uploads\\\/2022\\\/03\\\/EAP225-img1.jpg\",\"contentUrl\":\"https:\\\/\\\/microlink.com.co\\\/wp-content\\\/uploads\\\/2022\\\/03\\\/EAP225-img1.jpg\",\"width\":650,\"height\":650,\"caption\":\"ACCESS POINT GIGABIT INALAMBRICO MU-MIMO CON MONTAJE EN TECHO CON 450MBPS EN 2.4GHZ CON 867MBPS EN 5GHZ EAP255-INDOOR TP-LINK\"},{\"@type\":\"BreadcrumbList\",\"@id\":\"https:\\\/\\\/microlink.co\\\/producto\\\/eap225\\\/#breadcrumb\",\"itemListElement\":[{\"@type\":\"ListItem\",\"position\":1,\"name\":\"Inicio\",\"item\":\"https:\\\/\\\/microlink.com.co\\\/\"},{\"@type\":\"ListItem\",\"position\":2,\"name\":\"Productos\",\"item\":\"https:\\\/\\\/microlink.com.co\\\/?page_id=20\"},{\"@type\":\"ListItem\",\"position\":3,\"name\":\"ACCESS POINT GIGABIT INALAMB. MU-MIMO CON MONTAJE EN TECHO CON 450MBPS EN 2.4GHZ CON 867MBPS EN 5GHZ\"}]},{\"@type\":\"WebSite\",\"@id\":\"https:\\\/\\\/microlink.com.co\\\/#website\",\"url\":\"https:\\\/\\\/microlink.com.co\\\/\",\"name\":\"Microlink\",\"description\":\"Conectamos con prop\u00f3sito el mercado de las telecomunicaciones a Colombia y la regi\u00f3n a trav\u00e9s de la producci\u00f3n y comercializaci\u00f3n de productos y soluciones de conectividad pasiva y activa.\",\"publisher\":{\"@id\":\"https:\\\/\\\/microlink.com.co\\\/#organization\"},\"alternateName\":\"Microlink S.A.S\",\"potentialAction\":[{\"@type\":\"SearchAction\",\"target\":{\"@type\":\"EntryPoint\",\"urlTemplate\":\"https:\\\/\\\/microlink.com.co\\\/?s={search_term_string}\"},\"query-input\":{\"@type\":\"PropertyValueSpecification\",\"valueRequired\":true,\"valueName\":\"search_term_string\"}}],\"inLanguage\":\"en-US\"},{\"@type\":\"Organization\",\"@id\":\"https:\\\/\\\/microlink.com.co\\\/#organization\",\"name\":\"Microlink SAS\",\"url\":\"https:\\\/\\\/microlink.com.co\\\/\",\"logo\":{\"@type\":\"ImageObject\",\"inLanguage\":\"en-US\",\"@id\":\"https:\\\/\\\/microlink.com.co\\\/#\\\/schema\\\/logo\\\/image\\\/\",\"url\":\"https:\\\/\\\/microlink.com.co\\\/wp-content\\\/uploads\\\/2022\\\/05\\\/Microlink_Logotipo-Horizontal_ColorTagline.png\",\"contentUrl\":\"https:\\\/\\\/microlink.com.co\\\/wp-content\\\/uploads\\\/2022\\\/05\\\/Microlink_Logotipo-Horizontal_ColorTagline.png\",\"width\":793,\"height\":384,\"caption\":\"Microlink SAS\"},\"image\":{\"@id\":\"https:\\\/\\\/microlink.com.co\\\/#\\\/schema\\\/logo\\\/image\\\/\"},\"sameAs\":[\"https:\\\/\\\/www.facebook.com\\\/microlinksas\",\"http:\\\/\\\/linkedin.com\\\/company\\\/microlink-ltd\\\/\",\"http:\\\/\\\/youtube.com\\\/channel\\\/UCTijT7LU-sMetDs7MPFhM7Q\",\"https:\\\/\\\/www.instagram.com\\\/microlinksas\\\/\"]}]}<\/script>\n<!-- \/ Yoast SEO plugin. -->","yoast_head_json":{"title":"ACCESS POINT GIGABIT INALAMBRICO TP-LINK - Microlink","description":"En Microlink encuentra el ACCESS POINT GIGABIT INAL\u00c1MBRICO MU-MIMO CON MONTAJE EN TECHO CON 450MBPS EN 2.4GHZ CON 867MBPS 5GHZ EAP255-INDOOR TP-LINK Bogot\u00e1","robots":{"index":"index","follow":"follow","max-snippet":"max-snippet:-1","max-image-preview":"max-image-preview:large","max-video-preview":"max-video-preview:-1"},"canonical":"https:\/\/microlink.co\/producto\/eap225\/","og_locale":"en_US","og_type":"article","og_title":"ACCESS POINT GIGABIT INALAMBRICO TP-LINK - Microlink","og_description":"En Microlink encuentra el ACCESS POINT GIGABIT INAL\u00c1MBRICO MU-MIMO CON MONTAJE EN TECHO CON 450MBPS EN 2.4GHZ CON 867MBPS 5GHZ EAP255-INDOOR TP-LINK Bogot\u00e1","og_url":"https:\/\/microlink.co\/producto\/eap225\/","og_site_name":"Microlink","article_publisher":"https:\/\/www.facebook.com\/microlinksas","article_modified_time":"2022-11-24T19:51:18+00:00","og_image":[{"width":650,"height":650,"url":"https:\/\/microlink.co\/wp-content\/uploads\/2022\/03\/EAP225-img1.jpg","type":"image\/jpeg"}],"twitter_card":"summary_large_image","twitter_misc":{"Est. reading time":"1 minute"},"schema":{"@context":"https:\/\/schema.org","@graph":[{"@type":["WebPage","ItemPage"],"@id":"https:\/\/microlink.co\/producto\/eap225\/","url":"https:\/\/microlink.co\/producto\/eap225\/","name":"ACCESS POINT GIGABIT INALAMBRICO TP-LINK - Microlink","isPartOf":{"@id":"https:\/\/microlink.com.co\/#website"},"primaryImageOfPage":{"@id":"https:\/\/microlink.co\/producto\/eap225\/#primaryimage"},"image":{"@id":"https:\/\/microlink.co\/producto\/eap225\/#primaryimage"},"thumbnailUrl":"https:\/\/microlink.com.co\/wp-content\/uploads\/2022\/03\/EAP225-img1.jpg","datePublished":"2022-03-09T23:57:31+00:00","dateModified":"2022-11-24T19:51:18+00:00","description":"En Microlink encuentra el ACCESS POINT GIGABIT INAL\u00c1MBRICO MU-MIMO CON MONTAJE EN TECHO CON 450MBPS EN 2.4GHZ CON 867MBPS 5GHZ EAP255-INDOOR TP-LINK Bogot\u00e1","breadcrumb":{"@id":"https:\/\/microlink.co\/producto\/eap225\/#breadcrumb"},"inLanguage":"en-US","potentialAction":[{"@type":"ReadAction","target":["https:\/\/microlink.co\/producto\/eap225\/"]}]},{"@type":"ImageObject","inLanguage":"en-US","@id":"https:\/\/microlink.co\/producto\/eap225\/#primaryimage","url":"https:\/\/microlink.com.co\/wp-content\/uploads\/2022\/03\/EAP225-img1.jpg","contentUrl":"https:\/\/microlink.com.co\/wp-content\/uploads\/2022\/03\/EAP225-img1.jpg","width":650,"height":650,"caption":"ACCESS POINT GIGABIT INALAMBRICO MU-MIMO CON MONTAJE EN TECHO CON 450MBPS EN 2.4GHZ CON 867MBPS EN 5GHZ EAP255-INDOOR TP-LINK"},{"@type":"BreadcrumbList","@id":"https:\/\/microlink.co\/producto\/eap225\/#breadcrumb","itemListElement":[{"@type":"ListItem","position":1,"name":"Inicio","item":"https:\/\/microlink.com.co\/"},{"@type":"ListItem","position":2,"name":"Productos","item":"https:\/\/microlink.com.co\/?page_id=20"},{"@type":"ListItem","position":3,"name":"ACCESS POINT GIGABIT INALAMB. MU-MIMO CON MONTAJE EN TECHO CON 450MBPS EN 2.4GHZ CON 867MBPS EN 5GHZ"}]},{"@type":"WebSite","@id":"https:\/\/microlink.com.co\/#website","url":"https:\/\/microlink.com.co\/","name":"micro link","description":"We purposefully connect the telecommunications market to Colombia and the region through the production and marketing of passive and active connectivity products and solutions.","publisher":{"@id":"https:\/\/microlink.com.co\/#organization"},"alternateName":"Microlink S.A.S","potentialAction":[{"@type":"SearchAction","target":{"@type":"EntryPoint","urlTemplate":"https:\/\/microlink.com.co\/?s={search_term_string}"},"query-input":{"@type":"PropertyValueSpecification","valueRequired":true,"valueName":"search_term_string"}}],"inLanguage":"en-US"},{"@type":"Organization","@id":"https:\/\/microlink.com.co\/#organization","name":"Microlink SAS","url":"https:\/\/microlink.com.co\/","logo":{"@type":"ImageObject","inLanguage":"en-US","@id":"https:\/\/microlink.com.co\/#\/schema\/logo\/image\/","url":"https:\/\/microlink.com.co\/wp-content\/uploads\/2022\/05\/Microlink_Logotipo-Horizontal_ColorTagline.png","contentUrl":"https:\/\/microlink.com.co\/wp-content\/uploads\/2022\/05\/Microlink_Logotipo-Horizontal_ColorTagline.png","width":793,"height":384,"caption":"Microlink SAS"},"image":{"@id":"https:\/\/microlink.com.co\/#\/schema\/logo\/image\/"},"sameAs":["https:\/\/www.facebook.com\/microlinksas","http:\/\/linkedin.com\/company\/microlink-ltd\/","http:\/\/youtube.com\/channel\/UCTijT7LU-sMetDs7MPFhM7Q","https:\/\/www.instagram.com\/microlinksas\/"]}]}},"_links":{"self":[{"href":"https:\/\/microlink.com.co\/en\/wp-json\/wp\/v2\/product\/7254","targetHints":{"allow":["GET"]}}],"collection":[{"href":"https:\/\/microlink.com.co\/en\/wp-json\/wp\/v2\/product"}],"about":[{"href":"https:\/\/microlink.com.co\/en\/wp-json\/wp\/v2\/types\/product"}],"replies":[{"embeddable":true,"href":"https:\/\/microlink.com.co\/en\/wp-json\/wp\/v2\/comments?post=7254"}],"wp:featuredmedia":[{"embeddable":true,"href":"https:\/\/microlink.com.co\/en\/wp-json\/wp\/v2\/media\/7097"}],"wp:attachment":[{"href":"https:\/\/microlink.com.co\/en\/wp-json\/wp\/v2\/media?parent=7254"}],"wp:term":[{"taxonomy":"product_brand","embeddable":true,"href":"https:\/\/microlink.com.co\/en\/wp-json\/wp\/v2\/product_brand?post=7254"},{"taxonomy":"product_cat","embeddable":true,"href":"https:\/\/microlink.com.co\/en\/wp-json\/wp\/v2\/product_cat?post=7254"},{"taxonomy":"product_tag","embeddable":true,"href":"https:\/\/microlink.com.co\/en\/wp-json\/wp\/v2\/product_tag?post=7254"}],"curies":[{"name":"wp","href":"https:\/\/api.w.org\/{rel}","templated":true}]}}