{"id":7251,"date":"2022-03-09T18:57:31","date_gmt":"2022-03-09T23:57:31","guid":{"rendered":"https:\/\/microlink.com.co\/\/\/producto\/tl-sg108e\/"},"modified":"2022-11-24T14:39:05","modified_gmt":"2022-11-24T19:39:05","slug":"tl-sg108e","status":"publish","type":"product","link":"https:\/\/microlink.com.co\/en\/product\/tl-sg108e\/","title":{"rendered":"8-PORT GIGABIT EASY SMART SWITCH"},"content":{"rendered":"<p><span style=\"color: font-size:11pt; font-family: 'Helvetica Neue',sans-serif; #000000;background-color: transparent; font-weight: bold; font-style: normal; font-variant: normal; text-decoration: none; vertical-align: baseline; white-space: pre-wrap;\"><strong>8-PORT GIGABIT EASY SMART SWITCH TL-SG108E TP-LINK<\/strong><\/span><\/p>\n<p><span style=\"color: font-size:11pt; font-family: 'Helvetica Neue',sans-serif; #000000;background-color: transparent; font-weight: 300; font-style: normal; font-variant: normal; text-decoration: none; vertical-align: baseline; white-space: pre-wrap;\">The TL-SG108E Unmanaged Switch Pro is an ideal upgrade on unmanaged switches, suitable for home or small business networks. The plug-and-play design makes deployment easy without the need for a technician, while its robust metal case provides better protection for your components. Equipped with smart management features like QoS, VLAN, IGMP Snooping and more, this switch is effective in both simple networks and more demanding environments.<\/span><\/p>","protected":false},"excerpt":{"rendered":"<p>TP-LINK TL-SG108E 8-PORT GIGABIT EASY SMART SWITCH The TL-SG108E Unmanaged Pro Switch is an ideal upgrade on unmanaged switches, suitable for home or small business networks. The plug-and-play design makes deployment easy without the need for a technician, while its rugged metal case provides better [\u2026]<\/p>","protected":false},"featured_media":7091,"comment_status":"open","ping_status":"closed","template":"","meta":{"_acf_changed":false,"_eb_attr":"","_links_to":"","_links_to_target":""},"product_brand":[114],"product_cat":[29,34],"product_tag":[],"class_list":{"0":"post-7251","1":"product","2":"type-product","3":"status-publish","4":"has-post-thumbnail","6":"product_brand-tp-link","7":"product_cat-gpon","8":"product_cat-switches","10":"first","11":"instock","12":"shipping-taxable","13":"product-type-simple"},"acf":[],"yoast_head":"<!-- This site is optimized with the Yoast SEO plugin v27.3 - https:\/\/yoast.com\/product\/yoast-seo-wordpress\/ -->\n<title>SWITCH EASY SMART 8 PUERTOS GIGABIT TP-LINK - Microlink<\/title>\n<meta name=\"description\" content=\"En Microlink encuentra el SWITCH EASY SMART DE 8 PUERTOS GIGABIT TL-SG108E TP-LINK, Switch No Gestionable Pro, plug-and-play, QoS, VLAN, IGMP Snooping\" \/>\n<meta name=\"robots\" content=\"index, follow, max-snippet:-1, max-image-preview:large, max-video-preview:-1\" \/>\n<link rel=\"canonical\" href=\"https:\/\/microlink.com.co\/en\/product\/tl-sg108e\/\" \/>\n<meta property=\"og:locale\" content=\"en_US\" \/>\n<meta property=\"og:type\" content=\"article\" \/>\n<meta property=\"og:title\" content=\"SWITCH EASY SMART 8 PUERTOS GIGABIT TP-LINK - Microlink\" \/>\n<meta property=\"og:description\" content=\"En Microlink encuentra el SWITCH EASY SMART DE 8 PUERTOS GIGABIT TL-SG108E TP-LINK, Switch No Gestionable Pro, plug-and-play, QoS, VLAN, IGMP Snooping\" \/>\n<meta property=\"og:url\" content=\"https:\/\/microlink.com.co\/en\/product\/tl-sg108e\/\" \/>\n<meta property=\"og:site_name\" content=\"Microlink\" \/>\n<meta property=\"article:publisher\" content=\"https:\/\/www.facebook.com\/microlinksas\" \/>\n<meta property=\"article:modified_time\" content=\"2022-11-24T19:39:05+00:00\" \/>\n<meta property=\"og:image\" content=\"https:\/\/microlink.com.co\/wp-content\/uploads\/2022\/03\/TL-SG108E-img1.jpg\" \/>\n\t<meta property=\"og:image:width\" content=\"1000\" \/>\n\t<meta property=\"og:image:height\" content=\"1000\" \/>\n\t<meta property=\"og:image:type\" content=\"image\/jpeg\" \/>\n<meta name=\"twitter:card\" content=\"summary_large_image\" \/>\n<meta name=\"twitter:label1\" content=\"Est. reading time\" \/>\n\t<meta name=\"twitter:data1\" content=\"1 minute\" \/>\n<script type=\"application\/ld+json\" class=\"yoast-schema-graph\">{\"@context\":\"https:\\\/\\\/schema.org\",\"@graph\":[{\"@type\":[\"WebPage\",\"ItemPage\"],\"@id\":\"https:\\\/\\\/microlink.com.co\\\/en\\\/product\\\/tl-sg108e\\\/\",\"url\":\"https:\\\/\\\/microlink.com.co\\\/en\\\/product\\\/tl-sg108e\\\/\",\"name\":\"SWITCH EASY SMART 8 PUERTOS GIGABIT TP-LINK - Microlink\",\"isPartOf\":{\"@id\":\"https:\\\/\\\/microlink.com.co\\\/#website\"},\"primaryImageOfPage\":{\"@id\":\"https:\\\/\\\/microlink.com.co\\\/en\\\/product\\\/tl-sg108e\\\/#primaryimage\"},\"image\":{\"@id\":\"https:\\\/\\\/microlink.com.co\\\/en\\\/product\\\/tl-sg108e\\\/#primaryimage\"},\"thumbnailUrl\":\"https:\\\/\\\/microlink.com.co\\\/wp-content\\\/uploads\\\/2022\\\/03\\\/TL-SG108E-img1.jpg\",\"datePublished\":\"2022-03-09T23:57:31+00:00\",\"dateModified\":\"2022-11-24T19:39:05+00:00\",\"description\":\"En Microlink encuentra el SWITCH EASY SMART DE 8 PUERTOS GIGABIT TL-SG108E TP-LINK, Switch No Gestionable Pro, plug-and-play, QoS, VLAN, IGMP Snooping\",\"breadcrumb\":{\"@id\":\"https:\\\/\\\/microlink.com.co\\\/en\\\/product\\\/tl-sg108e\\\/#breadcrumb\"},\"inLanguage\":\"en-US\",\"potentialAction\":[{\"@type\":\"ReadAction\",\"target\":[\"https:\\\/\\\/microlink.com.co\\\/en\\\/product\\\/tl-sg108e\\\/\"]}]},{\"@type\":\"ImageObject\",\"inLanguage\":\"en-US\",\"@id\":\"https:\\\/\\\/microlink.com.co\\\/en\\\/product\\\/tl-sg108e\\\/#primaryimage\",\"url\":\"https:\\\/\\\/microlink.com.co\\\/wp-content\\\/uploads\\\/2022\\\/03\\\/TL-SG108E-img1.jpg\",\"contentUrl\":\"https:\\\/\\\/microlink.com.co\\\/wp-content\\\/uploads\\\/2022\\\/03\\\/TL-SG108E-img1.jpg\",\"width\":1000,\"height\":1000,\"caption\":\"SWITCH EASY SMART DE 8 PUERTOS GIGABIT TL-SG108E TP-LINK\"},{\"@type\":\"BreadcrumbList\",\"@id\":\"https:\\\/\\\/microlink.com.co\\\/en\\\/product\\\/tl-sg108e\\\/#breadcrumb\",\"itemListElement\":[{\"@type\":\"ListItem\",\"position\":1,\"name\":\"Inicio\",\"item\":\"https:\\\/\\\/microlink.com.co\\\/\"},{\"@type\":\"ListItem\",\"position\":2,\"name\":\"Productos\",\"item\":\"https:\\\/\\\/microlink.com.co\\\/?page_id=20\"},{\"@type\":\"ListItem\",\"position\":3,\"name\":\"SWITCH EASY SMART DE 8 PUERTOS GIGABIT\"}]},{\"@type\":\"WebSite\",\"@id\":\"https:\\\/\\\/microlink.com.co\\\/#website\",\"url\":\"https:\\\/\\\/microlink.com.co\\\/\",\"name\":\"Microlink\",\"description\":\"Conectamos con prop\u00f3sito el mercado de las telecomunicaciones a Colombia y la regi\u00f3n a trav\u00e9s de la producci\u00f3n y comercializaci\u00f3n de productos y soluciones de conectividad pasiva y activa.\",\"publisher\":{\"@id\":\"https:\\\/\\\/microlink.com.co\\\/#organization\"},\"alternateName\":\"Microlink S.A.S\",\"potentialAction\":[{\"@type\":\"SearchAction\",\"target\":{\"@type\":\"EntryPoint\",\"urlTemplate\":\"https:\\\/\\\/microlink.com.co\\\/?s={search_term_string}\"},\"query-input\":{\"@type\":\"PropertyValueSpecification\",\"valueRequired\":true,\"valueName\":\"search_term_string\"}}],\"inLanguage\":\"en-US\"},{\"@type\":\"Organization\",\"@id\":\"https:\\\/\\\/microlink.com.co\\\/#organization\",\"name\":\"Microlink SAS\",\"url\":\"https:\\\/\\\/microlink.com.co\\\/\",\"logo\":{\"@type\":\"ImageObject\",\"inLanguage\":\"en-US\",\"@id\":\"https:\\\/\\\/microlink.com.co\\\/#\\\/schema\\\/logo\\\/image\\\/\",\"url\":\"https:\\\/\\\/microlink.com.co\\\/wp-content\\\/uploads\\\/2022\\\/05\\\/Microlink_Logotipo-Horizontal_ColorTagline.png\",\"contentUrl\":\"https:\\\/\\\/microlink.com.co\\\/wp-content\\\/uploads\\\/2022\\\/05\\\/Microlink_Logotipo-Horizontal_ColorTagline.png\",\"width\":793,\"height\":384,\"caption\":\"Microlink SAS\"},\"image\":{\"@id\":\"https:\\\/\\\/microlink.com.co\\\/#\\\/schema\\\/logo\\\/image\\\/\"},\"sameAs\":[\"https:\\\/\\\/www.facebook.com\\\/microlinksas\",\"http:\\\/\\\/linkedin.com\\\/company\\\/microlink-ltd\\\/\",\"http:\\\/\\\/youtube.com\\\/channel\\\/UCTijT7LU-sMetDs7MPFhM7Q\",\"https:\\\/\\\/www.instagram.com\\\/microlinksas\\\/\"]}]}<\/script>\n<!-- \/ Yoast SEO plugin. -->","yoast_head_json":{"title":"SWITCH EASY SMART 8 PUERTOS GIGABIT TP-LINK - Microlink","description":"En Microlink encuentra el SWITCH EASY SMART DE 8 PUERTOS GIGABIT TL-SG108E TP-LINK, Switch No Gestionable Pro, plug-and-play, QoS, VLAN, IGMP Snooping","robots":{"index":"index","follow":"follow","max-snippet":"max-snippet:-1","max-image-preview":"max-image-preview:large","max-video-preview":"max-video-preview:-1"},"canonical":"https:\/\/microlink.com.co\/en\/product\/tl-sg108e\/","og_locale":"en_US","og_type":"article","og_title":"SWITCH EASY SMART 8 PUERTOS GIGABIT TP-LINK - Microlink","og_description":"En Microlink encuentra el SWITCH EASY SMART DE 8 PUERTOS GIGABIT TL-SG108E TP-LINK, Switch No Gestionable Pro, plug-and-play, QoS, VLAN, IGMP Snooping","og_url":"https:\/\/microlink.com.co\/en\/product\/tl-sg108e\/","og_site_name":"Microlink","article_publisher":"https:\/\/www.facebook.com\/microlinksas","article_modified_time":"2022-11-24T19:39:05+00:00","og_image":[{"width":1000,"height":1000,"url":"https:\/\/microlink.com.co\/wp-content\/uploads\/2022\/03\/TL-SG108E-img1.jpg","type":"image\/jpeg"}],"twitter_card":"summary_large_image","twitter_misc":{"Est. reading time":"1 minute"},"schema":{"@context":"https:\/\/schema.org","@graph":[{"@type":["WebPage","ItemPage"],"@id":"https:\/\/microlink.com.co\/en\/product\/tl-sg108e\/","url":"https:\/\/microlink.com.co\/en\/product\/tl-sg108e\/","name":"SWITCH EASY SMART 8 PUERTOS GIGABIT TP-LINK - Microlink","isPartOf":{"@id":"https:\/\/microlink.com.co\/#website"},"primaryImageOfPage":{"@id":"https:\/\/microlink.com.co\/en\/product\/tl-sg108e\/#primaryimage"},"image":{"@id":"https:\/\/microlink.com.co\/en\/product\/tl-sg108e\/#primaryimage"},"thumbnailUrl":"https:\/\/microlink.com.co\/wp-content\/uploads\/2022\/03\/TL-SG108E-img1.jpg","datePublished":"2022-03-09T23:57:31+00:00","dateModified":"2022-11-24T19:39:05+00:00","description":"En Microlink encuentra el SWITCH EASY SMART DE 8 PUERTOS GIGABIT TL-SG108E TP-LINK, Switch No Gestionable Pro, plug-and-play, QoS, VLAN, IGMP Snooping","breadcrumb":{"@id":"https:\/\/microlink.com.co\/en\/product\/tl-sg108e\/#breadcrumb"},"inLanguage":"en-US","potentialAction":[{"@type":"ReadAction","target":["https:\/\/microlink.com.co\/en\/product\/tl-sg108e\/"]}]},{"@type":"ImageObject","inLanguage":"en-US","@id":"https:\/\/microlink.com.co\/en\/product\/tl-sg108e\/#primaryimage","url":"https:\/\/microlink.com.co\/wp-content\/uploads\/2022\/03\/TL-SG108E-img1.jpg","contentUrl":"https:\/\/microlink.com.co\/wp-content\/uploads\/2022\/03\/TL-SG108E-img1.jpg","width":1000,"height":1000,"caption":"SWITCH EASY SMART DE 8 PUERTOS GIGABIT TL-SG108E TP-LINK"},{"@type":"BreadcrumbList","@id":"https:\/\/microlink.com.co\/en\/product\/tl-sg108e\/#breadcrumb","itemListElement":[{"@type":"ListItem","position":1,"name":"Inicio","item":"https:\/\/microlink.com.co\/"},{"@type":"ListItem","position":2,"name":"Productos","item":"https:\/\/microlink.com.co\/?page_id=20"},{"@type":"ListItem","position":3,"name":"SWITCH EASY SMART DE 8 PUERTOS GIGABIT"}]},{"@type":"WebSite","@id":"https:\/\/microlink.com.co\/#website","url":"https:\/\/microlink.com.co\/","name":"micro link","description":"We purposefully connect the telecommunications market to Colombia and the region through the production and marketing of passive and active connectivity products and solutions.","publisher":{"@id":"https:\/\/microlink.com.co\/#organization"},"alternateName":"Microlink S.A.S","potentialAction":[{"@type":"SearchAction","target":{"@type":"EntryPoint","urlTemplate":"https:\/\/microlink.com.co\/?s={search_term_string}"},"query-input":{"@type":"PropertyValueSpecification","valueRequired":true,"valueName":"search_term_string"}}],"inLanguage":"en-US"},{"@type":"Organization","@id":"https:\/\/microlink.com.co\/#organization","name":"Microlink SAS","url":"https:\/\/microlink.com.co\/","logo":{"@type":"ImageObject","inLanguage":"en-US","@id":"https:\/\/microlink.com.co\/#\/schema\/logo\/image\/","url":"https:\/\/microlink.com.co\/wp-content\/uploads\/2022\/05\/Microlink_Logotipo-Horizontal_ColorTagline.png","contentUrl":"https:\/\/microlink.com.co\/wp-content\/uploads\/2022\/05\/Microlink_Logotipo-Horizontal_ColorTagline.png","width":793,"height":384,"caption":"Microlink SAS"},"image":{"@id":"https:\/\/microlink.com.co\/#\/schema\/logo\/image\/"},"sameAs":["https:\/\/www.facebook.com\/microlinksas","http:\/\/linkedin.com\/company\/microlink-ltd\/","http:\/\/youtube.com\/channel\/UCTijT7LU-sMetDs7MPFhM7Q","https:\/\/www.instagram.com\/microlinksas\/"]}]}},"_links":{"self":[{"href":"https:\/\/microlink.com.co\/en\/wp-json\/wp\/v2\/product\/7251","targetHints":{"allow":["GET"]}}],"collection":[{"href":"https:\/\/microlink.com.co\/en\/wp-json\/wp\/v2\/product"}],"about":[{"href":"https:\/\/microlink.com.co\/en\/wp-json\/wp\/v2\/types\/product"}],"replies":[{"embeddable":true,"href":"https:\/\/microlink.com.co\/en\/wp-json\/wp\/v2\/comments?post=7251"}],"wp:featuredmedia":[{"embeddable":true,"href":"https:\/\/microlink.com.co\/en\/wp-json\/wp\/v2\/media\/7091"}],"wp:attachment":[{"href":"https:\/\/microlink.com.co\/en\/wp-json\/wp\/v2\/media?parent=7251"}],"wp:term":[{"taxonomy":"product_brand","embeddable":true,"href":"https:\/\/microlink.com.co\/en\/wp-json\/wp\/v2\/product_brand?post=7251"},{"taxonomy":"product_cat","embeddable":true,"href":"https:\/\/microlink.com.co\/en\/wp-json\/wp\/v2\/product_cat?post=7251"},{"taxonomy":"product_tag","embeddable":true,"href":"https:\/\/microlink.com.co\/en\/wp-json\/wp\/v2\/product_tag?post=7251"}],"curies":[{"name":"wp","href":"https:\/\/api.w.org\/{rel}","templated":true}]}}