{"id":7246,"date":"2022-03-09T18:57:30","date_gmt":"2022-03-09T23:57:30","guid":{"rendered":"https:\/\/microlink.com.co\/\/\/producto\/tl-sm311lm\/"},"modified":"2022-11-24T15:53:03","modified_gmt":"2022-11-24T20:53:03","slug":"tl-sm311lm","status":"publish","type":"product","link":"https:\/\/microlink.com.co\/en\/product\/tl-sm311lm\/","title":{"rendered":"SFP MODULE (MINIGBIC) LC 1.25 GBPS MM 850NM 550M"},"content":{"rendered":"<p><span style=\"color: font-size:11pt; font-family: 'Helvetica Neue',sans-serif; #000000;background-color: transparent; font-weight: bold; font-style: normal; font-variant: normal; text-decoration: none; vertical-align: baseline; white-space: pre-wrap;\"><strong>SFP MODULE (MINIGBIC) LC 1.25 GBPS MM 850NM 550M TL-SM311LM TP-LINK<\/strong><\/span><\/p>\n<p><span style=\"color: font-size:11pt; font-family: 'Helvetica Neue',sans-serif; #000000;background-color: transparent; font-weight: 300; font-style: normal; font-variant: normal; text-decoration: none; vertical-align: baseline; white-space: pre-wrap;\">TP-Link&#039;s TL-SM311 series fiber modules have been designed to extend the transfer distance when connected to our Web Smart managed switches. Thanks to them, it is possible to extend the transmission distance to several kilometers, even tens of them, which can satisfy the needs of any type of local network. The user can choose which devices to use the modules with based on demand in order to lower costs.<\/span><\/p>","protected":false},"excerpt":{"rendered":"<p>SFP MODULE (MINIGBIC) LC 1.25 GBPS MM 850NM 550M TL-SM311LM TP-LINK TP-Link&#039;s TL-SM311 series fiber modules have been designed to extend the transfer distance when connected to our Web Smart managed switches. Thanks to them, it is possible to extend the transmission distance to several kilometers, even to tens [\u2026]<\/p>","protected":false},"featured_media":7081,"comment_status":"open","ping_status":"closed","template":"","meta":{"_acf_changed":false,"_eb_attr":"","_links_to":"","_links_to_target":""},"product_brand":[114],"product_cat":[29,36],"product_tag":[],"class_list":{"0":"post-7246","1":"product","2":"type-product","3":"status-publish","4":"has-post-thumbnail","6":"product_brand-tp-link","7":"product_cat-gpon","8":"product_cat-sfp-y-media-converters","10":"first","11":"instock","12":"shipping-taxable","13":"product-type-simple"},"acf":[],"yoast_head":"<!-- This site is optimized with the Yoast SEO plugin v27.3 - https:\/\/yoast.com\/product\/yoast-seo-wordpress\/ -->\n<title>MODULO SFP (MINIGBIC) LC 1.25 GBPS TL-SM311LM TP-LINK<\/title>\n<meta name=\"description\" content=\"En Microlink tenemos el M\u00d3DULO SFP (MINIGBIC) LC 1.25 GBPS MM 850NM 550M TL-SM311LM TP-LINK, switches gestionados Web Smart, transmisi\u00f3n, Bogot\u00e1, Colombia\" \/>\n<meta name=\"robots\" content=\"index, follow, max-snippet:-1, max-image-preview:large, max-video-preview:-1\" \/>\n<link rel=\"canonical\" href=\"https:\/\/microlink.com.co\/en\/product\/tl-sm311lm\/\" \/>\n<meta property=\"og:locale\" content=\"en_US\" \/>\n<meta property=\"og:type\" content=\"article\" \/>\n<meta property=\"og:title\" content=\"MODULO SFP (MINIGBIC) LC 1.25 GBPS TL-SM311LM TP-LINK\" \/>\n<meta property=\"og:description\" content=\"En Microlink tenemos el M\u00d3DULO SFP (MINIGBIC) LC 1.25 GBPS MM 850NM 550M TL-SM311LM TP-LINK, switches gestionados Web Smart, transmisi\u00f3n, Bogot\u00e1, Colombia\" \/>\n<meta property=\"og:url\" content=\"https:\/\/microlink.com.co\/en\/product\/tl-sm311lm\/\" \/>\n<meta property=\"og:site_name\" content=\"Microlink\" \/>\n<meta property=\"article:publisher\" content=\"https:\/\/www.facebook.com\/microlinksas\" \/>\n<meta property=\"article:modified_time\" content=\"2022-11-24T20:53:03+00:00\" \/>\n<meta property=\"og:image\" content=\"https:\/\/microlink.com.co\/wp-content\/uploads\/2022\/03\/TL-SM311LM-img1.jpg\" \/>\n\t<meta property=\"og:image:width\" content=\"960\" \/>\n\t<meta property=\"og:image:height\" content=\"720\" \/>\n\t<meta property=\"og:image:type\" content=\"image\/jpeg\" \/>\n<meta name=\"twitter:card\" content=\"summary_large_image\" \/>\n<meta name=\"twitter:label1\" content=\"Est. reading time\" \/>\n\t<meta name=\"twitter:data1\" content=\"1 minute\" \/>\n<script type=\"application\/ld+json\" class=\"yoast-schema-graph\">{\"@context\":\"https:\\\/\\\/schema.org\",\"@graph\":[{\"@type\":[\"WebPage\",\"ItemPage\"],\"@id\":\"https:\\\/\\\/microlink.com.co\\\/en\\\/product\\\/tl-sm311lm\\\/\",\"url\":\"https:\\\/\\\/microlink.com.co\\\/en\\\/product\\\/tl-sm311lm\\\/\",\"name\":\"MODULO SFP (MINIGBIC) LC 1.25 GBPS TL-SM311LM TP-LINK\",\"isPartOf\":{\"@id\":\"https:\\\/\\\/microlink.com.co\\\/#website\"},\"primaryImageOfPage\":{\"@id\":\"https:\\\/\\\/microlink.com.co\\\/en\\\/product\\\/tl-sm311lm\\\/#primaryimage\"},\"image\":{\"@id\":\"https:\\\/\\\/microlink.com.co\\\/en\\\/product\\\/tl-sm311lm\\\/#primaryimage\"},\"thumbnailUrl\":\"https:\\\/\\\/microlink.com.co\\\/wp-content\\\/uploads\\\/2022\\\/03\\\/TL-SM311LM-img1.jpg\",\"datePublished\":\"2022-03-09T23:57:30+00:00\",\"dateModified\":\"2022-11-24T20:53:03+00:00\",\"description\":\"En Microlink tenemos el M\u00d3DULO SFP (MINIGBIC) LC 1.25 GBPS MM 850NM 550M TL-SM311LM TP-LINK, switches gestionados Web Smart, transmisi\u00f3n, Bogot\u00e1, Colombia\",\"breadcrumb\":{\"@id\":\"https:\\\/\\\/microlink.com.co\\\/en\\\/product\\\/tl-sm311lm\\\/#breadcrumb\"},\"inLanguage\":\"en-US\",\"potentialAction\":[{\"@type\":\"ReadAction\",\"target\":[\"https:\\\/\\\/microlink.com.co\\\/en\\\/product\\\/tl-sm311lm\\\/\"]}]},{\"@type\":\"ImageObject\",\"inLanguage\":\"en-US\",\"@id\":\"https:\\\/\\\/microlink.com.co\\\/en\\\/product\\\/tl-sm311lm\\\/#primaryimage\",\"url\":\"https:\\\/\\\/microlink.com.co\\\/wp-content\\\/uploads\\\/2022\\\/03\\\/TL-SM311LM-img1.jpg\",\"contentUrl\":\"https:\\\/\\\/microlink.com.co\\\/wp-content\\\/uploads\\\/2022\\\/03\\\/TL-SM311LM-img1.jpg\",\"width\":960,\"height\":720,\"caption\":\"MODULO SFP (MINIGBIC) LC 1.25 GBPS MM 850NM 550M TL-SM311LM TP-LINK\"},{\"@type\":\"BreadcrumbList\",\"@id\":\"https:\\\/\\\/microlink.com.co\\\/en\\\/product\\\/tl-sm311lm\\\/#breadcrumb\",\"itemListElement\":[{\"@type\":\"ListItem\",\"position\":1,\"name\":\"Inicio\",\"item\":\"https:\\\/\\\/microlink.com.co\\\/\"},{\"@type\":\"ListItem\",\"position\":2,\"name\":\"Productos\",\"item\":\"https:\\\/\\\/microlink.com.co\\\/?page_id=20\"},{\"@type\":\"ListItem\",\"position\":3,\"name\":\"M\u00d3DULO SFP (MINIGBIC) LC 1.25 GBPS MM 850NM 550M\"}]},{\"@type\":\"WebSite\",\"@id\":\"https:\\\/\\\/microlink.com.co\\\/#website\",\"url\":\"https:\\\/\\\/microlink.com.co\\\/\",\"name\":\"Microlink\",\"description\":\"Conectamos con prop\u00f3sito el mercado de las telecomunicaciones a Colombia y la regi\u00f3n a trav\u00e9s de la producci\u00f3n y comercializaci\u00f3n de productos y soluciones de conectividad pasiva y activa.\",\"publisher\":{\"@id\":\"https:\\\/\\\/microlink.com.co\\\/#organization\"},\"alternateName\":\"Microlink S.A.S\",\"potentialAction\":[{\"@type\":\"SearchAction\",\"target\":{\"@type\":\"EntryPoint\",\"urlTemplate\":\"https:\\\/\\\/microlink.com.co\\\/?s={search_term_string}\"},\"query-input\":{\"@type\":\"PropertyValueSpecification\",\"valueRequired\":true,\"valueName\":\"search_term_string\"}}],\"inLanguage\":\"en-US\"},{\"@type\":\"Organization\",\"@id\":\"https:\\\/\\\/microlink.com.co\\\/#organization\",\"name\":\"Microlink SAS\",\"url\":\"https:\\\/\\\/microlink.com.co\\\/\",\"logo\":{\"@type\":\"ImageObject\",\"inLanguage\":\"en-US\",\"@id\":\"https:\\\/\\\/microlink.com.co\\\/#\\\/schema\\\/logo\\\/image\\\/\",\"url\":\"https:\\\/\\\/microlink.com.co\\\/wp-content\\\/uploads\\\/2022\\\/05\\\/Microlink_Logotipo-Horizontal_ColorTagline.png\",\"contentUrl\":\"https:\\\/\\\/microlink.com.co\\\/wp-content\\\/uploads\\\/2022\\\/05\\\/Microlink_Logotipo-Horizontal_ColorTagline.png\",\"width\":793,\"height\":384,\"caption\":\"Microlink SAS\"},\"image\":{\"@id\":\"https:\\\/\\\/microlink.com.co\\\/#\\\/schema\\\/logo\\\/image\\\/\"},\"sameAs\":[\"https:\\\/\\\/www.facebook.com\\\/microlinksas\",\"http:\\\/\\\/linkedin.com\\\/company\\\/microlink-ltd\\\/\",\"http:\\\/\\\/youtube.com\\\/channel\\\/UCTijT7LU-sMetDs7MPFhM7Q\",\"https:\\\/\\\/www.instagram.com\\\/microlinksas\\\/\"]}]}<\/script>\n<!-- \/ Yoast SEO plugin. -->","yoast_head_json":{"title":"MODULO SFP (MINIGBIC) LC 1.25 GBPS TL-SM311LM TP-LINK","description":"En Microlink tenemos el M\u00d3DULO SFP (MINIGBIC) LC 1.25 GBPS MM 850NM 550M TL-SM311LM TP-LINK, switches gestionados Web Smart, transmisi\u00f3n, Bogot\u00e1, Colombia","robots":{"index":"index","follow":"follow","max-snippet":"max-snippet:-1","max-image-preview":"max-image-preview:large","max-video-preview":"max-video-preview:-1"},"canonical":"https:\/\/microlink.com.co\/en\/product\/tl-sm311lm\/","og_locale":"en_US","og_type":"article","og_title":"MODULO SFP (MINIGBIC) LC 1.25 GBPS TL-SM311LM TP-LINK","og_description":"En Microlink tenemos el M\u00d3DULO SFP (MINIGBIC) LC 1.25 GBPS MM 850NM 550M TL-SM311LM TP-LINK, switches gestionados Web Smart, transmisi\u00f3n, Bogot\u00e1, Colombia","og_url":"https:\/\/microlink.com.co\/en\/product\/tl-sm311lm\/","og_site_name":"Microlink","article_publisher":"https:\/\/www.facebook.com\/microlinksas","article_modified_time":"2022-11-24T20:53:03+00:00","og_image":[{"width":960,"height":720,"url":"https:\/\/microlink.com.co\/wp-content\/uploads\/2022\/03\/TL-SM311LM-img1.jpg","type":"image\/jpeg"}],"twitter_card":"summary_large_image","twitter_misc":{"Est. reading time":"1 minute"},"schema":{"@context":"https:\/\/schema.org","@graph":[{"@type":["WebPage","ItemPage"],"@id":"https:\/\/microlink.com.co\/en\/product\/tl-sm311lm\/","url":"https:\/\/microlink.com.co\/en\/product\/tl-sm311lm\/","name":"MODULO SFP (MINIGBIC) LC 1.25 GBPS TL-SM311LM TP-LINK","isPartOf":{"@id":"https:\/\/microlink.com.co\/#website"},"primaryImageOfPage":{"@id":"https:\/\/microlink.com.co\/en\/product\/tl-sm311lm\/#primaryimage"},"image":{"@id":"https:\/\/microlink.com.co\/en\/product\/tl-sm311lm\/#primaryimage"},"thumbnailUrl":"https:\/\/microlink.com.co\/wp-content\/uploads\/2022\/03\/TL-SM311LM-img1.jpg","datePublished":"2022-03-09T23:57:30+00:00","dateModified":"2022-11-24T20:53:03+00:00","description":"En Microlink tenemos el M\u00d3DULO SFP (MINIGBIC) LC 1.25 GBPS MM 850NM 550M TL-SM311LM TP-LINK, switches gestionados Web Smart, transmisi\u00f3n, Bogot\u00e1, Colombia","breadcrumb":{"@id":"https:\/\/microlink.com.co\/en\/product\/tl-sm311lm\/#breadcrumb"},"inLanguage":"en-US","potentialAction":[{"@type":"ReadAction","target":["https:\/\/microlink.com.co\/en\/product\/tl-sm311lm\/"]}]},{"@type":"ImageObject","inLanguage":"en-US","@id":"https:\/\/microlink.com.co\/en\/product\/tl-sm311lm\/#primaryimage","url":"https:\/\/microlink.com.co\/wp-content\/uploads\/2022\/03\/TL-SM311LM-img1.jpg","contentUrl":"https:\/\/microlink.com.co\/wp-content\/uploads\/2022\/03\/TL-SM311LM-img1.jpg","width":960,"height":720,"caption":"MODULO SFP (MINIGBIC) LC 1.25 GBPS MM 850NM 550M TL-SM311LM TP-LINK"},{"@type":"BreadcrumbList","@id":"https:\/\/microlink.com.co\/en\/product\/tl-sm311lm\/#breadcrumb","itemListElement":[{"@type":"ListItem","position":1,"name":"Inicio","item":"https:\/\/microlink.com.co\/"},{"@type":"ListItem","position":2,"name":"Productos","item":"https:\/\/microlink.com.co\/?page_id=20"},{"@type":"ListItem","position":3,"name":"M\u00d3DULO SFP (MINIGBIC) LC 1.25 GBPS MM 850NM 550M"}]},{"@type":"WebSite","@id":"https:\/\/microlink.com.co\/#website","url":"https:\/\/microlink.com.co\/","name":"micro link","description":"We purposefully connect the telecommunications market to Colombia and the region through the production and marketing of passive and active connectivity products and solutions.","publisher":{"@id":"https:\/\/microlink.com.co\/#organization"},"alternateName":"Microlink S.A.S","potentialAction":[{"@type":"SearchAction","target":{"@type":"EntryPoint","urlTemplate":"https:\/\/microlink.com.co\/?s={search_term_string}"},"query-input":{"@type":"PropertyValueSpecification","valueRequired":true,"valueName":"search_term_string"}}],"inLanguage":"en-US"},{"@type":"Organization","@id":"https:\/\/microlink.com.co\/#organization","name":"Microlink SAS","url":"https:\/\/microlink.com.co\/","logo":{"@type":"ImageObject","inLanguage":"en-US","@id":"https:\/\/microlink.com.co\/#\/schema\/logo\/image\/","url":"https:\/\/microlink.com.co\/wp-content\/uploads\/2022\/05\/Microlink_Logotipo-Horizontal_ColorTagline.png","contentUrl":"https:\/\/microlink.com.co\/wp-content\/uploads\/2022\/05\/Microlink_Logotipo-Horizontal_ColorTagline.png","width":793,"height":384,"caption":"Microlink SAS"},"image":{"@id":"https:\/\/microlink.com.co\/#\/schema\/logo\/image\/"},"sameAs":["https:\/\/www.facebook.com\/microlinksas","http:\/\/linkedin.com\/company\/microlink-ltd\/","http:\/\/youtube.com\/channel\/UCTijT7LU-sMetDs7MPFhM7Q","https:\/\/www.instagram.com\/microlinksas\/"]}]}},"_links":{"self":[{"href":"https:\/\/microlink.com.co\/en\/wp-json\/wp\/v2\/product\/7246","targetHints":{"allow":["GET"]}}],"collection":[{"href":"https:\/\/microlink.com.co\/en\/wp-json\/wp\/v2\/product"}],"about":[{"href":"https:\/\/microlink.com.co\/en\/wp-json\/wp\/v2\/types\/product"}],"replies":[{"embeddable":true,"href":"https:\/\/microlink.com.co\/en\/wp-json\/wp\/v2\/comments?post=7246"}],"wp:featuredmedia":[{"embeddable":true,"href":"https:\/\/microlink.com.co\/en\/wp-json\/wp\/v2\/media\/7081"}],"wp:attachment":[{"href":"https:\/\/microlink.com.co\/en\/wp-json\/wp\/v2\/media?parent=7246"}],"wp:term":[{"taxonomy":"product_brand","embeddable":true,"href":"https:\/\/microlink.com.co\/en\/wp-json\/wp\/v2\/product_brand?post=7246"},{"taxonomy":"product_cat","embeddable":true,"href":"https:\/\/microlink.com.co\/en\/wp-json\/wp\/v2\/product_cat?post=7246"},{"taxonomy":"product_tag","embeddable":true,"href":"https:\/\/microlink.com.co\/en\/wp-json\/wp\/v2\/product_tag?post=7246"}],"curies":[{"name":"wp","href":"https:\/\/api.w.org\/{rel}","templated":true}]}}