{"id":7245,"date":"2022-03-09T18:57:30","date_gmt":"2022-03-09T23:57:30","guid":{"rendered":"https:\/\/microlink.com.co\/\/\/producto\/plt12-c\/"},"modified":"2022-11-24T15:57:27","modified_gmt":"2022-11-24T20:57:27","slug":"plt12-c","status":"publish","type":"product","link":"https:\/\/microlink.com.co\/en\/product\/plt12-c\/","title":{"rendered":"OPTICAL MODULE SFP GPON OLT C+"},"content":{"rendered":"<p><span style=\"color: font-size:15pt; font-family: 'Helvetica Neue',sans-serif; #000000;background-color: transparent; font-weight: bold; font-style: normal; font-variant: normal; text-decoration: none; vertical-align: baseline; white-space: pre-wrap;\"><strong>OPTICAL MODULE SFP GPON OLT C+ PLT12 \u2013 C+ TP-LINK<\/strong><\/span><\/p>\n<p>The high performance GPON OLT SFP transceiver module is designed for passive optical network applications, 2.488Gbps downstream and 1.244Gbps upstream. The GPON SFP OLT transceiver module is compatible with GPON Optical Line Terminals (OLT) according to ITU-T G.984.2<\/p>\n<p>TP-Link PLT12-C+ \u2013 GPON OLT SFP optical module, Class C+, single mode, SC\/UPC, 1490nm TX \/1310nm RX wavelength.<\/p>","protected":false},"excerpt":{"rendered":"<p>OPTICAL SFP GPON OLT C+ PLT12 MODULE \u2013 C+ TP-LINK The high-performance GPON OLT SFP transceiver module is designed for passive optical network applications, 2.488 Gbps downstream and 1.244 Gbps upstream. The GPON SFP OLT transceiver module is compatible with GPON Optical Line Terminals (OLTs) according to ITU-T G.984.2 TP-Link [\u2026]<\/p>","protected":false},"featured_media":7079,"comment_status":"open","ping_status":"closed","template":"","meta":{"_acf_changed":false,"_eb_attr":"","_links_to":"","_links_to_target":""},"product_brand":[114],"product_cat":[29,36],"product_tag":[],"class_list":{"0":"post-7245","1":"product","2":"type-product","3":"status-publish","4":"has-post-thumbnail","6":"product_brand-tp-link","7":"product_cat-gpon","8":"product_cat-sfp-y-media-converters","10":"first","11":"instock","12":"shipping-taxable","13":"product-type-simple"},"acf":[],"yoast_head":"<!-- This site is optimized with the Yoast SEO plugin v27.3 - https:\/\/yoast.com\/product\/yoast-seo-wordpress\/ -->\n<title>MODULO \u00d3PTICO SFP GPON OLT C+ TP-LINK - Microlink<\/title>\n<meta name=\"description\" content=\"En Microlink Conectamos con Prop\u00f3sito M\u00d3DULO \u00d3PTICO SFP GPON OLT C+ PLT12 \u2013 C+ TP-LINK, alto rendimiento dise\u00f1ado para aplicaciones de red \u00f3ptica pasiva\" \/>\n<meta name=\"robots\" content=\"index, follow, max-snippet:-1, max-image-preview:large, max-video-preview:-1\" \/>\n<link rel=\"canonical\" href=\"https:\/\/microlink.com.co\/en\/product\/plt12-c\/\" \/>\n<meta property=\"og:locale\" content=\"en_US\" \/>\n<meta property=\"og:type\" content=\"article\" \/>\n<meta property=\"og:title\" content=\"MODULO \u00d3PTICO SFP GPON OLT C+ TP-LINK - Microlink\" \/>\n<meta property=\"og:description\" content=\"En Microlink Conectamos con Prop\u00f3sito M\u00d3DULO \u00d3PTICO SFP GPON OLT C+ PLT12 \u2013 C+ TP-LINK, alto rendimiento dise\u00f1ado para aplicaciones de red \u00f3ptica pasiva\" \/>\n<meta property=\"og:url\" content=\"https:\/\/microlink.com.co\/en\/product\/plt12-c\/\" \/>\n<meta property=\"og:site_name\" content=\"Microlink\" \/>\n<meta property=\"article:publisher\" content=\"https:\/\/www.facebook.com\/microlinksas\" \/>\n<meta property=\"article:modified_time\" content=\"2022-11-24T20:57:27+00:00\" \/>\n<meta property=\"og:image\" content=\"https:\/\/microlink.com.co\/wp-content\/uploads\/2022\/03\/PLT12-C-img1.png\" \/>\n\t<meta property=\"og:image:width\" content=\"268\" \/>\n\t<meta property=\"og:image:height\" content=\"210\" \/>\n\t<meta property=\"og:image:type\" content=\"image\/png\" \/>\n<meta name=\"twitter:card\" content=\"summary_large_image\" \/>\n<meta name=\"twitter:label1\" content=\"Est. reading time\" \/>\n\t<meta name=\"twitter:data1\" content=\"1 minute\" \/>\n<script type=\"application\/ld+json\" class=\"yoast-schema-graph\">{\"@context\":\"https:\\\/\\\/schema.org\",\"@graph\":[{\"@type\":[\"WebPage\",\"ItemPage\"],\"@id\":\"https:\\\/\\\/microlink.com.co\\\/producto\\\/plt12-c\\\/\",\"url\":\"https:\\\/\\\/microlink.com.co\\\/producto\\\/plt12-c\\\/\",\"name\":\"MODULO \u00d3PTICO SFP GPON OLT C+ TP-LINK - Microlink\",\"isPartOf\":{\"@id\":\"https:\\\/\\\/microlink.com.co\\\/#website\"},\"primaryImageOfPage\":{\"@id\":\"https:\\\/\\\/microlink.com.co\\\/producto\\\/plt12-c\\\/#primaryimage\"},\"image\":{\"@id\":\"https:\\\/\\\/microlink.com.co\\\/producto\\\/plt12-c\\\/#primaryimage\"},\"thumbnailUrl\":\"https:\\\/\\\/microlink.com.co\\\/wp-content\\\/uploads\\\/2022\\\/03\\\/PLT12-C-img1.png\",\"datePublished\":\"2022-03-09T23:57:30+00:00\",\"dateModified\":\"2022-11-24T20:57:27+00:00\",\"description\":\"En Microlink Conectamos con Prop\u00f3sito M\u00d3DULO \u00d3PTICO SFP GPON OLT C+ PLT12 \u2013 C+ TP-LINK, alto rendimiento dise\u00f1ado para aplicaciones de red \u00f3ptica pasiva\",\"breadcrumb\":{\"@id\":\"https:\\\/\\\/microlink.com.co\\\/producto\\\/plt12-c\\\/#breadcrumb\"},\"inLanguage\":\"en-US\",\"potentialAction\":[{\"@type\":\"ReadAction\",\"target\":[\"https:\\\/\\\/microlink.com.co\\\/producto\\\/plt12-c\\\/\"]}]},{\"@type\":\"ImageObject\",\"inLanguage\":\"en-US\",\"@id\":\"https:\\\/\\\/microlink.com.co\\\/producto\\\/plt12-c\\\/#primaryimage\",\"url\":\"https:\\\/\\\/microlink.com.co\\\/wp-content\\\/uploads\\\/2022\\\/03\\\/PLT12-C-img1.png\",\"contentUrl\":\"https:\\\/\\\/microlink.com.co\\\/wp-content\\\/uploads\\\/2022\\\/03\\\/PLT12-C-img1.png\",\"width\":268,\"height\":210,\"caption\":\"MODULO \u00d3PTICO SFP GPON OLT C+ PLT12 \u2013 C+ TP-LINK\"},{\"@type\":\"BreadcrumbList\",\"@id\":\"https:\\\/\\\/microlink.com.co\\\/producto\\\/plt12-c\\\/#breadcrumb\",\"itemListElement\":[{\"@type\":\"ListItem\",\"position\":1,\"name\":\"Inicio\",\"item\":\"https:\\\/\\\/microlink.com.co\\\/\"},{\"@type\":\"ListItem\",\"position\":2,\"name\":\"Productos\",\"item\":\"https:\\\/\\\/microlink.com.co\\\/?page_id=20\"},{\"@type\":\"ListItem\",\"position\":3,\"name\":\"MODULO \u00d3PTICO SFP GPON OLT C+\"}]},{\"@type\":\"WebSite\",\"@id\":\"https:\\\/\\\/microlink.com.co\\\/#website\",\"url\":\"https:\\\/\\\/microlink.com.co\\\/\",\"name\":\"Microlink\",\"description\":\"Conectamos con prop\u00f3sito el mercado de las telecomunicaciones a Colombia y la regi\u00f3n a trav\u00e9s de la producci\u00f3n y comercializaci\u00f3n de productos y soluciones de conectividad pasiva y activa.\",\"publisher\":{\"@id\":\"https:\\\/\\\/microlink.com.co\\\/#organization\"},\"alternateName\":\"Microlink S.A.S\",\"potentialAction\":[{\"@type\":\"SearchAction\",\"target\":{\"@type\":\"EntryPoint\",\"urlTemplate\":\"https:\\\/\\\/microlink.com.co\\\/?s={search_term_string}\"},\"query-input\":{\"@type\":\"PropertyValueSpecification\",\"valueRequired\":true,\"valueName\":\"search_term_string\"}}],\"inLanguage\":\"en-US\"},{\"@type\":\"Organization\",\"@id\":\"https:\\\/\\\/microlink.com.co\\\/#organization\",\"name\":\"Microlink SAS\",\"url\":\"https:\\\/\\\/microlink.com.co\\\/\",\"logo\":{\"@type\":\"ImageObject\",\"inLanguage\":\"en-US\",\"@id\":\"https:\\\/\\\/microlink.com.co\\\/#\\\/schema\\\/logo\\\/image\\\/\",\"url\":\"https:\\\/\\\/microlink.com.co\\\/wp-content\\\/uploads\\\/2022\\\/05\\\/Microlink_Logotipo-Horizontal_ColorTagline.png\",\"contentUrl\":\"https:\\\/\\\/microlink.com.co\\\/wp-content\\\/uploads\\\/2022\\\/05\\\/Microlink_Logotipo-Horizontal_ColorTagline.png\",\"width\":793,\"height\":384,\"caption\":\"Microlink SAS\"},\"image\":{\"@id\":\"https:\\\/\\\/microlink.com.co\\\/#\\\/schema\\\/logo\\\/image\\\/\"},\"sameAs\":[\"https:\\\/\\\/www.facebook.com\\\/microlinksas\",\"http:\\\/\\\/linkedin.com\\\/company\\\/microlink-ltd\\\/\",\"http:\\\/\\\/youtube.com\\\/channel\\\/UCTijT7LU-sMetDs7MPFhM7Q\",\"https:\\\/\\\/www.instagram.com\\\/microlinksas\\\/\"]}]}<\/script>\n<!-- \/ Yoast SEO plugin. -->","yoast_head_json":{"title":"MODULO \u00d3PTICO SFP GPON OLT C+ TP-LINK - Microlink","description":"En Microlink Conectamos con Prop\u00f3sito M\u00d3DULO \u00d3PTICO SFP GPON OLT C+ PLT12 \u2013 C+ TP-LINK, alto rendimiento dise\u00f1ado para aplicaciones de red \u00f3ptica pasiva","robots":{"index":"index","follow":"follow","max-snippet":"max-snippet:-1","max-image-preview":"max-image-preview:large","max-video-preview":"max-video-preview:-1"},"canonical":"https:\/\/microlink.com.co\/en\/product\/plt12-c\/","og_locale":"en_US","og_type":"article","og_title":"MODULO \u00d3PTICO SFP GPON OLT C+ TP-LINK - Microlink","og_description":"En Microlink Conectamos con Prop\u00f3sito M\u00d3DULO \u00d3PTICO SFP GPON OLT C+ PLT12 \u2013 C+ TP-LINK, alto rendimiento dise\u00f1ado para aplicaciones de red \u00f3ptica pasiva","og_url":"https:\/\/microlink.com.co\/en\/product\/plt12-c\/","og_site_name":"Microlink","article_publisher":"https:\/\/www.facebook.com\/microlinksas","article_modified_time":"2022-11-24T20:57:27+00:00","og_image":[{"width":268,"height":210,"url":"https:\/\/microlink.com.co\/wp-content\/uploads\/2022\/03\/PLT12-C-img1.png","type":"image\/png"}],"twitter_card":"summary_large_image","twitter_misc":{"Est. reading time":"1 minute"},"schema":{"@context":"https:\/\/schema.org","@graph":[{"@type":["WebPage","ItemPage"],"@id":"https:\/\/microlink.com.co\/producto\/plt12-c\/","url":"https:\/\/microlink.com.co\/producto\/plt12-c\/","name":"MODULO \u00d3PTICO SFP GPON OLT C+ TP-LINK - Microlink","isPartOf":{"@id":"https:\/\/microlink.com.co\/#website"},"primaryImageOfPage":{"@id":"https:\/\/microlink.com.co\/producto\/plt12-c\/#primaryimage"},"image":{"@id":"https:\/\/microlink.com.co\/producto\/plt12-c\/#primaryimage"},"thumbnailUrl":"https:\/\/microlink.com.co\/wp-content\/uploads\/2022\/03\/PLT12-C-img1.png","datePublished":"2022-03-09T23:57:30+00:00","dateModified":"2022-11-24T20:57:27+00:00","description":"En Microlink Conectamos con Prop\u00f3sito M\u00d3DULO \u00d3PTICO SFP GPON OLT C+ PLT12 \u2013 C+ TP-LINK, alto rendimiento dise\u00f1ado para aplicaciones de red \u00f3ptica pasiva","breadcrumb":{"@id":"https:\/\/microlink.com.co\/producto\/plt12-c\/#breadcrumb"},"inLanguage":"en-US","potentialAction":[{"@type":"ReadAction","target":["https:\/\/microlink.com.co\/producto\/plt12-c\/"]}]},{"@type":"ImageObject","inLanguage":"en-US","@id":"https:\/\/microlink.com.co\/producto\/plt12-c\/#primaryimage","url":"https:\/\/microlink.com.co\/wp-content\/uploads\/2022\/03\/PLT12-C-img1.png","contentUrl":"https:\/\/microlink.com.co\/wp-content\/uploads\/2022\/03\/PLT12-C-img1.png","width":268,"height":210,"caption":"MODULO \u00d3PTICO SFP GPON OLT C+ PLT12 \u2013 C+ TP-LINK"},{"@type":"BreadcrumbList","@id":"https:\/\/microlink.com.co\/producto\/plt12-c\/#breadcrumb","itemListElement":[{"@type":"ListItem","position":1,"name":"Inicio","item":"https:\/\/microlink.com.co\/"},{"@type":"ListItem","position":2,"name":"Productos","item":"https:\/\/microlink.com.co\/?page_id=20"},{"@type":"ListItem","position":3,"name":"MODULO \u00d3PTICO SFP GPON OLT C+"}]},{"@type":"WebSite","@id":"https:\/\/microlink.com.co\/#website","url":"https:\/\/microlink.com.co\/","name":"micro link","description":"We purposefully connect the telecommunications market to Colombia and the region through the production and marketing of passive and active connectivity products and solutions.","publisher":{"@id":"https:\/\/microlink.com.co\/#organization"},"alternateName":"Microlink S.A.S","potentialAction":[{"@type":"SearchAction","target":{"@type":"EntryPoint","urlTemplate":"https:\/\/microlink.com.co\/?s={search_term_string}"},"query-input":{"@type":"PropertyValueSpecification","valueRequired":true,"valueName":"search_term_string"}}],"inLanguage":"en-US"},{"@type":"Organization","@id":"https:\/\/microlink.com.co\/#organization","name":"Microlink SAS","url":"https:\/\/microlink.com.co\/","logo":{"@type":"ImageObject","inLanguage":"en-US","@id":"https:\/\/microlink.com.co\/#\/schema\/logo\/image\/","url":"https:\/\/microlink.com.co\/wp-content\/uploads\/2022\/05\/Microlink_Logotipo-Horizontal_ColorTagline.png","contentUrl":"https:\/\/microlink.com.co\/wp-content\/uploads\/2022\/05\/Microlink_Logotipo-Horizontal_ColorTagline.png","width":793,"height":384,"caption":"Microlink SAS"},"image":{"@id":"https:\/\/microlink.com.co\/#\/schema\/logo\/image\/"},"sameAs":["https:\/\/www.facebook.com\/microlinksas","http:\/\/linkedin.com\/company\/microlink-ltd\/","http:\/\/youtube.com\/channel\/UCTijT7LU-sMetDs7MPFhM7Q","https:\/\/www.instagram.com\/microlinksas\/"]}]}},"_links":{"self":[{"href":"https:\/\/microlink.com.co\/en\/wp-json\/wp\/v2\/product\/7245","targetHints":{"allow":["GET"]}}],"collection":[{"href":"https:\/\/microlink.com.co\/en\/wp-json\/wp\/v2\/product"}],"about":[{"href":"https:\/\/microlink.com.co\/en\/wp-json\/wp\/v2\/types\/product"}],"replies":[{"embeddable":true,"href":"https:\/\/microlink.com.co\/en\/wp-json\/wp\/v2\/comments?post=7245"}],"wp:featuredmedia":[{"embeddable":true,"href":"https:\/\/microlink.com.co\/en\/wp-json\/wp\/v2\/media\/7079"}],"wp:attachment":[{"href":"https:\/\/microlink.com.co\/en\/wp-json\/wp\/v2\/media?parent=7245"}],"wp:term":[{"taxonomy":"product_brand","embeddable":true,"href":"https:\/\/microlink.com.co\/en\/wp-json\/wp\/v2\/product_brand?post=7245"},{"taxonomy":"product_cat","embeddable":true,"href":"https:\/\/microlink.com.co\/en\/wp-json\/wp\/v2\/product_cat?post=7245"},{"taxonomy":"product_tag","embeddable":true,"href":"https:\/\/microlink.com.co\/en\/wp-json\/wp\/v2\/product_tag?post=7245"}],"curies":[{"name":"wp","href":"https:\/\/api.w.org\/{rel}","templated":true}]}}