{"id":7244,"date":"2022-03-09T18:57:30","date_gmt":"2022-03-09T23:57:30","guid":{"rendered":"https:\/\/microlink.com.co\/\/\/producto\/xr500v\/"},"modified":"2023-02-04T10:53:52","modified_gmt":"2023-02-04T15:53:52","slug":"xr500v","status":"publish","type":"product","link":"https:\/\/microlink.com.co\/en\/product\/xr500v\/","title":{"rendered":"GPON AC1200 WIRELESS DUAL BAND GIGABIT VOIP ROUTER"},"content":{"rendered":"<p><span style=\"color: font-size:15pt; font-family: 'Helvetica Neue',sans-serif; #000000;background-color: transparent; font-weight: bold; font-style: normal; font-variant: normal; text-decoration: none; vertical-align: baseline; white-space: pre-wrap;\"><strong>AC1200 WIRELESS DUAL BAND GIGABIT VOIP GPON ROUTER XR500v TP-LINK<\/strong><\/span><\/p>\n<p>Ultra-fast dual-band Wi-Fi: Wi-Fi speeds up to 1.2 Gbps, 300 Mbps at 2.4 GHz, 867 Mbps at 5 GHz.<\/p>\n<p>Full Gigabit Port \u2013 Up to 10 times faster than standard Ethernet, delivers ultra-fast wired performance.<\/p>\n<p>Supports VOIP calls - Simply make or receive phone calls over the Internet.<\/p>\n<p>Easy Remote Management: Supports ONT Management and Control Interface (OMCI), easy to configure and manage remotely from an OLT.<\/p>\n<p>Compatible with USB 2.0 port: Easily share files and media with networked devices.<\/p>\n<p>Seamless Connection: Supports VLAN, 802.1q, seamless network connection for IPTV and other services.<\/p>","protected":false},"excerpt":{"rendered":"<p>AC1200 WIRELESS DUAL BAND GIGABIT VOIP GPON ROUTER XR500v TP-LINK Ultra-fast dual-band Wi-Fi: Wi-Fi speeds up to 1.2 Gbps, 300 Mbps at 2.4 GHz, 867 Mbps at 5 GHz. Full Gigabit port: up to 10 times faster than standard Ethernet, it offers ultra-fast wired performance. Supports VOIP calls - just make or receive [\u2026]<\/p>","protected":false},"featured_media":7077,"comment_status":"open","ping_status":"closed","template":"","meta":{"_acf_changed":false,"_eb_attr":"","_links_to":"","_links_to_target":""},"product_brand":[114],"product_cat":[29,35],"product_tag":[],"class_list":{"0":"post-7244","1":"product","2":"type-product","3":"status-publish","4":"has-post-thumbnail","6":"product_brand-tp-link","7":"product_cat-gpon","8":"product_cat-ont-olt","10":"first","11":"instock","12":"shipping-taxable","13":"product-type-simple"},"acf":[],"yoast_head":"<!-- This site is optimized with the Yoast SEO plugin v27.5 - https:\/\/yoast.com\/product\/yoast-seo-wordpress\/ -->\n<title>WIRELESS DUAL BAND GIGABIT VOIP GPON ROUTER TP-LINK<\/title>\n<meta name=\"description\" content=\"En Microlink tenemos los mejores AC1200 WIRELESS DUAL BAND GIGABIT VOIP GPON ROUTER XR500v TP-LINK, Wi-Fi ultrarr\u00e1pido de doble banda, 2,4 GHz y 5 GHz.\" \/>\n<meta name=\"robots\" content=\"index, follow, max-snippet:-1, max-image-preview:large, max-video-preview:-1\" \/>\n<link rel=\"canonical\" href=\"https:\/\/microlink.com.co\/en\/product\/xr500v\/\" \/>\n<meta property=\"og:locale\" content=\"en_US\" \/>\n<meta property=\"og:type\" content=\"article\" \/>\n<meta property=\"og:title\" content=\"WIRELESS DUAL BAND GIGABIT VOIP GPON ROUTER TP-LINK\" \/>\n<meta property=\"og:description\" content=\"En Microlink tenemos los mejores AC1200 WIRELESS DUAL BAND GIGABIT VOIP GPON ROUTER XR500v TP-LINK, Wi-Fi ultrarr\u00e1pido de doble banda, 2,4 GHz y 5 GHz.\" \/>\n<meta property=\"og:url\" content=\"https:\/\/microlink.com.co\/en\/product\/xr500v\/\" \/>\n<meta property=\"og:site_name\" content=\"Microlink\" \/>\n<meta property=\"article:publisher\" content=\"https:\/\/www.facebook.com\/microlinksas\" \/>\n<meta property=\"article:modified_time\" content=\"2023-02-04T15:53:52+00:00\" \/>\n<meta property=\"og:image\" content=\"https:\/\/microlink.com.co\/wp-content\/uploads\/2022\/03\/XR500v-img1.png\" \/>\n\t<meta property=\"og:image:width\" content=\"307\" \/>\n\t<meta property=\"og:image:height\" content=\"281\" \/>\n\t<meta property=\"og:image:type\" content=\"image\/png\" \/>\n<meta name=\"twitter:card\" content=\"summary_large_image\" \/>\n<meta name=\"twitter:label1\" content=\"Est. reading time\" \/>\n\t<meta name=\"twitter:data1\" content=\"1 minute\" \/>\n<script type=\"application\/ld+json\" class=\"yoast-schema-graph\">{\"@context\":\"https:\\\/\\\/schema.org\",\"@graph\":[{\"@type\":[\"WebPage\",\"ItemPage\"],\"@id\":\"https:\\\/\\\/microlink.com.co\\\/producto\\\/xr500v\\\/\",\"url\":\"https:\\\/\\\/microlink.com.co\\\/producto\\\/xr500v\\\/\",\"name\":\"WIRELESS DUAL BAND GIGABIT VOIP GPON ROUTER TP-LINK\",\"isPartOf\":{\"@id\":\"https:\\\/\\\/microlink.com.co\\\/#website\"},\"primaryImageOfPage\":{\"@id\":\"https:\\\/\\\/microlink.com.co\\\/producto\\\/xr500v\\\/#primaryimage\"},\"image\":{\"@id\":\"https:\\\/\\\/microlink.com.co\\\/producto\\\/xr500v\\\/#primaryimage\"},\"thumbnailUrl\":\"https:\\\/\\\/microlink.com.co\\\/wp-content\\\/uploads\\\/2022\\\/03\\\/XR500v-img1.png\",\"datePublished\":\"2022-03-09T23:57:30+00:00\",\"dateModified\":\"2023-02-04T15:53:52+00:00\",\"description\":\"En Microlink tenemos los mejores AC1200 WIRELESS DUAL BAND GIGABIT VOIP GPON ROUTER XR500v TP-LINK, Wi-Fi ultrarr\u00e1pido de doble banda, 2,4 GHz y 5 GHz.\",\"breadcrumb\":{\"@id\":\"https:\\\/\\\/microlink.com.co\\\/producto\\\/xr500v\\\/#breadcrumb\"},\"inLanguage\":\"en-US\",\"potentialAction\":[{\"@type\":\"ReadAction\",\"target\":[\"https:\\\/\\\/microlink.com.co\\\/producto\\\/xr500v\\\/\"]}]},{\"@type\":\"ImageObject\",\"inLanguage\":\"en-US\",\"@id\":\"https:\\\/\\\/microlink.com.co\\\/producto\\\/xr500v\\\/#primaryimage\",\"url\":\"https:\\\/\\\/microlink.com.co\\\/wp-content\\\/uploads\\\/2022\\\/03\\\/XR500v-img1.png\",\"contentUrl\":\"https:\\\/\\\/microlink.com.co\\\/wp-content\\\/uploads\\\/2022\\\/03\\\/XR500v-img1.png\",\"width\":307,\"height\":281,\"caption\":\"AC1200 WIRELESS DUAL BAND GIGABIT VOIP GPON ROUTER XR500v TP-LINK\"},{\"@type\":\"BreadcrumbList\",\"@id\":\"https:\\\/\\\/microlink.com.co\\\/producto\\\/xr500v\\\/#breadcrumb\",\"itemListElement\":[{\"@type\":\"ListItem\",\"position\":1,\"name\":\"Inicio\",\"item\":\"https:\\\/\\\/microlink.com.co\\\/\"},{\"@type\":\"ListItem\",\"position\":2,\"name\":\"Productos\",\"item\":\"https:\\\/\\\/microlink.com.co\\\/?page_id=20\"},{\"@type\":\"ListItem\",\"position\":3,\"name\":\"ROUTER GPON AC1200 WIRELESS DUAL BAND GIGABIT VOIP\"}]},{\"@type\":\"WebSite\",\"@id\":\"https:\\\/\\\/microlink.com.co\\\/#website\",\"url\":\"https:\\\/\\\/microlink.com.co\\\/\",\"name\":\"Microlink\",\"description\":\"Conectamos con prop\u00f3sito el mercado de las telecomunicaciones a Colombia y la regi\u00f3n a trav\u00e9s de la producci\u00f3n y comercializaci\u00f3n de productos y soluciones de conectividad pasiva y activa.\",\"publisher\":{\"@id\":\"https:\\\/\\\/microlink.com.co\\\/#organization\"},\"alternateName\":\"Microlink S.A.S\",\"potentialAction\":[{\"@type\":\"SearchAction\",\"target\":{\"@type\":\"EntryPoint\",\"urlTemplate\":\"https:\\\/\\\/microlink.com.co\\\/?s={search_term_string}\"},\"query-input\":{\"@type\":\"PropertyValueSpecification\",\"valueRequired\":true,\"valueName\":\"search_term_string\"}}],\"inLanguage\":\"en-US\"},{\"@type\":\"Organization\",\"@id\":\"https:\\\/\\\/microlink.com.co\\\/#organization\",\"name\":\"Microlink SAS\",\"url\":\"https:\\\/\\\/microlink.com.co\\\/\",\"logo\":{\"@type\":\"ImageObject\",\"inLanguage\":\"en-US\",\"@id\":\"https:\\\/\\\/microlink.com.co\\\/#\\\/schema\\\/logo\\\/image\\\/\",\"url\":\"https:\\\/\\\/microlink.com.co\\\/wp-content\\\/uploads\\\/2022\\\/05\\\/Microlink_Logotipo-Horizontal_ColorTagline.png\",\"contentUrl\":\"https:\\\/\\\/microlink.com.co\\\/wp-content\\\/uploads\\\/2022\\\/05\\\/Microlink_Logotipo-Horizontal_ColorTagline.png\",\"width\":793,\"height\":384,\"caption\":\"Microlink SAS\"},\"image\":{\"@id\":\"https:\\\/\\\/microlink.com.co\\\/#\\\/schema\\\/logo\\\/image\\\/\"},\"sameAs\":[\"https:\\\/\\\/www.facebook.com\\\/microlinksas\",\"http:\\\/\\\/linkedin.com\\\/company\\\/microlink-ltd\\\/\",\"http:\\\/\\\/youtube.com\\\/channel\\\/UCTijT7LU-sMetDs7MPFhM7Q\",\"https:\\\/\\\/www.instagram.com\\\/microlinksas\\\/\"]}]}<\/script>\n<!-- \/ Yoast SEO plugin. -->","yoast_head_json":{"title":"WIRELESS DUAL BAND GIGABIT VOIP GPON ROUTER TP-LINK","description":"En Microlink tenemos los mejores AC1200 WIRELESS DUAL BAND GIGABIT VOIP GPON ROUTER XR500v TP-LINK, Wi-Fi ultrarr\u00e1pido de doble banda, 2,4 GHz y 5 GHz.","robots":{"index":"index","follow":"follow","max-snippet":"max-snippet:-1","max-image-preview":"max-image-preview:large","max-video-preview":"max-video-preview:-1"},"canonical":"https:\/\/microlink.com.co\/en\/product\/xr500v\/","og_locale":"en_US","og_type":"article","og_title":"WIRELESS DUAL BAND GIGABIT VOIP GPON ROUTER TP-LINK","og_description":"En Microlink tenemos los mejores AC1200 WIRELESS DUAL BAND GIGABIT VOIP GPON ROUTER XR500v TP-LINK, Wi-Fi ultrarr\u00e1pido de doble banda, 2,4 GHz y 5 GHz.","og_url":"https:\/\/microlink.com.co\/en\/product\/xr500v\/","og_site_name":"Microlink","article_publisher":"https:\/\/www.facebook.com\/microlinksas","article_modified_time":"2023-02-04T15:53:52+00:00","og_image":[{"width":307,"height":281,"url":"https:\/\/microlink.com.co\/wp-content\/uploads\/2022\/03\/XR500v-img1.png","type":"image\/png"}],"twitter_card":"summary_large_image","twitter_misc":{"Est. reading time":"1 minute"},"schema":{"@context":"https:\/\/schema.org","@graph":[{"@type":["WebPage","ItemPage"],"@id":"https:\/\/microlink.com.co\/producto\/xr500v\/","url":"https:\/\/microlink.com.co\/producto\/xr500v\/","name":"WIRELESS DUAL BAND GIGABIT VOIP GPON ROUTER TP-LINK","isPartOf":{"@id":"https:\/\/microlink.com.co\/#website"},"primaryImageOfPage":{"@id":"https:\/\/microlink.com.co\/producto\/xr500v\/#primaryimage"},"image":{"@id":"https:\/\/microlink.com.co\/producto\/xr500v\/#primaryimage"},"thumbnailUrl":"https:\/\/microlink.com.co\/wp-content\/uploads\/2022\/03\/XR500v-img1.png","datePublished":"2022-03-09T23:57:30+00:00","dateModified":"2023-02-04T15:53:52+00:00","description":"En Microlink tenemos los mejores AC1200 WIRELESS DUAL BAND GIGABIT VOIP GPON ROUTER XR500v TP-LINK, Wi-Fi ultrarr\u00e1pido de doble banda, 2,4 GHz y 5 GHz.","breadcrumb":{"@id":"https:\/\/microlink.com.co\/producto\/xr500v\/#breadcrumb"},"inLanguage":"en-US","potentialAction":[{"@type":"ReadAction","target":["https:\/\/microlink.com.co\/producto\/xr500v\/"]}]},{"@type":"ImageObject","inLanguage":"en-US","@id":"https:\/\/microlink.com.co\/producto\/xr500v\/#primaryimage","url":"https:\/\/microlink.com.co\/wp-content\/uploads\/2022\/03\/XR500v-img1.png","contentUrl":"https:\/\/microlink.com.co\/wp-content\/uploads\/2022\/03\/XR500v-img1.png","width":307,"height":281,"caption":"AC1200 WIRELESS DUAL BAND GIGABIT VOIP GPON ROUTER XR500v TP-LINK"},{"@type":"BreadcrumbList","@id":"https:\/\/microlink.com.co\/producto\/xr500v\/#breadcrumb","itemListElement":[{"@type":"ListItem","position":1,"name":"Inicio","item":"https:\/\/microlink.com.co\/"},{"@type":"ListItem","position":2,"name":"Productos","item":"https:\/\/microlink.com.co\/?page_id=20"},{"@type":"ListItem","position":3,"name":"ROUTER GPON AC1200 WIRELESS DUAL BAND GIGABIT VOIP"}]},{"@type":"WebSite","@id":"https:\/\/microlink.com.co\/#website","url":"https:\/\/microlink.com.co\/","name":"micro link","description":"We purposefully connect the telecommunications market to Colombia and the region through the production and marketing of passive and active connectivity products and solutions.","publisher":{"@id":"https:\/\/microlink.com.co\/#organization"},"alternateName":"Microlink S.A.S","potentialAction":[{"@type":"SearchAction","target":{"@type":"EntryPoint","urlTemplate":"https:\/\/microlink.com.co\/?s={search_term_string}"},"query-input":{"@type":"PropertyValueSpecification","valueRequired":true,"valueName":"search_term_string"}}],"inLanguage":"en-US"},{"@type":"Organization","@id":"https:\/\/microlink.com.co\/#organization","name":"Microlink SAS","url":"https:\/\/microlink.com.co\/","logo":{"@type":"ImageObject","inLanguage":"en-US","@id":"https:\/\/microlink.com.co\/#\/schema\/logo\/image\/","url":"https:\/\/microlink.com.co\/wp-content\/uploads\/2022\/05\/Microlink_Logotipo-Horizontal_ColorTagline.png","contentUrl":"https:\/\/microlink.com.co\/wp-content\/uploads\/2022\/05\/Microlink_Logotipo-Horizontal_ColorTagline.png","width":793,"height":384,"caption":"Microlink SAS"},"image":{"@id":"https:\/\/microlink.com.co\/#\/schema\/logo\/image\/"},"sameAs":["https:\/\/www.facebook.com\/microlinksas","http:\/\/linkedin.com\/company\/microlink-ltd\/","http:\/\/youtube.com\/channel\/UCTijT7LU-sMetDs7MPFhM7Q","https:\/\/www.instagram.com\/microlinksas\/"]}]}},"_links":{"self":[{"href":"https:\/\/microlink.com.co\/en\/wp-json\/wp\/v2\/product\/7244","targetHints":{"allow":["GET"]}}],"collection":[{"href":"https:\/\/microlink.com.co\/en\/wp-json\/wp\/v2\/product"}],"about":[{"href":"https:\/\/microlink.com.co\/en\/wp-json\/wp\/v2\/types\/product"}],"replies":[{"embeddable":true,"href":"https:\/\/microlink.com.co\/en\/wp-json\/wp\/v2\/comments?post=7244"}],"wp:featuredmedia":[{"embeddable":true,"href":"https:\/\/microlink.com.co\/en\/wp-json\/wp\/v2\/media\/7077"}],"wp:attachment":[{"href":"https:\/\/microlink.com.co\/en\/wp-json\/wp\/v2\/media?parent=7244"}],"wp:term":[{"taxonomy":"product_brand","embeddable":true,"href":"https:\/\/microlink.com.co\/en\/wp-json\/wp\/v2\/product_brand?post=7244"},{"taxonomy":"product_cat","embeddable":true,"href":"https:\/\/microlink.com.co\/en\/wp-json\/wp\/v2\/product_cat?post=7244"},{"taxonomy":"product_tag","embeddable":true,"href":"https:\/\/microlink.com.co\/en\/wp-json\/wp\/v2\/product_tag?post=7244"}],"curies":[{"name":"wp","href":"https:\/\/api.w.org\/{rel}","templated":true}]}}