{"id":7243,"date":"2022-03-09T18:57:30","date_gmt":"2022-03-09T23:57:30","guid":{"rendered":"https:\/\/microlink.com.co\/\/\/producto\/xn020-g3v\/"},"modified":"2024-09-04T14:18:20","modified_gmt":"2024-09-04T19:18:20","slug":"xn020-g3v","status":"publish","type":"product","link":"https:\/\/microlink.com.co\/en\/product\/xn020-g3v\/","title":{"rendered":"ONT 300MBPS WIRELESS N GIGABIT VOIP GPON ROUTER"},"content":{"rendered":"<p><strong>ONT 300MBPS WIRELESS N GIGABIT VOIP GPON ROUTER XN020-G3V TP-LINK<\/strong><\/p>\n<p>TP-Link N300 Wireless GPON Router is a Gigabit Passive Optical Network (GPON) Terminal, the ideal Fiber to the Home (FTTH) solution. Enjoy high-speed Internet connection via GPON port or 300Mbps wireless speeds. XN020-G3V is the perfect terminal and future-oriented service with full capabilities for FTTH deployment.<\/p>\n<p>Complying with ITU-T G.984 GPON standards, XN020-G3v supports maximum data rates of up to 2.488 Gbps download and 1.244 Gbps upload. Together with one 10\/100\/1000 Mbps LAN port and one 10\/100 Mbps LAN port, users can enjoy high-speed GPON services and bandwidth-intensive multimedia applications such as interactive games, streaming and audio. in real time, much faster and easier than ever.<\/p>","protected":false},"excerpt":{"rendered":"<p>ONT 300MBPS WIRELESS N GIGABIT VOIP GPON ROUTER XN020-G3V TP-LINK TP-Link N300 Wireless GPON Router is a Gigabit Passive Optical Network Terminal (GPON), the ideal Fiber to the Home (FTTH) solution. Enjoy a high-speed Internet connection through the GPON port or wireless speeds of 300 Mbps. [\u2026]<\/p>","protected":false},"featured_media":7075,"comment_status":"open","ping_status":"closed","template":"","meta":{"_acf_changed":false,"_eb_attr":"","_links_to":"","_links_to_target":""},"product_brand":[114],"product_cat":[29,35],"product_tag":[],"class_list":{"0":"post-7243","1":"product","2":"type-product","3":"status-publish","4":"has-post-thumbnail","6":"product_brand-tp-link","7":"product_cat-gpon","8":"product_cat-ont-olt","10":"first","11":"instock","12":"shipping-taxable","13":"product-type-simple"},"acf":[],"yoast_head":"<!-- This site is optimized with the Yoast SEO plugin v27.5 - https:\/\/yoast.com\/product\/yoast-seo-wordpress\/ -->\n<title>ROUTER ONT WIRELESS GIGABIT VOIP GPON TP-LINK<\/title>\n<meta name=\"description\" content=\"En Microlink encuentra el ROUTER ONT 300MBPS WIRELESS N GIGABIT VOIP GPON ROUTER XN020-G3V TP-LINK, red \u00f3ptica pasiva, Gigabit, fibra hasta el hogar (FTTH)\" \/>\n<meta name=\"robots\" content=\"index, follow, max-snippet:-1, max-image-preview:large, max-video-preview:-1\" \/>\n<link rel=\"canonical\" href=\"https:\/\/microlink.com.co\/en\/product\/xn020-g3v\/\" \/>\n<meta property=\"og:locale\" content=\"en_US\" \/>\n<meta property=\"og:type\" content=\"article\" \/>\n<meta property=\"og:title\" content=\"ROUTER ONT WIRELESS GIGABIT VOIP GPON TP-LINK\" \/>\n<meta property=\"og:description\" content=\"En Microlink encuentra el ROUTER ONT 300MBPS WIRELESS N GIGABIT VOIP GPON ROUTER XN020-G3V TP-LINK, red \u00f3ptica pasiva, Gigabit, fibra hasta el hogar (FTTH)\" \/>\n<meta property=\"og:url\" content=\"https:\/\/microlink.com.co\/en\/product\/xn020-g3v\/\" \/>\n<meta property=\"og:site_name\" content=\"Microlink\" \/>\n<meta property=\"article:publisher\" content=\"https:\/\/www.facebook.com\/microlinksas\" \/>\n<meta property=\"article:modified_time\" content=\"2024-09-04T19:18:20+00:00\" \/>\n<meta property=\"og:image\" content=\"https:\/\/microlink.com.co\/wp-content\/uploads\/2022\/03\/XN020-G3v-img1.png\" \/>\n\t<meta property=\"og:image:width\" content=\"386\" \/>\n\t<meta property=\"og:image:height\" content=\"360\" \/>\n\t<meta property=\"og:image:type\" content=\"image\/png\" \/>\n<meta name=\"twitter:card\" content=\"summary_large_image\" \/>\n<meta name=\"twitter:label1\" content=\"Est. reading time\" \/>\n\t<meta name=\"twitter:data1\" content=\"1 minute\" \/>\n<script type=\"application\/ld+json\" class=\"yoast-schema-graph\">{\"@context\":\"https:\\\/\\\/schema.org\",\"@graph\":[{\"@type\":[\"WebPage\",\"ItemPage\"],\"@id\":\"https:\\\/\\\/microlink.com.co\\\/en\\\/product\\\/xn020-g3v\\\/\",\"url\":\"https:\\\/\\\/microlink.com.co\\\/en\\\/product\\\/xn020-g3v\\\/\",\"name\":\"ROUTER ONT WIRELESS GIGABIT VOIP GPON TP-LINK\",\"isPartOf\":{\"@id\":\"https:\\\/\\\/microlink.com.co\\\/#website\"},\"primaryImageOfPage\":{\"@id\":\"https:\\\/\\\/microlink.com.co\\\/en\\\/product\\\/xn020-g3v\\\/#primaryimage\"},\"image\":{\"@id\":\"https:\\\/\\\/microlink.com.co\\\/en\\\/product\\\/xn020-g3v\\\/#primaryimage\"},\"thumbnailUrl\":\"https:\\\/\\\/microlink.com.co\\\/wp-content\\\/uploads\\\/2022\\\/03\\\/XN020-G3v-img1.png\",\"datePublished\":\"2022-03-09T23:57:30+00:00\",\"dateModified\":\"2024-09-04T19:18:20+00:00\",\"description\":\"En Microlink encuentra el ROUTER ONT 300MBPS WIRELESS N GIGABIT VOIP GPON ROUTER XN020-G3V TP-LINK, red \u00f3ptica pasiva, Gigabit, fibra hasta el hogar (FTTH)\",\"breadcrumb\":{\"@id\":\"https:\\\/\\\/microlink.com.co\\\/en\\\/product\\\/xn020-g3v\\\/#breadcrumb\"},\"inLanguage\":\"en-US\",\"potentialAction\":[{\"@type\":\"ReadAction\",\"target\":[\"https:\\\/\\\/microlink.com.co\\\/en\\\/product\\\/xn020-g3v\\\/\"]}]},{\"@type\":\"ImageObject\",\"inLanguage\":\"en-US\",\"@id\":\"https:\\\/\\\/microlink.com.co\\\/en\\\/product\\\/xn020-g3v\\\/#primaryimage\",\"url\":\"https:\\\/\\\/microlink.com.co\\\/wp-content\\\/uploads\\\/2022\\\/03\\\/XN020-G3v-img1.png\",\"contentUrl\":\"https:\\\/\\\/microlink.com.co\\\/wp-content\\\/uploads\\\/2022\\\/03\\\/XN020-G3v-img1.png\",\"width\":386,\"height\":360,\"caption\":\"ONT 300MBPS WIRELESS N GIGABIT VOIP GPON ROUTER XN020-G3V TP-LINK\"},{\"@type\":\"BreadcrumbList\",\"@id\":\"https:\\\/\\\/microlink.com.co\\\/en\\\/product\\\/xn020-g3v\\\/#breadcrumb\",\"itemListElement\":[{\"@type\":\"ListItem\",\"position\":1,\"name\":\"Inicio\",\"item\":\"https:\\\/\\\/microlink.com.co\\\/\"},{\"@type\":\"ListItem\",\"position\":2,\"name\":\"Productos\",\"item\":\"https:\\\/\\\/microlink.com.co\\\/?page_id=20\"},{\"@type\":\"ListItem\",\"position\":3,\"name\":\"ONT 300MBPS WIRELESS N GIGABIT VOIP GPON ROUTER\"}]},{\"@type\":\"WebSite\",\"@id\":\"https:\\\/\\\/microlink.com.co\\\/#website\",\"url\":\"https:\\\/\\\/microlink.com.co\\\/\",\"name\":\"Microlink\",\"description\":\"Conectamos con prop\u00f3sito el mercado de las telecomunicaciones a Colombia y la regi\u00f3n a trav\u00e9s de la producci\u00f3n y comercializaci\u00f3n de productos y soluciones de conectividad pasiva y activa.\",\"publisher\":{\"@id\":\"https:\\\/\\\/microlink.com.co\\\/#organization\"},\"alternateName\":\"Microlink S.A.S\",\"potentialAction\":[{\"@type\":\"SearchAction\",\"target\":{\"@type\":\"EntryPoint\",\"urlTemplate\":\"https:\\\/\\\/microlink.com.co\\\/?s={search_term_string}\"},\"query-input\":{\"@type\":\"PropertyValueSpecification\",\"valueRequired\":true,\"valueName\":\"search_term_string\"}}],\"inLanguage\":\"en-US\"},{\"@type\":\"Organization\",\"@id\":\"https:\\\/\\\/microlink.com.co\\\/#organization\",\"name\":\"Microlink SAS\",\"url\":\"https:\\\/\\\/microlink.com.co\\\/\",\"logo\":{\"@type\":\"ImageObject\",\"inLanguage\":\"en-US\",\"@id\":\"https:\\\/\\\/microlink.com.co\\\/#\\\/schema\\\/logo\\\/image\\\/\",\"url\":\"https:\\\/\\\/microlink.com.co\\\/wp-content\\\/uploads\\\/2022\\\/05\\\/Microlink_Logotipo-Horizontal_ColorTagline.png\",\"contentUrl\":\"https:\\\/\\\/microlink.com.co\\\/wp-content\\\/uploads\\\/2022\\\/05\\\/Microlink_Logotipo-Horizontal_ColorTagline.png\",\"width\":793,\"height\":384,\"caption\":\"Microlink SAS\"},\"image\":{\"@id\":\"https:\\\/\\\/microlink.com.co\\\/#\\\/schema\\\/logo\\\/image\\\/\"},\"sameAs\":[\"https:\\\/\\\/www.facebook.com\\\/microlinksas\",\"http:\\\/\\\/linkedin.com\\\/company\\\/microlink-ltd\\\/\",\"http:\\\/\\\/youtube.com\\\/channel\\\/UCTijT7LU-sMetDs7MPFhM7Q\",\"https:\\\/\\\/www.instagram.com\\\/microlinksas\\\/\"]}]}<\/script>\n<!-- \/ Yoast SEO plugin. -->","yoast_head_json":{"title":"ROUTER ONT WIRELESS GIGABIT VOIP GPON TP-LINK","description":"En Microlink encuentra el ROUTER ONT 300MBPS WIRELESS N GIGABIT VOIP GPON ROUTER XN020-G3V TP-LINK, red \u00f3ptica pasiva, Gigabit, fibra hasta el hogar (FTTH)","robots":{"index":"index","follow":"follow","max-snippet":"max-snippet:-1","max-image-preview":"max-image-preview:large","max-video-preview":"max-video-preview:-1"},"canonical":"https:\/\/microlink.com.co\/en\/product\/xn020-g3v\/","og_locale":"en_US","og_type":"article","og_title":"ROUTER ONT WIRELESS GIGABIT VOIP GPON TP-LINK","og_description":"En Microlink encuentra el ROUTER ONT 300MBPS WIRELESS N GIGABIT VOIP GPON ROUTER XN020-G3V TP-LINK, red \u00f3ptica pasiva, Gigabit, fibra hasta el hogar (FTTH)","og_url":"https:\/\/microlink.com.co\/en\/product\/xn020-g3v\/","og_site_name":"Microlink","article_publisher":"https:\/\/www.facebook.com\/microlinksas","article_modified_time":"2024-09-04T19:18:20+00:00","og_image":[{"width":386,"height":360,"url":"https:\/\/microlink.com.co\/wp-content\/uploads\/2022\/03\/XN020-G3v-img1.png","type":"image\/png"}],"twitter_card":"summary_large_image","twitter_misc":{"Est. reading time":"1 minute"},"schema":{"@context":"https:\/\/schema.org","@graph":[{"@type":["WebPage","ItemPage"],"@id":"https:\/\/microlink.com.co\/en\/product\/xn020-g3v\/","url":"https:\/\/microlink.com.co\/en\/product\/xn020-g3v\/","name":"ROUTER ONT WIRELESS GIGABIT VOIP GPON TP-LINK","isPartOf":{"@id":"https:\/\/microlink.com.co\/#website"},"primaryImageOfPage":{"@id":"https:\/\/microlink.com.co\/en\/product\/xn020-g3v\/#primaryimage"},"image":{"@id":"https:\/\/microlink.com.co\/en\/product\/xn020-g3v\/#primaryimage"},"thumbnailUrl":"https:\/\/microlink.com.co\/wp-content\/uploads\/2022\/03\/XN020-G3v-img1.png","datePublished":"2022-03-09T23:57:30+00:00","dateModified":"2024-09-04T19:18:20+00:00","description":"En Microlink encuentra el ROUTER ONT 300MBPS WIRELESS N GIGABIT VOIP GPON ROUTER XN020-G3V TP-LINK, red \u00f3ptica pasiva, Gigabit, fibra hasta el hogar (FTTH)","breadcrumb":{"@id":"https:\/\/microlink.com.co\/en\/product\/xn020-g3v\/#breadcrumb"},"inLanguage":"en-US","potentialAction":[{"@type":"ReadAction","target":["https:\/\/microlink.com.co\/en\/product\/xn020-g3v\/"]}]},{"@type":"ImageObject","inLanguage":"en-US","@id":"https:\/\/microlink.com.co\/en\/product\/xn020-g3v\/#primaryimage","url":"https:\/\/microlink.com.co\/wp-content\/uploads\/2022\/03\/XN020-G3v-img1.png","contentUrl":"https:\/\/microlink.com.co\/wp-content\/uploads\/2022\/03\/XN020-G3v-img1.png","width":386,"height":360,"caption":"ONT 300MBPS WIRELESS N GIGABIT VOIP GPON ROUTER XN020-G3V TP-LINK"},{"@type":"BreadcrumbList","@id":"https:\/\/microlink.com.co\/en\/product\/xn020-g3v\/#breadcrumb","itemListElement":[{"@type":"ListItem","position":1,"name":"Inicio","item":"https:\/\/microlink.com.co\/"},{"@type":"ListItem","position":2,"name":"Productos","item":"https:\/\/microlink.com.co\/?page_id=20"},{"@type":"ListItem","position":3,"name":"ONT 300MBPS WIRELESS N GIGABIT VOIP GPON ROUTER"}]},{"@type":"WebSite","@id":"https:\/\/microlink.com.co\/#website","url":"https:\/\/microlink.com.co\/","name":"micro link","description":"We purposefully connect the telecommunications market to Colombia and the region through the production and marketing of passive and active connectivity products and solutions.","publisher":{"@id":"https:\/\/microlink.com.co\/#organization"},"alternateName":"Microlink S.A.S","potentialAction":[{"@type":"SearchAction","target":{"@type":"EntryPoint","urlTemplate":"https:\/\/microlink.com.co\/?s={search_term_string}"},"query-input":{"@type":"PropertyValueSpecification","valueRequired":true,"valueName":"search_term_string"}}],"inLanguage":"en-US"},{"@type":"Organization","@id":"https:\/\/microlink.com.co\/#organization","name":"Microlink SAS","url":"https:\/\/microlink.com.co\/","logo":{"@type":"ImageObject","inLanguage":"en-US","@id":"https:\/\/microlink.com.co\/#\/schema\/logo\/image\/","url":"https:\/\/microlink.com.co\/wp-content\/uploads\/2022\/05\/Microlink_Logotipo-Horizontal_ColorTagline.png","contentUrl":"https:\/\/microlink.com.co\/wp-content\/uploads\/2022\/05\/Microlink_Logotipo-Horizontal_ColorTagline.png","width":793,"height":384,"caption":"Microlink SAS"},"image":{"@id":"https:\/\/microlink.com.co\/#\/schema\/logo\/image\/"},"sameAs":["https:\/\/www.facebook.com\/microlinksas","http:\/\/linkedin.com\/company\/microlink-ltd\/","http:\/\/youtube.com\/channel\/UCTijT7LU-sMetDs7MPFhM7Q","https:\/\/www.instagram.com\/microlinksas\/"]}]}},"_links":{"self":[{"href":"https:\/\/microlink.com.co\/en\/wp-json\/wp\/v2\/product\/7243","targetHints":{"allow":["GET"]}}],"collection":[{"href":"https:\/\/microlink.com.co\/en\/wp-json\/wp\/v2\/product"}],"about":[{"href":"https:\/\/microlink.com.co\/en\/wp-json\/wp\/v2\/types\/product"}],"replies":[{"embeddable":true,"href":"https:\/\/microlink.com.co\/en\/wp-json\/wp\/v2\/comments?post=7243"}],"wp:featuredmedia":[{"embeddable":true,"href":"https:\/\/microlink.com.co\/en\/wp-json\/wp\/v2\/media\/7075"}],"wp:attachment":[{"href":"https:\/\/microlink.com.co\/en\/wp-json\/wp\/v2\/media?parent=7243"}],"wp:term":[{"taxonomy":"product_brand","embeddable":true,"href":"https:\/\/microlink.com.co\/en\/wp-json\/wp\/v2\/product_brand?post=7243"},{"taxonomy":"product_cat","embeddable":true,"href":"https:\/\/microlink.com.co\/en\/wp-json\/wp\/v2\/product_cat?post=7243"},{"taxonomy":"product_tag","embeddable":true,"href":"https:\/\/microlink.com.co\/en\/wp-json\/wp\/v2\/product_tag?post=7243"}],"curies":[{"name":"wp","href":"https:\/\/api.w.org\/{rel}","templated":true}]}}