{"id":7216,"date":"2022-03-09T18:57:24","date_gmt":"2022-03-09T23:57:24","guid":{"rendered":"https:\/\/microlink.com.co\/\/\/producto\/tl-sg1024de\/"},"modified":"2023-01-22T20:53:53","modified_gmt":"2023-01-23T01:53:53","slug":"tl-sg1024de","status":"publish","type":"product","link":"https:\/\/microlink.com.co\/en\/product\/tl-sg1024de\/","title":{"rendered":"SWITCH SMART PLUG &amp; PLUG 24 GIGABIT PORTS"},"content":{"rendered":"<p><strong>SMART PLUG &amp; PLUG SWITCH 24 GIGABIT PORTS TL-SG1024DE TP-LINK<\/strong><\/p>\n<p><span style=\"color: #333333;\">The TL-SG1024DE 24-port Gigabit Smart Switch is the perfect evolution of an unmanaged switch. Designed for small and medium business networks that require simple network management. Network administrators can easily control traffic through Port Mirroring, Loop Prevention, and cable diagnostics. To optimize traffic on your business network, TL-SG1024DE offers per-port and tag-based QoS to keep latency-sensitive traffic moving smoothly and jitter-free. Plus, with port-based and tag-based QoS, you can enhance security and meet the most demanding network segmentation requirements. Also, with its energy efficient technology, the TL-SG1024DE can save up to 40% of power consumption, making it a green solution for your business network.<\/span><\/p>","protected":false},"excerpt":{"rendered":"<p>TP-LINK 24-PORT GIGABIT PLUG &amp; PLUG SMART SWITCH TL-SG1024DE The 24-port Gigabit Smart Switch TL-SG1024DE is the perfect evolution of an unmanaged switch. Designed for small and medium business networks that require simple network management. Network administrators can easily control traffic through [\u2026]<\/p>","protected":false},"featured_media":7022,"comment_status":"open","ping_status":"closed","template":"","meta":{"_acf_changed":false,"_eb_attr":"","_links_to":"","_links_to_target":""},"product_brand":[114],"product_cat":[29,34],"product_tag":[],"class_list":{"0":"post-7216","1":"product","2":"type-product","3":"status-publish","4":"has-post-thumbnail","6":"product_brand-tp-link","7":"product_cat-gpon","8":"product_cat-switches","10":"first","11":"instock","12":"shipping-taxable","13":"product-type-simple"},"acf":[],"yoast_head":"<!-- This site is optimized with the Yoast SEO plugin v27.3 - https:\/\/yoast.com\/product\/yoast-seo-wordpress\/ -->\n<title>SWITCH SMART PLUG &amp; PLUG 24 PUERTOS GIGABIT TP-LINK<\/title>\n<meta name=\"description\" content=\"En Microlink encuentra el SWITCH SMART PLUG &amp; PLUG 24 PUERTOS GIGABIT TL-SG1024DE TP-LINK, redes de peque\u00f1as y medianas empresas, soluci\u00f3n ecol\u00f3gica, Bogot\u00e1\" \/>\n<meta name=\"robots\" content=\"index, follow, max-snippet:-1, max-image-preview:large, max-video-preview:-1\" \/>\n<link rel=\"canonical\" href=\"https:\/\/microlink.co\/producto\/tl-sg1024de\/\" \/>\n<meta property=\"og:locale\" content=\"en_US\" \/>\n<meta property=\"og:type\" content=\"article\" \/>\n<meta property=\"og:title\" content=\"SWITCH SMART PLUG &amp; PLUG 24 PUERTOS GIGABIT TP-LINK\" \/>\n<meta property=\"og:description\" content=\"En Microlink encuentra el SWITCH SMART PLUG &amp; PLUG 24 PUERTOS GIGABIT TL-SG1024DE TP-LINK, redes de peque\u00f1as y medianas empresas, soluci\u00f3n ecol\u00f3gica, Bogot\u00e1\" \/>\n<meta property=\"og:url\" content=\"https:\/\/microlink.co\/producto\/tl-sg1024de\/\" \/>\n<meta property=\"og:site_name\" content=\"Microlink\" \/>\n<meta property=\"article:publisher\" content=\"https:\/\/www.facebook.com\/microlinksas\" \/>\n<meta property=\"article:modified_time\" content=\"2023-01-23T01:53:53+00:00\" \/>\n<meta property=\"og:image\" content=\"https:\/\/microlink.co\/wp-content\/uploads\/2022\/03\/TL-SG1024DE-img1.png\" \/>\n\t<meta property=\"og:image:width\" content=\"548\" \/>\n\t<meta property=\"og:image:height\" content=\"364\" \/>\n\t<meta property=\"og:image:type\" content=\"image\/png\" \/>\n<meta name=\"twitter:card\" content=\"summary_large_image\" \/>\n<meta name=\"twitter:label1\" content=\"Est. reading time\" \/>\n\t<meta name=\"twitter:data1\" content=\"1 minute\" \/>\n<script type=\"application\/ld+json\" class=\"yoast-schema-graph\">{\"@context\":\"https:\\\/\\\/schema.org\",\"@graph\":[{\"@type\":[\"WebPage\",\"ItemPage\"],\"@id\":\"https:\\\/\\\/microlink.co\\\/producto\\\/tl-sg1024de\\\/\",\"url\":\"https:\\\/\\\/microlink.co\\\/producto\\\/tl-sg1024de\\\/\",\"name\":\"SWITCH SMART PLUG & PLUG 24 PUERTOS GIGABIT TP-LINK\",\"isPartOf\":{\"@id\":\"https:\\\/\\\/microlink.com.co\\\/#website\"},\"primaryImageOfPage\":{\"@id\":\"https:\\\/\\\/microlink.co\\\/producto\\\/tl-sg1024de\\\/#primaryimage\"},\"image\":{\"@id\":\"https:\\\/\\\/microlink.co\\\/producto\\\/tl-sg1024de\\\/#primaryimage\"},\"thumbnailUrl\":\"https:\\\/\\\/microlink.com.co\\\/wp-content\\\/uploads\\\/2022\\\/03\\\/TL-SG1024DE-img1.png\",\"datePublished\":\"2022-03-09T23:57:24+00:00\",\"dateModified\":\"2023-01-23T01:53:53+00:00\",\"description\":\"En Microlink encuentra el SWITCH SMART PLUG & PLUG 24 PUERTOS GIGABIT TL-SG1024DE TP-LINK, redes de peque\u00f1as y medianas empresas, soluci\u00f3n ecol\u00f3gica, Bogot\u00e1\",\"breadcrumb\":{\"@id\":\"https:\\\/\\\/microlink.co\\\/producto\\\/tl-sg1024de\\\/#breadcrumb\"},\"inLanguage\":\"en-US\",\"potentialAction\":[{\"@type\":\"ReadAction\",\"target\":[\"https:\\\/\\\/microlink.co\\\/producto\\\/tl-sg1024de\\\/\"]}]},{\"@type\":\"ImageObject\",\"inLanguage\":\"en-US\",\"@id\":\"https:\\\/\\\/microlink.co\\\/producto\\\/tl-sg1024de\\\/#primaryimage\",\"url\":\"https:\\\/\\\/microlink.com.co\\\/wp-content\\\/uploads\\\/2022\\\/03\\\/TL-SG1024DE-img1.png\",\"contentUrl\":\"https:\\\/\\\/microlink.com.co\\\/wp-content\\\/uploads\\\/2022\\\/03\\\/TL-SG1024DE-img1.png\",\"width\":548,\"height\":364,\"caption\":\"SWITCH SMART PLUG & PLUG 24 PUERTOS GIGABIT TL-SG1024DE TP-LINK\"},{\"@type\":\"BreadcrumbList\",\"@id\":\"https:\\\/\\\/microlink.co\\\/producto\\\/tl-sg1024de\\\/#breadcrumb\",\"itemListElement\":[{\"@type\":\"ListItem\",\"position\":1,\"name\":\"Inicio\",\"item\":\"https:\\\/\\\/microlink.com.co\\\/\"},{\"@type\":\"ListItem\",\"position\":2,\"name\":\"Productos\",\"item\":\"https:\\\/\\\/microlink.com.co\\\/?page_id=20\"},{\"@type\":\"ListItem\",\"position\":3,\"name\":\"SWITCH SMART PLUG &#038; PLUG 24 PUERTOS GIGABIT\"}]},{\"@type\":\"WebSite\",\"@id\":\"https:\\\/\\\/microlink.com.co\\\/#website\",\"url\":\"https:\\\/\\\/microlink.com.co\\\/\",\"name\":\"Microlink\",\"description\":\"Conectamos con prop\u00f3sito el mercado de las telecomunicaciones a Colombia y la regi\u00f3n a trav\u00e9s de la producci\u00f3n y comercializaci\u00f3n de productos y soluciones de conectividad pasiva y activa.\",\"publisher\":{\"@id\":\"https:\\\/\\\/microlink.com.co\\\/#organization\"},\"alternateName\":\"Microlink S.A.S\",\"potentialAction\":[{\"@type\":\"SearchAction\",\"target\":{\"@type\":\"EntryPoint\",\"urlTemplate\":\"https:\\\/\\\/microlink.com.co\\\/?s={search_term_string}\"},\"query-input\":{\"@type\":\"PropertyValueSpecification\",\"valueRequired\":true,\"valueName\":\"search_term_string\"}}],\"inLanguage\":\"en-US\"},{\"@type\":\"Organization\",\"@id\":\"https:\\\/\\\/microlink.com.co\\\/#organization\",\"name\":\"Microlink SAS\",\"url\":\"https:\\\/\\\/microlink.com.co\\\/\",\"logo\":{\"@type\":\"ImageObject\",\"inLanguage\":\"en-US\",\"@id\":\"https:\\\/\\\/microlink.com.co\\\/#\\\/schema\\\/logo\\\/image\\\/\",\"url\":\"https:\\\/\\\/microlink.com.co\\\/wp-content\\\/uploads\\\/2022\\\/05\\\/Microlink_Logotipo-Horizontal_ColorTagline.png\",\"contentUrl\":\"https:\\\/\\\/microlink.com.co\\\/wp-content\\\/uploads\\\/2022\\\/05\\\/Microlink_Logotipo-Horizontal_ColorTagline.png\",\"width\":793,\"height\":384,\"caption\":\"Microlink SAS\"},\"image\":{\"@id\":\"https:\\\/\\\/microlink.com.co\\\/#\\\/schema\\\/logo\\\/image\\\/\"},\"sameAs\":[\"https:\\\/\\\/www.facebook.com\\\/microlinksas\",\"http:\\\/\\\/linkedin.com\\\/company\\\/microlink-ltd\\\/\",\"http:\\\/\\\/youtube.com\\\/channel\\\/UCTijT7LU-sMetDs7MPFhM7Q\",\"https:\\\/\\\/www.instagram.com\\\/microlinksas\\\/\"]}]}<\/script>\n<!-- \/ Yoast SEO plugin. -->","yoast_head_json":{"title":"SWITCH SMART PLUG & PLUG 24 PUERTOS GIGABIT TP-LINK","description":"En Microlink encuentra el SWITCH SMART PLUG & PLUG 24 PUERTOS GIGABIT TL-SG1024DE TP-LINK, redes de peque\u00f1as y medianas empresas, soluci\u00f3n ecol\u00f3gica, Bogot\u00e1","robots":{"index":"index","follow":"follow","max-snippet":"max-snippet:-1","max-image-preview":"max-image-preview:large","max-video-preview":"max-video-preview:-1"},"canonical":"https:\/\/microlink.co\/producto\/tl-sg1024de\/","og_locale":"en_US","og_type":"article","og_title":"SWITCH SMART PLUG & PLUG 24 PUERTOS GIGABIT TP-LINK","og_description":"En Microlink encuentra el SWITCH SMART PLUG & PLUG 24 PUERTOS GIGABIT TL-SG1024DE TP-LINK, redes de peque\u00f1as y medianas empresas, soluci\u00f3n ecol\u00f3gica, Bogot\u00e1","og_url":"https:\/\/microlink.co\/producto\/tl-sg1024de\/","og_site_name":"Microlink","article_publisher":"https:\/\/www.facebook.com\/microlinksas","article_modified_time":"2023-01-23T01:53:53+00:00","og_image":[{"width":548,"height":364,"url":"https:\/\/microlink.co\/wp-content\/uploads\/2022\/03\/TL-SG1024DE-img1.png","type":"image\/png"}],"twitter_card":"summary_large_image","twitter_misc":{"Est. reading time":"1 minute"},"schema":{"@context":"https:\/\/schema.org","@graph":[{"@type":["WebPage","ItemPage"],"@id":"https:\/\/microlink.co\/producto\/tl-sg1024de\/","url":"https:\/\/microlink.co\/producto\/tl-sg1024de\/","name":"SWITCH SMART PLUG & PLUG 24 PUERTOS GIGABIT TP-LINK","isPartOf":{"@id":"https:\/\/microlink.com.co\/#website"},"primaryImageOfPage":{"@id":"https:\/\/microlink.co\/producto\/tl-sg1024de\/#primaryimage"},"image":{"@id":"https:\/\/microlink.co\/producto\/tl-sg1024de\/#primaryimage"},"thumbnailUrl":"https:\/\/microlink.com.co\/wp-content\/uploads\/2022\/03\/TL-SG1024DE-img1.png","datePublished":"2022-03-09T23:57:24+00:00","dateModified":"2023-01-23T01:53:53+00:00","description":"En Microlink encuentra el SWITCH SMART PLUG & PLUG 24 PUERTOS GIGABIT TL-SG1024DE TP-LINK, redes de peque\u00f1as y medianas empresas, soluci\u00f3n ecol\u00f3gica, Bogot\u00e1","breadcrumb":{"@id":"https:\/\/microlink.co\/producto\/tl-sg1024de\/#breadcrumb"},"inLanguage":"en-US","potentialAction":[{"@type":"ReadAction","target":["https:\/\/microlink.co\/producto\/tl-sg1024de\/"]}]},{"@type":"ImageObject","inLanguage":"en-US","@id":"https:\/\/microlink.co\/producto\/tl-sg1024de\/#primaryimage","url":"https:\/\/microlink.com.co\/wp-content\/uploads\/2022\/03\/TL-SG1024DE-img1.png","contentUrl":"https:\/\/microlink.com.co\/wp-content\/uploads\/2022\/03\/TL-SG1024DE-img1.png","width":548,"height":364,"caption":"SWITCH SMART PLUG & PLUG 24 PUERTOS GIGABIT TL-SG1024DE TP-LINK"},{"@type":"BreadcrumbList","@id":"https:\/\/microlink.co\/producto\/tl-sg1024de\/#breadcrumb","itemListElement":[{"@type":"ListItem","position":1,"name":"Inicio","item":"https:\/\/microlink.com.co\/"},{"@type":"ListItem","position":2,"name":"Productos","item":"https:\/\/microlink.com.co\/?page_id=20"},{"@type":"ListItem","position":3,"name":"SWITCH SMART PLUG &#038; PLUG 24 PUERTOS GIGABIT"}]},{"@type":"WebSite","@id":"https:\/\/microlink.com.co\/#website","url":"https:\/\/microlink.com.co\/","name":"micro link","description":"We purposefully connect the telecommunications market to Colombia and the region through the production and marketing of passive and active connectivity products and solutions.","publisher":{"@id":"https:\/\/microlink.com.co\/#organization"},"alternateName":"Microlink S.A.S","potentialAction":[{"@type":"SearchAction","target":{"@type":"EntryPoint","urlTemplate":"https:\/\/microlink.com.co\/?s={search_term_string}"},"query-input":{"@type":"PropertyValueSpecification","valueRequired":true,"valueName":"search_term_string"}}],"inLanguage":"en-US"},{"@type":"Organization","@id":"https:\/\/microlink.com.co\/#organization","name":"Microlink SAS","url":"https:\/\/microlink.com.co\/","logo":{"@type":"ImageObject","inLanguage":"en-US","@id":"https:\/\/microlink.com.co\/#\/schema\/logo\/image\/","url":"https:\/\/microlink.com.co\/wp-content\/uploads\/2022\/05\/Microlink_Logotipo-Horizontal_ColorTagline.png","contentUrl":"https:\/\/microlink.com.co\/wp-content\/uploads\/2022\/05\/Microlink_Logotipo-Horizontal_ColorTagline.png","width":793,"height":384,"caption":"Microlink SAS"},"image":{"@id":"https:\/\/microlink.com.co\/#\/schema\/logo\/image\/"},"sameAs":["https:\/\/www.facebook.com\/microlinksas","http:\/\/linkedin.com\/company\/microlink-ltd\/","http:\/\/youtube.com\/channel\/UCTijT7LU-sMetDs7MPFhM7Q","https:\/\/www.instagram.com\/microlinksas\/"]}]}},"_links":{"self":[{"href":"https:\/\/microlink.com.co\/en\/wp-json\/wp\/v2\/product\/7216","targetHints":{"allow":["GET"]}}],"collection":[{"href":"https:\/\/microlink.com.co\/en\/wp-json\/wp\/v2\/product"}],"about":[{"href":"https:\/\/microlink.com.co\/en\/wp-json\/wp\/v2\/types\/product"}],"replies":[{"embeddable":true,"href":"https:\/\/microlink.com.co\/en\/wp-json\/wp\/v2\/comments?post=7216"}],"wp:featuredmedia":[{"embeddable":true,"href":"https:\/\/microlink.com.co\/en\/wp-json\/wp\/v2\/media\/7022"}],"wp:attachment":[{"href":"https:\/\/microlink.com.co\/en\/wp-json\/wp\/v2\/media?parent=7216"}],"wp:term":[{"taxonomy":"product_brand","embeddable":true,"href":"https:\/\/microlink.com.co\/en\/wp-json\/wp\/v2\/product_brand?post=7216"},{"taxonomy":"product_cat","embeddable":true,"href":"https:\/\/microlink.com.co\/en\/wp-json\/wp\/v2\/product_cat?post=7216"},{"taxonomy":"product_tag","embeddable":true,"href":"https:\/\/microlink.com.co\/en\/wp-json\/wp\/v2\/product_tag?post=7216"}],"curies":[{"name":"wp","href":"https:\/\/api.w.org\/{rel}","templated":true}]}}