{"id":13592,"date":"2025-11-14T14:36:01","date_gmt":"2025-11-14T19:36:01","guid":{"rendered":"https:\/\/microlink.com.co\/?post_type=product&#038;p=13592"},"modified":"2025-11-14T14:37:31","modified_gmt":"2025-11-14T19:37:31","slug":"breaker-1x63-amp-ac-para-riel-omega-siemens-ref-5sl4163-7rc","status":"publish","type":"product","link":"https:\/\/microlink.com.co\/en\/product\/breaker-1x63-amp-ac-para-riel-omega-siemens-ref-5sl4163-7rc\/","title":{"rendered":"BREAKER 1X63 AMP AC PARA RIEL OMEGA \u2013 Siemens (Ref. 5SL4163-7RC)"},"content":{"rendered":"<p><strong>BREAKER 1X63 AMP AC PARA RIEL OMEGA \u2013 Siemens (Ref. 5SL4163-7RC)<\/strong><\/p>\n<p class=\"ql-align-justify\">Interruptor termomagn\u00e9tico Siemens 5SL4, 1P, 63A, curva C, ideal para sistemas de corriente alterna que requieren alta capacidad de corte y protecci\u00f3n precisa. Su compatibilidad con riel DIN Omega, junto con la calidad Siemens, lo convierten en una soluci\u00f3n confiable para tableros el\u00e9ctricos industriales y comerciales.<br \/>\nAmplio stock. Entrega inmediata.<\/p>","protected":false},"excerpt":{"rendered":"<p>BREAKER 1X63 AMP AC PARA RIEL OMEGA \u2013 Siemens (Ref. 5SL4163-7RC) Interruptor termomagn\u00e9tico Siemens 5SL4, 1P, 63A, curva C, ideal para sistemas de corriente alterna que requieren alta capacidad de corte y protecci\u00f3n precisa. Su compatibilidad con riel DIN Omega, junto con la calidad Siemens, lo convierten en una soluci\u00f3n confiable para tableros el\u00e9ctricos industriales [&hellip;]<\/p>","protected":false},"featured_media":13594,"comment_status":"open","ping_status":"closed","template":"","meta":{"_acf_changed":false,"_eb_attr":"","_links_to":"","_links_to_target":""},"product_brand":[111],"product_cat":[282],"product_tag":[],"class_list":{"0":"post-13592","1":"product","2":"type-product","3":"status-publish","4":"has-post-thumbnail","6":"product_brand-microlink","7":"product_cat-oferta","9":"first","10":"instock","11":"shipping-taxable","12":"product-type-simple"},"acf":[],"yoast_head":"<!-- This site is optimized with the Yoast SEO plugin v27.3 - https:\/\/yoast.com\/product\/yoast-seo-wordpress\/ -->\n<title>Microlink - Conectamos con prop\u00f3sito<\/title>\n<meta name=\"description\" content=\"En Microlink | Trabajamos con un amplio portafolio que abarca GPON, fibra \u00f3ptica, redes de cobre, radiofrecuencia, IoT y servicios.\" \/>\n<meta name=\"robots\" content=\"index, follow, max-snippet:-1, max-image-preview:large, max-video-preview:-1\" \/>\n<link rel=\"canonical\" href=\"https:\/\/microlink.com.co\/en\/product\/breaker-1x63-amp-ac-para-riel-omega-siemens-ref-5sl4163-7rc\/\" \/>\n<meta property=\"og:locale\" content=\"en_US\" \/>\n<meta property=\"og:type\" content=\"article\" \/>\n<meta property=\"og:title\" content=\"Microlink - Conectamos con prop\u00f3sito\" \/>\n<meta property=\"og:description\" content=\"En Microlink | Trabajamos con un amplio portafolio que abarca GPON, fibra \u00f3ptica, redes de cobre, radiofrecuencia, IoT y servicios.\" \/>\n<meta property=\"og:url\" content=\"https:\/\/microlink.com.co\/en\/product\/breaker-1x63-amp-ac-para-riel-omega-siemens-ref-5sl4163-7rc\/\" \/>\n<meta property=\"og:site_name\" content=\"Microlink\" \/>\n<meta property=\"article:publisher\" content=\"https:\/\/www.facebook.com\/microlinksas\" \/>\n<meta property=\"article:modified_time\" content=\"2025-11-14T19:37:31+00:00\" \/>\n<meta property=\"og:image\" content=\"https:\/\/microlink.com.co\/wp-content\/uploads\/2025\/11\/BREAKER-1X63-AMP-AC-PARA-RIEL-OMEGA-Siemens-Ref-5SL41637RC-MICROLINK.png\" \/>\n\t<meta property=\"og:image:width\" content=\"500\" \/>\n\t<meta property=\"og:image:height\" content=\"500\" \/>\n\t<meta property=\"og:image:type\" content=\"image\/png\" \/>\n<meta name=\"twitter:card\" content=\"summary_large_image\" \/>\n<meta name=\"twitter:label1\" content=\"Est. reading time\" \/>\n\t<meta name=\"twitter:data1\" content=\"1 minute\" \/>\n<script type=\"application\/ld+json\" class=\"yoast-schema-graph\">{\"@context\":\"https:\\\/\\\/schema.org\",\"@graph\":[{\"@type\":[\"WebPage\",\"ItemPage\"],\"@id\":\"https:\\\/\\\/microlink.com.co\\\/en\\\/product\\\/breaker-1x63-amp-ac-para-riel-omega-siemens-ref-5sl4163-7rc\\\/\",\"url\":\"https:\\\/\\\/microlink.com.co\\\/en\\\/product\\\/breaker-1x63-amp-ac-para-riel-omega-siemens-ref-5sl4163-7rc\\\/\",\"name\":\"Microlink - Conectamos con prop\u00f3sito\",\"isPartOf\":{\"@id\":\"https:\\\/\\\/microlink.com.co\\\/#website\"},\"primaryImageOfPage\":{\"@id\":\"https:\\\/\\\/microlink.com.co\\\/en\\\/product\\\/breaker-1x63-amp-ac-para-riel-omega-siemens-ref-5sl4163-7rc\\\/#primaryimage\"},\"image\":{\"@id\":\"https:\\\/\\\/microlink.com.co\\\/en\\\/product\\\/breaker-1x63-amp-ac-para-riel-omega-siemens-ref-5sl4163-7rc\\\/#primaryimage\"},\"thumbnailUrl\":\"https:\\\/\\\/microlink.com.co\\\/wp-content\\\/uploads\\\/2025\\\/11\\\/BREAKER-1X63-AMP-AC-PARA-RIEL-OMEGA-Siemens-Ref-5SL41637RC-MICROLINK.png\",\"datePublished\":\"2025-11-14T19:36:01+00:00\",\"dateModified\":\"2025-11-14T19:37:31+00:00\",\"description\":\"En Microlink | Trabajamos con un amplio portafolio que abarca GPON, fibra \u00f3ptica, redes de cobre, radiofrecuencia, IoT y servicios.\",\"breadcrumb\":{\"@id\":\"https:\\\/\\\/microlink.com.co\\\/en\\\/product\\\/breaker-1x63-amp-ac-para-riel-omega-siemens-ref-5sl4163-7rc\\\/#breadcrumb\"},\"inLanguage\":\"en-US\",\"potentialAction\":[{\"@type\":\"ReadAction\",\"target\":[\"https:\\\/\\\/microlink.com.co\\\/en\\\/product\\\/breaker-1x63-amp-ac-para-riel-omega-siemens-ref-5sl4163-7rc\\\/\"]}]},{\"@type\":\"ImageObject\",\"inLanguage\":\"en-US\",\"@id\":\"https:\\\/\\\/microlink.com.co\\\/en\\\/product\\\/breaker-1x63-amp-ac-para-riel-omega-siemens-ref-5sl4163-7rc\\\/#primaryimage\",\"url\":\"https:\\\/\\\/microlink.com.co\\\/wp-content\\\/uploads\\\/2025\\\/11\\\/BREAKER-1X63-AMP-AC-PARA-RIEL-OMEGA-Siemens-Ref-5SL41637RC-MICROLINK.png\",\"contentUrl\":\"https:\\\/\\\/microlink.com.co\\\/wp-content\\\/uploads\\\/2025\\\/11\\\/BREAKER-1X63-AMP-AC-PARA-RIEL-OMEGA-Siemens-Ref-5SL41637RC-MICROLINK.png\",\"width\":500,\"height\":500},{\"@type\":\"BreadcrumbList\",\"@id\":\"https:\\\/\\\/microlink.com.co\\\/en\\\/product\\\/breaker-1x63-amp-ac-para-riel-omega-siemens-ref-5sl4163-7rc\\\/#breadcrumb\",\"itemListElement\":[{\"@type\":\"ListItem\",\"position\":1,\"name\":\"Inicio\",\"item\":\"https:\\\/\\\/microlink.com.co\\\/\"},{\"@type\":\"ListItem\",\"position\":2,\"name\":\"Productos\",\"item\":\"https:\\\/\\\/microlink.com.co\\\/?page_id=20\"},{\"@type\":\"ListItem\",\"position\":3,\"name\":\"BREAKER 1X63 AMP AC PARA RIEL OMEGA \u2013 Siemens (Ref. 5SL4163-7RC)\"}]},{\"@type\":\"WebSite\",\"@id\":\"https:\\\/\\\/microlink.com.co\\\/#website\",\"url\":\"https:\\\/\\\/microlink.com.co\\\/\",\"name\":\"Microlink\",\"description\":\"Conectamos con prop\u00f3sito el mercado de las telecomunicaciones a Colombia y la regi\u00f3n a trav\u00e9s de la producci\u00f3n y comercializaci\u00f3n de productos y soluciones de conectividad pasiva y activa.\",\"publisher\":{\"@id\":\"https:\\\/\\\/microlink.com.co\\\/#organization\"},\"alternateName\":\"Microlink S.A.S\",\"potentialAction\":[{\"@type\":\"SearchAction\",\"target\":{\"@type\":\"EntryPoint\",\"urlTemplate\":\"https:\\\/\\\/microlink.com.co\\\/?s={search_term_string}\"},\"query-input\":{\"@type\":\"PropertyValueSpecification\",\"valueRequired\":true,\"valueName\":\"search_term_string\"}}],\"inLanguage\":\"en-US\"},{\"@type\":\"Organization\",\"@id\":\"https:\\\/\\\/microlink.com.co\\\/#organization\",\"name\":\"Microlink SAS\",\"url\":\"https:\\\/\\\/microlink.com.co\\\/\",\"logo\":{\"@type\":\"ImageObject\",\"inLanguage\":\"en-US\",\"@id\":\"https:\\\/\\\/microlink.com.co\\\/#\\\/schema\\\/logo\\\/image\\\/\",\"url\":\"https:\\\/\\\/microlink.com.co\\\/wp-content\\\/uploads\\\/2022\\\/05\\\/Microlink_Logotipo-Horizontal_ColorTagline.png\",\"contentUrl\":\"https:\\\/\\\/microlink.com.co\\\/wp-content\\\/uploads\\\/2022\\\/05\\\/Microlink_Logotipo-Horizontal_ColorTagline.png\",\"width\":793,\"height\":384,\"caption\":\"Microlink SAS\"},\"image\":{\"@id\":\"https:\\\/\\\/microlink.com.co\\\/#\\\/schema\\\/logo\\\/image\\\/\"},\"sameAs\":[\"https:\\\/\\\/www.facebook.com\\\/microlinksas\",\"http:\\\/\\\/linkedin.com\\\/company\\\/microlink-ltd\\\/\",\"http:\\\/\\\/youtube.com\\\/channel\\\/UCTijT7LU-sMetDs7MPFhM7Q\",\"https:\\\/\\\/www.instagram.com\\\/microlinksas\\\/\"]}]}<\/script>\n<!-- \/ Yoast SEO plugin. -->","yoast_head_json":{"title":"Microlink - Conectamos con prop\u00f3sito","description":"En Microlink | Trabajamos con un amplio portafolio que abarca GPON, fibra \u00f3ptica, redes de cobre, radiofrecuencia, IoT y servicios.","robots":{"index":"index","follow":"follow","max-snippet":"max-snippet:-1","max-image-preview":"max-image-preview:large","max-video-preview":"max-video-preview:-1"},"canonical":"https:\/\/microlink.com.co\/en\/product\/breaker-1x63-amp-ac-para-riel-omega-siemens-ref-5sl4163-7rc\/","og_locale":"en_US","og_type":"article","og_title":"Microlink - Conectamos con prop\u00f3sito","og_description":"En Microlink | Trabajamos con un amplio portafolio que abarca GPON, fibra \u00f3ptica, redes de cobre, radiofrecuencia, IoT y servicios.","og_url":"https:\/\/microlink.com.co\/en\/product\/breaker-1x63-amp-ac-para-riel-omega-siemens-ref-5sl4163-7rc\/","og_site_name":"Microlink","article_publisher":"https:\/\/www.facebook.com\/microlinksas","article_modified_time":"2025-11-14T19:37:31+00:00","og_image":[{"width":500,"height":500,"url":"https:\/\/microlink.com.co\/wp-content\/uploads\/2025\/11\/BREAKER-1X63-AMP-AC-PARA-RIEL-OMEGA-Siemens-Ref-5SL41637RC-MICROLINK.png","type":"image\/png"}],"twitter_card":"summary_large_image","twitter_misc":{"Est. reading time":"1 minute"},"schema":{"@context":"https:\/\/schema.org","@graph":[{"@type":["WebPage","ItemPage"],"@id":"https:\/\/microlink.com.co\/en\/product\/breaker-1x63-amp-ac-para-riel-omega-siemens-ref-5sl4163-7rc\/","url":"https:\/\/microlink.com.co\/en\/product\/breaker-1x63-amp-ac-para-riel-omega-siemens-ref-5sl4163-7rc\/","name":"Microlink - Conectamos con prop\u00f3sito","isPartOf":{"@id":"https:\/\/microlink.com.co\/#website"},"primaryImageOfPage":{"@id":"https:\/\/microlink.com.co\/en\/product\/breaker-1x63-amp-ac-para-riel-omega-siemens-ref-5sl4163-7rc\/#primaryimage"},"image":{"@id":"https:\/\/microlink.com.co\/en\/product\/breaker-1x63-amp-ac-para-riel-omega-siemens-ref-5sl4163-7rc\/#primaryimage"},"thumbnailUrl":"https:\/\/microlink.com.co\/wp-content\/uploads\/2025\/11\/BREAKER-1X63-AMP-AC-PARA-RIEL-OMEGA-Siemens-Ref-5SL41637RC-MICROLINK.png","datePublished":"2025-11-14T19:36:01+00:00","dateModified":"2025-11-14T19:37:31+00:00","description":"En Microlink | Trabajamos con un amplio portafolio que abarca GPON, fibra \u00f3ptica, redes de cobre, radiofrecuencia, IoT y servicios.","breadcrumb":{"@id":"https:\/\/microlink.com.co\/en\/product\/breaker-1x63-amp-ac-para-riel-omega-siemens-ref-5sl4163-7rc\/#breadcrumb"},"inLanguage":"en-US","potentialAction":[{"@type":"ReadAction","target":["https:\/\/microlink.com.co\/en\/product\/breaker-1x63-amp-ac-para-riel-omega-siemens-ref-5sl4163-7rc\/"]}]},{"@type":"ImageObject","inLanguage":"en-US","@id":"https:\/\/microlink.com.co\/en\/product\/breaker-1x63-amp-ac-para-riel-omega-siemens-ref-5sl4163-7rc\/#primaryimage","url":"https:\/\/microlink.com.co\/wp-content\/uploads\/2025\/11\/BREAKER-1X63-AMP-AC-PARA-RIEL-OMEGA-Siemens-Ref-5SL41637RC-MICROLINK.png","contentUrl":"https:\/\/microlink.com.co\/wp-content\/uploads\/2025\/11\/BREAKER-1X63-AMP-AC-PARA-RIEL-OMEGA-Siemens-Ref-5SL41637RC-MICROLINK.png","width":500,"height":500},{"@type":"BreadcrumbList","@id":"https:\/\/microlink.com.co\/en\/product\/breaker-1x63-amp-ac-para-riel-omega-siemens-ref-5sl4163-7rc\/#breadcrumb","itemListElement":[{"@type":"ListItem","position":1,"name":"Inicio","item":"https:\/\/microlink.com.co\/"},{"@type":"ListItem","position":2,"name":"Productos","item":"https:\/\/microlink.com.co\/?page_id=20"},{"@type":"ListItem","position":3,"name":"BREAKER 1X63 AMP AC PARA RIEL OMEGA \u2013 Siemens (Ref. 5SL4163-7RC)"}]},{"@type":"WebSite","@id":"https:\/\/microlink.com.co\/#website","url":"https:\/\/microlink.com.co\/","name":"micro link","description":"We purposefully connect the telecommunications market to Colombia and the region through the production and marketing of passive and active connectivity products and solutions.","publisher":{"@id":"https:\/\/microlink.com.co\/#organization"},"alternateName":"Microlink S.A.S","potentialAction":[{"@type":"SearchAction","target":{"@type":"EntryPoint","urlTemplate":"https:\/\/microlink.com.co\/?s={search_term_string}"},"query-input":{"@type":"PropertyValueSpecification","valueRequired":true,"valueName":"search_term_string"}}],"inLanguage":"en-US"},{"@type":"Organization","@id":"https:\/\/microlink.com.co\/#organization","name":"Microlink SAS","url":"https:\/\/microlink.com.co\/","logo":{"@type":"ImageObject","inLanguage":"en-US","@id":"https:\/\/microlink.com.co\/#\/schema\/logo\/image\/","url":"https:\/\/microlink.com.co\/wp-content\/uploads\/2022\/05\/Microlink_Logotipo-Horizontal_ColorTagline.png","contentUrl":"https:\/\/microlink.com.co\/wp-content\/uploads\/2022\/05\/Microlink_Logotipo-Horizontal_ColorTagline.png","width":793,"height":384,"caption":"Microlink SAS"},"image":{"@id":"https:\/\/microlink.com.co\/#\/schema\/logo\/image\/"},"sameAs":["https:\/\/www.facebook.com\/microlinksas","http:\/\/linkedin.com\/company\/microlink-ltd\/","http:\/\/youtube.com\/channel\/UCTijT7LU-sMetDs7MPFhM7Q","https:\/\/www.instagram.com\/microlinksas\/"]}]}},"_links":{"self":[{"href":"https:\/\/microlink.com.co\/en\/wp-json\/wp\/v2\/product\/13592","targetHints":{"allow":["GET"]}}],"collection":[{"href":"https:\/\/microlink.com.co\/en\/wp-json\/wp\/v2\/product"}],"about":[{"href":"https:\/\/microlink.com.co\/en\/wp-json\/wp\/v2\/types\/product"}],"replies":[{"embeddable":true,"href":"https:\/\/microlink.com.co\/en\/wp-json\/wp\/v2\/comments?post=13592"}],"wp:featuredmedia":[{"embeddable":true,"href":"https:\/\/microlink.com.co\/en\/wp-json\/wp\/v2\/media\/13594"}],"wp:attachment":[{"href":"https:\/\/microlink.com.co\/en\/wp-json\/wp\/v2\/media?parent=13592"}],"wp:term":[{"taxonomy":"product_brand","embeddable":true,"href":"https:\/\/microlink.com.co\/en\/wp-json\/wp\/v2\/product_brand?post=13592"},{"taxonomy":"product_cat","embeddable":true,"href":"https:\/\/microlink.com.co\/en\/wp-json\/wp\/v2\/product_cat?post=13592"},{"taxonomy":"product_tag","embeddable":true,"href":"https:\/\/microlink.com.co\/en\/wp-json\/wp\/v2\/product_tag?post=13592"}],"curies":[{"name":"wp","href":"https:\/\/api.w.org\/{rel}","templated":true}]}}