{"id":12529,"date":"2024-12-18T14:25:34","date_gmt":"2024-12-18T19:25:34","guid":{"rendered":"https:\/\/microlink.com.co\/?post_type=product&#038;p=12529"},"modified":"2025-11-24T14:49:13","modified_gmt":"2025-11-24T19:49:13","slug":"patch-cord-cat-6a-zafiro-copper-solutions-2","status":"publish","type":"product","link":"https:\/\/microlink.com.co\/en\/product\/patch-cord-cat-6a-zafiro-copper-solutions-2\/","title":{"rendered":"Patch cord Cat 6A Blindado Zafiro Copper Solutions"},"content":{"rendered":"<p><strong>Patch cord Cat 6A Zafiro Copper Solutions<\/strong><\/p>\n<p>Compatible con las \u00faltimas tecnolog\u00edas de red, este cable soporta velocidades de\u00a0 hasta 10Gbps y frecuencias de hasta 500 MHz, perfecto para aplicaciones exigentes como streaming de video en 4K, juegos en l\u00ednea y transferencias de datos masivas.<\/p>\n<p>Zafiro by Microlink SAS<\/p>","protected":false},"excerpt":{"rendered":"<p>Patch cord Cat 6A Zafiro Copper Solutions Compatible con las \u00faltimas tecnolog\u00edas de red, este cable soporta velocidades de\u00a0 hasta 10Gbps y frecuencias de hasta 500 MHz, perfecto para aplicaciones exigentes como streaming de video en 4K, juegos en l\u00ednea y transferencias de datos masivas. Zafiro by Microlink SAS<\/p>","protected":false},"featured_media":12530,"comment_status":"open","ping_status":"closed","template":"","meta":{"_acf_changed":false,"_eb_attr":"","_links_to":"","_links_to_target":""},"product_brand":[278],"product_cat":[279,31],"product_tag":[284],"class_list":{"0":"post-12529","1":"product","2":"type-product","3":"status-publish","4":"has-post-thumbnail","6":"product_brand-zafirobymicrolink","7":"product_cat-zafiro-copper-solutions","8":"product_cat-redes-de-cobre","9":"product_tag-product-datacenter","11":"first","12":"instock","13":"featured","14":"shipping-taxable","15":"product-type-simple"},"acf":[],"yoast_head":"<!-- This site is optimized with the Yoast SEO plugin v27.3 - https:\/\/yoast.com\/product\/yoast-seo-wordpress\/ -->\n<title>Bandeja de distribuci\u00f3n de fibra \u00f3ptica ODF - Microlink<\/title>\n<meta name=\"description\" content=\"En Microlink encuentra la Bandeja de distribuci\u00f3n de fibra \u00f3ptica MLODF24LCSMFN ODF, racks, gabinetes, cableado primario, cuartos de distribuci\u00f3n...\" \/>\n<meta name=\"robots\" content=\"index, follow, max-snippet:-1, max-image-preview:large, max-video-preview:-1\" \/>\n<link rel=\"canonical\" href=\"https:\/\/microlink.com.co\/en\/product\/patch-cord-cat-6a-zafiro-copper-solutions-2\/\" \/>\n<meta property=\"og:locale\" content=\"en_US\" \/>\n<meta property=\"og:type\" content=\"article\" \/>\n<meta property=\"og:title\" content=\"Bandeja de distribuci\u00f3n de fibra \u00f3ptica ODF - Microlink\" \/>\n<meta property=\"og:description\" content=\"En Microlink encuentra la Bandeja de distribuci\u00f3n de fibra \u00f3ptica MLODF24LCSMFN ODF, racks, gabinetes, cableado primario, cuartos de distribuci\u00f3n...\" \/>\n<meta property=\"og:url\" content=\"https:\/\/microlink.com.co\/en\/product\/patch-cord-cat-6a-zafiro-copper-solutions-2\/\" \/>\n<meta property=\"og:site_name\" content=\"Microlink\" \/>\n<meta property=\"article:publisher\" content=\"https:\/\/www.facebook.com\/microlinksas\" \/>\n<meta property=\"article:modified_time\" content=\"2025-11-24T19:49:13+00:00\" \/>\n<meta property=\"og:image\" content=\"https:\/\/microlink.com.co\/wp-content\/uploads\/2024\/12\/Patch-cord-Cat-6A-Zafiro-Copper-Solutions-2.png\" \/>\n\t<meta property=\"og:image:width\" content=\"500\" \/>\n\t<meta property=\"og:image:height\" content=\"500\" \/>\n\t<meta property=\"og:image:type\" content=\"image\/png\" \/>\n<meta name=\"twitter:card\" content=\"summary_large_image\" \/>\n<meta name=\"twitter:label1\" content=\"Est. reading time\" \/>\n\t<meta name=\"twitter:data1\" content=\"1 minute\" \/>\n<script type=\"application\/ld+json\" class=\"yoast-schema-graph\">{\"@context\":\"https:\\\/\\\/schema.org\",\"@graph\":[{\"@type\":[\"WebPage\",\"ItemPage\"],\"@id\":\"https:\\\/\\\/microlink.com.co\\\/producto\\\/patch-cord-cat-6a-zafiro-copper-solutions-2\\\/\",\"url\":\"https:\\\/\\\/microlink.com.co\\\/producto\\\/patch-cord-cat-6a-zafiro-copper-solutions-2\\\/\",\"name\":\"Bandeja de distribuci\u00f3n de fibra \u00f3ptica ODF - Microlink\",\"isPartOf\":{\"@id\":\"https:\\\/\\\/microlink.com.co\\\/#website\"},\"primaryImageOfPage\":{\"@id\":\"https:\\\/\\\/microlink.com.co\\\/producto\\\/patch-cord-cat-6a-zafiro-copper-solutions-2\\\/#primaryimage\"},\"image\":{\"@id\":\"https:\\\/\\\/microlink.com.co\\\/producto\\\/patch-cord-cat-6a-zafiro-copper-solutions-2\\\/#primaryimage\"},\"thumbnailUrl\":\"https:\\\/\\\/microlink.com.co\\\/wp-content\\\/uploads\\\/2024\\\/12\\\/Patch-cord-Cat-6A-Zafiro-Copper-Solutions-2.png\",\"datePublished\":\"2024-12-18T19:25:34+00:00\",\"dateModified\":\"2025-11-24T19:49:13+00:00\",\"description\":\"En Microlink encuentra la Bandeja de distribuci\u00f3n de fibra \u00f3ptica MLODF24LCSMFN ODF, racks, gabinetes, cableado primario, cuartos de distribuci\u00f3n...\",\"breadcrumb\":{\"@id\":\"https:\\\/\\\/microlink.com.co\\\/producto\\\/patch-cord-cat-6a-zafiro-copper-solutions-2\\\/#breadcrumb\"},\"inLanguage\":\"en-US\",\"potentialAction\":[{\"@type\":\"ReadAction\",\"target\":[\"https:\\\/\\\/microlink.com.co\\\/producto\\\/patch-cord-cat-6a-zafiro-copper-solutions-2\\\/\"]}]},{\"@type\":\"ImageObject\",\"inLanguage\":\"en-US\",\"@id\":\"https:\\\/\\\/microlink.com.co\\\/producto\\\/patch-cord-cat-6a-zafiro-copper-solutions-2\\\/#primaryimage\",\"url\":\"https:\\\/\\\/microlink.com.co\\\/wp-content\\\/uploads\\\/2024\\\/12\\\/Patch-cord-Cat-6A-Zafiro-Copper-Solutions-2.png\",\"contentUrl\":\"https:\\\/\\\/microlink.com.co\\\/wp-content\\\/uploads\\\/2024\\\/12\\\/Patch-cord-Cat-6A-Zafiro-Copper-Solutions-2.png\",\"width\":500,\"height\":500},{\"@type\":\"BreadcrumbList\",\"@id\":\"https:\\\/\\\/microlink.com.co\\\/producto\\\/patch-cord-cat-6a-zafiro-copper-solutions-2\\\/#breadcrumb\",\"itemListElement\":[{\"@type\":\"ListItem\",\"position\":1,\"name\":\"Inicio\",\"item\":\"https:\\\/\\\/microlink.com.co\\\/\"},{\"@type\":\"ListItem\",\"position\":2,\"name\":\"Productos\",\"item\":\"https:\\\/\\\/microlink.com.co\\\/?page_id=20\"},{\"@type\":\"ListItem\",\"position\":3,\"name\":\"Patch cord Cat 6A Blindado Zafiro Copper Solutions\"}]},{\"@type\":\"WebSite\",\"@id\":\"https:\\\/\\\/microlink.com.co\\\/#website\",\"url\":\"https:\\\/\\\/microlink.com.co\\\/\",\"name\":\"Microlink\",\"description\":\"Conectamos con prop\u00f3sito el mercado de las telecomunicaciones a Colombia y la regi\u00f3n a trav\u00e9s de la producci\u00f3n y comercializaci\u00f3n de productos y soluciones de conectividad pasiva y activa.\",\"publisher\":{\"@id\":\"https:\\\/\\\/microlink.com.co\\\/#organization\"},\"alternateName\":\"Microlink S.A.S\",\"potentialAction\":[{\"@type\":\"SearchAction\",\"target\":{\"@type\":\"EntryPoint\",\"urlTemplate\":\"https:\\\/\\\/microlink.com.co\\\/?s={search_term_string}\"},\"query-input\":{\"@type\":\"PropertyValueSpecification\",\"valueRequired\":true,\"valueName\":\"search_term_string\"}}],\"inLanguage\":\"en-US\"},{\"@type\":\"Organization\",\"@id\":\"https:\\\/\\\/microlink.com.co\\\/#organization\",\"name\":\"Microlink SAS\",\"url\":\"https:\\\/\\\/microlink.com.co\\\/\",\"logo\":{\"@type\":\"ImageObject\",\"inLanguage\":\"en-US\",\"@id\":\"https:\\\/\\\/microlink.com.co\\\/#\\\/schema\\\/logo\\\/image\\\/\",\"url\":\"https:\\\/\\\/microlink.com.co\\\/wp-content\\\/uploads\\\/2022\\\/05\\\/Microlink_Logotipo-Horizontal_ColorTagline.png\",\"contentUrl\":\"https:\\\/\\\/microlink.com.co\\\/wp-content\\\/uploads\\\/2022\\\/05\\\/Microlink_Logotipo-Horizontal_ColorTagline.png\",\"width\":793,\"height\":384,\"caption\":\"Microlink SAS\"},\"image\":{\"@id\":\"https:\\\/\\\/microlink.com.co\\\/#\\\/schema\\\/logo\\\/image\\\/\"},\"sameAs\":[\"https:\\\/\\\/www.facebook.com\\\/microlinksas\",\"http:\\\/\\\/linkedin.com\\\/company\\\/microlink-ltd\\\/\",\"http:\\\/\\\/youtube.com\\\/channel\\\/UCTijT7LU-sMetDs7MPFhM7Q\",\"https:\\\/\\\/www.instagram.com\\\/microlinksas\\\/\"]}]}<\/script>\n<!-- \/ Yoast SEO plugin. -->","yoast_head_json":{"title":"Bandeja de distribuci\u00f3n de fibra \u00f3ptica ODF - Microlink","description":"En Microlink encuentra la Bandeja de distribuci\u00f3n de fibra \u00f3ptica MLODF24LCSMFN ODF, racks, gabinetes, cableado primario, cuartos de distribuci\u00f3n...","robots":{"index":"index","follow":"follow","max-snippet":"max-snippet:-1","max-image-preview":"max-image-preview:large","max-video-preview":"max-video-preview:-1"},"canonical":"https:\/\/microlink.com.co\/en\/product\/patch-cord-cat-6a-zafiro-copper-solutions-2\/","og_locale":"en_US","og_type":"article","og_title":"Bandeja de distribuci\u00f3n de fibra \u00f3ptica ODF - Microlink","og_description":"En Microlink encuentra la Bandeja de distribuci\u00f3n de fibra \u00f3ptica MLODF24LCSMFN ODF, racks, gabinetes, cableado primario, cuartos de distribuci\u00f3n...","og_url":"https:\/\/microlink.com.co\/en\/product\/patch-cord-cat-6a-zafiro-copper-solutions-2\/","og_site_name":"Microlink","article_publisher":"https:\/\/www.facebook.com\/microlinksas","article_modified_time":"2025-11-24T19:49:13+00:00","og_image":[{"width":500,"height":500,"url":"https:\/\/microlink.com.co\/wp-content\/uploads\/2024\/12\/Patch-cord-Cat-6A-Zafiro-Copper-Solutions-2.png","type":"image\/png"}],"twitter_card":"summary_large_image","twitter_misc":{"Est. reading time":"1 minute"},"schema":{"@context":"https:\/\/schema.org","@graph":[{"@type":["WebPage","ItemPage"],"@id":"https:\/\/microlink.com.co\/producto\/patch-cord-cat-6a-zafiro-copper-solutions-2\/","url":"https:\/\/microlink.com.co\/producto\/patch-cord-cat-6a-zafiro-copper-solutions-2\/","name":"Bandeja de distribuci\u00f3n de fibra \u00f3ptica ODF - Microlink","isPartOf":{"@id":"https:\/\/microlink.com.co\/#website"},"primaryImageOfPage":{"@id":"https:\/\/microlink.com.co\/producto\/patch-cord-cat-6a-zafiro-copper-solutions-2\/#primaryimage"},"image":{"@id":"https:\/\/microlink.com.co\/producto\/patch-cord-cat-6a-zafiro-copper-solutions-2\/#primaryimage"},"thumbnailUrl":"https:\/\/microlink.com.co\/wp-content\/uploads\/2024\/12\/Patch-cord-Cat-6A-Zafiro-Copper-Solutions-2.png","datePublished":"2024-12-18T19:25:34+00:00","dateModified":"2025-11-24T19:49:13+00:00","description":"En Microlink encuentra la Bandeja de distribuci\u00f3n de fibra \u00f3ptica MLODF24LCSMFN ODF, racks, gabinetes, cableado primario, cuartos de distribuci\u00f3n...","breadcrumb":{"@id":"https:\/\/microlink.com.co\/producto\/patch-cord-cat-6a-zafiro-copper-solutions-2\/#breadcrumb"},"inLanguage":"en-US","potentialAction":[{"@type":"ReadAction","target":["https:\/\/microlink.com.co\/producto\/patch-cord-cat-6a-zafiro-copper-solutions-2\/"]}]},{"@type":"ImageObject","inLanguage":"en-US","@id":"https:\/\/microlink.com.co\/producto\/patch-cord-cat-6a-zafiro-copper-solutions-2\/#primaryimage","url":"https:\/\/microlink.com.co\/wp-content\/uploads\/2024\/12\/Patch-cord-Cat-6A-Zafiro-Copper-Solutions-2.png","contentUrl":"https:\/\/microlink.com.co\/wp-content\/uploads\/2024\/12\/Patch-cord-Cat-6A-Zafiro-Copper-Solutions-2.png","width":500,"height":500},{"@type":"BreadcrumbList","@id":"https:\/\/microlink.com.co\/producto\/patch-cord-cat-6a-zafiro-copper-solutions-2\/#breadcrumb","itemListElement":[{"@type":"ListItem","position":1,"name":"Inicio","item":"https:\/\/microlink.com.co\/"},{"@type":"ListItem","position":2,"name":"Productos","item":"https:\/\/microlink.com.co\/?page_id=20"},{"@type":"ListItem","position":3,"name":"Patch cord Cat 6A Blindado Zafiro Copper Solutions"}]},{"@type":"WebSite","@id":"https:\/\/microlink.com.co\/#website","url":"https:\/\/microlink.com.co\/","name":"micro link","description":"We purposefully connect the telecommunications market to Colombia and the region through the production and marketing of passive and active connectivity products and solutions.","publisher":{"@id":"https:\/\/microlink.com.co\/#organization"},"alternateName":"Microlink S.A.S","potentialAction":[{"@type":"SearchAction","target":{"@type":"EntryPoint","urlTemplate":"https:\/\/microlink.com.co\/?s={search_term_string}"},"query-input":{"@type":"PropertyValueSpecification","valueRequired":true,"valueName":"search_term_string"}}],"inLanguage":"en-US"},{"@type":"Organization","@id":"https:\/\/microlink.com.co\/#organization","name":"Microlink SAS","url":"https:\/\/microlink.com.co\/","logo":{"@type":"ImageObject","inLanguage":"en-US","@id":"https:\/\/microlink.com.co\/#\/schema\/logo\/image\/","url":"https:\/\/microlink.com.co\/wp-content\/uploads\/2022\/05\/Microlink_Logotipo-Horizontal_ColorTagline.png","contentUrl":"https:\/\/microlink.com.co\/wp-content\/uploads\/2022\/05\/Microlink_Logotipo-Horizontal_ColorTagline.png","width":793,"height":384,"caption":"Microlink SAS"},"image":{"@id":"https:\/\/microlink.com.co\/#\/schema\/logo\/image\/"},"sameAs":["https:\/\/www.facebook.com\/microlinksas","http:\/\/linkedin.com\/company\/microlink-ltd\/","http:\/\/youtube.com\/channel\/UCTijT7LU-sMetDs7MPFhM7Q","https:\/\/www.instagram.com\/microlinksas\/"]}]}},"_links":{"self":[{"href":"https:\/\/microlink.com.co\/en\/wp-json\/wp\/v2\/product\/12529","targetHints":{"allow":["GET"]}}],"collection":[{"href":"https:\/\/microlink.com.co\/en\/wp-json\/wp\/v2\/product"}],"about":[{"href":"https:\/\/microlink.com.co\/en\/wp-json\/wp\/v2\/types\/product"}],"replies":[{"embeddable":true,"href":"https:\/\/microlink.com.co\/en\/wp-json\/wp\/v2\/comments?post=12529"}],"wp:featuredmedia":[{"embeddable":true,"href":"https:\/\/microlink.com.co\/en\/wp-json\/wp\/v2\/media\/12530"}],"wp:attachment":[{"href":"https:\/\/microlink.com.co\/en\/wp-json\/wp\/v2\/media?parent=12529"}],"wp:term":[{"taxonomy":"product_brand","embeddable":true,"href":"https:\/\/microlink.com.co\/en\/wp-json\/wp\/v2\/product_brand?post=12529"},{"taxonomy":"product_cat","embeddable":true,"href":"https:\/\/microlink.com.co\/en\/wp-json\/wp\/v2\/product_cat?post=12529"},{"taxonomy":"product_tag","embeddable":true,"href":"https:\/\/microlink.com.co\/en\/wp-json\/wp\/v2\/product_tag?post=12529"}],"curies":[{"name":"wp","href":"https:\/\/api.w.org\/{rel}","templated":true}]}}