{"id":12344,"date":"2024-12-04T12:54:29","date_gmt":"2024-12-04T17:54:29","guid":{"rendered":"https:\/\/microlink.com.co\/?post_type=product&#038;p=12344"},"modified":"2024-12-04T14:16:16","modified_gmt":"2024-12-04T19:16:16","slug":"platina-de-adaptadores-6-lc-dplx-sm-linea-zafiro","status":"publish","type":"product","link":"https:\/\/microlink.com.co\/en\/product\/platina-de-adaptadores-6-lc-dplx-sm-linea-zafiro\/","title":{"rendered":"Platina de Adaptadores 6 LC DPLX SM L\u00ednea Zafiro"},"content":{"rendered":"<p><strong>Platina de Adaptadores 6 LC DPLX SM L\u00ednea Zafiro<\/strong><\/p>\n<p>La platina de adaptadores LC D\u00faplex Singlemode (SM) de la L\u00ednea Zafiro est\u00e1 dise\u00f1ada para satisfacer las necesidades de conectividad en redes de alta precisi\u00f3n. Viene equipada con 6 adaptadores LC D\u00faplex preinstalados, ideales para aplicaciones que exigen un rendimiento confiable y una baja p\u00e9rdida \u00f3ptica.<\/p>","protected":false},"excerpt":{"rendered":"<p>Platina de Adaptadores 6 LC DPLX SM L\u00ednea Zafiro La platina de adaptadores LC D\u00faplex Singlemode (SM) de la L\u00ednea Zafiro est\u00e1 dise\u00f1ada para satisfacer las necesidades de conectividad en redes de alta precisi\u00f3n. Viene equipada con 6 adaptadores LC D\u00faplex preinstalados, ideales para aplicaciones que exigen un rendimiento confiable y una baja p\u00e9rdida \u00f3ptica.<\/p>","protected":false},"featured_media":12340,"comment_status":"open","ping_status":"closed","template":"","meta":{"_acf_changed":false,"_eb_attr":"","_links_to":"","_links_to_target":""},"product_brand":[278],"product_cat":[65],"product_tag":[],"class_list":{"0":"post-12344","1":"product","2":"type-product","3":"status-publish","4":"has-post-thumbnail","6":"product_brand-zafirobymicrolink","7":"product_cat-planta-interna","9":"first","10":"instock","11":"shipping-taxable","12":"product-type-simple"},"acf":[],"yoast_head":"<!-- This site is optimized with the Yoast SEO plugin v27.3 - https:\/\/yoast.com\/product\/yoast-seo-wordpress\/ -->\n<title>Bandeja de distribuci\u00f3n de fibra \u00f3ptica ODF - Microlink<\/title>\n<meta name=\"description\" content=\"En Microlink encuentra la Bandeja de distribuci\u00f3n de fibra \u00f3ptica MLODF24LCSMFN ODF, racks, gabinetes, cableado primario, cuartos de distribuci\u00f3n...\" \/>\n<meta name=\"robots\" content=\"index, follow, max-snippet:-1, max-image-preview:large, max-video-preview:-1\" \/>\n<link rel=\"canonical\" href=\"https:\/\/microlink.co\/producto\/platina-de-adaptadores-6-lc-dplx-sm-linea-zafiro\/\" \/>\n<meta property=\"og:locale\" content=\"en_US\" \/>\n<meta property=\"og:type\" content=\"article\" \/>\n<meta property=\"og:title\" content=\"Bandeja de distribuci\u00f3n de fibra \u00f3ptica ODF - Microlink\" \/>\n<meta property=\"og:description\" content=\"En Microlink encuentra la Bandeja de distribuci\u00f3n de fibra \u00f3ptica MLODF24LCSMFN ODF, racks, gabinetes, cableado primario, cuartos de distribuci\u00f3n...\" \/>\n<meta property=\"og:url\" content=\"https:\/\/microlink.co\/producto\/platina-de-adaptadores-6-lc-dplx-sm-linea-zafiro\/\" \/>\n<meta property=\"og:site_name\" content=\"Microlink\" \/>\n<meta property=\"article:publisher\" content=\"https:\/\/www.facebook.com\/microlinksas\" \/>\n<meta property=\"article:modified_time\" content=\"2024-12-04T19:16:16+00:00\" \/>\n<meta property=\"og:image\" content=\"https:\/\/microlink.co\/wp-content\/uploads\/2024\/12\/Platina-de-Adaptadores-6-LC-DPLX-OM4OM3-Linea-Zafiro-1.png\" \/>\n\t<meta property=\"og:image:width\" content=\"500\" \/>\n\t<meta property=\"og:image:height\" content=\"500\" \/>\n\t<meta property=\"og:image:type\" content=\"image\/png\" \/>\n<meta name=\"twitter:card\" content=\"summary_large_image\" \/>\n<meta name=\"twitter:label1\" content=\"Est. reading time\" \/>\n\t<meta name=\"twitter:data1\" content=\"1 minute\" \/>\n<script type=\"application\/ld+json\" class=\"yoast-schema-graph\">{\"@context\":\"https:\\\/\\\/schema.org\",\"@graph\":[{\"@type\":[\"WebPage\",\"ItemPage\"],\"@id\":\"https:\\\/\\\/microlink.co\\\/producto\\\/platina-de-adaptadores-6-lc-dplx-sm-linea-zafiro\\\/\",\"url\":\"https:\\\/\\\/microlink.co\\\/producto\\\/platina-de-adaptadores-6-lc-dplx-sm-linea-zafiro\\\/\",\"name\":\"Bandeja de distribuci\u00f3n de fibra \u00f3ptica ODF - Microlink\",\"isPartOf\":{\"@id\":\"https:\\\/\\\/microlink.com.co\\\/#website\"},\"primaryImageOfPage\":{\"@id\":\"https:\\\/\\\/microlink.co\\\/producto\\\/platina-de-adaptadores-6-lc-dplx-sm-linea-zafiro\\\/#primaryimage\"},\"image\":{\"@id\":\"https:\\\/\\\/microlink.co\\\/producto\\\/platina-de-adaptadores-6-lc-dplx-sm-linea-zafiro\\\/#primaryimage\"},\"thumbnailUrl\":\"https:\\\/\\\/microlink.com.co\\\/wp-content\\\/uploads\\\/2024\\\/12\\\/Platina-de-Adaptadores-6-LC-DPLX-OM4OM3-Linea-Zafiro-1.png\",\"datePublished\":\"2024-12-04T17:54:29+00:00\",\"dateModified\":\"2024-12-04T19:16:16+00:00\",\"description\":\"En Microlink encuentra la Bandeja de distribuci\u00f3n de fibra \u00f3ptica MLODF24LCSMFN ODF, racks, gabinetes, cableado primario, cuartos de distribuci\u00f3n...\",\"breadcrumb\":{\"@id\":\"https:\\\/\\\/microlink.co\\\/producto\\\/platina-de-adaptadores-6-lc-dplx-sm-linea-zafiro\\\/#breadcrumb\"},\"inLanguage\":\"en-US\",\"potentialAction\":[{\"@type\":\"ReadAction\",\"target\":[\"https:\\\/\\\/microlink.co\\\/producto\\\/platina-de-adaptadores-6-lc-dplx-sm-linea-zafiro\\\/\"]}]},{\"@type\":\"ImageObject\",\"inLanguage\":\"en-US\",\"@id\":\"https:\\\/\\\/microlink.co\\\/producto\\\/platina-de-adaptadores-6-lc-dplx-sm-linea-zafiro\\\/#primaryimage\",\"url\":\"https:\\\/\\\/microlink.com.co\\\/wp-content\\\/uploads\\\/2024\\\/12\\\/Platina-de-Adaptadores-6-LC-DPLX-OM4OM3-Linea-Zafiro-1.png\",\"contentUrl\":\"https:\\\/\\\/microlink.com.co\\\/wp-content\\\/uploads\\\/2024\\\/12\\\/Platina-de-Adaptadores-6-LC-DPLX-OM4OM3-Linea-Zafiro-1.png\",\"width\":500,\"height\":500},{\"@type\":\"BreadcrumbList\",\"@id\":\"https:\\\/\\\/microlink.co\\\/producto\\\/platina-de-adaptadores-6-lc-dplx-sm-linea-zafiro\\\/#breadcrumb\",\"itemListElement\":[{\"@type\":\"ListItem\",\"position\":1,\"name\":\"Inicio\",\"item\":\"https:\\\/\\\/microlink.com.co\\\/\"},{\"@type\":\"ListItem\",\"position\":2,\"name\":\"Productos\",\"item\":\"https:\\\/\\\/microlink.com.co\\\/?page_id=20\"},{\"@type\":\"ListItem\",\"position\":3,\"name\":\"Platina de Adaptadores 6 LC DPLX SM L\u00ednea Zafiro\"}]},{\"@type\":\"WebSite\",\"@id\":\"https:\\\/\\\/microlink.com.co\\\/#website\",\"url\":\"https:\\\/\\\/microlink.com.co\\\/\",\"name\":\"Microlink\",\"description\":\"Conectamos con prop\u00f3sito el mercado de las telecomunicaciones a Colombia y la regi\u00f3n a trav\u00e9s de la producci\u00f3n y comercializaci\u00f3n de productos y soluciones de conectividad pasiva y activa.\",\"publisher\":{\"@id\":\"https:\\\/\\\/microlink.com.co\\\/#organization\"},\"alternateName\":\"Microlink S.A.S\",\"potentialAction\":[{\"@type\":\"SearchAction\",\"target\":{\"@type\":\"EntryPoint\",\"urlTemplate\":\"https:\\\/\\\/microlink.com.co\\\/?s={search_term_string}\"},\"query-input\":{\"@type\":\"PropertyValueSpecification\",\"valueRequired\":true,\"valueName\":\"search_term_string\"}}],\"inLanguage\":\"en-US\"},{\"@type\":\"Organization\",\"@id\":\"https:\\\/\\\/microlink.com.co\\\/#organization\",\"name\":\"Microlink SAS\",\"url\":\"https:\\\/\\\/microlink.com.co\\\/\",\"logo\":{\"@type\":\"ImageObject\",\"inLanguage\":\"en-US\",\"@id\":\"https:\\\/\\\/microlink.com.co\\\/#\\\/schema\\\/logo\\\/image\\\/\",\"url\":\"https:\\\/\\\/microlink.com.co\\\/wp-content\\\/uploads\\\/2022\\\/05\\\/Microlink_Logotipo-Horizontal_ColorTagline.png\",\"contentUrl\":\"https:\\\/\\\/microlink.com.co\\\/wp-content\\\/uploads\\\/2022\\\/05\\\/Microlink_Logotipo-Horizontal_ColorTagline.png\",\"width\":793,\"height\":384,\"caption\":\"Microlink SAS\"},\"image\":{\"@id\":\"https:\\\/\\\/microlink.com.co\\\/#\\\/schema\\\/logo\\\/image\\\/\"},\"sameAs\":[\"https:\\\/\\\/www.facebook.com\\\/microlinksas\",\"http:\\\/\\\/linkedin.com\\\/company\\\/microlink-ltd\\\/\",\"http:\\\/\\\/youtube.com\\\/channel\\\/UCTijT7LU-sMetDs7MPFhM7Q\",\"https:\\\/\\\/www.instagram.com\\\/microlinksas\\\/\"]}]}<\/script>\n<!-- \/ Yoast SEO plugin. -->","yoast_head_json":{"title":"Bandeja de distribuci\u00f3n de fibra \u00f3ptica ODF - Microlink","description":"En Microlink encuentra la Bandeja de distribuci\u00f3n de fibra \u00f3ptica MLODF24LCSMFN ODF, racks, gabinetes, cableado primario, cuartos de distribuci\u00f3n...","robots":{"index":"index","follow":"follow","max-snippet":"max-snippet:-1","max-image-preview":"max-image-preview:large","max-video-preview":"max-video-preview:-1"},"canonical":"https:\/\/microlink.co\/producto\/platina-de-adaptadores-6-lc-dplx-sm-linea-zafiro\/","og_locale":"en_US","og_type":"article","og_title":"Bandeja de distribuci\u00f3n de fibra \u00f3ptica ODF - Microlink","og_description":"En Microlink encuentra la Bandeja de distribuci\u00f3n de fibra \u00f3ptica MLODF24LCSMFN ODF, racks, gabinetes, cableado primario, cuartos de distribuci\u00f3n...","og_url":"https:\/\/microlink.co\/producto\/platina-de-adaptadores-6-lc-dplx-sm-linea-zafiro\/","og_site_name":"Microlink","article_publisher":"https:\/\/www.facebook.com\/microlinksas","article_modified_time":"2024-12-04T19:16:16+00:00","og_image":[{"width":500,"height":500,"url":"https:\/\/microlink.co\/wp-content\/uploads\/2024\/12\/Platina-de-Adaptadores-6-LC-DPLX-OM4OM3-Linea-Zafiro-1.png","type":"image\/png"}],"twitter_card":"summary_large_image","twitter_misc":{"Est. reading time":"1 minute"},"schema":{"@context":"https:\/\/schema.org","@graph":[{"@type":["WebPage","ItemPage"],"@id":"https:\/\/microlink.co\/producto\/platina-de-adaptadores-6-lc-dplx-sm-linea-zafiro\/","url":"https:\/\/microlink.co\/producto\/platina-de-adaptadores-6-lc-dplx-sm-linea-zafiro\/","name":"Bandeja de distribuci\u00f3n de fibra \u00f3ptica ODF - Microlink","isPartOf":{"@id":"https:\/\/microlink.com.co\/#website"},"primaryImageOfPage":{"@id":"https:\/\/microlink.co\/producto\/platina-de-adaptadores-6-lc-dplx-sm-linea-zafiro\/#primaryimage"},"image":{"@id":"https:\/\/microlink.co\/producto\/platina-de-adaptadores-6-lc-dplx-sm-linea-zafiro\/#primaryimage"},"thumbnailUrl":"https:\/\/microlink.com.co\/wp-content\/uploads\/2024\/12\/Platina-de-Adaptadores-6-LC-DPLX-OM4OM3-Linea-Zafiro-1.png","datePublished":"2024-12-04T17:54:29+00:00","dateModified":"2024-12-04T19:16:16+00:00","description":"En Microlink encuentra la Bandeja de distribuci\u00f3n de fibra \u00f3ptica MLODF24LCSMFN ODF, racks, gabinetes, cableado primario, cuartos de distribuci\u00f3n...","breadcrumb":{"@id":"https:\/\/microlink.co\/producto\/platina-de-adaptadores-6-lc-dplx-sm-linea-zafiro\/#breadcrumb"},"inLanguage":"en-US","potentialAction":[{"@type":"ReadAction","target":["https:\/\/microlink.co\/producto\/platina-de-adaptadores-6-lc-dplx-sm-linea-zafiro\/"]}]},{"@type":"ImageObject","inLanguage":"en-US","@id":"https:\/\/microlink.co\/producto\/platina-de-adaptadores-6-lc-dplx-sm-linea-zafiro\/#primaryimage","url":"https:\/\/microlink.com.co\/wp-content\/uploads\/2024\/12\/Platina-de-Adaptadores-6-LC-DPLX-OM4OM3-Linea-Zafiro-1.png","contentUrl":"https:\/\/microlink.com.co\/wp-content\/uploads\/2024\/12\/Platina-de-Adaptadores-6-LC-DPLX-OM4OM3-Linea-Zafiro-1.png","width":500,"height":500},{"@type":"BreadcrumbList","@id":"https:\/\/microlink.co\/producto\/platina-de-adaptadores-6-lc-dplx-sm-linea-zafiro\/#breadcrumb","itemListElement":[{"@type":"ListItem","position":1,"name":"Inicio","item":"https:\/\/microlink.com.co\/"},{"@type":"ListItem","position":2,"name":"Productos","item":"https:\/\/microlink.com.co\/?page_id=20"},{"@type":"ListItem","position":3,"name":"Platina de Adaptadores 6 LC DPLX SM L\u00ednea Zafiro"}]},{"@type":"WebSite","@id":"https:\/\/microlink.com.co\/#website","url":"https:\/\/microlink.com.co\/","name":"micro link","description":"We purposefully connect the telecommunications market to Colombia and the region through the production and marketing of passive and active connectivity products and solutions.","publisher":{"@id":"https:\/\/microlink.com.co\/#organization"},"alternateName":"Microlink S.A.S","potentialAction":[{"@type":"SearchAction","target":{"@type":"EntryPoint","urlTemplate":"https:\/\/microlink.com.co\/?s={search_term_string}"},"query-input":{"@type":"PropertyValueSpecification","valueRequired":true,"valueName":"search_term_string"}}],"inLanguage":"en-US"},{"@type":"Organization","@id":"https:\/\/microlink.com.co\/#organization","name":"Microlink SAS","url":"https:\/\/microlink.com.co\/","logo":{"@type":"ImageObject","inLanguage":"en-US","@id":"https:\/\/microlink.com.co\/#\/schema\/logo\/image\/","url":"https:\/\/microlink.com.co\/wp-content\/uploads\/2022\/05\/Microlink_Logotipo-Horizontal_ColorTagline.png","contentUrl":"https:\/\/microlink.com.co\/wp-content\/uploads\/2022\/05\/Microlink_Logotipo-Horizontal_ColorTagline.png","width":793,"height":384,"caption":"Microlink SAS"},"image":{"@id":"https:\/\/microlink.com.co\/#\/schema\/logo\/image\/"},"sameAs":["https:\/\/www.facebook.com\/microlinksas","http:\/\/linkedin.com\/company\/microlink-ltd\/","http:\/\/youtube.com\/channel\/UCTijT7LU-sMetDs7MPFhM7Q","https:\/\/www.instagram.com\/microlinksas\/"]}]}},"_links":{"self":[{"href":"https:\/\/microlink.com.co\/en\/wp-json\/wp\/v2\/product\/12344","targetHints":{"allow":["GET"]}}],"collection":[{"href":"https:\/\/microlink.com.co\/en\/wp-json\/wp\/v2\/product"}],"about":[{"href":"https:\/\/microlink.com.co\/en\/wp-json\/wp\/v2\/types\/product"}],"replies":[{"embeddable":true,"href":"https:\/\/microlink.com.co\/en\/wp-json\/wp\/v2\/comments?post=12344"}],"wp:featuredmedia":[{"embeddable":true,"href":"https:\/\/microlink.com.co\/en\/wp-json\/wp\/v2\/media\/12340"}],"wp:attachment":[{"href":"https:\/\/microlink.com.co\/en\/wp-json\/wp\/v2\/media?parent=12344"}],"wp:term":[{"taxonomy":"product_brand","embeddable":true,"href":"https:\/\/microlink.com.co\/en\/wp-json\/wp\/v2\/product_brand?post=12344"},{"taxonomy":"product_cat","embeddable":true,"href":"https:\/\/microlink.com.co\/en\/wp-json\/wp\/v2\/product_cat?post=12344"},{"taxonomy":"product_tag","embeddable":true,"href":"https:\/\/microlink.com.co\/en\/wp-json\/wp\/v2\/product_tag?post=12344"}],"curies":[{"name":"wp","href":"https:\/\/api.w.org\/{rel}","templated":true}]}}