{"id":12313,"date":"2024-12-04T10:17:03","date_gmt":"2024-12-04T15:17:03","guid":{"rendered":"https:\/\/microlink.com.co\/?post_type=product&#038;p=12313"},"modified":"2024-12-04T11:09:54","modified_gmt":"2024-12-04T16:09:54","slug":"cassette-transicion-mpo-lc-24-om4","status":"publish","type":"product","link":"https:\/\/microlink.com.co\/en\/product\/cassette-transicion-mpo-lc-24-om4\/","title":{"rendered":"CASSETTE DE TRANSICI\u00d3N MPO\/LC 24 &#8211; OM4"},"content":{"rendered":"<p><strong>Cassette de Alta Densidad \u00a0MPO\/LC 24 &#8211; OM4<\/strong><\/p>\n<p>El cassette de transici\u00f3n MPO\/LC OM4 de alta densidad est\u00e1 dise\u00f1ado para maximizar la conectividad en aplicaciones de redes de alto rendimiento. Este modelo incluye dos puertos MPO traseros de 12 fibras cada uno, que se conectan a 24 conectores LC en la parte frontal, optimizando la distribuci\u00f3n de fibra en espacios reducidos.<\/p>\n<p><strong>Caracter\u00edsticas destacadas:<\/strong><\/p>\n<ul>\n<li><strong>Alta capacidad:<\/strong> Soporta 24 fibras \u00f3pticas en un dise\u00f1o compacto y eficiente.<\/li>\n<li><strong>Compatibilidad:<\/strong> Puede instalarse en racks de 19&#8243; con capacidad para hasta 4 cassettes por platina o en ODFs que admiten hasta 3 cassettes.<\/li>\n<\/ul>\n<p><strong>Ensamble local hecho por Microlink<\/strong><\/p>","protected":false},"excerpt":{"rendered":"<p>Cassette de Alta Densidad \u00a0MPO\/LC 24 &#8211; OM4 El cassette de transici\u00f3n MPO\/LC OM4 de alta densidad est\u00e1 dise\u00f1ado para maximizar la conectividad en aplicaciones de redes de alto rendimiento. Este modelo incluye dos puertos MPO traseros de 12 fibras cada uno, que se conectan a 24 conectores LC en la parte frontal, optimizando la [&hellip;]<\/p>","protected":false},"featured_media":12314,"comment_status":"open","ping_status":"closed","template":"","meta":{"_acf_changed":false,"_eb_attr":"","_links_to":"","_links_to_target":""},"product_brand":[278],"product_cat":[65],"product_tag":[],"class_list":{"0":"post-12313","1":"product","2":"type-product","3":"status-publish","4":"has-post-thumbnail","6":"product_brand-zafirobymicrolink","7":"product_cat-planta-interna","9":"first","10":"instock","11":"shipping-taxable","12":"product-type-simple"},"acf":[],"yoast_head":"<!-- This site is optimized with the Yoast SEO plugin v27.3 - https:\/\/yoast.com\/product\/yoast-seo-wordpress\/ -->\n<title>Bandeja de distribuci\u00f3n de fibra \u00f3ptica ODF - Microlink<\/title>\n<meta name=\"description\" content=\"En Microlink encuentra la Bandeja de distribuci\u00f3n de fibra \u00f3ptica MLODF24LCSMFN ODF, racks, gabinetes, cableado primario, cuartos de distribuci\u00f3n...\" \/>\n<meta name=\"robots\" content=\"index, follow, max-snippet:-1, max-image-preview:large, max-video-preview:-1\" \/>\n<link rel=\"canonical\" href=\"https:\/\/microlink.co\/producto\/cassette-transicion-mpo-lc-24-om4\/\" \/>\n<meta property=\"og:locale\" content=\"en_US\" \/>\n<meta property=\"og:type\" content=\"article\" \/>\n<meta property=\"og:title\" content=\"Bandeja de distribuci\u00f3n de fibra \u00f3ptica ODF - Microlink\" \/>\n<meta property=\"og:description\" content=\"En Microlink encuentra la Bandeja de distribuci\u00f3n de fibra \u00f3ptica MLODF24LCSMFN ODF, racks, gabinetes, cableado primario, cuartos de distribuci\u00f3n...\" \/>\n<meta property=\"og:url\" content=\"https:\/\/microlink.co\/producto\/cassette-transicion-mpo-lc-24-om4\/\" \/>\n<meta property=\"og:site_name\" content=\"Microlink\" \/>\n<meta property=\"article:publisher\" content=\"https:\/\/www.facebook.com\/microlinksas\" \/>\n<meta property=\"article:modified_time\" content=\"2024-12-04T16:09:54+00:00\" \/>\n<meta property=\"og:image\" content=\"https:\/\/microlink.co\/wp-content\/uploads\/2024\/12\/CASSETTE-DE-TRANSICION-MPOLC-24-OM4-3.png\" \/>\n\t<meta property=\"og:image:width\" content=\"500\" \/>\n\t<meta property=\"og:image:height\" content=\"500\" \/>\n\t<meta property=\"og:image:type\" content=\"image\/png\" \/>\n<meta name=\"twitter:card\" content=\"summary_large_image\" \/>\n<meta name=\"twitter:label1\" content=\"Est. reading time\" \/>\n\t<meta name=\"twitter:data1\" content=\"1 minute\" \/>\n<script type=\"application\/ld+json\" class=\"yoast-schema-graph\">{\"@context\":\"https:\\\/\\\/schema.org\",\"@graph\":[{\"@type\":[\"WebPage\",\"ItemPage\"],\"@id\":\"https:\\\/\\\/microlink.co\\\/producto\\\/cassette-transicion-mpo-lc-24-om4\\\/\",\"url\":\"https:\\\/\\\/microlink.co\\\/producto\\\/cassette-transicion-mpo-lc-24-om4\\\/\",\"name\":\"Bandeja de distribuci\u00f3n de fibra \u00f3ptica ODF - Microlink\",\"isPartOf\":{\"@id\":\"https:\\\/\\\/microlink.com.co\\\/#website\"},\"primaryImageOfPage\":{\"@id\":\"https:\\\/\\\/microlink.co\\\/producto\\\/cassette-transicion-mpo-lc-24-om4\\\/#primaryimage\"},\"image\":{\"@id\":\"https:\\\/\\\/microlink.co\\\/producto\\\/cassette-transicion-mpo-lc-24-om4\\\/#primaryimage\"},\"thumbnailUrl\":\"https:\\\/\\\/microlink.com.co\\\/wp-content\\\/uploads\\\/2024\\\/12\\\/CASSETTE-DE-TRANSICION-MPOLC-24-OM4-3.png\",\"datePublished\":\"2024-12-04T15:17:03+00:00\",\"dateModified\":\"2024-12-04T16:09:54+00:00\",\"description\":\"En Microlink encuentra la Bandeja de distribuci\u00f3n de fibra \u00f3ptica MLODF24LCSMFN ODF, racks, gabinetes, cableado primario, cuartos de distribuci\u00f3n...\",\"breadcrumb\":{\"@id\":\"https:\\\/\\\/microlink.co\\\/producto\\\/cassette-transicion-mpo-lc-24-om4\\\/#breadcrumb\"},\"inLanguage\":\"en-US\",\"potentialAction\":[{\"@type\":\"ReadAction\",\"target\":[\"https:\\\/\\\/microlink.co\\\/producto\\\/cassette-transicion-mpo-lc-24-om4\\\/\"]}]},{\"@type\":\"ImageObject\",\"inLanguage\":\"en-US\",\"@id\":\"https:\\\/\\\/microlink.co\\\/producto\\\/cassette-transicion-mpo-lc-24-om4\\\/#primaryimage\",\"url\":\"https:\\\/\\\/microlink.com.co\\\/wp-content\\\/uploads\\\/2024\\\/12\\\/CASSETTE-DE-TRANSICION-MPOLC-24-OM4-3.png\",\"contentUrl\":\"https:\\\/\\\/microlink.com.co\\\/wp-content\\\/uploads\\\/2024\\\/12\\\/CASSETTE-DE-TRANSICION-MPOLC-24-OM4-3.png\",\"width\":500,\"height\":500},{\"@type\":\"BreadcrumbList\",\"@id\":\"https:\\\/\\\/microlink.co\\\/producto\\\/cassette-transicion-mpo-lc-24-om4\\\/#breadcrumb\",\"itemListElement\":[{\"@type\":\"ListItem\",\"position\":1,\"name\":\"Inicio\",\"item\":\"https:\\\/\\\/microlink.com.co\\\/\"},{\"@type\":\"ListItem\",\"position\":2,\"name\":\"Productos\",\"item\":\"https:\\\/\\\/microlink.com.co\\\/?page_id=20\"},{\"@type\":\"ListItem\",\"position\":3,\"name\":\"CASSETTE DE TRANSICI\u00d3N MPO\\\/LC 24 &#8211; OM4\"}]},{\"@type\":\"WebSite\",\"@id\":\"https:\\\/\\\/microlink.com.co\\\/#website\",\"url\":\"https:\\\/\\\/microlink.com.co\\\/\",\"name\":\"Microlink\",\"description\":\"Conectamos con prop\u00f3sito el mercado de las telecomunicaciones a Colombia y la regi\u00f3n a trav\u00e9s de la producci\u00f3n y comercializaci\u00f3n de productos y soluciones de conectividad pasiva y activa.\",\"publisher\":{\"@id\":\"https:\\\/\\\/microlink.com.co\\\/#organization\"},\"alternateName\":\"Microlink S.A.S\",\"potentialAction\":[{\"@type\":\"SearchAction\",\"target\":{\"@type\":\"EntryPoint\",\"urlTemplate\":\"https:\\\/\\\/microlink.com.co\\\/?s={search_term_string}\"},\"query-input\":{\"@type\":\"PropertyValueSpecification\",\"valueRequired\":true,\"valueName\":\"search_term_string\"}}],\"inLanguage\":\"en-US\"},{\"@type\":\"Organization\",\"@id\":\"https:\\\/\\\/microlink.com.co\\\/#organization\",\"name\":\"Microlink SAS\",\"url\":\"https:\\\/\\\/microlink.com.co\\\/\",\"logo\":{\"@type\":\"ImageObject\",\"inLanguage\":\"en-US\",\"@id\":\"https:\\\/\\\/microlink.com.co\\\/#\\\/schema\\\/logo\\\/image\\\/\",\"url\":\"https:\\\/\\\/microlink.com.co\\\/wp-content\\\/uploads\\\/2022\\\/05\\\/Microlink_Logotipo-Horizontal_ColorTagline.png\",\"contentUrl\":\"https:\\\/\\\/microlink.com.co\\\/wp-content\\\/uploads\\\/2022\\\/05\\\/Microlink_Logotipo-Horizontal_ColorTagline.png\",\"width\":793,\"height\":384,\"caption\":\"Microlink SAS\"},\"image\":{\"@id\":\"https:\\\/\\\/microlink.com.co\\\/#\\\/schema\\\/logo\\\/image\\\/\"},\"sameAs\":[\"https:\\\/\\\/www.facebook.com\\\/microlinksas\",\"http:\\\/\\\/linkedin.com\\\/company\\\/microlink-ltd\\\/\",\"http:\\\/\\\/youtube.com\\\/channel\\\/UCTijT7LU-sMetDs7MPFhM7Q\",\"https:\\\/\\\/www.instagram.com\\\/microlinksas\\\/\"]}]}<\/script>\n<!-- \/ Yoast SEO plugin. -->","yoast_head_json":{"title":"Bandeja de distribuci\u00f3n de fibra \u00f3ptica ODF - Microlink","description":"En Microlink encuentra la Bandeja de distribuci\u00f3n de fibra \u00f3ptica MLODF24LCSMFN ODF, racks, gabinetes, cableado primario, cuartos de distribuci\u00f3n...","robots":{"index":"index","follow":"follow","max-snippet":"max-snippet:-1","max-image-preview":"max-image-preview:large","max-video-preview":"max-video-preview:-1"},"canonical":"https:\/\/microlink.co\/producto\/cassette-transicion-mpo-lc-24-om4\/","og_locale":"en_US","og_type":"article","og_title":"Bandeja de distribuci\u00f3n de fibra \u00f3ptica ODF - Microlink","og_description":"En Microlink encuentra la Bandeja de distribuci\u00f3n de fibra \u00f3ptica MLODF24LCSMFN ODF, racks, gabinetes, cableado primario, cuartos de distribuci\u00f3n...","og_url":"https:\/\/microlink.co\/producto\/cassette-transicion-mpo-lc-24-om4\/","og_site_name":"Microlink","article_publisher":"https:\/\/www.facebook.com\/microlinksas","article_modified_time":"2024-12-04T16:09:54+00:00","og_image":[{"width":500,"height":500,"url":"https:\/\/microlink.co\/wp-content\/uploads\/2024\/12\/CASSETTE-DE-TRANSICION-MPOLC-24-OM4-3.png","type":"image\/png"}],"twitter_card":"summary_large_image","twitter_misc":{"Est. reading time":"1 minute"},"schema":{"@context":"https:\/\/schema.org","@graph":[{"@type":["WebPage","ItemPage"],"@id":"https:\/\/microlink.co\/producto\/cassette-transicion-mpo-lc-24-om4\/","url":"https:\/\/microlink.co\/producto\/cassette-transicion-mpo-lc-24-om4\/","name":"Bandeja de distribuci\u00f3n de fibra \u00f3ptica ODF - Microlink","isPartOf":{"@id":"https:\/\/microlink.com.co\/#website"},"primaryImageOfPage":{"@id":"https:\/\/microlink.co\/producto\/cassette-transicion-mpo-lc-24-om4\/#primaryimage"},"image":{"@id":"https:\/\/microlink.co\/producto\/cassette-transicion-mpo-lc-24-om4\/#primaryimage"},"thumbnailUrl":"https:\/\/microlink.com.co\/wp-content\/uploads\/2024\/12\/CASSETTE-DE-TRANSICION-MPOLC-24-OM4-3.png","datePublished":"2024-12-04T15:17:03+00:00","dateModified":"2024-12-04T16:09:54+00:00","description":"En Microlink encuentra la Bandeja de distribuci\u00f3n de fibra \u00f3ptica MLODF24LCSMFN ODF, racks, gabinetes, cableado primario, cuartos de distribuci\u00f3n...","breadcrumb":{"@id":"https:\/\/microlink.co\/producto\/cassette-transicion-mpo-lc-24-om4\/#breadcrumb"},"inLanguage":"en-US","potentialAction":[{"@type":"ReadAction","target":["https:\/\/microlink.co\/producto\/cassette-transicion-mpo-lc-24-om4\/"]}]},{"@type":"ImageObject","inLanguage":"en-US","@id":"https:\/\/microlink.co\/producto\/cassette-transicion-mpo-lc-24-om4\/#primaryimage","url":"https:\/\/microlink.com.co\/wp-content\/uploads\/2024\/12\/CASSETTE-DE-TRANSICION-MPOLC-24-OM4-3.png","contentUrl":"https:\/\/microlink.com.co\/wp-content\/uploads\/2024\/12\/CASSETTE-DE-TRANSICION-MPOLC-24-OM4-3.png","width":500,"height":500},{"@type":"BreadcrumbList","@id":"https:\/\/microlink.co\/producto\/cassette-transicion-mpo-lc-24-om4\/#breadcrumb","itemListElement":[{"@type":"ListItem","position":1,"name":"Inicio","item":"https:\/\/microlink.com.co\/"},{"@type":"ListItem","position":2,"name":"Productos","item":"https:\/\/microlink.com.co\/?page_id=20"},{"@type":"ListItem","position":3,"name":"CASSETTE DE TRANSICI\u00d3N MPO\/LC 24 &#8211; OM4"}]},{"@type":"WebSite","@id":"https:\/\/microlink.com.co\/#website","url":"https:\/\/microlink.com.co\/","name":"micro link","description":"We purposefully connect the telecommunications market to Colombia and the region through the production and marketing of passive and active connectivity products and solutions.","publisher":{"@id":"https:\/\/microlink.com.co\/#organization"},"alternateName":"Microlink S.A.S","potentialAction":[{"@type":"SearchAction","target":{"@type":"EntryPoint","urlTemplate":"https:\/\/microlink.com.co\/?s={search_term_string}"},"query-input":{"@type":"PropertyValueSpecification","valueRequired":true,"valueName":"search_term_string"}}],"inLanguage":"en-US"},{"@type":"Organization","@id":"https:\/\/microlink.com.co\/#organization","name":"Microlink SAS","url":"https:\/\/microlink.com.co\/","logo":{"@type":"ImageObject","inLanguage":"en-US","@id":"https:\/\/microlink.com.co\/#\/schema\/logo\/image\/","url":"https:\/\/microlink.com.co\/wp-content\/uploads\/2022\/05\/Microlink_Logotipo-Horizontal_ColorTagline.png","contentUrl":"https:\/\/microlink.com.co\/wp-content\/uploads\/2022\/05\/Microlink_Logotipo-Horizontal_ColorTagline.png","width":793,"height":384,"caption":"Microlink SAS"},"image":{"@id":"https:\/\/microlink.com.co\/#\/schema\/logo\/image\/"},"sameAs":["https:\/\/www.facebook.com\/microlinksas","http:\/\/linkedin.com\/company\/microlink-ltd\/","http:\/\/youtube.com\/channel\/UCTijT7LU-sMetDs7MPFhM7Q","https:\/\/www.instagram.com\/microlinksas\/"]}]}},"_links":{"self":[{"href":"https:\/\/microlink.com.co\/en\/wp-json\/wp\/v2\/product\/12313","targetHints":{"allow":["GET"]}}],"collection":[{"href":"https:\/\/microlink.com.co\/en\/wp-json\/wp\/v2\/product"}],"about":[{"href":"https:\/\/microlink.com.co\/en\/wp-json\/wp\/v2\/types\/product"}],"replies":[{"embeddable":true,"href":"https:\/\/microlink.com.co\/en\/wp-json\/wp\/v2\/comments?post=12313"}],"wp:featuredmedia":[{"embeddable":true,"href":"https:\/\/microlink.com.co\/en\/wp-json\/wp\/v2\/media\/12314"}],"wp:attachment":[{"href":"https:\/\/microlink.com.co\/en\/wp-json\/wp\/v2\/media?parent=12313"}],"wp:term":[{"taxonomy":"product_brand","embeddable":true,"href":"https:\/\/microlink.com.co\/en\/wp-json\/wp\/v2\/product_brand?post=12313"},{"taxonomy":"product_cat","embeddable":true,"href":"https:\/\/microlink.com.co\/en\/wp-json\/wp\/v2\/product_cat?post=12313"},{"taxonomy":"product_tag","embeddable":true,"href":"https:\/\/microlink.com.co\/en\/wp-json\/wp\/v2\/product_tag?post=12313"}],"curies":[{"name":"wp","href":"https:\/\/api.w.org\/{rel}","templated":true}]}}