{"id":12194,"date":"2024-10-21T11:21:53","date_gmt":"2024-10-21T16:21:53","guid":{"rendered":"https:\/\/microlink.com.co\/?post_type=product&#038;p=12194"},"modified":"2024-11-26T11:05:28","modified_gmt":"2024-11-26T16:05:28","slug":"patch-panel","status":"publish","type":"product","link":"https:\/\/microlink.com.co\/en\/product\/patch-panel\/","title":{"rendered":"Patch Panel"},"content":{"rendered":"<h3 class=\"LC20lb MBeuO DKV0Md\"><strong>Patch Panel<\/strong><\/h3>\n<div class=\"flex max-w-full flex-col flex-grow\">\n<div class=\"min-h-8 text-message flex w-full flex-col items-end gap-2 whitespace-normal break-words [.text-message+&amp;]:mt-5\" dir=\"auto\" data-message-author-role=\"assistant\" data-message-id=\"58d9abd1-c561-4132-891b-411031ac465a\">\n<div class=\"flex w-full flex-col gap-1 empty:hidden first:pt-[3px]\">\n<div class=\"markdown prose w-full break-words dark:prose-invert light\">\n<p>Los patch panel de Corning son modulares y brindan una soluci\u00f3n est\u00e9tica y agradable a los conectores modulares en carcasa. Los paneles ligeros de aluminio son compatibles con los conectores RJ45 Corning y con los conectores modulares t\u00edpicos aceptados por la industria. La versi\u00f3n cl\u00e1sica incluye una bandeja liberadora de esfuerzo en el cable y punto de conexi\u00f3n a tierra; los paneles Eco son una versi\u00f3n simple, sin conexi\u00f3n a tierra, para uso con bastidores con manejo integral de cables. En la versi\u00f3n cl\u00e1sica, el panel proporciona en forma autom\u00e1tica la conexi\u00f3n de tierra a los conectores UTP,<br \/>\nFTP o STP al insertarlos dentro del panel de parcheo. Los paneles incluyen tornillos, tuercas enjauladas y sujetadores de cable.<\/p>\n<\/div>\n<\/div>\n<\/div>\n<\/div>","protected":false},"excerpt":{"rendered":"<p>Patch Panel Los patch panel de Corning son modulares y brindan una soluci\u00f3n est\u00e9tica y agradable a los conectores modulares en carcasa. Los paneles ligeros de aluminio son compatibles con los conectores RJ45 Corning y con los conectores modulares t\u00edpicos aceptados por la industria. La versi\u00f3n cl\u00e1sica incluye una bandeja liberadora de esfuerzo en el [&hellip;]<\/p>","protected":false},"featured_media":12195,"comment_status":"open","ping_status":"closed","template":"","meta":{"_acf_changed":false,"_eb_attr":"","_links_to":"","_links_to_target":""},"product_brand":[118],"product_cat":[275,31],"product_tag":[],"class_list":{"0":"post-12194","1":"product","2":"type-product","3":"status-publish","4":"has-post-thumbnail","6":"product_brand-corning","7":"product_cat-cableado-estructurado","8":"product_cat-redes-de-cobre","10":"first","11":"instock","12":"shipping-taxable","13":"product-type-simple"},"acf":[],"yoast_head":"<!-- This site is optimized with the Yoast SEO plugin v27.3 - https:\/\/yoast.com\/product\/yoast-seo-wordpress\/ -->\n<title>Microlink - Conectamos con prop\u00f3sito<\/title>\n<meta name=\"description\" content=\"En Microlink | Trabajamos con un amplio portafolio que abarca GPON, fibra \u00f3ptica, redes de cobre, radiofrecuencia, IoT y servicios.\" \/>\n<meta name=\"robots\" content=\"index, follow, max-snippet:-1, max-image-preview:large, max-video-preview:-1\" \/>\n<link rel=\"canonical\" href=\"https:\/\/microlink.co\/producto\/patch-panel\/\" \/>\n<meta property=\"og:locale\" content=\"en_US\" \/>\n<meta property=\"og:type\" content=\"article\" \/>\n<meta property=\"og:title\" content=\"Microlink - Conectamos con prop\u00f3sito\" \/>\n<meta property=\"og:description\" content=\"En Microlink | Trabajamos con un amplio portafolio que abarca GPON, fibra \u00f3ptica, redes de cobre, radiofrecuencia, IoT y servicios.\" \/>\n<meta property=\"og:url\" content=\"https:\/\/microlink.co\/producto\/patch-panel\/\" \/>\n<meta property=\"og:site_name\" content=\"Microlink\" \/>\n<meta property=\"article:publisher\" content=\"https:\/\/www.facebook.com\/microlinksas\" \/>\n<meta property=\"article:modified_time\" content=\"2024-11-26T16:05:28+00:00\" \/>\n<meta property=\"og:image\" content=\"https:\/\/microlink.co\/wp-content\/uploads\/2024\/10\/Paneles-de-Parcheo-RJ45-Microlink.png\" \/>\n\t<meta property=\"og:image:width\" content=\"500\" \/>\n\t<meta property=\"og:image:height\" content=\"500\" \/>\n\t<meta property=\"og:image:type\" content=\"image\/png\" \/>\n<meta name=\"twitter:card\" content=\"summary_large_image\" \/>\n<meta name=\"twitter:label1\" content=\"Est. reading time\" \/>\n\t<meta name=\"twitter:data1\" content=\"1 minute\" \/>\n<script type=\"application\/ld+json\" class=\"yoast-schema-graph\">{\"@context\":\"https:\\\/\\\/schema.org\",\"@graph\":[{\"@type\":[\"WebPage\",\"ItemPage\"],\"@id\":\"https:\\\/\\\/microlink.co\\\/producto\\\/patch-panel\\\/\",\"url\":\"https:\\\/\\\/microlink.co\\\/producto\\\/patch-panel\\\/\",\"name\":\"Microlink - Conectamos con prop\u00f3sito\",\"isPartOf\":{\"@id\":\"https:\\\/\\\/microlink.com.co\\\/#website\"},\"primaryImageOfPage\":{\"@id\":\"https:\\\/\\\/microlink.co\\\/producto\\\/patch-panel\\\/#primaryimage\"},\"image\":{\"@id\":\"https:\\\/\\\/microlink.co\\\/producto\\\/patch-panel\\\/#primaryimage\"},\"thumbnailUrl\":\"https:\\\/\\\/microlink.com.co\\\/wp-content\\\/uploads\\\/2024\\\/10\\\/Paneles-de-Parcheo-RJ45-Microlink.png\",\"datePublished\":\"2024-10-21T16:21:53+00:00\",\"dateModified\":\"2024-11-26T16:05:28+00:00\",\"description\":\"En Microlink | Trabajamos con un amplio portafolio que abarca GPON, fibra \u00f3ptica, redes de cobre, radiofrecuencia, IoT y servicios.\",\"breadcrumb\":{\"@id\":\"https:\\\/\\\/microlink.co\\\/producto\\\/patch-panel\\\/#breadcrumb\"},\"inLanguage\":\"en-US\",\"potentialAction\":[{\"@type\":\"ReadAction\",\"target\":[\"https:\\\/\\\/microlink.co\\\/producto\\\/patch-panel\\\/\"]}]},{\"@type\":\"ImageObject\",\"inLanguage\":\"en-US\",\"@id\":\"https:\\\/\\\/microlink.co\\\/producto\\\/patch-panel\\\/#primaryimage\",\"url\":\"https:\\\/\\\/microlink.com.co\\\/wp-content\\\/uploads\\\/2024\\\/10\\\/Paneles-de-Parcheo-RJ45-Microlink.png\",\"contentUrl\":\"https:\\\/\\\/microlink.com.co\\\/wp-content\\\/uploads\\\/2024\\\/10\\\/Paneles-de-Parcheo-RJ45-Microlink.png\",\"width\":500,\"height\":500},{\"@type\":\"BreadcrumbList\",\"@id\":\"https:\\\/\\\/microlink.co\\\/producto\\\/patch-panel\\\/#breadcrumb\",\"itemListElement\":[{\"@type\":\"ListItem\",\"position\":1,\"name\":\"Inicio\",\"item\":\"https:\\\/\\\/microlink.com.co\\\/\"},{\"@type\":\"ListItem\",\"position\":2,\"name\":\"Productos\",\"item\":\"https:\\\/\\\/microlink.com.co\\\/?page_id=20\"},{\"@type\":\"ListItem\",\"position\":3,\"name\":\"Patch Panel\"}]},{\"@type\":\"WebSite\",\"@id\":\"https:\\\/\\\/microlink.com.co\\\/#website\",\"url\":\"https:\\\/\\\/microlink.com.co\\\/\",\"name\":\"Microlink\",\"description\":\"Conectamos con prop\u00f3sito el mercado de las telecomunicaciones a Colombia y la regi\u00f3n a trav\u00e9s de la producci\u00f3n y comercializaci\u00f3n de productos y soluciones de conectividad pasiva y activa.\",\"publisher\":{\"@id\":\"https:\\\/\\\/microlink.com.co\\\/#organization\"},\"alternateName\":\"Microlink S.A.S\",\"potentialAction\":[{\"@type\":\"SearchAction\",\"target\":{\"@type\":\"EntryPoint\",\"urlTemplate\":\"https:\\\/\\\/microlink.com.co\\\/?s={search_term_string}\"},\"query-input\":{\"@type\":\"PropertyValueSpecification\",\"valueRequired\":true,\"valueName\":\"search_term_string\"}}],\"inLanguage\":\"en-US\"},{\"@type\":\"Organization\",\"@id\":\"https:\\\/\\\/microlink.com.co\\\/#organization\",\"name\":\"Microlink SAS\",\"url\":\"https:\\\/\\\/microlink.com.co\\\/\",\"logo\":{\"@type\":\"ImageObject\",\"inLanguage\":\"en-US\",\"@id\":\"https:\\\/\\\/microlink.com.co\\\/#\\\/schema\\\/logo\\\/image\\\/\",\"url\":\"https:\\\/\\\/microlink.com.co\\\/wp-content\\\/uploads\\\/2022\\\/05\\\/Microlink_Logotipo-Horizontal_ColorTagline.png\",\"contentUrl\":\"https:\\\/\\\/microlink.com.co\\\/wp-content\\\/uploads\\\/2022\\\/05\\\/Microlink_Logotipo-Horizontal_ColorTagline.png\",\"width\":793,\"height\":384,\"caption\":\"Microlink SAS\"},\"image\":{\"@id\":\"https:\\\/\\\/microlink.com.co\\\/#\\\/schema\\\/logo\\\/image\\\/\"},\"sameAs\":[\"https:\\\/\\\/www.facebook.com\\\/microlinksas\",\"http:\\\/\\\/linkedin.com\\\/company\\\/microlink-ltd\\\/\",\"http:\\\/\\\/youtube.com\\\/channel\\\/UCTijT7LU-sMetDs7MPFhM7Q\",\"https:\\\/\\\/www.instagram.com\\\/microlinksas\\\/\"]}]}<\/script>\n<!-- \/ Yoast SEO plugin. -->","yoast_head_json":{"title":"Microlink - Conectamos con prop\u00f3sito","description":"En Microlink | Trabajamos con un amplio portafolio que abarca GPON, fibra \u00f3ptica, redes de cobre, radiofrecuencia, IoT y servicios.","robots":{"index":"index","follow":"follow","max-snippet":"max-snippet:-1","max-image-preview":"max-image-preview:large","max-video-preview":"max-video-preview:-1"},"canonical":"https:\/\/microlink.co\/producto\/patch-panel\/","og_locale":"en_US","og_type":"article","og_title":"Microlink - Conectamos con prop\u00f3sito","og_description":"En Microlink | Trabajamos con un amplio portafolio que abarca GPON, fibra \u00f3ptica, redes de cobre, radiofrecuencia, IoT y servicios.","og_url":"https:\/\/microlink.co\/producto\/patch-panel\/","og_site_name":"Microlink","article_publisher":"https:\/\/www.facebook.com\/microlinksas","article_modified_time":"2024-11-26T16:05:28+00:00","og_image":[{"width":500,"height":500,"url":"https:\/\/microlink.co\/wp-content\/uploads\/2024\/10\/Paneles-de-Parcheo-RJ45-Microlink.png","type":"image\/png"}],"twitter_card":"summary_large_image","twitter_misc":{"Est. reading time":"1 minute"},"schema":{"@context":"https:\/\/schema.org","@graph":[{"@type":["WebPage","ItemPage"],"@id":"https:\/\/microlink.co\/producto\/patch-panel\/","url":"https:\/\/microlink.co\/producto\/patch-panel\/","name":"Microlink - Conectamos con prop\u00f3sito","isPartOf":{"@id":"https:\/\/microlink.com.co\/#website"},"primaryImageOfPage":{"@id":"https:\/\/microlink.co\/producto\/patch-panel\/#primaryimage"},"image":{"@id":"https:\/\/microlink.co\/producto\/patch-panel\/#primaryimage"},"thumbnailUrl":"https:\/\/microlink.com.co\/wp-content\/uploads\/2024\/10\/Paneles-de-Parcheo-RJ45-Microlink.png","datePublished":"2024-10-21T16:21:53+00:00","dateModified":"2024-11-26T16:05:28+00:00","description":"En Microlink | Trabajamos con un amplio portafolio que abarca GPON, fibra \u00f3ptica, redes de cobre, radiofrecuencia, IoT y servicios.","breadcrumb":{"@id":"https:\/\/microlink.co\/producto\/patch-panel\/#breadcrumb"},"inLanguage":"en-US","potentialAction":[{"@type":"ReadAction","target":["https:\/\/microlink.co\/producto\/patch-panel\/"]}]},{"@type":"ImageObject","inLanguage":"en-US","@id":"https:\/\/microlink.co\/producto\/patch-panel\/#primaryimage","url":"https:\/\/microlink.com.co\/wp-content\/uploads\/2024\/10\/Paneles-de-Parcheo-RJ45-Microlink.png","contentUrl":"https:\/\/microlink.com.co\/wp-content\/uploads\/2024\/10\/Paneles-de-Parcheo-RJ45-Microlink.png","width":500,"height":500},{"@type":"BreadcrumbList","@id":"https:\/\/microlink.co\/producto\/patch-panel\/#breadcrumb","itemListElement":[{"@type":"ListItem","position":1,"name":"Inicio","item":"https:\/\/microlink.com.co\/"},{"@type":"ListItem","position":2,"name":"Productos","item":"https:\/\/microlink.com.co\/?page_id=20"},{"@type":"ListItem","position":3,"name":"Patch Panel"}]},{"@type":"WebSite","@id":"https:\/\/microlink.com.co\/#website","url":"https:\/\/microlink.com.co\/","name":"micro link","description":"We purposefully connect the telecommunications market to Colombia and the region through the production and marketing of passive and active connectivity products and solutions.","publisher":{"@id":"https:\/\/microlink.com.co\/#organization"},"alternateName":"Microlink S.A.S","potentialAction":[{"@type":"SearchAction","target":{"@type":"EntryPoint","urlTemplate":"https:\/\/microlink.com.co\/?s={search_term_string}"},"query-input":{"@type":"PropertyValueSpecification","valueRequired":true,"valueName":"search_term_string"}}],"inLanguage":"en-US"},{"@type":"Organization","@id":"https:\/\/microlink.com.co\/#organization","name":"Microlink SAS","url":"https:\/\/microlink.com.co\/","logo":{"@type":"ImageObject","inLanguage":"en-US","@id":"https:\/\/microlink.com.co\/#\/schema\/logo\/image\/","url":"https:\/\/microlink.com.co\/wp-content\/uploads\/2022\/05\/Microlink_Logotipo-Horizontal_ColorTagline.png","contentUrl":"https:\/\/microlink.com.co\/wp-content\/uploads\/2022\/05\/Microlink_Logotipo-Horizontal_ColorTagline.png","width":793,"height":384,"caption":"Microlink SAS"},"image":{"@id":"https:\/\/microlink.com.co\/#\/schema\/logo\/image\/"},"sameAs":["https:\/\/www.facebook.com\/microlinksas","http:\/\/linkedin.com\/company\/microlink-ltd\/","http:\/\/youtube.com\/channel\/UCTijT7LU-sMetDs7MPFhM7Q","https:\/\/www.instagram.com\/microlinksas\/"]}]}},"_links":{"self":[{"href":"https:\/\/microlink.com.co\/en\/wp-json\/wp\/v2\/product\/12194","targetHints":{"allow":["GET"]}}],"collection":[{"href":"https:\/\/microlink.com.co\/en\/wp-json\/wp\/v2\/product"}],"about":[{"href":"https:\/\/microlink.com.co\/en\/wp-json\/wp\/v2\/types\/product"}],"replies":[{"embeddable":true,"href":"https:\/\/microlink.com.co\/en\/wp-json\/wp\/v2\/comments?post=12194"}],"wp:featuredmedia":[{"embeddable":true,"href":"https:\/\/microlink.com.co\/en\/wp-json\/wp\/v2\/media\/12195"}],"wp:attachment":[{"href":"https:\/\/microlink.com.co\/en\/wp-json\/wp\/v2\/media?parent=12194"}],"wp:term":[{"taxonomy":"product_brand","embeddable":true,"href":"https:\/\/microlink.com.co\/en\/wp-json\/wp\/v2\/product_brand?post=12194"},{"taxonomy":"product_cat","embeddable":true,"href":"https:\/\/microlink.com.co\/en\/wp-json\/wp\/v2\/product_cat?post=12194"},{"taxonomy":"product_tag","embeddable":true,"href":"https:\/\/microlink.com.co\/en\/wp-json\/wp\/v2\/product_tag?post=12194"}],"curies":[{"name":"wp","href":"https:\/\/api.w.org\/{rel}","templated":true}]}}