{"id":10487,"date":"2023-03-21T07:30:14","date_gmt":"2023-03-21T12:30:14","guid":{"rendered":"https:\/\/microlink.com.co\/producto\/load-center-open-frame-2ru\/"},"modified":"2023-03-21T07:51:21","modified_gmt":"2023-03-21T12:51:21","slug":"load-center-open-frame-2ru","status":"publish","type":"product","link":"https:\/\/microlink.com.co\/en\/product\/load-center-open-frame-2ru\/","title":{"rendered":"LOAD CENTER OPEN FRAME, 2RU"},"content":{"rendered":"<p>El marco del centro de carga de alimentaci\u00f3n dual 600A de Amphenol Network Solutions proporciona una alta capacidad de potencia en un panel de 2 RU que ahorra espacio. Dise\u00f1ado para soluciones de gabinetes de alta densidad, el panel es ideal para aplicaciones de distribuci\u00f3n primaria y enrutadores de alta corriente.<\/p>\n<p>El panel proporciona acceso frontal a los disyuntores o fusibles, as\u00ed como a los indicadores LED. Para mayor rentabilidad, el marco se puede configurar para adaptarse a las especificaciones de la aplicaci\u00f3n; los usuarios solo solicitan las conexiones de carga requeridas para la aplicaci\u00f3n, en lugar de un panel completamente configurado.<\/p>\n<p>Seg\u00fan su configuraci\u00f3n, los paneles de alimentaci\u00f3n doble de 600 A proporcionan energ\u00eda para 20 posiciones de salida (diez por alimentaci\u00f3n), con una amplia gama de opciones para adaptarse a sus requisitos. Elija entre disyuntores reemplazables en campo (de un solo polo a cuatro polos) o fusibles TPC, hasta 100 A por posici\u00f3n. Los soportes tambi\u00e9n est\u00e1n disponibles para la instalaci\u00f3n de fusibles TPS\/TLS con indicadores GMT. Si la configuraci\u00f3n elegida no incluye correas de carga, las correas de carga se deben comprar por separado para cada posici\u00f3n de salida ocupada con un disyuntor o fusible.<\/p>\n<p>El 600CB10 contiene 10 posiciones de interruptor en cada lado y cabe en un rack de 19&#8243; (se puede comprar un kit adaptador por separado para montar el 600CB10 en un rack de 23&#8243;). El 600CB12 contiene 12 posiciones de interruptor en cada lado y se adapta a un rack de 23&#8243;. Las opciones permiten cableado de entrada vertical u horizontal; ya sea completamente cargado (con conexiones de carga de un solo polo) o completamente vac\u00edo. Todos los paneles tambi\u00e9n cuentan con una cubierta superior de policarbonato.<\/p>\n<p>NOTA: 600CB10, 600CB10-C, 600CB12 y 600CB12-C no vienen con correas de carga. Las correas de carga se deben pedir por separado para cada posici\u00f3n que desee ocupar con un disyuntor o fusible.<\/p>\n<p>CARACTER\u00cdSTICAS<\/p>\n<p>\u2022 Maneja disyuntores o fusibles para adaptarse a una variedad de est\u00e1ndares y pr\u00e1cticas<br \/>\n\u2022 La entrada de alimentaci\u00f3n dual de 600 A y las salidas de 1 A a 400 A brindan una distribuci\u00f3n de energ\u00eda flexible a los paneles secundarios y a una variedad de elementos de red<br \/>\n\u2022 Voltaje operativo universal de \u00b124\/-48 para aplicaciones inal\u00e1mbricas y de oficina central<br \/>\n\u2022 Certificaci\u00f3n UL y NEBS<br \/>\n\u2022 El dise\u00f1o de marco abierto facilita la disipaci\u00f3n del calor<\/p>","protected":false},"excerpt":{"rendered":"<p>OPEN FRAME LOAD CENTER, 2RU<\/p>","protected":false},"featured_media":10524,"comment_status":"open","ping_status":"closed","template":"","meta":{"_acf_changed":false,"_eb_attr":"","_links_to":"","_links_to_target":""},"product_brand":[110],"product_cat":[250],"product_tag":[],"class_list":{"0":"post-10487","1":"product","2":"type-product","3":"status-publish","4":"has-post-thumbnail","6":"product_brand-telect","7":"product_cat-paneles-de-circuitos-de-breaker","9":"first","10":"instock","11":"shipping-taxable","12":"product-type-simple"},"acf":[],"yoast_head":"<!-- This site is optimized with the Yoast SEO plugin v27.3 - https:\/\/yoast.com\/product\/yoast-seo-wordpress\/ -->\n<title>Microlink - Conectamos con prop\u00f3sito<\/title>\n<meta name=\"description\" content=\"En Microlink | Trabajamos con un amplio portafolio que abarca GPON, fibra \u00f3ptica, redes de cobre, radiofrecuencia, IoT y servicios.\" \/>\n<meta name=\"robots\" content=\"index, follow, max-snippet:-1, max-image-preview:large, max-video-preview:-1\" \/>\n<link rel=\"canonical\" href=\"https:\/\/microlink.co\/producto\/load-center-open-frame-2ru\/\" \/>\n<meta property=\"og:locale\" content=\"en_US\" \/>\n<meta property=\"og:type\" content=\"article\" \/>\n<meta property=\"og:title\" content=\"Microlink - Conectamos con prop\u00f3sito\" \/>\n<meta property=\"og:description\" content=\"En Microlink | Trabajamos con un amplio portafolio que abarca GPON, fibra \u00f3ptica, redes de cobre, radiofrecuencia, IoT y servicios.\" \/>\n<meta property=\"og:url\" content=\"https:\/\/microlink.co\/producto\/load-center-open-frame-2ru\/\" \/>\n<meta property=\"og:site_name\" content=\"Microlink\" \/>\n<meta property=\"article:publisher\" content=\"https:\/\/www.facebook.com\/microlinksas\" \/>\n<meta property=\"article:modified_time\" content=\"2023-03-21T12:51:21+00:00\" \/>\n<meta property=\"og:image\" content=\"https:\/\/microlink.co\/wp-content\/uploads\/2023\/03\/AMPHENOL-NETWORK-SOLUTIONS-TELECT-_-LOAD-CENTER-OPEN-FRAME-2RU-_-SKU-600CB10-CL.png.png\" \/>\n\t<meta property=\"og:image:width\" content=\"500\" \/>\n\t<meta property=\"og:image:height\" content=\"500\" \/>\n\t<meta property=\"og:image:type\" content=\"image\/png\" \/>\n<meta name=\"twitter:card\" content=\"summary_large_image\" \/>\n<meta name=\"twitter:label1\" content=\"Est. reading time\" \/>\n\t<meta name=\"twitter:data1\" content=\"2 minutes\" \/>\n<script type=\"application\/ld+json\" class=\"yoast-schema-graph\">{\"@context\":\"https:\\\/\\\/schema.org\",\"@graph\":[{\"@type\":[\"WebPage\",\"ItemPage\"],\"@id\":\"https:\\\/\\\/microlink.co\\\/producto\\\/load-center-open-frame-2ru\\\/\",\"url\":\"https:\\\/\\\/microlink.co\\\/producto\\\/load-center-open-frame-2ru\\\/\",\"name\":\"Microlink - Conectamos con prop\u00f3sito\",\"isPartOf\":{\"@id\":\"https:\\\/\\\/microlink.com.co\\\/#website\"},\"primaryImageOfPage\":{\"@id\":\"https:\\\/\\\/microlink.co\\\/producto\\\/load-center-open-frame-2ru\\\/#primaryimage\"},\"image\":{\"@id\":\"https:\\\/\\\/microlink.co\\\/producto\\\/load-center-open-frame-2ru\\\/#primaryimage\"},\"thumbnailUrl\":\"https:\\\/\\\/microlink.com.co\\\/wp-content\\\/uploads\\\/2023\\\/03\\\/AMPHENOL-NETWORK-SOLUTIONS-TELECT-_-LOAD-CENTER-OPEN-FRAME-2RU-_-SKU-600CB10-CL.png.png\",\"datePublished\":\"2023-03-21T12:30:14+00:00\",\"dateModified\":\"2023-03-21T12:51:21+00:00\",\"description\":\"En Microlink | Trabajamos con un amplio portafolio que abarca GPON, fibra \u00f3ptica, redes de cobre, radiofrecuencia, IoT y servicios.\",\"breadcrumb\":{\"@id\":\"https:\\\/\\\/microlink.co\\\/producto\\\/load-center-open-frame-2ru\\\/#breadcrumb\"},\"inLanguage\":\"en-US\",\"potentialAction\":[{\"@type\":\"ReadAction\",\"target\":[\"https:\\\/\\\/microlink.co\\\/producto\\\/load-center-open-frame-2ru\\\/\"]}]},{\"@type\":\"ImageObject\",\"inLanguage\":\"en-US\",\"@id\":\"https:\\\/\\\/microlink.co\\\/producto\\\/load-center-open-frame-2ru\\\/#primaryimage\",\"url\":\"https:\\\/\\\/microlink.com.co\\\/wp-content\\\/uploads\\\/2023\\\/03\\\/AMPHENOL-NETWORK-SOLUTIONS-TELECT-_-LOAD-CENTER-OPEN-FRAME-2RU-_-SKU-600CB10-CL.png.png\",\"contentUrl\":\"https:\\\/\\\/microlink.com.co\\\/wp-content\\\/uploads\\\/2023\\\/03\\\/AMPHENOL-NETWORK-SOLUTIONS-TELECT-_-LOAD-CENTER-OPEN-FRAME-2RU-_-SKU-600CB10-CL.png.png\",\"width\":500,\"height\":500},{\"@type\":\"BreadcrumbList\",\"@id\":\"https:\\\/\\\/microlink.co\\\/producto\\\/load-center-open-frame-2ru\\\/#breadcrumb\",\"itemListElement\":[{\"@type\":\"ListItem\",\"position\":1,\"name\":\"Inicio\",\"item\":\"https:\\\/\\\/microlink.com.co\\\/\"},{\"@type\":\"ListItem\",\"position\":2,\"name\":\"Productos\",\"item\":\"https:\\\/\\\/microlink.com.co\\\/?page_id=20\"},{\"@type\":\"ListItem\",\"position\":3,\"name\":\"LOAD CENTER OPEN FRAME, 2RU\"}]},{\"@type\":\"WebSite\",\"@id\":\"https:\\\/\\\/microlink.com.co\\\/#website\",\"url\":\"https:\\\/\\\/microlink.com.co\\\/\",\"name\":\"Microlink\",\"description\":\"Conectamos con prop\u00f3sito el mercado de las telecomunicaciones a Colombia y la regi\u00f3n a trav\u00e9s de la producci\u00f3n y comercializaci\u00f3n de productos y soluciones de conectividad pasiva y activa.\",\"publisher\":{\"@id\":\"https:\\\/\\\/microlink.com.co\\\/#organization\"},\"alternateName\":\"Microlink S.A.S\",\"potentialAction\":[{\"@type\":\"SearchAction\",\"target\":{\"@type\":\"EntryPoint\",\"urlTemplate\":\"https:\\\/\\\/microlink.com.co\\\/?s={search_term_string}\"},\"query-input\":{\"@type\":\"PropertyValueSpecification\",\"valueRequired\":true,\"valueName\":\"search_term_string\"}}],\"inLanguage\":\"en-US\"},{\"@type\":\"Organization\",\"@id\":\"https:\\\/\\\/microlink.com.co\\\/#organization\",\"name\":\"Microlink SAS\",\"url\":\"https:\\\/\\\/microlink.com.co\\\/\",\"logo\":{\"@type\":\"ImageObject\",\"inLanguage\":\"en-US\",\"@id\":\"https:\\\/\\\/microlink.com.co\\\/#\\\/schema\\\/logo\\\/image\\\/\",\"url\":\"https:\\\/\\\/microlink.com.co\\\/wp-content\\\/uploads\\\/2022\\\/05\\\/Microlink_Logotipo-Horizontal_ColorTagline.png\",\"contentUrl\":\"https:\\\/\\\/microlink.com.co\\\/wp-content\\\/uploads\\\/2022\\\/05\\\/Microlink_Logotipo-Horizontal_ColorTagline.png\",\"width\":793,\"height\":384,\"caption\":\"Microlink SAS\"},\"image\":{\"@id\":\"https:\\\/\\\/microlink.com.co\\\/#\\\/schema\\\/logo\\\/image\\\/\"},\"sameAs\":[\"https:\\\/\\\/www.facebook.com\\\/microlinksas\",\"http:\\\/\\\/linkedin.com\\\/company\\\/microlink-ltd\\\/\",\"http:\\\/\\\/youtube.com\\\/channel\\\/UCTijT7LU-sMetDs7MPFhM7Q\",\"https:\\\/\\\/www.instagram.com\\\/microlinksas\\\/\"]}]}<\/script>\n<!-- \/ Yoast SEO plugin. -->","yoast_head_json":{"title":"Microlink - Conectamos con prop\u00f3sito","description":"En Microlink | Trabajamos con un amplio portafolio que abarca GPON, fibra \u00f3ptica, redes de cobre, radiofrecuencia, IoT y servicios.","robots":{"index":"index","follow":"follow","max-snippet":"max-snippet:-1","max-image-preview":"max-image-preview:large","max-video-preview":"max-video-preview:-1"},"canonical":"https:\/\/microlink.co\/producto\/load-center-open-frame-2ru\/","og_locale":"en_US","og_type":"article","og_title":"Microlink - Conectamos con prop\u00f3sito","og_description":"En Microlink | Trabajamos con un amplio portafolio que abarca GPON, fibra \u00f3ptica, redes de cobre, radiofrecuencia, IoT y servicios.","og_url":"https:\/\/microlink.co\/producto\/load-center-open-frame-2ru\/","og_site_name":"Microlink","article_publisher":"https:\/\/www.facebook.com\/microlinksas","article_modified_time":"2023-03-21T12:51:21+00:00","og_image":[{"width":500,"height":500,"url":"https:\/\/microlink.co\/wp-content\/uploads\/2023\/03\/AMPHENOL-NETWORK-SOLUTIONS-TELECT-_-LOAD-CENTER-OPEN-FRAME-2RU-_-SKU-600CB10-CL.png.png","type":"image\/png"}],"twitter_card":"summary_large_image","twitter_misc":{"Est. reading time":"2 minutes"},"schema":{"@context":"https:\/\/schema.org","@graph":[{"@type":["WebPage","ItemPage"],"@id":"https:\/\/microlink.co\/producto\/load-center-open-frame-2ru\/","url":"https:\/\/microlink.co\/producto\/load-center-open-frame-2ru\/","name":"Microlink - Conectamos con prop\u00f3sito","isPartOf":{"@id":"https:\/\/microlink.com.co\/#website"},"primaryImageOfPage":{"@id":"https:\/\/microlink.co\/producto\/load-center-open-frame-2ru\/#primaryimage"},"image":{"@id":"https:\/\/microlink.co\/producto\/load-center-open-frame-2ru\/#primaryimage"},"thumbnailUrl":"https:\/\/microlink.com.co\/wp-content\/uploads\/2023\/03\/AMPHENOL-NETWORK-SOLUTIONS-TELECT-_-LOAD-CENTER-OPEN-FRAME-2RU-_-SKU-600CB10-CL.png.png","datePublished":"2023-03-21T12:30:14+00:00","dateModified":"2023-03-21T12:51:21+00:00","description":"En Microlink | Trabajamos con un amplio portafolio que abarca GPON, fibra \u00f3ptica, redes de cobre, radiofrecuencia, IoT y servicios.","breadcrumb":{"@id":"https:\/\/microlink.co\/producto\/load-center-open-frame-2ru\/#breadcrumb"},"inLanguage":"en-US","potentialAction":[{"@type":"ReadAction","target":["https:\/\/microlink.co\/producto\/load-center-open-frame-2ru\/"]}]},{"@type":"ImageObject","inLanguage":"en-US","@id":"https:\/\/microlink.co\/producto\/load-center-open-frame-2ru\/#primaryimage","url":"https:\/\/microlink.com.co\/wp-content\/uploads\/2023\/03\/AMPHENOL-NETWORK-SOLUTIONS-TELECT-_-LOAD-CENTER-OPEN-FRAME-2RU-_-SKU-600CB10-CL.png.png","contentUrl":"https:\/\/microlink.com.co\/wp-content\/uploads\/2023\/03\/AMPHENOL-NETWORK-SOLUTIONS-TELECT-_-LOAD-CENTER-OPEN-FRAME-2RU-_-SKU-600CB10-CL.png.png","width":500,"height":500},{"@type":"BreadcrumbList","@id":"https:\/\/microlink.co\/producto\/load-center-open-frame-2ru\/#breadcrumb","itemListElement":[{"@type":"ListItem","position":1,"name":"Inicio","item":"https:\/\/microlink.com.co\/"},{"@type":"ListItem","position":2,"name":"Productos","item":"https:\/\/microlink.com.co\/?page_id=20"},{"@type":"ListItem","position":3,"name":"LOAD CENTER OPEN FRAME, 2RU"}]},{"@type":"WebSite","@id":"https:\/\/microlink.com.co\/#website","url":"https:\/\/microlink.com.co\/","name":"micro link","description":"We purposefully connect the telecommunications market to Colombia and the region through the production and marketing of passive and active connectivity products and solutions.","publisher":{"@id":"https:\/\/microlink.com.co\/#organization"},"alternateName":"Microlink S.A.S","potentialAction":[{"@type":"SearchAction","target":{"@type":"EntryPoint","urlTemplate":"https:\/\/microlink.com.co\/?s={search_term_string}"},"query-input":{"@type":"PropertyValueSpecification","valueRequired":true,"valueName":"search_term_string"}}],"inLanguage":"en-US"},{"@type":"Organization","@id":"https:\/\/microlink.com.co\/#organization","name":"Microlink SAS","url":"https:\/\/microlink.com.co\/","logo":{"@type":"ImageObject","inLanguage":"en-US","@id":"https:\/\/microlink.com.co\/#\/schema\/logo\/image\/","url":"https:\/\/microlink.com.co\/wp-content\/uploads\/2022\/05\/Microlink_Logotipo-Horizontal_ColorTagline.png","contentUrl":"https:\/\/microlink.com.co\/wp-content\/uploads\/2022\/05\/Microlink_Logotipo-Horizontal_ColorTagline.png","width":793,"height":384,"caption":"Microlink SAS"},"image":{"@id":"https:\/\/microlink.com.co\/#\/schema\/logo\/image\/"},"sameAs":["https:\/\/www.facebook.com\/microlinksas","http:\/\/linkedin.com\/company\/microlink-ltd\/","http:\/\/youtube.com\/channel\/UCTijT7LU-sMetDs7MPFhM7Q","https:\/\/www.instagram.com\/microlinksas\/"]}]}},"_links":{"self":[{"href":"https:\/\/microlink.com.co\/en\/wp-json\/wp\/v2\/product\/10487","targetHints":{"allow":["GET"]}}],"collection":[{"href":"https:\/\/microlink.com.co\/en\/wp-json\/wp\/v2\/product"}],"about":[{"href":"https:\/\/microlink.com.co\/en\/wp-json\/wp\/v2\/types\/product"}],"replies":[{"embeddable":true,"href":"https:\/\/microlink.com.co\/en\/wp-json\/wp\/v2\/comments?post=10487"}],"wp:featuredmedia":[{"embeddable":true,"href":"https:\/\/microlink.com.co\/en\/wp-json\/wp\/v2\/media\/10524"}],"wp:attachment":[{"href":"https:\/\/microlink.com.co\/en\/wp-json\/wp\/v2\/media?parent=10487"}],"wp:term":[{"taxonomy":"product_brand","embeddable":true,"href":"https:\/\/microlink.com.co\/en\/wp-json\/wp\/v2\/product_brand?post=10487"},{"taxonomy":"product_cat","embeddable":true,"href":"https:\/\/microlink.com.co\/en\/wp-json\/wp\/v2\/product_cat?post=10487"},{"taxonomy":"product_tag","embeddable":true,"href":"https:\/\/microlink.com.co\/en\/wp-json\/wp\/v2\/product_tag?post=10487"}],"curies":[{"name":"wp","href":"https:\/\/api.w.org\/{rel}","templated":true}]}}