{"id":10480,"date":"2023-03-21T07:30:12","date_gmt":"2023-03-21T12:30:12","guid":{"rendered":"https:\/\/microlink.com.co\/producto\/200a-dual-feed-8-8-klm-gmt-fuse-panel\/"},"modified":"2023-03-21T07:49:24","modified_gmt":"2023-03-21T12:49:24","slug":"200a-dual-feed-8-8-klm-gmt-fuse-panel","status":"publish","type":"product","link":"https:\/\/microlink.com.co\/en\/product\/200a-dual-feed-8-8-klm-gmt-fuse-panel\/","title":{"rendered":"200A DUAL-FEED 8\/8 KLM\/GMT FUSE PANEL"},"content":{"rendered":"<p>200A Doble alimentaci\u00f3n 8\/8 KLM\/GMT, \u00b124V\/-48V<\/p>\n<p>Obtenga un alto amperaje de entrada, salidas de fusibles de alta densidad y capacidades de distribuci\u00f3n de corriente intermedia y baja en una unidad compacta con el panel de fusibles 8\/8 KLM\/GMT. En solo dos unidades de rack, este panel de fusibles de doble alimentaci\u00f3n admite diecis\u00e9is fusibles KLM de 30 A (ocho por lado) y diecis\u00e9is fusibles GMT de 15 A (ocho por lado). Una entrada total de 400 A (200 A por lado) proporciona una alta capacidad de potencia. Con los fusibles KLM y GMT, puede hacer la transici\u00f3n a mayores demandas de corriente mientras mantiene las capacidades tradicionales de distribuci\u00f3n de baja corriente. Una tarjeta de alarma extra\u00edble incluye LED de alimentaci\u00f3n y alarma para ambas fuentes. Una soluci\u00f3n simple y vers\u00e1til de corriente intermedia, el panel de fusibles KLM\/GMT lo ayuda a maximizar el espacio y administrar la energ\u00eda para varios elementos de la red en una sola unidad.<\/p>\n<p>CARACTER\u00cdSTICAS<\/p>\n<p>\u2022 Alta densidad de potencia: clasificaci\u00f3n de dispositivo de interrupci\u00f3n de entrada de 125 amperios por lado (alimentaci\u00f3n doble) en dos unidades de rack<br \/>\n\u2022 Amplia gama de amperajes de salida<br \/>\n\u2022 Conexiones de salida de uni\u00f3n de cables vers\u00e1tiles<br \/>\n\u2022 Acepta cable desnudo o con terminal de compresi\u00f3n<br \/>\n\u2022 Conexiones de entrada robustas: acepte un cable seguro con orejetas de compresi\u00f3n de dos orificios<br \/>\n\u2022 M\u00faltiples voltajes: Acepta autom\u00e1ticamente \u00b124V, -48V<br \/>\n\u2022 Alarma sofisticada: la tarjeta de alarma extra\u00edble e inteligente cuenta con una funci\u00f3n de restablecimiento de alarma KLM y no requiere fusibles de alarma adicionales.<\/p>","protected":false},"excerpt":{"rendered":"<p>FUSE PANEL 8\/8 KLM\/GMT DOUBLE FEEDING 200 A<\/p>","protected":false},"featured_media":10520,"comment_status":"open","ping_status":"closed","template":"","meta":{"_acf_changed":false,"_eb_attr":"","_links_to":"","_links_to_target":""},"product_brand":[110],"product_cat":[249],"product_tag":[],"class_list":{"0":"post-10480","1":"product","2":"type-product","3":"status-publish","4":"has-post-thumbnail","6":"product_brand-telect","7":"product_cat-paneles-de-fusible","9":"first","10":"instock","11":"shipping-taxable","12":"product-type-simple"},"acf":[],"yoast_head":"<!-- This site is optimized with the Yoast SEO plugin v27.3 - https:\/\/yoast.com\/product\/yoast-seo-wordpress\/ -->\n<title>Microlink - Conectamos con prop\u00f3sito<\/title>\n<meta name=\"description\" content=\"En Microlink | Trabajamos con un amplio portafolio que abarca GPON, fibra \u00f3ptica, redes de cobre, radiofrecuencia, IoT y servicios.\" \/>\n<meta name=\"robots\" content=\"index, follow, max-snippet:-1, max-image-preview:large, max-video-preview:-1\" \/>\n<link rel=\"canonical\" href=\"https:\/\/microlink.com.co\/en\/product\/200a-dual-feed-8-8-klm-gmt-fuse-panel\/\" \/>\n<meta property=\"og:locale\" content=\"en_US\" \/>\n<meta property=\"og:type\" content=\"article\" \/>\n<meta property=\"og:title\" content=\"Microlink - Conectamos con prop\u00f3sito\" \/>\n<meta property=\"og:description\" content=\"En Microlink | Trabajamos con un amplio portafolio que abarca GPON, fibra \u00f3ptica, redes de cobre, radiofrecuencia, IoT y servicios.\" \/>\n<meta property=\"og:url\" content=\"https:\/\/microlink.com.co\/en\/product\/200a-dual-feed-8-8-klm-gmt-fuse-panel\/\" \/>\n<meta property=\"og:site_name\" content=\"Microlink\" \/>\n<meta property=\"article:publisher\" content=\"https:\/\/www.facebook.com\/microlinksas\" \/>\n<meta property=\"article:modified_time\" content=\"2023-03-21T12:49:24+00:00\" \/>\n<meta property=\"og:image\" content=\"https:\/\/microlink.com.co\/wp-content\/uploads\/2023\/03\/AMPHENOL-NETWORK-SOLUTIONS-TELECT-_-200A-DUAL-FEED-8_8-KLM_GMT-FUSE-PANEL-_-SKU-009-8004-0208.png\" \/>\n\t<meta property=\"og:image:width\" content=\"500\" \/>\n\t<meta property=\"og:image:height\" content=\"500\" \/>\n\t<meta property=\"og:image:type\" content=\"image\/png\" \/>\n<meta name=\"twitter:card\" content=\"summary_large_image\" \/>\n<meta name=\"twitter:label1\" content=\"Est. reading time\" \/>\n\t<meta name=\"twitter:data1\" content=\"2 minutes\" \/>\n<script type=\"application\/ld+json\" class=\"yoast-schema-graph\">{\"@context\":\"https:\\\/\\\/schema.org\",\"@graph\":[{\"@type\":[\"WebPage\",\"ItemPage\"],\"@id\":\"https:\\\/\\\/microlink.com.co\\\/en\\\/product\\\/200a-dual-feed-8-8-klm-gmt-fuse-panel\\\/\",\"url\":\"https:\\\/\\\/microlink.com.co\\\/en\\\/product\\\/200a-dual-feed-8-8-klm-gmt-fuse-panel\\\/\",\"name\":\"Microlink - Conectamos con prop\u00f3sito\",\"isPartOf\":{\"@id\":\"https:\\\/\\\/microlink.com.co\\\/#website\"},\"primaryImageOfPage\":{\"@id\":\"https:\\\/\\\/microlink.com.co\\\/en\\\/product\\\/200a-dual-feed-8-8-klm-gmt-fuse-panel\\\/#primaryimage\"},\"image\":{\"@id\":\"https:\\\/\\\/microlink.com.co\\\/en\\\/product\\\/200a-dual-feed-8-8-klm-gmt-fuse-panel\\\/#primaryimage\"},\"thumbnailUrl\":\"https:\\\/\\\/microlink.com.co\\\/wp-content\\\/uploads\\\/2023\\\/03\\\/AMPHENOL-NETWORK-SOLUTIONS-TELECT-_-200A-DUAL-FEED-8_8-KLM_GMT-FUSE-PANEL-_-SKU-009-8004-0208.png\",\"datePublished\":\"2023-03-21T12:30:12+00:00\",\"dateModified\":\"2023-03-21T12:49:24+00:00\",\"description\":\"En Microlink | Trabajamos con un amplio portafolio que abarca GPON, fibra \u00f3ptica, redes de cobre, radiofrecuencia, IoT y servicios.\",\"breadcrumb\":{\"@id\":\"https:\\\/\\\/microlink.com.co\\\/en\\\/product\\\/200a-dual-feed-8-8-klm-gmt-fuse-panel\\\/#breadcrumb\"},\"inLanguage\":\"en-US\",\"potentialAction\":[{\"@type\":\"ReadAction\",\"target\":[\"https:\\\/\\\/microlink.com.co\\\/en\\\/product\\\/200a-dual-feed-8-8-klm-gmt-fuse-panel\\\/\"]}]},{\"@type\":\"ImageObject\",\"inLanguage\":\"en-US\",\"@id\":\"https:\\\/\\\/microlink.com.co\\\/en\\\/product\\\/200a-dual-feed-8-8-klm-gmt-fuse-panel\\\/#primaryimage\",\"url\":\"https:\\\/\\\/microlink.com.co\\\/wp-content\\\/uploads\\\/2023\\\/03\\\/AMPHENOL-NETWORK-SOLUTIONS-TELECT-_-200A-DUAL-FEED-8_8-KLM_GMT-FUSE-PANEL-_-SKU-009-8004-0208.png\",\"contentUrl\":\"https:\\\/\\\/microlink.com.co\\\/wp-content\\\/uploads\\\/2023\\\/03\\\/AMPHENOL-NETWORK-SOLUTIONS-TELECT-_-200A-DUAL-FEED-8_8-KLM_GMT-FUSE-PANEL-_-SKU-009-8004-0208.png\",\"width\":500,\"height\":500},{\"@type\":\"BreadcrumbList\",\"@id\":\"https:\\\/\\\/microlink.com.co\\\/en\\\/product\\\/200a-dual-feed-8-8-klm-gmt-fuse-panel\\\/#breadcrumb\",\"itemListElement\":[{\"@type\":\"ListItem\",\"position\":1,\"name\":\"Inicio\",\"item\":\"https:\\\/\\\/microlink.com.co\\\/\"},{\"@type\":\"ListItem\",\"position\":2,\"name\":\"Productos\",\"item\":\"https:\\\/\\\/microlink.com.co\\\/?page_id=20\"},{\"@type\":\"ListItem\",\"position\":3,\"name\":\"200A DUAL-FEED 8\\\/8 KLM\\\/GMT FUSE PANEL\"}]},{\"@type\":\"WebSite\",\"@id\":\"https:\\\/\\\/microlink.com.co\\\/#website\",\"url\":\"https:\\\/\\\/microlink.com.co\\\/\",\"name\":\"Microlink\",\"description\":\"Conectamos con prop\u00f3sito el mercado de las telecomunicaciones a Colombia y la regi\u00f3n a trav\u00e9s de la producci\u00f3n y comercializaci\u00f3n de productos y soluciones de conectividad pasiva y activa.\",\"publisher\":{\"@id\":\"https:\\\/\\\/microlink.com.co\\\/#organization\"},\"alternateName\":\"Microlink S.A.S\",\"potentialAction\":[{\"@type\":\"SearchAction\",\"target\":{\"@type\":\"EntryPoint\",\"urlTemplate\":\"https:\\\/\\\/microlink.com.co\\\/?s={search_term_string}\"},\"query-input\":{\"@type\":\"PropertyValueSpecification\",\"valueRequired\":true,\"valueName\":\"search_term_string\"}}],\"inLanguage\":\"en-US\"},{\"@type\":\"Organization\",\"@id\":\"https:\\\/\\\/microlink.com.co\\\/#organization\",\"name\":\"Microlink SAS\",\"url\":\"https:\\\/\\\/microlink.com.co\\\/\",\"logo\":{\"@type\":\"ImageObject\",\"inLanguage\":\"en-US\",\"@id\":\"https:\\\/\\\/microlink.com.co\\\/#\\\/schema\\\/logo\\\/image\\\/\",\"url\":\"https:\\\/\\\/microlink.com.co\\\/wp-content\\\/uploads\\\/2022\\\/05\\\/Microlink_Logotipo-Horizontal_ColorTagline.png\",\"contentUrl\":\"https:\\\/\\\/microlink.com.co\\\/wp-content\\\/uploads\\\/2022\\\/05\\\/Microlink_Logotipo-Horizontal_ColorTagline.png\",\"width\":793,\"height\":384,\"caption\":\"Microlink SAS\"},\"image\":{\"@id\":\"https:\\\/\\\/microlink.com.co\\\/#\\\/schema\\\/logo\\\/image\\\/\"},\"sameAs\":[\"https:\\\/\\\/www.facebook.com\\\/microlinksas\",\"http:\\\/\\\/linkedin.com\\\/company\\\/microlink-ltd\\\/\",\"http:\\\/\\\/youtube.com\\\/channel\\\/UCTijT7LU-sMetDs7MPFhM7Q\",\"https:\\\/\\\/www.instagram.com\\\/microlinksas\\\/\"]}]}<\/script>\n<!-- \/ Yoast SEO plugin. -->","yoast_head_json":{"title":"Microlink - Conectamos con prop\u00f3sito","description":"En Microlink | Trabajamos con un amplio portafolio que abarca GPON, fibra \u00f3ptica, redes de cobre, radiofrecuencia, IoT y servicios.","robots":{"index":"index","follow":"follow","max-snippet":"max-snippet:-1","max-image-preview":"max-image-preview:large","max-video-preview":"max-video-preview:-1"},"canonical":"https:\/\/microlink.com.co\/en\/product\/200a-dual-feed-8-8-klm-gmt-fuse-panel\/","og_locale":"en_US","og_type":"article","og_title":"Microlink - Conectamos con prop\u00f3sito","og_description":"En Microlink | Trabajamos con un amplio portafolio que abarca GPON, fibra \u00f3ptica, redes de cobre, radiofrecuencia, IoT y servicios.","og_url":"https:\/\/microlink.com.co\/en\/product\/200a-dual-feed-8-8-klm-gmt-fuse-panel\/","og_site_name":"Microlink","article_publisher":"https:\/\/www.facebook.com\/microlinksas","article_modified_time":"2023-03-21T12:49:24+00:00","og_image":[{"width":500,"height":500,"url":"https:\/\/microlink.com.co\/wp-content\/uploads\/2023\/03\/AMPHENOL-NETWORK-SOLUTIONS-TELECT-_-200A-DUAL-FEED-8_8-KLM_GMT-FUSE-PANEL-_-SKU-009-8004-0208.png","type":"image\/png"}],"twitter_card":"summary_large_image","twitter_misc":{"Est. reading time":"2 minutes"},"schema":{"@context":"https:\/\/schema.org","@graph":[{"@type":["WebPage","ItemPage"],"@id":"https:\/\/microlink.com.co\/en\/product\/200a-dual-feed-8-8-klm-gmt-fuse-panel\/","url":"https:\/\/microlink.com.co\/en\/product\/200a-dual-feed-8-8-klm-gmt-fuse-panel\/","name":"Microlink - Conectamos con prop\u00f3sito","isPartOf":{"@id":"https:\/\/microlink.com.co\/#website"},"primaryImageOfPage":{"@id":"https:\/\/microlink.com.co\/en\/product\/200a-dual-feed-8-8-klm-gmt-fuse-panel\/#primaryimage"},"image":{"@id":"https:\/\/microlink.com.co\/en\/product\/200a-dual-feed-8-8-klm-gmt-fuse-panel\/#primaryimage"},"thumbnailUrl":"https:\/\/microlink.com.co\/wp-content\/uploads\/2023\/03\/AMPHENOL-NETWORK-SOLUTIONS-TELECT-_-200A-DUAL-FEED-8_8-KLM_GMT-FUSE-PANEL-_-SKU-009-8004-0208.png","datePublished":"2023-03-21T12:30:12+00:00","dateModified":"2023-03-21T12:49:24+00:00","description":"En Microlink | Trabajamos con un amplio portafolio que abarca GPON, fibra \u00f3ptica, redes de cobre, radiofrecuencia, IoT y servicios.","breadcrumb":{"@id":"https:\/\/microlink.com.co\/en\/product\/200a-dual-feed-8-8-klm-gmt-fuse-panel\/#breadcrumb"},"inLanguage":"en-US","potentialAction":[{"@type":"ReadAction","target":["https:\/\/microlink.com.co\/en\/product\/200a-dual-feed-8-8-klm-gmt-fuse-panel\/"]}]},{"@type":"ImageObject","inLanguage":"en-US","@id":"https:\/\/microlink.com.co\/en\/product\/200a-dual-feed-8-8-klm-gmt-fuse-panel\/#primaryimage","url":"https:\/\/microlink.com.co\/wp-content\/uploads\/2023\/03\/AMPHENOL-NETWORK-SOLUTIONS-TELECT-_-200A-DUAL-FEED-8_8-KLM_GMT-FUSE-PANEL-_-SKU-009-8004-0208.png","contentUrl":"https:\/\/microlink.com.co\/wp-content\/uploads\/2023\/03\/AMPHENOL-NETWORK-SOLUTIONS-TELECT-_-200A-DUAL-FEED-8_8-KLM_GMT-FUSE-PANEL-_-SKU-009-8004-0208.png","width":500,"height":500},{"@type":"BreadcrumbList","@id":"https:\/\/microlink.com.co\/en\/product\/200a-dual-feed-8-8-klm-gmt-fuse-panel\/#breadcrumb","itemListElement":[{"@type":"ListItem","position":1,"name":"Inicio","item":"https:\/\/microlink.com.co\/"},{"@type":"ListItem","position":2,"name":"Productos","item":"https:\/\/microlink.com.co\/?page_id=20"},{"@type":"ListItem","position":3,"name":"200A DUAL-FEED 8\/8 KLM\/GMT FUSE PANEL"}]},{"@type":"WebSite","@id":"https:\/\/microlink.com.co\/#website","url":"https:\/\/microlink.com.co\/","name":"micro link","description":"We purposefully connect the telecommunications market to Colombia and the region through the production and marketing of passive and active connectivity products and solutions.","publisher":{"@id":"https:\/\/microlink.com.co\/#organization"},"alternateName":"Microlink S.A.S","potentialAction":[{"@type":"SearchAction","target":{"@type":"EntryPoint","urlTemplate":"https:\/\/microlink.com.co\/?s={search_term_string}"},"query-input":{"@type":"PropertyValueSpecification","valueRequired":true,"valueName":"search_term_string"}}],"inLanguage":"en-US"},{"@type":"Organization","@id":"https:\/\/microlink.com.co\/#organization","name":"Microlink SAS","url":"https:\/\/microlink.com.co\/","logo":{"@type":"ImageObject","inLanguage":"en-US","@id":"https:\/\/microlink.com.co\/#\/schema\/logo\/image\/","url":"https:\/\/microlink.com.co\/wp-content\/uploads\/2022\/05\/Microlink_Logotipo-Horizontal_ColorTagline.png","contentUrl":"https:\/\/microlink.com.co\/wp-content\/uploads\/2022\/05\/Microlink_Logotipo-Horizontal_ColorTagline.png","width":793,"height":384,"caption":"Microlink SAS"},"image":{"@id":"https:\/\/microlink.com.co\/#\/schema\/logo\/image\/"},"sameAs":["https:\/\/www.facebook.com\/microlinksas","http:\/\/linkedin.com\/company\/microlink-ltd\/","http:\/\/youtube.com\/channel\/UCTijT7LU-sMetDs7MPFhM7Q","https:\/\/www.instagram.com\/microlinksas\/"]}]}},"_links":{"self":[{"href":"https:\/\/microlink.com.co\/en\/wp-json\/wp\/v2\/product\/10480","targetHints":{"allow":["GET"]}}],"collection":[{"href":"https:\/\/microlink.com.co\/en\/wp-json\/wp\/v2\/product"}],"about":[{"href":"https:\/\/microlink.com.co\/en\/wp-json\/wp\/v2\/types\/product"}],"replies":[{"embeddable":true,"href":"https:\/\/microlink.com.co\/en\/wp-json\/wp\/v2\/comments?post=10480"}],"wp:featuredmedia":[{"embeddable":true,"href":"https:\/\/microlink.com.co\/en\/wp-json\/wp\/v2\/media\/10520"}],"wp:attachment":[{"href":"https:\/\/microlink.com.co\/en\/wp-json\/wp\/v2\/media?parent=10480"}],"wp:term":[{"taxonomy":"product_brand","embeddable":true,"href":"https:\/\/microlink.com.co\/en\/wp-json\/wp\/v2\/product_brand?post=10480"},{"taxonomy":"product_cat","embeddable":true,"href":"https:\/\/microlink.com.co\/en\/wp-json\/wp\/v2\/product_cat?post=10480"},{"taxonomy":"product_tag","embeddable":true,"href":"https:\/\/microlink.com.co\/en\/wp-json\/wp\/v2\/product_tag?post=10480"}],"curies":[{"name":"wp","href":"https:\/\/api.w.org\/{rel}","templated":true}]}}