{"id":10479,"date":"2023-03-21T07:30:11","date_gmt":"2023-03-21T12:30:11","guid":{"rendered":"https:\/\/microlink.com.co\/producto\/1ru-250a-dual-feed-8-8-tpa-fuse-panel\/"},"modified":"2023-03-21T07:46:07","modified_gmt":"2023-03-21T12:46:07","slug":"1ru-250a-dual-feed-8-8-tpa-fuse-panel","status":"publish","type":"product","link":"https:\/\/microlink.com.co\/en\/product\/1ru-250a-dual-feed-8-8-tpa-fuse-panel\/","title":{"rendered":"1RU 250A DUAL-FEED, 8\/8 TPA FUSE PANEL"},"content":{"rendered":"<p>Esta plataforma proporciona acceso frontal a la configuraci\u00f3n del interruptor de activaci\u00f3n\/desactivaci\u00f3n de alarmas para ubicaciones de fusibles TPA no instalados. Tambi\u00e9n se incluyen indicadores LED frontales para alarmas de alimentaci\u00f3n\/fusible, estado de monitoreo, conexiones traseras para alarmas de rel\u00e9 de forma C y conexiones nrgSMART opcionales. Cada una de las alimentaciones de 250 A proporciona energ\u00eda para hasta ocho posiciones de salida. El panel incluye portafusibles 1RU TPA extra\u00edbles. Estos portafusibles 1RU TPA cuentan con un agarre frontal ergon\u00f3mico para una f\u00e1cil extracci\u00f3n, una cubierta superior deslizante para proteger el fusible desde arriba y un \u00e9mbolo de alarma rojo para indicar un fusible defectuoso. Los fusibles TPA reemplazables en campo est\u00e1n disponibles de 5 A a 50 A por posici\u00f3n. El panel admite voltajes universales (\u00b112 VCC a \u00b148 VCC).<\/p>\n<p>Beneficios principales<\/p>\n<p>\u2022 El voltaje universal (\u00b112 VCC, \u00b124 VCC y \u00b148 VCC) permite la estandarizaci\u00f3n en un solo n\u00famero de pieza para m\u00faltiples voltajes<br \/>\n\u2022 Fusibles de hasta 50 A para distribuci\u00f3n a una variedad de elementos de red<br \/>\n\u2022 Cumple con UL y NEBS para garantizar los requisitos funcionales y de seguridad est\u00e1ndar de la industria<br \/>\n\u2022 Los contactos de rel\u00e9 de forma C proporcionan conexiones de alarma confiables<br \/>\n\u2022 Portatarjetas de designaci\u00f3n integrada para identificaci\u00f3n de circuito simple<br \/>\n\u2022 Los LED de alarma de falla indican fallas de fusibles y energ\u00eda<br \/>\n\u2022 La cubierta transparente de policarbonato ign\u00edfugo (94V-0) protege las conexiones de alimentaci\u00f3n de entrada y salida y el cableado contra da\u00f1os<br \/>\n\u2022 Entradas de alimentaci\u00f3n vertical y bloques de terminales de salida escalonados para facilitar la gesti\u00f3n de cables en cascada, entradas de alimentaci\u00f3n horizontal y conectores de salida que aceleran la instalaci\u00f3n y permiten que los cables salgan directamente desde el panel, o entradas de alimentaci\u00f3n vertical y conectores de salida que permiten que los cables de entrada enrutar directamente desde arriba y acelerar la instalaci\u00f3n de salidas<br \/>\n\u2022 El monitoreo de circuito individual opcional proporciona alta precisi\u00f3n, monitoreo 100% pasivo<br \/>\n\u2022 Recopile voltaje y corriente para el circuito de alimentaci\u00f3n y salida<br \/>\n\u2022 Recopile la temperatura usando sondas nrgTEMP opcionales<\/p>","protected":false},"excerpt":{"rendered":"<p>8\/8 TPA FUSE PANEL, 1RU, 250A, DUAL FEED<\/p>","protected":false},"featured_media":10516,"comment_status":"open","ping_status":"closed","template":"","meta":{"_acf_changed":false,"_eb_attr":"","_links_to":"","_links_to_target":""},"product_brand":[110],"product_cat":[249],"product_tag":[],"class_list":{"0":"post-10479","1":"product","2":"type-product","3":"status-publish","4":"has-post-thumbnail","6":"product_brand-telect","7":"product_cat-paneles-de-fusible","9":"first","10":"instock","11":"shipping-taxable","12":"product-type-simple"},"acf":[],"yoast_head":"<!-- This site is optimized with the Yoast SEO plugin v27.3 - https:\/\/yoast.com\/product\/yoast-seo-wordpress\/ -->\n<title>Microlink - Conectamos con prop\u00f3sito<\/title>\n<meta name=\"description\" content=\"En Microlink | Trabajamos con un amplio portafolio que abarca GPON, fibra \u00f3ptica, redes de cobre, radiofrecuencia, IoT y servicios.\" \/>\n<meta name=\"robots\" content=\"index, follow, max-snippet:-1, max-image-preview:large, max-video-preview:-1\" \/>\n<link rel=\"canonical\" href=\"https:\/\/microlink.com.co\/en\/product\/1ru-250a-dual-feed-8-8-tpa-fuse-panel\/\" \/>\n<meta property=\"og:locale\" content=\"en_US\" \/>\n<meta property=\"og:type\" content=\"article\" \/>\n<meta property=\"og:title\" content=\"Microlink - Conectamos con prop\u00f3sito\" \/>\n<meta property=\"og:description\" content=\"En Microlink | Trabajamos con un amplio portafolio que abarca GPON, fibra \u00f3ptica, redes de cobre, radiofrecuencia, IoT y servicios.\" \/>\n<meta property=\"og:url\" content=\"https:\/\/microlink.com.co\/en\/product\/1ru-250a-dual-feed-8-8-tpa-fuse-panel\/\" \/>\n<meta property=\"og:site_name\" content=\"Microlink\" \/>\n<meta property=\"article:publisher\" content=\"https:\/\/www.facebook.com\/microlinksas\" \/>\n<meta property=\"article:modified_time\" content=\"2023-03-21T12:46:07+00:00\" \/>\n<meta property=\"og:image\" content=\"https:\/\/microlink.com.co\/wp-content\/uploads\/2023\/03\/1RU-250A-DUAL-FEED-8_8-TPA-FUSE-PANEL-_-SKU-250TPA08-SC-16F.png\" \/>\n\t<meta property=\"og:image:width\" content=\"500\" \/>\n\t<meta property=\"og:image:height\" content=\"500\" \/>\n\t<meta property=\"og:image:type\" content=\"image\/png\" \/>\n<meta name=\"twitter:card\" content=\"summary_large_image\" \/>\n<meta name=\"twitter:label1\" content=\"Est. reading time\" \/>\n\t<meta name=\"twitter:data1\" content=\"2 minutes\" \/>\n<script type=\"application\/ld+json\" class=\"yoast-schema-graph\">{\"@context\":\"https:\\\/\\\/schema.org\",\"@graph\":[{\"@type\":[\"WebPage\",\"ItemPage\"],\"@id\":\"https:\\\/\\\/microlink.com.co\\\/producto\\\/1ru-250a-dual-feed-8-8-tpa-fuse-panel\\\/\",\"url\":\"https:\\\/\\\/microlink.com.co\\\/producto\\\/1ru-250a-dual-feed-8-8-tpa-fuse-panel\\\/\",\"name\":\"Microlink - Conectamos con prop\u00f3sito\",\"isPartOf\":{\"@id\":\"https:\\\/\\\/microlink.com.co\\\/#website\"},\"primaryImageOfPage\":{\"@id\":\"https:\\\/\\\/microlink.com.co\\\/producto\\\/1ru-250a-dual-feed-8-8-tpa-fuse-panel\\\/#primaryimage\"},\"image\":{\"@id\":\"https:\\\/\\\/microlink.com.co\\\/producto\\\/1ru-250a-dual-feed-8-8-tpa-fuse-panel\\\/#primaryimage\"},\"thumbnailUrl\":\"https:\\\/\\\/microlink.com.co\\\/wp-content\\\/uploads\\\/2023\\\/03\\\/1RU-250A-DUAL-FEED-8_8-TPA-FUSE-PANEL-_-SKU-250TPA08-SC-16F.png\",\"datePublished\":\"2023-03-21T12:30:11+00:00\",\"dateModified\":\"2023-03-21T12:46:07+00:00\",\"description\":\"En Microlink | Trabajamos con un amplio portafolio que abarca GPON, fibra \u00f3ptica, redes de cobre, radiofrecuencia, IoT y servicios.\",\"breadcrumb\":{\"@id\":\"https:\\\/\\\/microlink.com.co\\\/producto\\\/1ru-250a-dual-feed-8-8-tpa-fuse-panel\\\/#breadcrumb\"},\"inLanguage\":\"en-US\",\"potentialAction\":[{\"@type\":\"ReadAction\",\"target\":[\"https:\\\/\\\/microlink.com.co\\\/producto\\\/1ru-250a-dual-feed-8-8-tpa-fuse-panel\\\/\"]}]},{\"@type\":\"ImageObject\",\"inLanguage\":\"en-US\",\"@id\":\"https:\\\/\\\/microlink.com.co\\\/producto\\\/1ru-250a-dual-feed-8-8-tpa-fuse-panel\\\/#primaryimage\",\"url\":\"https:\\\/\\\/microlink.com.co\\\/wp-content\\\/uploads\\\/2023\\\/03\\\/1RU-250A-DUAL-FEED-8_8-TPA-FUSE-PANEL-_-SKU-250TPA08-SC-16F.png\",\"contentUrl\":\"https:\\\/\\\/microlink.com.co\\\/wp-content\\\/uploads\\\/2023\\\/03\\\/1RU-250A-DUAL-FEED-8_8-TPA-FUSE-PANEL-_-SKU-250TPA08-SC-16F.png\",\"width\":500,\"height\":500},{\"@type\":\"BreadcrumbList\",\"@id\":\"https:\\\/\\\/microlink.com.co\\\/producto\\\/1ru-250a-dual-feed-8-8-tpa-fuse-panel\\\/#breadcrumb\",\"itemListElement\":[{\"@type\":\"ListItem\",\"position\":1,\"name\":\"Inicio\",\"item\":\"https:\\\/\\\/microlink.com.co\\\/\"},{\"@type\":\"ListItem\",\"position\":2,\"name\":\"Productos\",\"item\":\"https:\\\/\\\/microlink.com.co\\\/?page_id=20\"},{\"@type\":\"ListItem\",\"position\":3,\"name\":\"1RU 250A DUAL-FEED, 8\\\/8 TPA FUSE PANEL\"}]},{\"@type\":\"WebSite\",\"@id\":\"https:\\\/\\\/microlink.com.co\\\/#website\",\"url\":\"https:\\\/\\\/microlink.com.co\\\/\",\"name\":\"Microlink\",\"description\":\"Conectamos con prop\u00f3sito el mercado de las telecomunicaciones a Colombia y la regi\u00f3n a trav\u00e9s de la producci\u00f3n y comercializaci\u00f3n de productos y soluciones de conectividad pasiva y activa.\",\"publisher\":{\"@id\":\"https:\\\/\\\/microlink.com.co\\\/#organization\"},\"alternateName\":\"Microlink S.A.S\",\"potentialAction\":[{\"@type\":\"SearchAction\",\"target\":{\"@type\":\"EntryPoint\",\"urlTemplate\":\"https:\\\/\\\/microlink.com.co\\\/?s={search_term_string}\"},\"query-input\":{\"@type\":\"PropertyValueSpecification\",\"valueRequired\":true,\"valueName\":\"search_term_string\"}}],\"inLanguage\":\"en-US\"},{\"@type\":\"Organization\",\"@id\":\"https:\\\/\\\/microlink.com.co\\\/#organization\",\"name\":\"Microlink SAS\",\"url\":\"https:\\\/\\\/microlink.com.co\\\/\",\"logo\":{\"@type\":\"ImageObject\",\"inLanguage\":\"en-US\",\"@id\":\"https:\\\/\\\/microlink.com.co\\\/#\\\/schema\\\/logo\\\/image\\\/\",\"url\":\"https:\\\/\\\/microlink.com.co\\\/wp-content\\\/uploads\\\/2022\\\/05\\\/Microlink_Logotipo-Horizontal_ColorTagline.png\",\"contentUrl\":\"https:\\\/\\\/microlink.com.co\\\/wp-content\\\/uploads\\\/2022\\\/05\\\/Microlink_Logotipo-Horizontal_ColorTagline.png\",\"width\":793,\"height\":384,\"caption\":\"Microlink SAS\"},\"image\":{\"@id\":\"https:\\\/\\\/microlink.com.co\\\/#\\\/schema\\\/logo\\\/image\\\/\"},\"sameAs\":[\"https:\\\/\\\/www.facebook.com\\\/microlinksas\",\"http:\\\/\\\/linkedin.com\\\/company\\\/microlink-ltd\\\/\",\"http:\\\/\\\/youtube.com\\\/channel\\\/UCTijT7LU-sMetDs7MPFhM7Q\",\"https:\\\/\\\/www.instagram.com\\\/microlinksas\\\/\"]}]}<\/script>\n<!-- \/ Yoast SEO plugin. -->","yoast_head_json":{"title":"Microlink - Conectamos con prop\u00f3sito","description":"En Microlink | Trabajamos con un amplio portafolio que abarca GPON, fibra \u00f3ptica, redes de cobre, radiofrecuencia, IoT y servicios.","robots":{"index":"index","follow":"follow","max-snippet":"max-snippet:-1","max-image-preview":"max-image-preview:large","max-video-preview":"max-video-preview:-1"},"canonical":"https:\/\/microlink.com.co\/en\/product\/1ru-250a-dual-feed-8-8-tpa-fuse-panel\/","og_locale":"en_US","og_type":"article","og_title":"Microlink - Conectamos con prop\u00f3sito","og_description":"En Microlink | Trabajamos con un amplio portafolio que abarca GPON, fibra \u00f3ptica, redes de cobre, radiofrecuencia, IoT y servicios.","og_url":"https:\/\/microlink.com.co\/en\/product\/1ru-250a-dual-feed-8-8-tpa-fuse-panel\/","og_site_name":"Microlink","article_publisher":"https:\/\/www.facebook.com\/microlinksas","article_modified_time":"2023-03-21T12:46:07+00:00","og_image":[{"width":500,"height":500,"url":"https:\/\/microlink.com.co\/wp-content\/uploads\/2023\/03\/1RU-250A-DUAL-FEED-8_8-TPA-FUSE-PANEL-_-SKU-250TPA08-SC-16F.png","type":"image\/png"}],"twitter_card":"summary_large_image","twitter_misc":{"Est. reading time":"2 minutes"},"schema":{"@context":"https:\/\/schema.org","@graph":[{"@type":["WebPage","ItemPage"],"@id":"https:\/\/microlink.com.co\/producto\/1ru-250a-dual-feed-8-8-tpa-fuse-panel\/","url":"https:\/\/microlink.com.co\/producto\/1ru-250a-dual-feed-8-8-tpa-fuse-panel\/","name":"Microlink - Conectamos con prop\u00f3sito","isPartOf":{"@id":"https:\/\/microlink.com.co\/#website"},"primaryImageOfPage":{"@id":"https:\/\/microlink.com.co\/producto\/1ru-250a-dual-feed-8-8-tpa-fuse-panel\/#primaryimage"},"image":{"@id":"https:\/\/microlink.com.co\/producto\/1ru-250a-dual-feed-8-8-tpa-fuse-panel\/#primaryimage"},"thumbnailUrl":"https:\/\/microlink.com.co\/wp-content\/uploads\/2023\/03\/1RU-250A-DUAL-FEED-8_8-TPA-FUSE-PANEL-_-SKU-250TPA08-SC-16F.png","datePublished":"2023-03-21T12:30:11+00:00","dateModified":"2023-03-21T12:46:07+00:00","description":"En Microlink | Trabajamos con un amplio portafolio que abarca GPON, fibra \u00f3ptica, redes de cobre, radiofrecuencia, IoT y servicios.","breadcrumb":{"@id":"https:\/\/microlink.com.co\/producto\/1ru-250a-dual-feed-8-8-tpa-fuse-panel\/#breadcrumb"},"inLanguage":"en-US","potentialAction":[{"@type":"ReadAction","target":["https:\/\/microlink.com.co\/producto\/1ru-250a-dual-feed-8-8-tpa-fuse-panel\/"]}]},{"@type":"ImageObject","inLanguage":"en-US","@id":"https:\/\/microlink.com.co\/producto\/1ru-250a-dual-feed-8-8-tpa-fuse-panel\/#primaryimage","url":"https:\/\/microlink.com.co\/wp-content\/uploads\/2023\/03\/1RU-250A-DUAL-FEED-8_8-TPA-FUSE-PANEL-_-SKU-250TPA08-SC-16F.png","contentUrl":"https:\/\/microlink.com.co\/wp-content\/uploads\/2023\/03\/1RU-250A-DUAL-FEED-8_8-TPA-FUSE-PANEL-_-SKU-250TPA08-SC-16F.png","width":500,"height":500},{"@type":"BreadcrumbList","@id":"https:\/\/microlink.com.co\/producto\/1ru-250a-dual-feed-8-8-tpa-fuse-panel\/#breadcrumb","itemListElement":[{"@type":"ListItem","position":1,"name":"Inicio","item":"https:\/\/microlink.com.co\/"},{"@type":"ListItem","position":2,"name":"Productos","item":"https:\/\/microlink.com.co\/?page_id=20"},{"@type":"ListItem","position":3,"name":"1RU 250A DUAL-FEED, 8\/8 TPA FUSE PANEL"}]},{"@type":"WebSite","@id":"https:\/\/microlink.com.co\/#website","url":"https:\/\/microlink.com.co\/","name":"micro link","description":"We purposefully connect the telecommunications market to Colombia and the region through the production and marketing of passive and active connectivity products and solutions.","publisher":{"@id":"https:\/\/microlink.com.co\/#organization"},"alternateName":"Microlink S.A.S","potentialAction":[{"@type":"SearchAction","target":{"@type":"EntryPoint","urlTemplate":"https:\/\/microlink.com.co\/?s={search_term_string}"},"query-input":{"@type":"PropertyValueSpecification","valueRequired":true,"valueName":"search_term_string"}}],"inLanguage":"en-US"},{"@type":"Organization","@id":"https:\/\/microlink.com.co\/#organization","name":"Microlink SAS","url":"https:\/\/microlink.com.co\/","logo":{"@type":"ImageObject","inLanguage":"en-US","@id":"https:\/\/microlink.com.co\/#\/schema\/logo\/image\/","url":"https:\/\/microlink.com.co\/wp-content\/uploads\/2022\/05\/Microlink_Logotipo-Horizontal_ColorTagline.png","contentUrl":"https:\/\/microlink.com.co\/wp-content\/uploads\/2022\/05\/Microlink_Logotipo-Horizontal_ColorTagline.png","width":793,"height":384,"caption":"Microlink SAS"},"image":{"@id":"https:\/\/microlink.com.co\/#\/schema\/logo\/image\/"},"sameAs":["https:\/\/www.facebook.com\/microlinksas","http:\/\/linkedin.com\/company\/microlink-ltd\/","http:\/\/youtube.com\/channel\/UCTijT7LU-sMetDs7MPFhM7Q","https:\/\/www.instagram.com\/microlinksas\/"]}]}},"_links":{"self":[{"href":"https:\/\/microlink.com.co\/en\/wp-json\/wp\/v2\/product\/10479","targetHints":{"allow":["GET"]}}],"collection":[{"href":"https:\/\/microlink.com.co\/en\/wp-json\/wp\/v2\/product"}],"about":[{"href":"https:\/\/microlink.com.co\/en\/wp-json\/wp\/v2\/types\/product"}],"replies":[{"embeddable":true,"href":"https:\/\/microlink.com.co\/en\/wp-json\/wp\/v2\/comments?post=10479"}],"wp:featuredmedia":[{"embeddable":true,"href":"https:\/\/microlink.com.co\/en\/wp-json\/wp\/v2\/media\/10516"}],"wp:attachment":[{"href":"https:\/\/microlink.com.co\/en\/wp-json\/wp\/v2\/media?parent=10479"}],"wp:term":[{"taxonomy":"product_brand","embeddable":true,"href":"https:\/\/microlink.com.co\/en\/wp-json\/wp\/v2\/product_brand?post=10479"},{"taxonomy":"product_cat","embeddable":true,"href":"https:\/\/microlink.com.co\/en\/wp-json\/wp\/v2\/product_cat?post=10479"},{"taxonomy":"product_tag","embeddable":true,"href":"https:\/\/microlink.com.co\/en\/wp-json\/wp\/v2\/product_tag?post=10479"}],"curies":[{"name":"wp","href":"https:\/\/api.w.org\/{rel}","templated":true}]}}